{"id":108060,"date":"2023-02-28T08:27:15","date_gmt":"2023-02-28T07:27:15","guid":{"rendered":"http:\/\/shop.bantam.ch\/produit\/induktionsladegeraet\/"},"modified":"2026-04-17T21:38:51","modified_gmt":"2026-04-17T19:38:51","slug":"induktionsladegeraet","status":"publish","type":"product","link":"https:\/\/shop.bantam.ch\/de\/produkt\/induktionsladegeraet\/","title":{"rendered":"Induktionsladeger\u00e4t H.A.B.A. Fb. schwarz"},"content":{"rendered":"<p>Mit diesem Induktionsladeger\u00e4t k\u00f6nnen Sie Ihr Mobiltelefon drahtlos aufladen &#8211; Kein Kabelsalat mehr. Das Induktionsladeger\u00e4t ist perfekt f\u00fcr den Einsatz im Sitzbereich im Wohnwagen oder Wohnmobil. Das Induktionsladeger\u00e4t ist geeignet f\u00fcr Schnellladung, abh\u00e4ngig von den technischen Spezifikation Ihres Telefons.<\/p>\n<p>\u00a0<\/p>\n<p>Lieferumfang:<\/p>\n<p>Handy nicht im Lieferumfang enthalten<\/p>\n","protected":false},"excerpt":{"rendered":"<p>Mit diesem Induktionsladeger\u00e4t k\u00f6nnen Sie Ihr Mobiltelefon drahtlos aufladen &#8211; Kein Kabelsalat mehr. Das Induktionsladeger\u00e4t ist perfekt f\u00fcr den Einsatz im Sitzbereich im Wohnwagen oder Wohnmobil. Das Induktionsladeger\u00e4t ist geeignet f\u00fcr Schnellladung, abh\u00e4ngig von den technischen Spezifikation Ihres Telefons. \u00a0 Lieferumfang: Handy nicht im Lieferumfang enthalten<\/p>\n","protected":false},"featured_media":108056,"template":"","meta":{"_acf_changed":false},"product_featured_cat":[],"product_brand":[3179],"product_cat":[4912],"product_tag":[],"class_list":{"0":"post-108060","1":"product","2":"type-product","3":"status-publish","4":"has-post-thumbnail","6":"product_brand-h-a-b-a-de","7":"product_cat-ladegeraete","9":"first","10":"instock","11":"taxable","12":"shipping-taxable","13":"purchasable","14":"product-type-simple"},"acf":[],"yoast_head":"<!-- This site is optimized with the Yoast SEO plugin v27.4 - https:\/\/yoast.com\/product\/yoast-seo-wordpress\/ -->\n<title>Induktionsladeger\u00e4t H.A.B.A. Fb. schwarz - Bantam Camping AG<\/title>\n<meta name=\"robots\" content=\"index, follow, max-snippet:-1, max-image-preview:large, max-video-preview:-1\" \/>\n<link rel=\"canonical\" href=\"https:\/\/shop.bantam.ch\/de\/produkt\/induktionsladegeraet\/\" \/>\n<meta property=\"og:locale\" content=\"de_DE\" \/>\n<meta property=\"og:type\" content=\"article\" \/>\n<meta property=\"og:title\" content=\"Induktionsladeger\u00e4t H.A.B.A. Fb. schwarz - Bantam Camping AG\" \/>\n<meta property=\"og:description\" content=\"Mit diesem Induktionsladeger\u00e4t k\u00f6nnen Sie Ihr Mobiltelefon drahtlos aufladen &#8211; Kein Kabelsalat mehr. Das Induktionsladeger\u00e4t ist perfekt f\u00fcr den Einsatz im Sitzbereich im Wohnwagen oder Wohnmobil. Das Induktionsladeger\u00e4t ist geeignet f\u00fcr Schnellladung, abh\u00e4ngig von den technischen Spezifikation Ihres Telefons. \u00a0 Lieferumfang: Handy nicht im Lieferumfang enthalten\" \/>\n<meta property=\"og:url\" content=\"https:\/\/shop.bantam.ch\/de\/produkt\/induktionsladegeraet\/\" \/>\n<meta property=\"og:site_name\" content=\"Bantam Camping AG\" \/>\n<meta property=\"article:modified_time\" content=\"2026-04-17T19:38:51+00:00\" \/>\n<meta property=\"og:image\" content=\"https:\/\/shop.bantam.ch\/wp-content\/uploads\/2023\/02\/995766911.jpg\" \/>\n\t<meta property=\"og:image:width\" content=\"1000\" \/>\n\t<meta property=\"og:image:height\" content=\"667\" \/>\n\t<meta property=\"og:image:type\" content=\"image\/jpeg\" \/>\n<meta name=\"twitter:card\" content=\"summary_large_image\" \/>\n<script type=\"application\/ld+json\" class=\"yoast-schema-graph\">{\"@context\":\"https:\\\/\\\/schema.org\",\"@graph\":[{\"@type\":\"WebPage\",\"@id\":\"https:\\\/\\\/shop.bantam.ch\\\/de\\\/produkt\\\/induktionsladegeraet\\\/\",\"url\":\"https:\\\/\\\/shop.bantam.ch\\\/de\\\/produkt\\\/induktionsladegeraet\\\/\",\"name\":\"Induktionsladeger\u00e4t H.A.B.A. Fb. schwarz - Bantam Camping AG\",\"isPartOf\":{\"@id\":\"https:\\\/\\\/shop.bantam.ch\\\/de\\\/#website\"},\"primaryImageOfPage\":{\"@id\":\"https:\\\/\\\/shop.bantam.ch\\\/de\\\/produkt\\\/induktionsladegeraet\\\/#primaryimage\"},\"image\":{\"@id\":\"https:\\\/\\\/shop.bantam.ch\\\/de\\\/produkt\\\/induktionsladegeraet\\\/#primaryimage\"},\"thumbnailUrl\":\"https:\\\/\\\/shop.bantam.ch\\\/wp-content\\\/uploads\\\/2023\\\/02\\\/995766911.jpg\",\"datePublished\":\"2023-02-28T07:27:15+00:00\",\"dateModified\":\"2026-04-17T19:38:51+00:00\",\"breadcrumb\":{\"@id\":\"https:\\\/\\\/shop.bantam.ch\\\/de\\\/produkt\\\/induktionsladegeraet\\\/#breadcrumb\"},\"inLanguage\":\"de\",\"potentialAction\":[{\"@type\":\"ReadAction\",\"target\":[\"https:\\\/\\\/shop.bantam.ch\\\/de\\\/produkt\\\/induktionsladegeraet\\\/\"]}]},{\"@type\":\"ImageObject\",\"inLanguage\":\"de\",\"@id\":\"https:\\\/\\\/shop.bantam.ch\\\/de\\\/produkt\\\/induktionsladegeraet\\\/#primaryimage\",\"url\":\"https:\\\/\\\/shop.bantam.ch\\\/wp-content\\\/uploads\\\/2023\\\/02\\\/995766911.jpg\",\"contentUrl\":\"https:\\\/\\\/shop.bantam.ch\\\/wp-content\\\/uploads\\\/2023\\\/02\\\/995766911.jpg\",\"width\":1000,\"height\":667},{\"@type\":\"BreadcrumbList\",\"@id\":\"https:\\\/\\\/shop.bantam.ch\\\/de\\\/produkt\\\/induktionsladegeraet\\\/#breadcrumb\",\"itemListElement\":[{\"@type\":\"ListItem\",\"position\":1,\"name\":\"Accueil\",\"item\":\"https:\\\/\\\/shop.bantam.ch\\\/de\\\/\"},{\"@type\":\"ListItem\",\"position\":2,\"name\":\"Shop\",\"item\":\"https:\\\/\\\/shop.bantam.ch\\\/de\\\/shop\\\/\"},{\"@type\":\"ListItem\",\"position\":3,\"name\":\"Induktionsladeger\u00e4t H.A.B.A. Fb. schwarz\"}]},{\"@type\":\"WebSite\",\"@id\":\"https:\\\/\\\/shop.bantam.ch\\\/de\\\/#website\",\"url\":\"https:\\\/\\\/shop.bantam.ch\\\/de\\\/\",\"name\":\"Bantam Camping AG\",\"description\":\"\",\"publisher\":{\"@id\":\"https:\\\/\\\/shop.bantam.ch\\\/de\\\/#organization\"},\"inLanguage\":\"de\"},{\"@type\":\"Organization\",\"@id\":\"https:\\\/\\\/shop.bantam.ch\\\/de\\\/#organization\",\"name\":\"Bantam Camping AG\",\"url\":\"https:\\\/\\\/shop.bantam.ch\\\/de\\\/\",\"logo\":{\"@type\":\"ImageObject\",\"inLanguage\":\"de\",\"@id\":\"https:\\\/\\\/shop.bantam.ch\\\/de\\\/#\\\/schema\\\/logo\\\/image\\\/\",\"url\":\"https:\\\/\\\/shop.bantam.ch\\\/wp-content\\\/uploads\\\/2022\\\/12\\\/bantam-logo.png\",\"contentUrl\":\"https:\\\/\\\/shop.bantam.ch\\\/wp-content\\\/uploads\\\/2022\\\/12\\\/bantam-logo.png\",\"width\":320,\"height\":71,\"caption\":\"Bantam Camping AG\"},\"image\":{\"@id\":\"https:\\\/\\\/shop.bantam.ch\\\/de\\\/#\\\/schema\\\/logo\\\/image\\\/\"}}]}<\/script>\n<!-- \/ Yoast SEO plugin. -->","yoast_head_json":{"title":"Induktionsladeger\u00e4t H.A.B.A. Fb. schwarz - Bantam Camping AG","robots":{"index":"index","follow":"follow","max-snippet":"max-snippet:-1","max-image-preview":"max-image-preview:large","max-video-preview":"max-video-preview:-1"},"canonical":"https:\/\/shop.bantam.ch\/de\/produkt\/induktionsladegeraet\/","og_locale":"de_DE","og_type":"article","og_title":"Induktionsladeger\u00e4t H.A.B.A. Fb. schwarz - Bantam Camping AG","og_description":"Mit diesem Induktionsladeger\u00e4t k\u00f6nnen Sie Ihr Mobiltelefon drahtlos aufladen &#8211; Kein Kabelsalat mehr. Das Induktionsladeger\u00e4t ist perfekt f\u00fcr den Einsatz im Sitzbereich im Wohnwagen oder Wohnmobil. Das Induktionsladeger\u00e4t ist geeignet f\u00fcr Schnellladung, abh\u00e4ngig von den technischen Spezifikation Ihres Telefons. \u00a0 Lieferumfang: Handy nicht im Lieferumfang enthalten","og_url":"https:\/\/shop.bantam.ch\/de\/produkt\/induktionsladegeraet\/","og_site_name":"Bantam Camping AG","article_modified_time":"2026-04-17T19:38:51+00:00","og_image":[{"width":1000,"height":667,"url":"https:\/\/shop.bantam.ch\/wp-content\/uploads\/2023\/02\/995766911.jpg","type":"image\/jpeg"}],"twitter_card":"summary_large_image","schema":{"@context":"https:\/\/schema.org","@graph":[{"@type":"WebPage","@id":"https:\/\/shop.bantam.ch\/de\/produkt\/induktionsladegeraet\/","url":"https:\/\/shop.bantam.ch\/de\/produkt\/induktionsladegeraet\/","name":"Induktionsladeger\u00e4t H.A.B.A. Fb. schwarz - Bantam Camping AG","isPartOf":{"@id":"https:\/\/shop.bantam.ch\/de\/#website"},"primaryImageOfPage":{"@id":"https:\/\/shop.bantam.ch\/de\/produkt\/induktionsladegeraet\/#primaryimage"},"image":{"@id":"https:\/\/shop.bantam.ch\/de\/produkt\/induktionsladegeraet\/#primaryimage"},"thumbnailUrl":"https:\/\/shop.bantam.ch\/wp-content\/uploads\/2023\/02\/995766911.jpg","datePublished":"2023-02-28T07:27:15+00:00","dateModified":"2026-04-17T19:38:51+00:00","breadcrumb":{"@id":"https:\/\/shop.bantam.ch\/de\/produkt\/induktionsladegeraet\/#breadcrumb"},"inLanguage":"de","potentialAction":[{"@type":"ReadAction","target":["https:\/\/shop.bantam.ch\/de\/produkt\/induktionsladegeraet\/"]}]},{"@type":"ImageObject","inLanguage":"de","@id":"https:\/\/shop.bantam.ch\/de\/produkt\/induktionsladegeraet\/#primaryimage","url":"https:\/\/shop.bantam.ch\/wp-content\/uploads\/2023\/02\/995766911.jpg","contentUrl":"https:\/\/shop.bantam.ch\/wp-content\/uploads\/2023\/02\/995766911.jpg","width":1000,"height":667},{"@type":"BreadcrumbList","@id":"https:\/\/shop.bantam.ch\/de\/produkt\/induktionsladegeraet\/#breadcrumb","itemListElement":[{"@type":"ListItem","position":1,"name":"Accueil","item":"https:\/\/shop.bantam.ch\/de\/"},{"@type":"ListItem","position":2,"name":"Shop","item":"https:\/\/shop.bantam.ch\/de\/shop\/"},{"@type":"ListItem","position":3,"name":"Induktionsladeger\u00e4t H.A.B.A. Fb. schwarz"}]},{"@type":"WebSite","@id":"https:\/\/shop.bantam.ch\/de\/#website","url":"https:\/\/shop.bantam.ch\/de\/","name":"Bantam Camping AG","description":"","publisher":{"@id":"https:\/\/shop.bantam.ch\/de\/#organization"},"inLanguage":"de"},{"@type":"Organization","@id":"https:\/\/shop.bantam.ch\/de\/#organization","name":"Bantam Camping AG","url":"https:\/\/shop.bantam.ch\/de\/","logo":{"@type":"ImageObject","inLanguage":"de","@id":"https:\/\/shop.bantam.ch\/de\/#\/schema\/logo\/image\/","url":"https:\/\/shop.bantam.ch\/wp-content\/uploads\/2022\/12\/bantam-logo.png","contentUrl":"https:\/\/shop.bantam.ch\/wp-content\/uploads\/2022\/12\/bantam-logo.png","width":320,"height":71,"caption":"Bantam Camping AG"},"image":{"@id":"https:\/\/shop.bantam.ch\/de\/#\/schema\/logo\/image\/"}}]}},"_links":{"self":[{"href":"https:\/\/shop.bantam.ch\/de\/wp-json\/wp\/v2\/product\/108060","targetHints":{"allow":["GET"]}}],"collection":[{"href":"https:\/\/shop.bantam.ch\/de\/wp-json\/wp\/v2\/product"}],"about":[{"href":"https:\/\/shop.bantam.ch\/de\/wp-json\/wp\/v2\/types\/product"}],"wp:featuredmedia":[{"embeddable":true,"href":"https:\/\/shop.bantam.ch\/de\/wp-json\/wp\/v2\/media\/108056"}],"wp:attachment":[{"href":"https:\/\/shop.bantam.ch\/de\/wp-json\/wp\/v2\/media?parent=108060"}],"wp:term":[{"taxonomy":"product_featured_cat","embeddable":true,"href":"https:\/\/shop.bantam.ch\/de\/wp-json\/wp\/v2\/product_featured_cat?post=108060"},{"taxonomy":"product_brand","embeddable":true,"href":"https:\/\/shop.bantam.ch\/de\/wp-json\/wp\/v2\/product_brand?post=108060"},{"taxonomy":"product_cat","embeddable":true,"href":"https:\/\/shop.bantam.ch\/de\/wp-json\/wp\/v2\/product_cat?post=108060"},{"taxonomy":"product_tag","embeddable":true,"href":"https:\/\/shop.bantam.ch\/de\/wp-json\/wp\/v2\/product_tag?post=108060"}],"curies":[{"name":"wp","href":"https:\/\/api.w.org\/{rel}","templated":true}]}}