{"id":107902,"date":"2023-02-28T08:24:55","date_gmt":"2023-02-28T07:24:55","guid":{"rendered":"http:\/\/shop.bantam.ch\/produit\/rueckfahrvideosystem-360-cm-1002t-hd-mit-101-zoll-monitor-fb-schwarz\/"},"modified":"2026-04-22T21:39:23","modified_gmt":"2026-04-22T19:39:23","slug":"rueckfahrvideosystem-360-cm-1002t-hd-mit-101-zoll-monitor-fb-schwarz","status":"publish","type":"product","link":"https:\/\/shop.bantam.ch\/de\/produkt\/rueckfahrvideosystem-360-cm-1002t-hd-mit-101-zoll-monitor-fb-schwarz\/","title":{"rendered":"R\u00fcckfahrvideosystem CAMOS 360\u00b0, CM-1002T, Fb. schwarz HD mit 10,1 Zoll-Monitor"},"content":{"rendered":"<p>R\u00fcckfahrvideosystem 360\u00b0 CAMOS HD Rundum alles im Blick! Mit 360\u00b0 Camos HD sehen Sie mehr &#8211; besonders in un\u00fcbersichtlichen Situationen. Ein voll digitales Netzwerk aus vier kleinen Echtzeitkameras, jeweils mit einem Blickwinkel von 190\u00b0, erm\u00f6glicht Ihnen den perfekten Rundumblick. Zum Beispiel beim Einparken: Dank der fotorealistischen Sicht aus der Vogelperspektive haben Sie selbst Stra\u00dfenmarkierungen und vor allem m\u00f6gliche Hindernisse vollst\u00e4ndig im Blick, selbst auf engstem Raum. Eine Innovation, die Sie vorausschauend in alle Richtungen blicken l\u00e4sst. Fahren, rangieren und parken Sie mit noch nie dagewesener Leichtigkeit. Des Weiteren k\u00f6nnen Sie das System wahrend ihres Aufenthaltes im Inneren bequem nutzen, um den Au\u00dfenbereich zu kontrollieren, ohne das Fahrzeug zu verlassen. Inklusive 10,1 Zoll Monitor<\/p>\n","protected":false},"excerpt":{"rendered":"<p>R\u00fcckfahrvideosystem 360\u00b0 CAMOS HD Rundum alles im Blick! Mit 360\u00b0 Camos HD sehen Sie mehr &#8211; besonders in un\u00fcbersichtlichen Situationen. Ein voll digitales Netzwerk aus vier kleinen Echtzeitkameras, jeweils mit einem Blickwinkel von 190\u00b0, erm\u00f6glicht Ihnen den perfekten Rundumblick. Zum Beispiel beim Einparken: Dank der fotorealistischen Sicht aus der Vogelperspektive haben Sie selbst Stra\u00dfenmarkierungen und [&hellip;]<\/p>\n","protected":false},"featured_media":107894,"template":"","meta":{"_acf_changed":false},"product_featured_cat":[],"product_brand":[3207],"product_cat":[5154],"product_tag":[],"class_list":{"0":"post-107902","1":"product","2":"type-product","3":"status-publish","4":"has-post-thumbnail","6":"product_brand-camos-de","7":"product_cat-rueckfahrvideosystem-sets","9":"first","10":"instock","11":"taxable","12":"shipping-taxable","13":"purchasable","14":"product-type-simple"},"acf":[],"yoast_head":"<!-- This site is optimized with the Yoast SEO plugin v27.4 - https:\/\/yoast.com\/product\/yoast-seo-wordpress\/ -->\n<title>R\u00fcckfahrvideosystem CAMOS 360\u00b0, CM-1002T, Fb. schwarz HD mit 10,1 Zoll-Monitor - Bantam Camping AG<\/title>\n<meta name=\"robots\" content=\"index, follow, max-snippet:-1, max-image-preview:large, max-video-preview:-1\" \/>\n<link rel=\"canonical\" href=\"https:\/\/shop.bantam.ch\/de\/produkt\/rueckfahrvideosystem-360-cm-1002t-hd-mit-101-zoll-monitor-fb-schwarz\/\" \/>\n<meta property=\"og:locale\" content=\"de_DE\" \/>\n<meta property=\"og:type\" content=\"article\" \/>\n<meta property=\"og:title\" content=\"R\u00fcckfahrvideosystem CAMOS 360\u00b0, CM-1002T, Fb. schwarz HD mit 10,1 Zoll-Monitor - Bantam Camping AG\" \/>\n<meta property=\"og:description\" content=\"R\u00fcckfahrvideosystem 360\u00b0 CAMOS HD Rundum alles im Blick! Mit 360\u00b0 Camos HD sehen Sie mehr &#8211; besonders in un\u00fcbersichtlichen Situationen. Ein voll digitales Netzwerk aus vier kleinen Echtzeitkameras, jeweils mit einem Blickwinkel von 190\u00b0, erm\u00f6glicht Ihnen den perfekten Rundumblick. Zum Beispiel beim Einparken: Dank der fotorealistischen Sicht aus der Vogelperspektive haben Sie selbst Stra\u00dfenmarkierungen und [&hellip;]\" \/>\n<meta property=\"og:url\" content=\"https:\/\/shop.bantam.ch\/de\/produkt\/rueckfahrvideosystem-360-cm-1002t-hd-mit-101-zoll-monitor-fb-schwarz\/\" \/>\n<meta property=\"og:site_name\" content=\"Bantam Camping AG\" \/>\n<meta property=\"article:modified_time\" content=\"2026-04-22T19:39:23+00:00\" \/>\n<meta property=\"og:image\" content=\"https:\/\/shop.bantam.ch\/wp-content\/uploads\/2023\/02\/995766611.jpg\" \/>\n\t<meta property=\"og:image:width\" content=\"1000\" \/>\n\t<meta property=\"og:image:height\" content=\"683\" \/>\n\t<meta property=\"og:image:type\" content=\"image\/jpeg\" \/>\n<meta name=\"twitter:card\" content=\"summary_large_image\" \/>\n<meta name=\"twitter:label1\" content=\"Gesch\u00e4tzte Lesezeit\" \/>\n\t<meta name=\"twitter:data1\" content=\"1\u00a0Minute\" \/>\n<script type=\"application\/ld+json\" class=\"yoast-schema-graph\">{\"@context\":\"https:\\\/\\\/schema.org\",\"@graph\":[{\"@type\":\"WebPage\",\"@id\":\"https:\\\/\\\/shop.bantam.ch\\\/de\\\/produkt\\\/rueckfahrvideosystem-360-cm-1002t-hd-mit-101-zoll-monitor-fb-schwarz\\\/\",\"url\":\"https:\\\/\\\/shop.bantam.ch\\\/de\\\/produkt\\\/rueckfahrvideosystem-360-cm-1002t-hd-mit-101-zoll-monitor-fb-schwarz\\\/\",\"name\":\"R\u00fcckfahrvideosystem CAMOS 360\u00b0, CM-1002T, Fb. schwarz HD mit 10,1 Zoll-Monitor - Bantam Camping AG\",\"isPartOf\":{\"@id\":\"https:\\\/\\\/shop.bantam.ch\\\/de\\\/#website\"},\"primaryImageOfPage\":{\"@id\":\"https:\\\/\\\/shop.bantam.ch\\\/de\\\/produkt\\\/rueckfahrvideosystem-360-cm-1002t-hd-mit-101-zoll-monitor-fb-schwarz\\\/#primaryimage\"},\"image\":{\"@id\":\"https:\\\/\\\/shop.bantam.ch\\\/de\\\/produkt\\\/rueckfahrvideosystem-360-cm-1002t-hd-mit-101-zoll-monitor-fb-schwarz\\\/#primaryimage\"},\"thumbnailUrl\":\"https:\\\/\\\/shop.bantam.ch\\\/wp-content\\\/uploads\\\/2023\\\/02\\\/995766611.jpg\",\"datePublished\":\"2023-02-28T07:24:55+00:00\",\"dateModified\":\"2026-04-22T19:39:23+00:00\",\"breadcrumb\":{\"@id\":\"https:\\\/\\\/shop.bantam.ch\\\/de\\\/produkt\\\/rueckfahrvideosystem-360-cm-1002t-hd-mit-101-zoll-monitor-fb-schwarz\\\/#breadcrumb\"},\"inLanguage\":\"de\",\"potentialAction\":[{\"@type\":\"ReadAction\",\"target\":[\"https:\\\/\\\/shop.bantam.ch\\\/de\\\/produkt\\\/rueckfahrvideosystem-360-cm-1002t-hd-mit-101-zoll-monitor-fb-schwarz\\\/\"]}]},{\"@type\":\"ImageObject\",\"inLanguage\":\"de\",\"@id\":\"https:\\\/\\\/shop.bantam.ch\\\/de\\\/produkt\\\/rueckfahrvideosystem-360-cm-1002t-hd-mit-101-zoll-monitor-fb-schwarz\\\/#primaryimage\",\"url\":\"https:\\\/\\\/shop.bantam.ch\\\/wp-content\\\/uploads\\\/2023\\\/02\\\/995766611.jpg\",\"contentUrl\":\"https:\\\/\\\/shop.bantam.ch\\\/wp-content\\\/uploads\\\/2023\\\/02\\\/995766611.jpg\",\"width\":1000,\"height\":683},{\"@type\":\"BreadcrumbList\",\"@id\":\"https:\\\/\\\/shop.bantam.ch\\\/de\\\/produkt\\\/rueckfahrvideosystem-360-cm-1002t-hd-mit-101-zoll-monitor-fb-schwarz\\\/#breadcrumb\",\"itemListElement\":[{\"@type\":\"ListItem\",\"position\":1,\"name\":\"Accueil\",\"item\":\"https:\\\/\\\/shop.bantam.ch\\\/de\\\/\"},{\"@type\":\"ListItem\",\"position\":2,\"name\":\"Shop\",\"item\":\"https:\\\/\\\/shop.bantam.ch\\\/de\\\/shop\\\/\"},{\"@type\":\"ListItem\",\"position\":3,\"name\":\"R\u00fcckfahrvideosystem CAMOS 360\u00b0, CM-1002T, Fb. schwarz HD mit 10,1 Zoll-Monitor\"}]},{\"@type\":\"WebSite\",\"@id\":\"https:\\\/\\\/shop.bantam.ch\\\/de\\\/#website\",\"url\":\"https:\\\/\\\/shop.bantam.ch\\\/de\\\/\",\"name\":\"Bantam Camping AG\",\"description\":\"\",\"publisher\":{\"@id\":\"https:\\\/\\\/shop.bantam.ch\\\/de\\\/#organization\"},\"inLanguage\":\"de\"},{\"@type\":\"Organization\",\"@id\":\"https:\\\/\\\/shop.bantam.ch\\\/de\\\/#organization\",\"name\":\"Bantam Camping AG\",\"url\":\"https:\\\/\\\/shop.bantam.ch\\\/de\\\/\",\"logo\":{\"@type\":\"ImageObject\",\"inLanguage\":\"de\",\"@id\":\"https:\\\/\\\/shop.bantam.ch\\\/de\\\/#\\\/schema\\\/logo\\\/image\\\/\",\"url\":\"https:\\\/\\\/shop.bantam.ch\\\/wp-content\\\/uploads\\\/2022\\\/12\\\/bantam-logo.png\",\"contentUrl\":\"https:\\\/\\\/shop.bantam.ch\\\/wp-content\\\/uploads\\\/2022\\\/12\\\/bantam-logo.png\",\"width\":320,\"height\":71,\"caption\":\"Bantam Camping AG\"},\"image\":{\"@id\":\"https:\\\/\\\/shop.bantam.ch\\\/de\\\/#\\\/schema\\\/logo\\\/image\\\/\"}}]}<\/script>\n<!-- \/ Yoast SEO plugin. -->","yoast_head_json":{"title":"R\u00fcckfahrvideosystem CAMOS 360\u00b0, CM-1002T, Fb. schwarz HD mit 10,1 Zoll-Monitor - Bantam Camping AG","robots":{"index":"index","follow":"follow","max-snippet":"max-snippet:-1","max-image-preview":"max-image-preview:large","max-video-preview":"max-video-preview:-1"},"canonical":"https:\/\/shop.bantam.ch\/de\/produkt\/rueckfahrvideosystem-360-cm-1002t-hd-mit-101-zoll-monitor-fb-schwarz\/","og_locale":"de_DE","og_type":"article","og_title":"R\u00fcckfahrvideosystem CAMOS 360\u00b0, CM-1002T, Fb. schwarz HD mit 10,1 Zoll-Monitor - Bantam Camping AG","og_description":"R\u00fcckfahrvideosystem 360\u00b0 CAMOS HD Rundum alles im Blick! Mit 360\u00b0 Camos HD sehen Sie mehr &#8211; besonders in un\u00fcbersichtlichen Situationen. Ein voll digitales Netzwerk aus vier kleinen Echtzeitkameras, jeweils mit einem Blickwinkel von 190\u00b0, erm\u00f6glicht Ihnen den perfekten Rundumblick. Zum Beispiel beim Einparken: Dank der fotorealistischen Sicht aus der Vogelperspektive haben Sie selbst Stra\u00dfenmarkierungen und [&hellip;]","og_url":"https:\/\/shop.bantam.ch\/de\/produkt\/rueckfahrvideosystem-360-cm-1002t-hd-mit-101-zoll-monitor-fb-schwarz\/","og_site_name":"Bantam Camping AG","article_modified_time":"2026-04-22T19:39:23+00:00","og_image":[{"width":1000,"height":683,"url":"https:\/\/shop.bantam.ch\/wp-content\/uploads\/2023\/02\/995766611.jpg","type":"image\/jpeg"}],"twitter_card":"summary_large_image","twitter_misc":{"Gesch\u00e4tzte Lesezeit":"1\u00a0Minute"},"schema":{"@context":"https:\/\/schema.org","@graph":[{"@type":"WebPage","@id":"https:\/\/shop.bantam.ch\/de\/produkt\/rueckfahrvideosystem-360-cm-1002t-hd-mit-101-zoll-monitor-fb-schwarz\/","url":"https:\/\/shop.bantam.ch\/de\/produkt\/rueckfahrvideosystem-360-cm-1002t-hd-mit-101-zoll-monitor-fb-schwarz\/","name":"R\u00fcckfahrvideosystem CAMOS 360\u00b0, CM-1002T, Fb. schwarz HD mit 10,1 Zoll-Monitor - Bantam Camping AG","isPartOf":{"@id":"https:\/\/shop.bantam.ch\/de\/#website"},"primaryImageOfPage":{"@id":"https:\/\/shop.bantam.ch\/de\/produkt\/rueckfahrvideosystem-360-cm-1002t-hd-mit-101-zoll-monitor-fb-schwarz\/#primaryimage"},"image":{"@id":"https:\/\/shop.bantam.ch\/de\/produkt\/rueckfahrvideosystem-360-cm-1002t-hd-mit-101-zoll-monitor-fb-schwarz\/#primaryimage"},"thumbnailUrl":"https:\/\/shop.bantam.ch\/wp-content\/uploads\/2023\/02\/995766611.jpg","datePublished":"2023-02-28T07:24:55+00:00","dateModified":"2026-04-22T19:39:23+00:00","breadcrumb":{"@id":"https:\/\/shop.bantam.ch\/de\/produkt\/rueckfahrvideosystem-360-cm-1002t-hd-mit-101-zoll-monitor-fb-schwarz\/#breadcrumb"},"inLanguage":"de","potentialAction":[{"@type":"ReadAction","target":["https:\/\/shop.bantam.ch\/de\/produkt\/rueckfahrvideosystem-360-cm-1002t-hd-mit-101-zoll-monitor-fb-schwarz\/"]}]},{"@type":"ImageObject","inLanguage":"de","@id":"https:\/\/shop.bantam.ch\/de\/produkt\/rueckfahrvideosystem-360-cm-1002t-hd-mit-101-zoll-monitor-fb-schwarz\/#primaryimage","url":"https:\/\/shop.bantam.ch\/wp-content\/uploads\/2023\/02\/995766611.jpg","contentUrl":"https:\/\/shop.bantam.ch\/wp-content\/uploads\/2023\/02\/995766611.jpg","width":1000,"height":683},{"@type":"BreadcrumbList","@id":"https:\/\/shop.bantam.ch\/de\/produkt\/rueckfahrvideosystem-360-cm-1002t-hd-mit-101-zoll-monitor-fb-schwarz\/#breadcrumb","itemListElement":[{"@type":"ListItem","position":1,"name":"Accueil","item":"https:\/\/shop.bantam.ch\/de\/"},{"@type":"ListItem","position":2,"name":"Shop","item":"https:\/\/shop.bantam.ch\/de\/shop\/"},{"@type":"ListItem","position":3,"name":"R\u00fcckfahrvideosystem CAMOS 360\u00b0, CM-1002T, Fb. schwarz HD mit 10,1 Zoll-Monitor"}]},{"@type":"WebSite","@id":"https:\/\/shop.bantam.ch\/de\/#website","url":"https:\/\/shop.bantam.ch\/de\/","name":"Bantam Camping AG","description":"","publisher":{"@id":"https:\/\/shop.bantam.ch\/de\/#organization"},"inLanguage":"de"},{"@type":"Organization","@id":"https:\/\/shop.bantam.ch\/de\/#organization","name":"Bantam Camping AG","url":"https:\/\/shop.bantam.ch\/de\/","logo":{"@type":"ImageObject","inLanguage":"de","@id":"https:\/\/shop.bantam.ch\/de\/#\/schema\/logo\/image\/","url":"https:\/\/shop.bantam.ch\/wp-content\/uploads\/2022\/12\/bantam-logo.png","contentUrl":"https:\/\/shop.bantam.ch\/wp-content\/uploads\/2022\/12\/bantam-logo.png","width":320,"height":71,"caption":"Bantam Camping AG"},"image":{"@id":"https:\/\/shop.bantam.ch\/de\/#\/schema\/logo\/image\/"}}]}},"_links":{"self":[{"href":"https:\/\/shop.bantam.ch\/de\/wp-json\/wp\/v2\/product\/107902","targetHints":{"allow":["GET"]}}],"collection":[{"href":"https:\/\/shop.bantam.ch\/de\/wp-json\/wp\/v2\/product"}],"about":[{"href":"https:\/\/shop.bantam.ch\/de\/wp-json\/wp\/v2\/types\/product"}],"wp:featuredmedia":[{"embeddable":true,"href":"https:\/\/shop.bantam.ch\/de\/wp-json\/wp\/v2\/media\/107894"}],"wp:attachment":[{"href":"https:\/\/shop.bantam.ch\/de\/wp-json\/wp\/v2\/media?parent=107902"}],"wp:term":[{"taxonomy":"product_featured_cat","embeddable":true,"href":"https:\/\/shop.bantam.ch\/de\/wp-json\/wp\/v2\/product_featured_cat?post=107902"},{"taxonomy":"product_brand","embeddable":true,"href":"https:\/\/shop.bantam.ch\/de\/wp-json\/wp\/v2\/product_brand?post=107902"},{"taxonomy":"product_cat","embeddable":true,"href":"https:\/\/shop.bantam.ch\/de\/wp-json\/wp\/v2\/product_cat?post=107902"},{"taxonomy":"product_tag","embeddable":true,"href":"https:\/\/shop.bantam.ch\/de\/wp-json\/wp\/v2\/product_tag?post=107902"}],"curies":[{"name":"wp","href":"https:\/\/api.w.org\/{rel}","templated":true}]}}