{"id":107667,"date":"2023-02-28T08:21:19","date_gmt":"2023-02-28T07:21:19","guid":{"rendered":"http:\/\/shop.bantam.ch\/produit\/kuehlbox-l\/"},"modified":"2026-04-18T23:11:45","modified_gmt":"2026-04-18T21:11:45","slug":"kuehlbox-l","status":"publish","type":"product","link":"https:\/\/shop.bantam.ch\/de\/produkt\/kuehlbox-l\/","title":{"rendered":"K\u00fchlbox L"},"content":{"rendered":"<p>QOOL Box &#8211; Das Blaue Thermo-Wunder! <br \/>Tagelang stromlos unterwegs sein &#8211; mit der QOOL Box kein Problem. Als passive K\u00fchlbox ist sie ein zuverl\u00e4ssiger Begleiter bei jedem Outdoor Abenteuer. Durch ihre Hightech Isolierung aus Vakuumisolationspaneelen in allen Seiten, Boden und Deckel sowie die innovative K\u00fchltechnik der QOOL Temperature Elements ist eine K\u00fchlzeit bis zu 10 Tage m\u00f6glich &#8211; ohne Stromversorgung, in jeder Klimazone, auf der ganzen Welt. <\/p>\n<p>QOOL Box Temperature Elements<br \/> Die QOOL Box Temperature Elements enthalten sogenanntes Phase Change Material und k\u00f6nnen Energie bei einer bestimmten Temperatur aufnehmen bzw. abgeben. Je nachdem welcher Temperaturbereich f\u00fcr die zu k\u00fchlenden Lebensmittel ben\u00f6tigt wird, kann zwischen verschiedenen QOOL Temperature Elements ausgew\u00e4hlt werden. <\/p>\n<p>Verf\u00fcgbare Temperaturbereiche <br \/>Standard Frozen (-20\u00b0C bis -10\u00b0C) ist f\u00fcr den Transport aller tiefgek\u00fchlten Lebensmittel und perfekt f\u00fcr Speiseeis geeignet. <br \/>Standard Cool (-2\u00b0C bis +2\u00b0C) eignet sich optimal f\u00fcr den Transport von besonders sensiblem K\u00fchlgut wie z.B. frischen Fisch, Fleisch. <br \/>Controlled Fresh (+2\u00b0C bis +8\u00b0C) ist f\u00fcr die meisten Getr\u00e4nke und verderblichen Lebensmittel aus dem K\u00fchlschrank &#8211; aber auch temperatursensible Medikamente geeignet. <\/p>\n<p>Alles auf einen Blick:<\/p>\n<ul>\n<li>Funktioniert ohne Strom<\/li>\n<li>H\u00e4lt die Temperatur bis zu 10 Tage konstant<\/li>\n<li>Alle Komponenten sind recyclebar<\/li>\n<li>Made in Germany<\/li>\n<\/ul>\n<p>Das praktische QOOL-Bundle, bestehend aus einer Box und einem Set passender Temperature Elements, ist der ideale Einstieg in die Welt der vakuumbasierten K\u00fchlung.<\/p>\n","protected":false},"excerpt":{"rendered":"<p>QOOL Box &#8211; Das Blaue Thermo-Wunder! Tagelang stromlos unterwegs sein &#8211; mit der QOOL Box kein Problem. Als passive K\u00fchlbox ist sie ein zuverl\u00e4ssiger Begleiter bei jedem Outdoor Abenteuer. Durch ihre Hightech Isolierung aus Vakuumisolationspaneelen in allen Seiten, Boden und Deckel sowie die innovative K\u00fchltechnik der QOOL Temperature Elements ist eine K\u00fchlzeit bis zu 10 [&hellip;]<\/p>\n","protected":false},"featured_media":107642,"template":"","meta":{"_acf_changed":false},"product_featured_cat":[5301],"product_brand":[3555],"product_cat":[4086],"product_tag":[],"class_list":{"0":"post-107667","1":"product","2":"type-product","3":"status-publish","4":"has-post-thumbnail","6":"product_featured_cat-promotions-etagnieres-fr","7":"product_brand-qool-de","8":"product_cat-passiv-kuehlboxen-taschen","10":"first","11":"instock","12":"sale","13":"taxable","14":"shipping-taxable","15":"purchasable","16":"product-type-variable"},"acf":[],"yoast_head":"<!-- This site is optimized with the Yoast SEO plugin v27.4 - https:\/\/yoast.com\/product\/yoast-seo-wordpress\/ -->\n<title>K\u00fchlbox L - Bantam Camping AG<\/title>\n<meta name=\"robots\" content=\"index, follow, max-snippet:-1, max-image-preview:large, max-video-preview:-1\" \/>\n<link rel=\"canonical\" href=\"https:\/\/shop.bantam.ch\/de\/produkt\/kuehlbox-l\/\" \/>\n<meta property=\"og:locale\" content=\"de_DE\" \/>\n<meta property=\"og:type\" content=\"article\" \/>\n<meta property=\"og:title\" content=\"K\u00fchlbox L - Bantam Camping AG\" \/>\n<meta property=\"og:description\" content=\"QOOL Box &#8211; Das Blaue Thermo-Wunder! Tagelang stromlos unterwegs sein &#8211; mit der QOOL Box kein Problem. Als passive K\u00fchlbox ist sie ein zuverl\u00e4ssiger Begleiter bei jedem Outdoor Abenteuer. Durch ihre Hightech Isolierung aus Vakuumisolationspaneelen in allen Seiten, Boden und Deckel sowie die innovative K\u00fchltechnik der QOOL Temperature Elements ist eine K\u00fchlzeit bis zu 10 [&hellip;]\" \/>\n<meta property=\"og:url\" content=\"https:\/\/shop.bantam.ch\/de\/produkt\/kuehlbox-l\/\" \/>\n<meta property=\"og:site_name\" content=\"Bantam Camping AG\" \/>\n<meta property=\"article:modified_time\" content=\"2026-04-18T21:11:45+00:00\" \/>\n<meta property=\"og:image\" content=\"https:\/\/shop.bantam.ch\/wp-content\/uploads\/2023\/02\/994392611.jpg\" \/>\n\t<meta property=\"og:image:width\" content=\"1000\" \/>\n\t<meta property=\"og:image:height\" content=\"1000\" \/>\n\t<meta property=\"og:image:type\" content=\"image\/jpeg\" \/>\n<meta name=\"twitter:card\" content=\"summary_large_image\" \/>\n<meta name=\"twitter:label1\" content=\"Gesch\u00e4tzte Lesezeit\" \/>\n\t<meta name=\"twitter:data1\" content=\"1\u00a0Minute\" \/>\n<script type=\"application\/ld+json\" class=\"yoast-schema-graph\">{\"@context\":\"https:\\\/\\\/schema.org\",\"@graph\":[{\"@type\":\"WebPage\",\"@id\":\"https:\\\/\\\/shop.bantam.ch\\\/de\\\/produkt\\\/kuehlbox-l\\\/\",\"url\":\"https:\\\/\\\/shop.bantam.ch\\\/de\\\/produkt\\\/kuehlbox-l\\\/\",\"name\":\"K\u00fchlbox L - Bantam Camping AG\",\"isPartOf\":{\"@id\":\"https:\\\/\\\/shop.bantam.ch\\\/de\\\/#website\"},\"primaryImageOfPage\":{\"@id\":\"https:\\\/\\\/shop.bantam.ch\\\/de\\\/produkt\\\/kuehlbox-l\\\/#primaryimage\"},\"image\":{\"@id\":\"https:\\\/\\\/shop.bantam.ch\\\/de\\\/produkt\\\/kuehlbox-l\\\/#primaryimage\"},\"thumbnailUrl\":\"https:\\\/\\\/shop.bantam.ch\\\/wp-content\\\/uploads\\\/2023\\\/02\\\/994392611.jpg\",\"datePublished\":\"2023-02-28T07:21:19+00:00\",\"dateModified\":\"2026-04-18T21:11:45+00:00\",\"breadcrumb\":{\"@id\":\"https:\\\/\\\/shop.bantam.ch\\\/de\\\/produkt\\\/kuehlbox-l\\\/#breadcrumb\"},\"inLanguage\":\"de\",\"potentialAction\":[{\"@type\":\"ReadAction\",\"target\":[\"https:\\\/\\\/shop.bantam.ch\\\/de\\\/produkt\\\/kuehlbox-l\\\/\"]}]},{\"@type\":\"ImageObject\",\"inLanguage\":\"de\",\"@id\":\"https:\\\/\\\/shop.bantam.ch\\\/de\\\/produkt\\\/kuehlbox-l\\\/#primaryimage\",\"url\":\"https:\\\/\\\/shop.bantam.ch\\\/wp-content\\\/uploads\\\/2023\\\/02\\\/994392611.jpg\",\"contentUrl\":\"https:\\\/\\\/shop.bantam.ch\\\/wp-content\\\/uploads\\\/2023\\\/02\\\/994392611.jpg\",\"width\":1000,\"height\":1000},{\"@type\":\"BreadcrumbList\",\"@id\":\"https:\\\/\\\/shop.bantam.ch\\\/de\\\/produkt\\\/kuehlbox-l\\\/#breadcrumb\",\"itemListElement\":[{\"@type\":\"ListItem\",\"position\":1,\"name\":\"Accueil\",\"item\":\"https:\\\/\\\/shop.bantam.ch\\\/de\\\/\"},{\"@type\":\"ListItem\",\"position\":2,\"name\":\"Shop\",\"item\":\"https:\\\/\\\/shop.bantam.ch\\\/de\\\/shop\\\/\"},{\"@type\":\"ListItem\",\"position\":3,\"name\":\"K\u00fchlbox L\"}]},{\"@type\":\"WebSite\",\"@id\":\"https:\\\/\\\/shop.bantam.ch\\\/de\\\/#website\",\"url\":\"https:\\\/\\\/shop.bantam.ch\\\/de\\\/\",\"name\":\"Bantam Camping AG\",\"description\":\"\",\"publisher\":{\"@id\":\"https:\\\/\\\/shop.bantam.ch\\\/de\\\/#organization\"},\"inLanguage\":\"de\"},{\"@type\":\"Organization\",\"@id\":\"https:\\\/\\\/shop.bantam.ch\\\/de\\\/#organization\",\"name\":\"Bantam Camping AG\",\"url\":\"https:\\\/\\\/shop.bantam.ch\\\/de\\\/\",\"logo\":{\"@type\":\"ImageObject\",\"inLanguage\":\"de\",\"@id\":\"https:\\\/\\\/shop.bantam.ch\\\/de\\\/#\\\/schema\\\/logo\\\/image\\\/\",\"url\":\"https:\\\/\\\/shop.bantam.ch\\\/wp-content\\\/uploads\\\/2022\\\/12\\\/bantam-logo.png\",\"contentUrl\":\"https:\\\/\\\/shop.bantam.ch\\\/wp-content\\\/uploads\\\/2022\\\/12\\\/bantam-logo.png\",\"width\":320,\"height\":71,\"caption\":\"Bantam Camping AG\"},\"image\":{\"@id\":\"https:\\\/\\\/shop.bantam.ch\\\/de\\\/#\\\/schema\\\/logo\\\/image\\\/\"}}]}<\/script>\n<!-- \/ Yoast SEO plugin. -->","yoast_head_json":{"title":"K\u00fchlbox L - Bantam Camping AG","robots":{"index":"index","follow":"follow","max-snippet":"max-snippet:-1","max-image-preview":"max-image-preview:large","max-video-preview":"max-video-preview:-1"},"canonical":"https:\/\/shop.bantam.ch\/de\/produkt\/kuehlbox-l\/","og_locale":"de_DE","og_type":"article","og_title":"K\u00fchlbox L - Bantam Camping AG","og_description":"QOOL Box &#8211; Das Blaue Thermo-Wunder! Tagelang stromlos unterwegs sein &#8211; mit der QOOL Box kein Problem. Als passive K\u00fchlbox ist sie ein zuverl\u00e4ssiger Begleiter bei jedem Outdoor Abenteuer. Durch ihre Hightech Isolierung aus Vakuumisolationspaneelen in allen Seiten, Boden und Deckel sowie die innovative K\u00fchltechnik der QOOL Temperature Elements ist eine K\u00fchlzeit bis zu 10 [&hellip;]","og_url":"https:\/\/shop.bantam.ch\/de\/produkt\/kuehlbox-l\/","og_site_name":"Bantam Camping AG","article_modified_time":"2026-04-18T21:11:45+00:00","og_image":[{"width":1000,"height":1000,"url":"https:\/\/shop.bantam.ch\/wp-content\/uploads\/2023\/02\/994392611.jpg","type":"image\/jpeg"}],"twitter_card":"summary_large_image","twitter_misc":{"Gesch\u00e4tzte Lesezeit":"1\u00a0Minute"},"schema":{"@context":"https:\/\/schema.org","@graph":[{"@type":"WebPage","@id":"https:\/\/shop.bantam.ch\/de\/produkt\/kuehlbox-l\/","url":"https:\/\/shop.bantam.ch\/de\/produkt\/kuehlbox-l\/","name":"K\u00fchlbox L - Bantam Camping AG","isPartOf":{"@id":"https:\/\/shop.bantam.ch\/de\/#website"},"primaryImageOfPage":{"@id":"https:\/\/shop.bantam.ch\/de\/produkt\/kuehlbox-l\/#primaryimage"},"image":{"@id":"https:\/\/shop.bantam.ch\/de\/produkt\/kuehlbox-l\/#primaryimage"},"thumbnailUrl":"https:\/\/shop.bantam.ch\/wp-content\/uploads\/2023\/02\/994392611.jpg","datePublished":"2023-02-28T07:21:19+00:00","dateModified":"2026-04-18T21:11:45+00:00","breadcrumb":{"@id":"https:\/\/shop.bantam.ch\/de\/produkt\/kuehlbox-l\/#breadcrumb"},"inLanguage":"de","potentialAction":[{"@type":"ReadAction","target":["https:\/\/shop.bantam.ch\/de\/produkt\/kuehlbox-l\/"]}]},{"@type":"ImageObject","inLanguage":"de","@id":"https:\/\/shop.bantam.ch\/de\/produkt\/kuehlbox-l\/#primaryimage","url":"https:\/\/shop.bantam.ch\/wp-content\/uploads\/2023\/02\/994392611.jpg","contentUrl":"https:\/\/shop.bantam.ch\/wp-content\/uploads\/2023\/02\/994392611.jpg","width":1000,"height":1000},{"@type":"BreadcrumbList","@id":"https:\/\/shop.bantam.ch\/de\/produkt\/kuehlbox-l\/#breadcrumb","itemListElement":[{"@type":"ListItem","position":1,"name":"Accueil","item":"https:\/\/shop.bantam.ch\/de\/"},{"@type":"ListItem","position":2,"name":"Shop","item":"https:\/\/shop.bantam.ch\/de\/shop\/"},{"@type":"ListItem","position":3,"name":"K\u00fchlbox L"}]},{"@type":"WebSite","@id":"https:\/\/shop.bantam.ch\/de\/#website","url":"https:\/\/shop.bantam.ch\/de\/","name":"Bantam Camping AG","description":"","publisher":{"@id":"https:\/\/shop.bantam.ch\/de\/#organization"},"inLanguage":"de"},{"@type":"Organization","@id":"https:\/\/shop.bantam.ch\/de\/#organization","name":"Bantam Camping AG","url":"https:\/\/shop.bantam.ch\/de\/","logo":{"@type":"ImageObject","inLanguage":"de","@id":"https:\/\/shop.bantam.ch\/de\/#\/schema\/logo\/image\/","url":"https:\/\/shop.bantam.ch\/wp-content\/uploads\/2022\/12\/bantam-logo.png","contentUrl":"https:\/\/shop.bantam.ch\/wp-content\/uploads\/2022\/12\/bantam-logo.png","width":320,"height":71,"caption":"Bantam Camping AG"},"image":{"@id":"https:\/\/shop.bantam.ch\/de\/#\/schema\/logo\/image\/"}}]}},"_links":{"self":[{"href":"https:\/\/shop.bantam.ch\/de\/wp-json\/wp\/v2\/product\/107667","targetHints":{"allow":["GET"]}}],"collection":[{"href":"https:\/\/shop.bantam.ch\/de\/wp-json\/wp\/v2\/product"}],"about":[{"href":"https:\/\/shop.bantam.ch\/de\/wp-json\/wp\/v2\/types\/product"}],"wp:featuredmedia":[{"embeddable":true,"href":"https:\/\/shop.bantam.ch\/de\/wp-json\/wp\/v2\/media\/107642"}],"wp:attachment":[{"href":"https:\/\/shop.bantam.ch\/de\/wp-json\/wp\/v2\/media?parent=107667"}],"wp:term":[{"taxonomy":"product_featured_cat","embeddable":true,"href":"https:\/\/shop.bantam.ch\/de\/wp-json\/wp\/v2\/product_featured_cat?post=107667"},{"taxonomy":"product_brand","embeddable":true,"href":"https:\/\/shop.bantam.ch\/de\/wp-json\/wp\/v2\/product_brand?post=107667"},{"taxonomy":"product_cat","embeddable":true,"href":"https:\/\/shop.bantam.ch\/de\/wp-json\/wp\/v2\/product_cat?post=107667"},{"taxonomy":"product_tag","embeddable":true,"href":"https:\/\/shop.bantam.ch\/de\/wp-json\/wp\/v2\/product_tag?post=107667"}],"curies":[{"name":"wp","href":"https:\/\/api.w.org\/{rel}","templated":true}]}}