{"id":107122,"date":"2023-02-28T08:12:14","date_gmt":"2023-02-28T07:12:14","guid":{"rendered":"http:\/\/shop.bantam.ch\/produit\/kuehltasche-messenger-bag\/"},"modified":"2026-04-17T21:38:23","modified_gmt":"2026-04-17T19:38:23","slug":"kuehltasche-messenger-bag","status":"publish","type":"product","link":"https:\/\/shop.bantam.ch\/de\/produkt\/kuehltasche-messenger-bag\/","title":{"rendered":"K\u00fchltasche CAMPINGAZ The Office &#8211; Messenger bag 16 l Farbe schwarz\/grau\/blau"},"content":{"rendered":"<p>Die Messenger bag der &#8222;The Office&#8220; Linie ist der perfekte Begleiter f\u00fcr Ihren Alltag und l\u00e4sst sich dank verstellbarem Schulterriemen m\u00fchelos transportieren &#8211; egal ob Sie mit dem Fahrrad, Bahn und Bus oder dem Auto unterwegs sind. Die 16 L Fassungsverm\u00f6gen der K\u00fchltasche bieten gen\u00fcgend Stauraum f\u00fcr viele Leckereien. Dar\u00fcber hinaus ist die Tasche innen antimikrobiell ausgestattet, was das Wachstum von Schimmel, Pilzen und Bakterien hemmt. Elektronische Ger\u00e4te k\u00f6nnen sicher in einem separaten, nicht isolierten Teil der Tasche verstaut werden.<\/p>\n<p>Material: <br \/>Au\u00dfenmaterial: Polyester<br \/>Innenmaterial: expandiertes Polyethylen<\/p>\n","protected":false},"excerpt":{"rendered":"<p>Die Messenger bag der &#8222;The Office&#8220; Linie ist der perfekte Begleiter f\u00fcr Ihren Alltag und l\u00e4sst sich dank verstellbarem Schulterriemen m\u00fchelos transportieren &#8211; egal ob Sie mit dem Fahrrad, Bahn und Bus oder dem Auto unterwegs sind. Die 16 L Fassungsverm\u00f6gen der K\u00fchltasche bieten gen\u00fcgend Stauraum f\u00fcr viele Leckereien. Dar\u00fcber hinaus ist die Tasche innen [&hellip;]<\/p>\n","protected":false},"featured_media":107116,"template":"","meta":{"_acf_changed":false},"product_featured_cat":[],"product_brand":[3197],"product_cat":[4086],"product_tag":[],"class_list":{"0":"post-107122","1":"product","2":"type-product","3":"status-publish","4":"has-post-thumbnail","6":"product_brand-campingaz-de","7":"product_cat-passiv-kuehlboxen-taschen","9":"first","10":"instock","11":"taxable","12":"shipping-taxable","13":"purchasable","14":"product-type-simple"},"acf":[],"yoast_head":"<!-- This site is optimized with the Yoast SEO plugin v27.4 - https:\/\/yoast.com\/product\/yoast-seo-wordpress\/ -->\n<title>K\u00fchltasche CAMPINGAZ The Office - Messenger bag 16 l Farbe schwarz\/grau\/blau - Bantam Camping AG<\/title>\n<meta name=\"robots\" content=\"index, follow, max-snippet:-1, max-image-preview:large, max-video-preview:-1\" \/>\n<link rel=\"canonical\" href=\"https:\/\/shop.bantam.ch\/de\/produkt\/kuehltasche-messenger-bag\/\" \/>\n<meta property=\"og:locale\" content=\"de_DE\" \/>\n<meta property=\"og:type\" content=\"article\" \/>\n<meta property=\"og:title\" content=\"K\u00fchltasche CAMPINGAZ The Office - Messenger bag 16 l Farbe schwarz\/grau\/blau - Bantam Camping AG\" \/>\n<meta property=\"og:description\" content=\"Die Messenger bag der &#8222;The Office&#8220; Linie ist der perfekte Begleiter f\u00fcr Ihren Alltag und l\u00e4sst sich dank verstellbarem Schulterriemen m\u00fchelos transportieren &#8211; egal ob Sie mit dem Fahrrad, Bahn und Bus oder dem Auto unterwegs sind. Die 16 L Fassungsverm\u00f6gen der K\u00fchltasche bieten gen\u00fcgend Stauraum f\u00fcr viele Leckereien. Dar\u00fcber hinaus ist die Tasche innen [&hellip;]\" \/>\n<meta property=\"og:url\" content=\"https:\/\/shop.bantam.ch\/de\/produkt\/kuehltasche-messenger-bag\/\" \/>\n<meta property=\"og:site_name\" content=\"Bantam Camping AG\" \/>\n<meta property=\"article:modified_time\" content=\"2026-04-17T19:38:23+00:00\" \/>\n<meta property=\"og:image\" content=\"https:\/\/shop.bantam.ch\/wp-content\/uploads\/2023\/02\/994390811.jpg\" \/>\n\t<meta property=\"og:image:width\" content=\"1000\" \/>\n\t<meta property=\"og:image:height\" content=\"1000\" \/>\n\t<meta property=\"og:image:type\" content=\"image\/jpeg\" \/>\n<meta name=\"twitter:card\" content=\"summary_large_image\" \/>\n<script type=\"application\/ld+json\" class=\"yoast-schema-graph\">{\"@context\":\"https:\\\/\\\/schema.org\",\"@graph\":[{\"@type\":\"WebPage\",\"@id\":\"https:\\\/\\\/shop.bantam.ch\\\/de\\\/produkt\\\/kuehltasche-messenger-bag\\\/\",\"url\":\"https:\\\/\\\/shop.bantam.ch\\\/de\\\/produkt\\\/kuehltasche-messenger-bag\\\/\",\"name\":\"K\u00fchltasche CAMPINGAZ The Office - Messenger bag 16 l Farbe schwarz\\\/grau\\\/blau - Bantam Camping AG\",\"isPartOf\":{\"@id\":\"https:\\\/\\\/shop.bantam.ch\\\/de\\\/#website\"},\"primaryImageOfPage\":{\"@id\":\"https:\\\/\\\/shop.bantam.ch\\\/de\\\/produkt\\\/kuehltasche-messenger-bag\\\/#primaryimage\"},\"image\":{\"@id\":\"https:\\\/\\\/shop.bantam.ch\\\/de\\\/produkt\\\/kuehltasche-messenger-bag\\\/#primaryimage\"},\"thumbnailUrl\":\"https:\\\/\\\/shop.bantam.ch\\\/wp-content\\\/uploads\\\/2023\\\/02\\\/994390811.jpg\",\"datePublished\":\"2023-02-28T07:12:14+00:00\",\"dateModified\":\"2026-04-17T19:38:23+00:00\",\"breadcrumb\":{\"@id\":\"https:\\\/\\\/shop.bantam.ch\\\/de\\\/produkt\\\/kuehltasche-messenger-bag\\\/#breadcrumb\"},\"inLanguage\":\"de\",\"potentialAction\":[{\"@type\":\"ReadAction\",\"target\":[\"https:\\\/\\\/shop.bantam.ch\\\/de\\\/produkt\\\/kuehltasche-messenger-bag\\\/\"]}]},{\"@type\":\"ImageObject\",\"inLanguage\":\"de\",\"@id\":\"https:\\\/\\\/shop.bantam.ch\\\/de\\\/produkt\\\/kuehltasche-messenger-bag\\\/#primaryimage\",\"url\":\"https:\\\/\\\/shop.bantam.ch\\\/wp-content\\\/uploads\\\/2023\\\/02\\\/994390811.jpg\",\"contentUrl\":\"https:\\\/\\\/shop.bantam.ch\\\/wp-content\\\/uploads\\\/2023\\\/02\\\/994390811.jpg\",\"width\":1000,\"height\":1000},{\"@type\":\"BreadcrumbList\",\"@id\":\"https:\\\/\\\/shop.bantam.ch\\\/de\\\/produkt\\\/kuehltasche-messenger-bag\\\/#breadcrumb\",\"itemListElement\":[{\"@type\":\"ListItem\",\"position\":1,\"name\":\"Accueil\",\"item\":\"https:\\\/\\\/shop.bantam.ch\\\/de\\\/\"},{\"@type\":\"ListItem\",\"position\":2,\"name\":\"Shop\",\"item\":\"https:\\\/\\\/shop.bantam.ch\\\/de\\\/shop\\\/\"},{\"@type\":\"ListItem\",\"position\":3,\"name\":\"K\u00fchltasche CAMPINGAZ The Office &#8211; Messenger bag 16 l Farbe schwarz\\\/grau\\\/blau\"}]},{\"@type\":\"WebSite\",\"@id\":\"https:\\\/\\\/shop.bantam.ch\\\/de\\\/#website\",\"url\":\"https:\\\/\\\/shop.bantam.ch\\\/de\\\/\",\"name\":\"Bantam Camping AG\",\"description\":\"\",\"publisher\":{\"@id\":\"https:\\\/\\\/shop.bantam.ch\\\/de\\\/#organization\"},\"inLanguage\":\"de\"},{\"@type\":\"Organization\",\"@id\":\"https:\\\/\\\/shop.bantam.ch\\\/de\\\/#organization\",\"name\":\"Bantam Camping AG\",\"url\":\"https:\\\/\\\/shop.bantam.ch\\\/de\\\/\",\"logo\":{\"@type\":\"ImageObject\",\"inLanguage\":\"de\",\"@id\":\"https:\\\/\\\/shop.bantam.ch\\\/de\\\/#\\\/schema\\\/logo\\\/image\\\/\",\"url\":\"https:\\\/\\\/shop.bantam.ch\\\/wp-content\\\/uploads\\\/2022\\\/12\\\/bantam-logo.png\",\"contentUrl\":\"https:\\\/\\\/shop.bantam.ch\\\/wp-content\\\/uploads\\\/2022\\\/12\\\/bantam-logo.png\",\"width\":320,\"height\":71,\"caption\":\"Bantam Camping AG\"},\"image\":{\"@id\":\"https:\\\/\\\/shop.bantam.ch\\\/de\\\/#\\\/schema\\\/logo\\\/image\\\/\"}}]}<\/script>\n<!-- \/ Yoast SEO plugin. -->","yoast_head_json":{"title":"K\u00fchltasche CAMPINGAZ The Office - Messenger bag 16 l Farbe schwarz\/grau\/blau - Bantam Camping AG","robots":{"index":"index","follow":"follow","max-snippet":"max-snippet:-1","max-image-preview":"max-image-preview:large","max-video-preview":"max-video-preview:-1"},"canonical":"https:\/\/shop.bantam.ch\/de\/produkt\/kuehltasche-messenger-bag\/","og_locale":"de_DE","og_type":"article","og_title":"K\u00fchltasche CAMPINGAZ The Office - Messenger bag 16 l Farbe schwarz\/grau\/blau - Bantam Camping AG","og_description":"Die Messenger bag der &#8222;The Office&#8220; Linie ist der perfekte Begleiter f\u00fcr Ihren Alltag und l\u00e4sst sich dank verstellbarem Schulterriemen m\u00fchelos transportieren &#8211; egal ob Sie mit dem Fahrrad, Bahn und Bus oder dem Auto unterwegs sind. Die 16 L Fassungsverm\u00f6gen der K\u00fchltasche bieten gen\u00fcgend Stauraum f\u00fcr viele Leckereien. Dar\u00fcber hinaus ist die Tasche innen [&hellip;]","og_url":"https:\/\/shop.bantam.ch\/de\/produkt\/kuehltasche-messenger-bag\/","og_site_name":"Bantam Camping AG","article_modified_time":"2026-04-17T19:38:23+00:00","og_image":[{"width":1000,"height":1000,"url":"https:\/\/shop.bantam.ch\/wp-content\/uploads\/2023\/02\/994390811.jpg","type":"image\/jpeg"}],"twitter_card":"summary_large_image","schema":{"@context":"https:\/\/schema.org","@graph":[{"@type":"WebPage","@id":"https:\/\/shop.bantam.ch\/de\/produkt\/kuehltasche-messenger-bag\/","url":"https:\/\/shop.bantam.ch\/de\/produkt\/kuehltasche-messenger-bag\/","name":"K\u00fchltasche CAMPINGAZ The Office - Messenger bag 16 l Farbe schwarz\/grau\/blau - Bantam Camping AG","isPartOf":{"@id":"https:\/\/shop.bantam.ch\/de\/#website"},"primaryImageOfPage":{"@id":"https:\/\/shop.bantam.ch\/de\/produkt\/kuehltasche-messenger-bag\/#primaryimage"},"image":{"@id":"https:\/\/shop.bantam.ch\/de\/produkt\/kuehltasche-messenger-bag\/#primaryimage"},"thumbnailUrl":"https:\/\/shop.bantam.ch\/wp-content\/uploads\/2023\/02\/994390811.jpg","datePublished":"2023-02-28T07:12:14+00:00","dateModified":"2026-04-17T19:38:23+00:00","breadcrumb":{"@id":"https:\/\/shop.bantam.ch\/de\/produkt\/kuehltasche-messenger-bag\/#breadcrumb"},"inLanguage":"de","potentialAction":[{"@type":"ReadAction","target":["https:\/\/shop.bantam.ch\/de\/produkt\/kuehltasche-messenger-bag\/"]}]},{"@type":"ImageObject","inLanguage":"de","@id":"https:\/\/shop.bantam.ch\/de\/produkt\/kuehltasche-messenger-bag\/#primaryimage","url":"https:\/\/shop.bantam.ch\/wp-content\/uploads\/2023\/02\/994390811.jpg","contentUrl":"https:\/\/shop.bantam.ch\/wp-content\/uploads\/2023\/02\/994390811.jpg","width":1000,"height":1000},{"@type":"BreadcrumbList","@id":"https:\/\/shop.bantam.ch\/de\/produkt\/kuehltasche-messenger-bag\/#breadcrumb","itemListElement":[{"@type":"ListItem","position":1,"name":"Accueil","item":"https:\/\/shop.bantam.ch\/de\/"},{"@type":"ListItem","position":2,"name":"Shop","item":"https:\/\/shop.bantam.ch\/de\/shop\/"},{"@type":"ListItem","position":3,"name":"K\u00fchltasche CAMPINGAZ The Office &#8211; Messenger bag 16 l Farbe schwarz\/grau\/blau"}]},{"@type":"WebSite","@id":"https:\/\/shop.bantam.ch\/de\/#website","url":"https:\/\/shop.bantam.ch\/de\/","name":"Bantam Camping AG","description":"","publisher":{"@id":"https:\/\/shop.bantam.ch\/de\/#organization"},"inLanguage":"de"},{"@type":"Organization","@id":"https:\/\/shop.bantam.ch\/de\/#organization","name":"Bantam Camping AG","url":"https:\/\/shop.bantam.ch\/de\/","logo":{"@type":"ImageObject","inLanguage":"de","@id":"https:\/\/shop.bantam.ch\/de\/#\/schema\/logo\/image\/","url":"https:\/\/shop.bantam.ch\/wp-content\/uploads\/2022\/12\/bantam-logo.png","contentUrl":"https:\/\/shop.bantam.ch\/wp-content\/uploads\/2022\/12\/bantam-logo.png","width":320,"height":71,"caption":"Bantam Camping AG"},"image":{"@id":"https:\/\/shop.bantam.ch\/de\/#\/schema\/logo\/image\/"}}]}},"_links":{"self":[{"href":"https:\/\/shop.bantam.ch\/de\/wp-json\/wp\/v2\/product\/107122","targetHints":{"allow":["GET"]}}],"collection":[{"href":"https:\/\/shop.bantam.ch\/de\/wp-json\/wp\/v2\/product"}],"about":[{"href":"https:\/\/shop.bantam.ch\/de\/wp-json\/wp\/v2\/types\/product"}],"wp:featuredmedia":[{"embeddable":true,"href":"https:\/\/shop.bantam.ch\/de\/wp-json\/wp\/v2\/media\/107116"}],"wp:attachment":[{"href":"https:\/\/shop.bantam.ch\/de\/wp-json\/wp\/v2\/media?parent=107122"}],"wp:term":[{"taxonomy":"product_featured_cat","embeddable":true,"href":"https:\/\/shop.bantam.ch\/de\/wp-json\/wp\/v2\/product_featured_cat?post=107122"},{"taxonomy":"product_brand","embeddable":true,"href":"https:\/\/shop.bantam.ch\/de\/wp-json\/wp\/v2\/product_brand?post=107122"},{"taxonomy":"product_cat","embeddable":true,"href":"https:\/\/shop.bantam.ch\/de\/wp-json\/wp\/v2\/product_cat?post=107122"},{"taxonomy":"product_tag","embeddable":true,"href":"https:\/\/shop.bantam.ch\/de\/wp-json\/wp\/v2\/product_tag?post=107122"}],"curies":[{"name":"wp","href":"https:\/\/api.w.org\/{rel}","templated":true}]}}