{"id":107108,"date":"2023-02-28T08:11:48","date_gmt":"2023-02-28T07:11:48","guid":{"rendered":"http:\/\/shop.bantam.ch\/produit\/wandmarkisenset-fiamma-f45s-mit-psa-adapter\/"},"modified":"2026-04-20T23:08:43","modified_gmt":"2026-04-20T21:08:43","slug":"wandmarkisenset-fiamma-f45s-mit-psa-adapter","status":"publish","type":"product","link":"https:\/\/shop.bantam.ch\/de\/produkt\/wandmarkisenset-fiamma-f45s-mit-psa-adapter\/","title":{"rendered":"Wandmarkisenset Fiamma F45S mit PSA Adapter"},"content":{"rendered":"<p>Markise F45s mit 260cm L\u00e4nge, komplett mit Montagehalterung speziell f\u00fcr Minivans von PSA. Auch f\u00fcr Fahrzeuge mit Aufstelldach geeignet. Die perfekte ins Fahrzeug integrierte Markise l\u00e4sst sich ohne Zusatzschienen oder Arbeiten im Fahrzeuginneren installieren.<\/p>\n<p>Material:<\/p>\n<p>PVC &#8211; Polyvinylchlorid<\/p>\n","protected":false},"excerpt":{"rendered":"<p>Markise F45s mit 260cm L\u00e4nge, komplett mit Montagehalterung speziell f\u00fcr Minivans von PSA. Auch f\u00fcr Fahrzeuge mit Aufstelldach geeignet. Die perfekte ins Fahrzeug integrierte Markise l\u00e4sst sich ohne Zusatzschienen oder Arbeiten im Fahrzeuginneren installieren. Material: PVC &#8211; Polyvinylchlorid<\/p>\n","protected":false},"featured_media":107086,"template":"","meta":{"_acf_changed":false},"product_featured_cat":[],"product_brand":[3035],"product_cat":[4214],"product_tag":[],"class_list":{"0":"post-107108","1":"product","2":"type-product","3":"status-publish","4":"has-post-thumbnail","6":"product_brand-fiamma-de","7":"product_cat-markisen-dachseitenwand","9":"first","10":"instock","11":"taxable","12":"shipping-taxable","13":"purchasable","14":"product-type-variable"},"acf":[],"yoast_head":"<!-- This site is optimized with the Yoast SEO plugin v27.4 - https:\/\/yoast.com\/product\/yoast-seo-wordpress\/ -->\n<title>Wandmarkisenset Fiamma F45S mit PSA Adapter - Bantam Camping AG<\/title>\n<meta name=\"robots\" content=\"index, follow, max-snippet:-1, max-image-preview:large, max-video-preview:-1\" \/>\n<link rel=\"canonical\" href=\"https:\/\/shop.bantam.ch\/de\/produkt\/wandmarkisenset-fiamma-f45s-mit-psa-adapter\/\" \/>\n<meta property=\"og:locale\" content=\"de_DE\" \/>\n<meta property=\"og:type\" content=\"article\" \/>\n<meta property=\"og:title\" content=\"Wandmarkisenset Fiamma F45S mit PSA Adapter - Bantam Camping AG\" \/>\n<meta property=\"og:description\" content=\"Markise F45s mit 260cm L\u00e4nge, komplett mit Montagehalterung speziell f\u00fcr Minivans von PSA. Auch f\u00fcr Fahrzeuge mit Aufstelldach geeignet. Die perfekte ins Fahrzeug integrierte Markise l\u00e4sst sich ohne Zusatzschienen oder Arbeiten im Fahrzeuginneren installieren. Material: PVC &#8211; Polyvinylchlorid\" \/>\n<meta property=\"og:url\" content=\"https:\/\/shop.bantam.ch\/de\/produkt\/wandmarkisenset-fiamma-f45s-mit-psa-adapter\/\" \/>\n<meta property=\"og:site_name\" content=\"Bantam Camping AG\" \/>\n<meta property=\"article:modified_time\" content=\"2026-04-20T21:08:43+00:00\" \/>\n<meta property=\"og:image\" content=\"https:\/\/shop.bantam.ch\/wp-content\/uploads\/2023\/02\/995741711.jpg\" \/>\n\t<meta property=\"og:image:width\" content=\"1000\" \/>\n\t<meta property=\"og:image:height\" content=\"667\" \/>\n\t<meta property=\"og:image:type\" content=\"image\/jpeg\" \/>\n<meta name=\"twitter:card\" content=\"summary_large_image\" \/>\n<script type=\"application\/ld+json\" class=\"yoast-schema-graph\">{\"@context\":\"https:\\\/\\\/schema.org\",\"@graph\":[{\"@type\":\"WebPage\",\"@id\":\"https:\\\/\\\/shop.bantam.ch\\\/de\\\/produkt\\\/wandmarkisenset-fiamma-f45s-mit-psa-adapter\\\/\",\"url\":\"https:\\\/\\\/shop.bantam.ch\\\/de\\\/produkt\\\/wandmarkisenset-fiamma-f45s-mit-psa-adapter\\\/\",\"name\":\"Wandmarkisenset Fiamma F45S mit PSA Adapter - Bantam Camping AG\",\"isPartOf\":{\"@id\":\"https:\\\/\\\/shop.bantam.ch\\\/de\\\/#website\"},\"primaryImageOfPage\":{\"@id\":\"https:\\\/\\\/shop.bantam.ch\\\/de\\\/produkt\\\/wandmarkisenset-fiamma-f45s-mit-psa-adapter\\\/#primaryimage\"},\"image\":{\"@id\":\"https:\\\/\\\/shop.bantam.ch\\\/de\\\/produkt\\\/wandmarkisenset-fiamma-f45s-mit-psa-adapter\\\/#primaryimage\"},\"thumbnailUrl\":\"https:\\\/\\\/shop.bantam.ch\\\/wp-content\\\/uploads\\\/2023\\\/02\\\/995741711.jpg\",\"datePublished\":\"2023-02-28T07:11:48+00:00\",\"dateModified\":\"2026-04-20T21:08:43+00:00\",\"breadcrumb\":{\"@id\":\"https:\\\/\\\/shop.bantam.ch\\\/de\\\/produkt\\\/wandmarkisenset-fiamma-f45s-mit-psa-adapter\\\/#breadcrumb\"},\"inLanguage\":\"de\",\"potentialAction\":[{\"@type\":\"ReadAction\",\"target\":[\"https:\\\/\\\/shop.bantam.ch\\\/de\\\/produkt\\\/wandmarkisenset-fiamma-f45s-mit-psa-adapter\\\/\"]}]},{\"@type\":\"ImageObject\",\"inLanguage\":\"de\",\"@id\":\"https:\\\/\\\/shop.bantam.ch\\\/de\\\/produkt\\\/wandmarkisenset-fiamma-f45s-mit-psa-adapter\\\/#primaryimage\",\"url\":\"https:\\\/\\\/shop.bantam.ch\\\/wp-content\\\/uploads\\\/2023\\\/02\\\/995741711.jpg\",\"contentUrl\":\"https:\\\/\\\/shop.bantam.ch\\\/wp-content\\\/uploads\\\/2023\\\/02\\\/995741711.jpg\",\"width\":1000,\"height\":667},{\"@type\":\"BreadcrumbList\",\"@id\":\"https:\\\/\\\/shop.bantam.ch\\\/de\\\/produkt\\\/wandmarkisenset-fiamma-f45s-mit-psa-adapter\\\/#breadcrumb\",\"itemListElement\":[{\"@type\":\"ListItem\",\"position\":1,\"name\":\"Accueil\",\"item\":\"https:\\\/\\\/shop.bantam.ch\\\/de\\\/\"},{\"@type\":\"ListItem\",\"position\":2,\"name\":\"Shop\",\"item\":\"https:\\\/\\\/shop.bantam.ch\\\/de\\\/shop\\\/\"},{\"@type\":\"ListItem\",\"position\":3,\"name\":\"Wandmarkisenset Fiamma F45S mit PSA Adapter\"}]},{\"@type\":\"WebSite\",\"@id\":\"https:\\\/\\\/shop.bantam.ch\\\/de\\\/#website\",\"url\":\"https:\\\/\\\/shop.bantam.ch\\\/de\\\/\",\"name\":\"Bantam Camping AG\",\"description\":\"\",\"publisher\":{\"@id\":\"https:\\\/\\\/shop.bantam.ch\\\/de\\\/#organization\"},\"inLanguage\":\"de\"},{\"@type\":\"Organization\",\"@id\":\"https:\\\/\\\/shop.bantam.ch\\\/de\\\/#organization\",\"name\":\"Bantam Camping AG\",\"url\":\"https:\\\/\\\/shop.bantam.ch\\\/de\\\/\",\"logo\":{\"@type\":\"ImageObject\",\"inLanguage\":\"de\",\"@id\":\"https:\\\/\\\/shop.bantam.ch\\\/de\\\/#\\\/schema\\\/logo\\\/image\\\/\",\"url\":\"https:\\\/\\\/shop.bantam.ch\\\/wp-content\\\/uploads\\\/2022\\\/12\\\/bantam-logo.png\",\"contentUrl\":\"https:\\\/\\\/shop.bantam.ch\\\/wp-content\\\/uploads\\\/2022\\\/12\\\/bantam-logo.png\",\"width\":320,\"height\":71,\"caption\":\"Bantam Camping AG\"},\"image\":{\"@id\":\"https:\\\/\\\/shop.bantam.ch\\\/de\\\/#\\\/schema\\\/logo\\\/image\\\/\"}}]}<\/script>\n<!-- \/ Yoast SEO plugin. -->","yoast_head_json":{"title":"Wandmarkisenset Fiamma F45S mit PSA Adapter - Bantam Camping AG","robots":{"index":"index","follow":"follow","max-snippet":"max-snippet:-1","max-image-preview":"max-image-preview:large","max-video-preview":"max-video-preview:-1"},"canonical":"https:\/\/shop.bantam.ch\/de\/produkt\/wandmarkisenset-fiamma-f45s-mit-psa-adapter\/","og_locale":"de_DE","og_type":"article","og_title":"Wandmarkisenset Fiamma F45S mit PSA Adapter - Bantam Camping AG","og_description":"Markise F45s mit 260cm L\u00e4nge, komplett mit Montagehalterung speziell f\u00fcr Minivans von PSA. Auch f\u00fcr Fahrzeuge mit Aufstelldach geeignet. Die perfekte ins Fahrzeug integrierte Markise l\u00e4sst sich ohne Zusatzschienen oder Arbeiten im Fahrzeuginneren installieren. Material: PVC &#8211; Polyvinylchlorid","og_url":"https:\/\/shop.bantam.ch\/de\/produkt\/wandmarkisenset-fiamma-f45s-mit-psa-adapter\/","og_site_name":"Bantam Camping AG","article_modified_time":"2026-04-20T21:08:43+00:00","og_image":[{"width":1000,"height":667,"url":"https:\/\/shop.bantam.ch\/wp-content\/uploads\/2023\/02\/995741711.jpg","type":"image\/jpeg"}],"twitter_card":"summary_large_image","schema":{"@context":"https:\/\/schema.org","@graph":[{"@type":"WebPage","@id":"https:\/\/shop.bantam.ch\/de\/produkt\/wandmarkisenset-fiamma-f45s-mit-psa-adapter\/","url":"https:\/\/shop.bantam.ch\/de\/produkt\/wandmarkisenset-fiamma-f45s-mit-psa-adapter\/","name":"Wandmarkisenset Fiamma F45S mit PSA Adapter - Bantam Camping AG","isPartOf":{"@id":"https:\/\/shop.bantam.ch\/de\/#website"},"primaryImageOfPage":{"@id":"https:\/\/shop.bantam.ch\/de\/produkt\/wandmarkisenset-fiamma-f45s-mit-psa-adapter\/#primaryimage"},"image":{"@id":"https:\/\/shop.bantam.ch\/de\/produkt\/wandmarkisenset-fiamma-f45s-mit-psa-adapter\/#primaryimage"},"thumbnailUrl":"https:\/\/shop.bantam.ch\/wp-content\/uploads\/2023\/02\/995741711.jpg","datePublished":"2023-02-28T07:11:48+00:00","dateModified":"2026-04-20T21:08:43+00:00","breadcrumb":{"@id":"https:\/\/shop.bantam.ch\/de\/produkt\/wandmarkisenset-fiamma-f45s-mit-psa-adapter\/#breadcrumb"},"inLanguage":"de","potentialAction":[{"@type":"ReadAction","target":["https:\/\/shop.bantam.ch\/de\/produkt\/wandmarkisenset-fiamma-f45s-mit-psa-adapter\/"]}]},{"@type":"ImageObject","inLanguage":"de","@id":"https:\/\/shop.bantam.ch\/de\/produkt\/wandmarkisenset-fiamma-f45s-mit-psa-adapter\/#primaryimage","url":"https:\/\/shop.bantam.ch\/wp-content\/uploads\/2023\/02\/995741711.jpg","contentUrl":"https:\/\/shop.bantam.ch\/wp-content\/uploads\/2023\/02\/995741711.jpg","width":1000,"height":667},{"@type":"BreadcrumbList","@id":"https:\/\/shop.bantam.ch\/de\/produkt\/wandmarkisenset-fiamma-f45s-mit-psa-adapter\/#breadcrumb","itemListElement":[{"@type":"ListItem","position":1,"name":"Accueil","item":"https:\/\/shop.bantam.ch\/de\/"},{"@type":"ListItem","position":2,"name":"Shop","item":"https:\/\/shop.bantam.ch\/de\/shop\/"},{"@type":"ListItem","position":3,"name":"Wandmarkisenset Fiamma F45S mit PSA Adapter"}]},{"@type":"WebSite","@id":"https:\/\/shop.bantam.ch\/de\/#website","url":"https:\/\/shop.bantam.ch\/de\/","name":"Bantam Camping AG","description":"","publisher":{"@id":"https:\/\/shop.bantam.ch\/de\/#organization"},"inLanguage":"de"},{"@type":"Organization","@id":"https:\/\/shop.bantam.ch\/de\/#organization","name":"Bantam Camping AG","url":"https:\/\/shop.bantam.ch\/de\/","logo":{"@type":"ImageObject","inLanguage":"de","@id":"https:\/\/shop.bantam.ch\/de\/#\/schema\/logo\/image\/","url":"https:\/\/shop.bantam.ch\/wp-content\/uploads\/2022\/12\/bantam-logo.png","contentUrl":"https:\/\/shop.bantam.ch\/wp-content\/uploads\/2022\/12\/bantam-logo.png","width":320,"height":71,"caption":"Bantam Camping AG"},"image":{"@id":"https:\/\/shop.bantam.ch\/de\/#\/schema\/logo\/image\/"}}]}},"_links":{"self":[{"href":"https:\/\/shop.bantam.ch\/de\/wp-json\/wp\/v2\/product\/107108","targetHints":{"allow":["GET"]}}],"collection":[{"href":"https:\/\/shop.bantam.ch\/de\/wp-json\/wp\/v2\/product"}],"about":[{"href":"https:\/\/shop.bantam.ch\/de\/wp-json\/wp\/v2\/types\/product"}],"wp:featuredmedia":[{"embeddable":true,"href":"https:\/\/shop.bantam.ch\/de\/wp-json\/wp\/v2\/media\/107086"}],"wp:attachment":[{"href":"https:\/\/shop.bantam.ch\/de\/wp-json\/wp\/v2\/media?parent=107108"}],"wp:term":[{"taxonomy":"product_featured_cat","embeddable":true,"href":"https:\/\/shop.bantam.ch\/de\/wp-json\/wp\/v2\/product_featured_cat?post=107108"},{"taxonomy":"product_brand","embeddable":true,"href":"https:\/\/shop.bantam.ch\/de\/wp-json\/wp\/v2\/product_brand?post=107108"},{"taxonomy":"product_cat","embeddable":true,"href":"https:\/\/shop.bantam.ch\/de\/wp-json\/wp\/v2\/product_cat?post=107108"},{"taxonomy":"product_tag","embeddable":true,"href":"https:\/\/shop.bantam.ch\/de\/wp-json\/wp\/v2\/product_tag?post=107108"}],"curies":[{"name":"wp","href":"https:\/\/api.w.org\/{rel}","templated":true}]}}