{"id":107066,"date":"2023-02-28T08:11:21","date_gmt":"2023-02-28T07:11:21","guid":{"rendered":"http:\/\/shop.bantam.ch\/produit\/kuehlschrankluefter-vento-swift-120\/"},"modified":"2026-04-19T21:40:47","modified_gmt":"2026-04-19T19:40:47","slug":"kuehlschrankluefter-vento-swift-120","status":"publish","type":"product","link":"https:\/\/shop.bantam.ch\/de\/produkt\/kuehlschrankluefter-vento-swift-120\/","title":{"rendered":"K\u00fchlschrankl\u00fcfter BRUNNER Vento Swift 120"},"content":{"rendered":"<p>Mit dem Vento Swift wurde der K\u00fchlschrankl\u00fcfter neu erfunden. Die Verkabelung des Kontrollpanels entf\u00e4llt vollst\u00e4ndig und es reicht ein einfacher Anschlu\u00df an das 12V Bordnetz um das Ger\u00e4t in Betrieb zu nehmen. Das mit einem batteriebetriebenem Touch-Display ausgestattete Kontrollpanel erm\u00f6glicht eine komfortable Bedienung aller L\u00fcftereinstellungen und die Montage kann flexibel an beliebiger Stelle im Fahrzeug erfolgen. Der Vento Swift wird komplett mit Montageteilen geliefert.<\/p>\n<p>Einfacher Anschluss<\/p>\n<p>Battereibetriebenes Kontrollpanel<\/p>\n<p>Flexible Montage<\/p>\n<p>Komplett mit Montageteilen<\/p>\n<p>Touch-Display Kontrollpanel<\/p>\n","protected":false},"excerpt":{"rendered":"<p>Mit dem Vento Swift wurde der K\u00fchlschrankl\u00fcfter neu erfunden. Die Verkabelung des Kontrollpanels entf\u00e4llt vollst\u00e4ndig und es reicht ein einfacher Anschlu\u00df an das 12V Bordnetz um das Ger\u00e4t in Betrieb zu nehmen. Das mit einem batteriebetriebenem Touch-Display ausgestattete Kontrollpanel erm\u00f6glicht eine komfortable Bedienung aller L\u00fcftereinstellungen und die Montage kann flexibel an beliebiger Stelle im Fahrzeug [&hellip;]<\/p>\n","protected":false},"featured_media":107062,"template":"","meta":{"_acf_changed":false},"product_featured_cat":[],"product_brand":[3081],"product_cat":[4560],"product_tag":[],"class_list":{"0":"post-107066","1":"product","2":"type-product","3":"status-publish","4":"has-post-thumbnail","6":"product_brand-brunner-de","7":"product_cat-kuehlschrankluefter","9":"first","10":"instock","11":"taxable","12":"shipping-taxable","13":"purchasable","14":"product-type-simple"},"acf":[],"yoast_head":"<!-- This site is optimized with the Yoast SEO plugin v27.4 - https:\/\/yoast.com\/product\/yoast-seo-wordpress\/ -->\n<title>K\u00fchlschrankl\u00fcfter BRUNNER Vento Swift 120 - Bantam Camping AG<\/title>\n<meta name=\"robots\" content=\"index, follow, max-snippet:-1, max-image-preview:large, max-video-preview:-1\" \/>\n<link rel=\"canonical\" href=\"https:\/\/shop.bantam.ch\/de\/produkt\/kuehlschrankluefter-vento-swift-120\/\" \/>\n<meta property=\"og:locale\" content=\"de_DE\" \/>\n<meta property=\"og:type\" content=\"article\" \/>\n<meta property=\"og:title\" content=\"K\u00fchlschrankl\u00fcfter BRUNNER Vento Swift 120 - Bantam Camping AG\" \/>\n<meta property=\"og:description\" content=\"Mit dem Vento Swift wurde der K\u00fchlschrankl\u00fcfter neu erfunden. Die Verkabelung des Kontrollpanels entf\u00e4llt vollst\u00e4ndig und es reicht ein einfacher Anschlu\u00df an das 12V Bordnetz um das Ger\u00e4t in Betrieb zu nehmen. Das mit einem batteriebetriebenem Touch-Display ausgestattete Kontrollpanel erm\u00f6glicht eine komfortable Bedienung aller L\u00fcftereinstellungen und die Montage kann flexibel an beliebiger Stelle im Fahrzeug [&hellip;]\" \/>\n<meta property=\"og:url\" content=\"https:\/\/shop.bantam.ch\/de\/produkt\/kuehlschrankluefter-vento-swift-120\/\" \/>\n<meta property=\"og:site_name\" content=\"Bantam Camping AG\" \/>\n<meta property=\"article:modified_time\" content=\"2026-04-19T19:40:47+00:00\" \/>\n<meta property=\"og:image\" content=\"https:\/\/shop.bantam.ch\/wp-content\/uploads\/2023\/02\/994390511.jpg\" \/>\n\t<meta property=\"og:image:width\" content=\"1800\" \/>\n\t<meta property=\"og:image:height\" content=\"1241\" \/>\n\t<meta property=\"og:image:type\" content=\"image\/jpeg\" \/>\n<meta name=\"twitter:card\" content=\"summary_large_image\" \/>\n<script type=\"application\/ld+json\" class=\"yoast-schema-graph\">{\"@context\":\"https:\\\/\\\/schema.org\",\"@graph\":[{\"@type\":\"WebPage\",\"@id\":\"https:\\\/\\\/shop.bantam.ch\\\/de\\\/produkt\\\/kuehlschrankluefter-vento-swift-120\\\/\",\"url\":\"https:\\\/\\\/shop.bantam.ch\\\/de\\\/produkt\\\/kuehlschrankluefter-vento-swift-120\\\/\",\"name\":\"K\u00fchlschrankl\u00fcfter BRUNNER Vento Swift 120 - Bantam Camping AG\",\"isPartOf\":{\"@id\":\"https:\\\/\\\/shop.bantam.ch\\\/de\\\/#website\"},\"primaryImageOfPage\":{\"@id\":\"https:\\\/\\\/shop.bantam.ch\\\/de\\\/produkt\\\/kuehlschrankluefter-vento-swift-120\\\/#primaryimage\"},\"image\":{\"@id\":\"https:\\\/\\\/shop.bantam.ch\\\/de\\\/produkt\\\/kuehlschrankluefter-vento-swift-120\\\/#primaryimage\"},\"thumbnailUrl\":\"https:\\\/\\\/shop.bantam.ch\\\/wp-content\\\/uploads\\\/2023\\\/02\\\/994390511.jpg\",\"datePublished\":\"2023-02-28T07:11:21+00:00\",\"dateModified\":\"2026-04-19T19:40:47+00:00\",\"breadcrumb\":{\"@id\":\"https:\\\/\\\/shop.bantam.ch\\\/de\\\/produkt\\\/kuehlschrankluefter-vento-swift-120\\\/#breadcrumb\"},\"inLanguage\":\"de\",\"potentialAction\":[{\"@type\":\"ReadAction\",\"target\":[\"https:\\\/\\\/shop.bantam.ch\\\/de\\\/produkt\\\/kuehlschrankluefter-vento-swift-120\\\/\"]}]},{\"@type\":\"ImageObject\",\"inLanguage\":\"de\",\"@id\":\"https:\\\/\\\/shop.bantam.ch\\\/de\\\/produkt\\\/kuehlschrankluefter-vento-swift-120\\\/#primaryimage\",\"url\":\"https:\\\/\\\/shop.bantam.ch\\\/wp-content\\\/uploads\\\/2023\\\/02\\\/994390511.jpg\",\"contentUrl\":\"https:\\\/\\\/shop.bantam.ch\\\/wp-content\\\/uploads\\\/2023\\\/02\\\/994390511.jpg\",\"width\":1800,\"height\":1241},{\"@type\":\"BreadcrumbList\",\"@id\":\"https:\\\/\\\/shop.bantam.ch\\\/de\\\/produkt\\\/kuehlschrankluefter-vento-swift-120\\\/#breadcrumb\",\"itemListElement\":[{\"@type\":\"ListItem\",\"position\":1,\"name\":\"Accueil\",\"item\":\"https:\\\/\\\/shop.bantam.ch\\\/de\\\/\"},{\"@type\":\"ListItem\",\"position\":2,\"name\":\"Shop\",\"item\":\"https:\\\/\\\/shop.bantam.ch\\\/de\\\/shop\\\/\"},{\"@type\":\"ListItem\",\"position\":3,\"name\":\"K\u00fchlschrankl\u00fcfter BRUNNER Vento Swift 120\"}]},{\"@type\":\"WebSite\",\"@id\":\"https:\\\/\\\/shop.bantam.ch\\\/de\\\/#website\",\"url\":\"https:\\\/\\\/shop.bantam.ch\\\/de\\\/\",\"name\":\"Bantam Camping AG\",\"description\":\"\",\"publisher\":{\"@id\":\"https:\\\/\\\/shop.bantam.ch\\\/de\\\/#organization\"},\"inLanguage\":\"de\"},{\"@type\":\"Organization\",\"@id\":\"https:\\\/\\\/shop.bantam.ch\\\/de\\\/#organization\",\"name\":\"Bantam Camping AG\",\"url\":\"https:\\\/\\\/shop.bantam.ch\\\/de\\\/\",\"logo\":{\"@type\":\"ImageObject\",\"inLanguage\":\"de\",\"@id\":\"https:\\\/\\\/shop.bantam.ch\\\/de\\\/#\\\/schema\\\/logo\\\/image\\\/\",\"url\":\"https:\\\/\\\/shop.bantam.ch\\\/wp-content\\\/uploads\\\/2022\\\/12\\\/bantam-logo.png\",\"contentUrl\":\"https:\\\/\\\/shop.bantam.ch\\\/wp-content\\\/uploads\\\/2022\\\/12\\\/bantam-logo.png\",\"width\":320,\"height\":71,\"caption\":\"Bantam Camping AG\"},\"image\":{\"@id\":\"https:\\\/\\\/shop.bantam.ch\\\/de\\\/#\\\/schema\\\/logo\\\/image\\\/\"}}]}<\/script>\n<!-- \/ Yoast SEO plugin. -->","yoast_head_json":{"title":"K\u00fchlschrankl\u00fcfter BRUNNER Vento Swift 120 - Bantam Camping AG","robots":{"index":"index","follow":"follow","max-snippet":"max-snippet:-1","max-image-preview":"max-image-preview:large","max-video-preview":"max-video-preview:-1"},"canonical":"https:\/\/shop.bantam.ch\/de\/produkt\/kuehlschrankluefter-vento-swift-120\/","og_locale":"de_DE","og_type":"article","og_title":"K\u00fchlschrankl\u00fcfter BRUNNER Vento Swift 120 - Bantam Camping AG","og_description":"Mit dem Vento Swift wurde der K\u00fchlschrankl\u00fcfter neu erfunden. Die Verkabelung des Kontrollpanels entf\u00e4llt vollst\u00e4ndig und es reicht ein einfacher Anschlu\u00df an das 12V Bordnetz um das Ger\u00e4t in Betrieb zu nehmen. Das mit einem batteriebetriebenem Touch-Display ausgestattete Kontrollpanel erm\u00f6glicht eine komfortable Bedienung aller L\u00fcftereinstellungen und die Montage kann flexibel an beliebiger Stelle im Fahrzeug [&hellip;]","og_url":"https:\/\/shop.bantam.ch\/de\/produkt\/kuehlschrankluefter-vento-swift-120\/","og_site_name":"Bantam Camping AG","article_modified_time":"2026-04-19T19:40:47+00:00","og_image":[{"width":1800,"height":1241,"url":"https:\/\/shop.bantam.ch\/wp-content\/uploads\/2023\/02\/994390511.jpg","type":"image\/jpeg"}],"twitter_card":"summary_large_image","schema":{"@context":"https:\/\/schema.org","@graph":[{"@type":"WebPage","@id":"https:\/\/shop.bantam.ch\/de\/produkt\/kuehlschrankluefter-vento-swift-120\/","url":"https:\/\/shop.bantam.ch\/de\/produkt\/kuehlschrankluefter-vento-swift-120\/","name":"K\u00fchlschrankl\u00fcfter BRUNNER Vento Swift 120 - Bantam Camping AG","isPartOf":{"@id":"https:\/\/shop.bantam.ch\/de\/#website"},"primaryImageOfPage":{"@id":"https:\/\/shop.bantam.ch\/de\/produkt\/kuehlschrankluefter-vento-swift-120\/#primaryimage"},"image":{"@id":"https:\/\/shop.bantam.ch\/de\/produkt\/kuehlschrankluefter-vento-swift-120\/#primaryimage"},"thumbnailUrl":"https:\/\/shop.bantam.ch\/wp-content\/uploads\/2023\/02\/994390511.jpg","datePublished":"2023-02-28T07:11:21+00:00","dateModified":"2026-04-19T19:40:47+00:00","breadcrumb":{"@id":"https:\/\/shop.bantam.ch\/de\/produkt\/kuehlschrankluefter-vento-swift-120\/#breadcrumb"},"inLanguage":"de","potentialAction":[{"@type":"ReadAction","target":["https:\/\/shop.bantam.ch\/de\/produkt\/kuehlschrankluefter-vento-swift-120\/"]}]},{"@type":"ImageObject","inLanguage":"de","@id":"https:\/\/shop.bantam.ch\/de\/produkt\/kuehlschrankluefter-vento-swift-120\/#primaryimage","url":"https:\/\/shop.bantam.ch\/wp-content\/uploads\/2023\/02\/994390511.jpg","contentUrl":"https:\/\/shop.bantam.ch\/wp-content\/uploads\/2023\/02\/994390511.jpg","width":1800,"height":1241},{"@type":"BreadcrumbList","@id":"https:\/\/shop.bantam.ch\/de\/produkt\/kuehlschrankluefter-vento-swift-120\/#breadcrumb","itemListElement":[{"@type":"ListItem","position":1,"name":"Accueil","item":"https:\/\/shop.bantam.ch\/de\/"},{"@type":"ListItem","position":2,"name":"Shop","item":"https:\/\/shop.bantam.ch\/de\/shop\/"},{"@type":"ListItem","position":3,"name":"K\u00fchlschrankl\u00fcfter BRUNNER Vento Swift 120"}]},{"@type":"WebSite","@id":"https:\/\/shop.bantam.ch\/de\/#website","url":"https:\/\/shop.bantam.ch\/de\/","name":"Bantam Camping AG","description":"","publisher":{"@id":"https:\/\/shop.bantam.ch\/de\/#organization"},"inLanguage":"de"},{"@type":"Organization","@id":"https:\/\/shop.bantam.ch\/de\/#organization","name":"Bantam Camping AG","url":"https:\/\/shop.bantam.ch\/de\/","logo":{"@type":"ImageObject","inLanguage":"de","@id":"https:\/\/shop.bantam.ch\/de\/#\/schema\/logo\/image\/","url":"https:\/\/shop.bantam.ch\/wp-content\/uploads\/2022\/12\/bantam-logo.png","contentUrl":"https:\/\/shop.bantam.ch\/wp-content\/uploads\/2022\/12\/bantam-logo.png","width":320,"height":71,"caption":"Bantam Camping AG"},"image":{"@id":"https:\/\/shop.bantam.ch\/de\/#\/schema\/logo\/image\/"}}]}},"_links":{"self":[{"href":"https:\/\/shop.bantam.ch\/de\/wp-json\/wp\/v2\/product\/107066","targetHints":{"allow":["GET"]}}],"collection":[{"href":"https:\/\/shop.bantam.ch\/de\/wp-json\/wp\/v2\/product"}],"about":[{"href":"https:\/\/shop.bantam.ch\/de\/wp-json\/wp\/v2\/types\/product"}],"wp:featuredmedia":[{"embeddable":true,"href":"https:\/\/shop.bantam.ch\/de\/wp-json\/wp\/v2\/media\/107062"}],"wp:attachment":[{"href":"https:\/\/shop.bantam.ch\/de\/wp-json\/wp\/v2\/media?parent=107066"}],"wp:term":[{"taxonomy":"product_featured_cat","embeddable":true,"href":"https:\/\/shop.bantam.ch\/de\/wp-json\/wp\/v2\/product_featured_cat?post=107066"},{"taxonomy":"product_brand","embeddable":true,"href":"https:\/\/shop.bantam.ch\/de\/wp-json\/wp\/v2\/product_brand?post=107066"},{"taxonomy":"product_cat","embeddable":true,"href":"https:\/\/shop.bantam.ch\/de\/wp-json\/wp\/v2\/product_cat?post=107066"},{"taxonomy":"product_tag","embeddable":true,"href":"https:\/\/shop.bantam.ch\/de\/wp-json\/wp\/v2\/product_tag?post=107066"}],"curies":[{"name":"wp","href":"https:\/\/api.w.org\/{rel}","templated":true}]}}