{"id":106871,"date":"2023-02-28T08:07:57","date_gmt":"2023-02-28T07:07:57","guid":{"rendered":"http:\/\/shop.bantam.ch\/produit\/dachzelt-view-farbe-schwarz-carbon\/"},"modified":"2026-04-17T23:07:36","modified_gmt":"2026-04-17T21:07:36","slug":"dachzelt-view-farbe-schwarz-carbon","status":"publish","type":"product","link":"https:\/\/shop.bantam.ch\/de\/produkt\/dachzelt-view-farbe-schwarz-carbon\/","title":{"rendered":"Dachzelt View Farbe schwarz \/ carbon"},"content":{"rendered":"<p><strong>Dachzelt AirPass View<br \/><\/strong>Das Panoramaupgrade zum AirPass. Durch die vier gro\u00dfen Eing\u00e4nge \/ Fenster an allen vier Seiten und den serienm\u00e4\u00dfigen Moskitonetzen entsteht ein einzigartiges Outdoor-Gef\u00fchl in Ihrem Panorama-Bett auf dem Autodach. Gepaart mit allen Vorteilen der AirPass-Serie ist das AirPass View der perfekte Begleiter f\u00fcr das n\u00e4chste Outdoor-Abenteuer.<\/p>\n<p><strong>Serienausstattung<br \/><\/strong>Vier Befestigungen zur Befestigung am Dachtr\u00e4ger, vier T\u00fcren und vier Fenster mit verstellbaren \u00d6ffnungen inklusive Moskitonetze. Zwei abnehmbare Taschen an den Seiten, elastische Gummiz\u00fcge zur einfachen Faltung des Stoffes, zwei bis vier Kissen je nach Modell, h\u00f6henverstellbare Aluleiter 4 x 4 (L\u00e4nge 130 cm &#8211; 222 cm) mit Leiterbeutel, Staunetz am Dachhimmel.<\/p>\n<p>Material:<br \/>Zelttuch: 100 % Polyester mit Acrylatbeschichtung<br \/>Dachschale: GFK<\/p>\n","protected":false},"excerpt":{"rendered":"<p>Dachzelt AirPass ViewDas Panoramaupgrade zum AirPass. Durch die vier gro\u00dfen Eing\u00e4nge \/ Fenster an allen vier Seiten und den serienm\u00e4\u00dfigen Moskitonetzen entsteht ein einzigartiges Outdoor-Gef\u00fchl in Ihrem Panorama-Bett auf dem Autodach. Gepaart mit allen Vorteilen der AirPass-Serie ist das AirPass View der perfekte Begleiter f\u00fcr das n\u00e4chste Outdoor-Abenteuer. SerienausstattungVier Befestigungen zur Befestigung am Dachtr\u00e4ger, vier [&hellip;]<\/p>\n","protected":false},"featured_media":106826,"template":"","meta":{"_acf_changed":false},"product_featured_cat":[],"product_brand":[3405],"product_cat":[4244],"product_tag":[],"class_list":{"0":"post-106871","1":"product","2":"type-product","3":"status-publish","4":"has-post-thumbnail","6":"product_brand-airpass-by-autohome-de","7":"product_cat-dachzelte","9":"first","10":"instock","11":"taxable","12":"shipping-taxable","13":"purchasable","14":"product-type-variable"},"acf":[],"yoast_head":"<!-- This site is optimized with the Yoast SEO plugin v27.4 - https:\/\/yoast.com\/product\/yoast-seo-wordpress\/ -->\n<title>Dachzelt View Farbe schwarz \/ carbon - Bantam Camping AG<\/title>\n<meta name=\"robots\" content=\"index, follow, max-snippet:-1, max-image-preview:large, max-video-preview:-1\" \/>\n<link rel=\"canonical\" href=\"https:\/\/shop.bantam.ch\/de\/produkt\/dachzelt-view-farbe-schwarz-carbon\/\" \/>\n<meta property=\"og:locale\" content=\"de_DE\" \/>\n<meta property=\"og:type\" content=\"article\" \/>\n<meta property=\"og:title\" content=\"Dachzelt View Farbe schwarz \/ carbon - Bantam Camping AG\" \/>\n<meta property=\"og:description\" content=\"Dachzelt AirPass ViewDas Panoramaupgrade zum AirPass. Durch die vier gro\u00dfen Eing\u00e4nge \/ Fenster an allen vier Seiten und den serienm\u00e4\u00dfigen Moskitonetzen entsteht ein einzigartiges Outdoor-Gef\u00fchl in Ihrem Panorama-Bett auf dem Autodach. Gepaart mit allen Vorteilen der AirPass-Serie ist das AirPass View der perfekte Begleiter f\u00fcr das n\u00e4chste Outdoor-Abenteuer. SerienausstattungVier Befestigungen zur Befestigung am Dachtr\u00e4ger, vier [&hellip;]\" \/>\n<meta property=\"og:url\" content=\"https:\/\/shop.bantam.ch\/de\/produkt\/dachzelt-view-farbe-schwarz-carbon\/\" \/>\n<meta property=\"og:site_name\" content=\"Bantam Camping AG\" \/>\n<meta property=\"article:modified_time\" content=\"2026-04-17T21:07:36+00:00\" \/>\n<meta property=\"og:image\" content=\"https:\/\/shop.bantam.ch\/wp-content\/uploads\/2023\/02\/995740911.jpg\" \/>\n\t<meta property=\"og:image:width\" content=\"1000\" \/>\n\t<meta property=\"og:image:height\" content=\"667\" \/>\n\t<meta property=\"og:image:type\" content=\"image\/jpeg\" \/>\n<meta name=\"twitter:card\" content=\"summary_large_image\" \/>\n<meta name=\"twitter:label1\" content=\"Gesch\u00e4tzte Lesezeit\" \/>\n\t<meta name=\"twitter:data1\" content=\"1\u00a0Minute\" \/>\n<script type=\"application\/ld+json\" class=\"yoast-schema-graph\">{\"@context\":\"https:\\\/\\\/schema.org\",\"@graph\":[{\"@type\":\"WebPage\",\"@id\":\"https:\\\/\\\/shop.bantam.ch\\\/de\\\/produkt\\\/dachzelt-view-farbe-schwarz-carbon\\\/\",\"url\":\"https:\\\/\\\/shop.bantam.ch\\\/de\\\/produkt\\\/dachzelt-view-farbe-schwarz-carbon\\\/\",\"name\":\"Dachzelt View Farbe schwarz \\\/ carbon - Bantam Camping AG\",\"isPartOf\":{\"@id\":\"https:\\\/\\\/shop.bantam.ch\\\/de\\\/#website\"},\"primaryImageOfPage\":{\"@id\":\"https:\\\/\\\/shop.bantam.ch\\\/de\\\/produkt\\\/dachzelt-view-farbe-schwarz-carbon\\\/#primaryimage\"},\"image\":{\"@id\":\"https:\\\/\\\/shop.bantam.ch\\\/de\\\/produkt\\\/dachzelt-view-farbe-schwarz-carbon\\\/#primaryimage\"},\"thumbnailUrl\":\"https:\\\/\\\/shop.bantam.ch\\\/wp-content\\\/uploads\\\/2023\\\/02\\\/995740911.jpg\",\"datePublished\":\"2023-02-28T07:07:57+00:00\",\"dateModified\":\"2026-04-17T21:07:36+00:00\",\"breadcrumb\":{\"@id\":\"https:\\\/\\\/shop.bantam.ch\\\/de\\\/produkt\\\/dachzelt-view-farbe-schwarz-carbon\\\/#breadcrumb\"},\"inLanguage\":\"de\",\"potentialAction\":[{\"@type\":\"ReadAction\",\"target\":[\"https:\\\/\\\/shop.bantam.ch\\\/de\\\/produkt\\\/dachzelt-view-farbe-schwarz-carbon\\\/\"]}]},{\"@type\":\"ImageObject\",\"inLanguage\":\"de\",\"@id\":\"https:\\\/\\\/shop.bantam.ch\\\/de\\\/produkt\\\/dachzelt-view-farbe-schwarz-carbon\\\/#primaryimage\",\"url\":\"https:\\\/\\\/shop.bantam.ch\\\/wp-content\\\/uploads\\\/2023\\\/02\\\/995740911.jpg\",\"contentUrl\":\"https:\\\/\\\/shop.bantam.ch\\\/wp-content\\\/uploads\\\/2023\\\/02\\\/995740911.jpg\",\"width\":1000,\"height\":667},{\"@type\":\"BreadcrumbList\",\"@id\":\"https:\\\/\\\/shop.bantam.ch\\\/de\\\/produkt\\\/dachzelt-view-farbe-schwarz-carbon\\\/#breadcrumb\",\"itemListElement\":[{\"@type\":\"ListItem\",\"position\":1,\"name\":\"Accueil\",\"item\":\"https:\\\/\\\/shop.bantam.ch\\\/de\\\/\"},{\"@type\":\"ListItem\",\"position\":2,\"name\":\"Shop\",\"item\":\"https:\\\/\\\/shop.bantam.ch\\\/de\\\/shop\\\/\"},{\"@type\":\"ListItem\",\"position\":3,\"name\":\"Dachzelt View Farbe schwarz \\\/ carbon\"}]},{\"@type\":\"WebSite\",\"@id\":\"https:\\\/\\\/shop.bantam.ch\\\/de\\\/#website\",\"url\":\"https:\\\/\\\/shop.bantam.ch\\\/de\\\/\",\"name\":\"Bantam Camping AG\",\"description\":\"\",\"publisher\":{\"@id\":\"https:\\\/\\\/shop.bantam.ch\\\/de\\\/#organization\"},\"inLanguage\":\"de\"},{\"@type\":\"Organization\",\"@id\":\"https:\\\/\\\/shop.bantam.ch\\\/de\\\/#organization\",\"name\":\"Bantam Camping AG\",\"url\":\"https:\\\/\\\/shop.bantam.ch\\\/de\\\/\",\"logo\":{\"@type\":\"ImageObject\",\"inLanguage\":\"de\",\"@id\":\"https:\\\/\\\/shop.bantam.ch\\\/de\\\/#\\\/schema\\\/logo\\\/image\\\/\",\"url\":\"https:\\\/\\\/shop.bantam.ch\\\/wp-content\\\/uploads\\\/2022\\\/12\\\/bantam-logo.png\",\"contentUrl\":\"https:\\\/\\\/shop.bantam.ch\\\/wp-content\\\/uploads\\\/2022\\\/12\\\/bantam-logo.png\",\"width\":320,\"height\":71,\"caption\":\"Bantam Camping AG\"},\"image\":{\"@id\":\"https:\\\/\\\/shop.bantam.ch\\\/de\\\/#\\\/schema\\\/logo\\\/image\\\/\"}}]}<\/script>\n<!-- \/ Yoast SEO plugin. -->","yoast_head_json":{"title":"Dachzelt View Farbe schwarz \/ carbon - Bantam Camping AG","robots":{"index":"index","follow":"follow","max-snippet":"max-snippet:-1","max-image-preview":"max-image-preview:large","max-video-preview":"max-video-preview:-1"},"canonical":"https:\/\/shop.bantam.ch\/de\/produkt\/dachzelt-view-farbe-schwarz-carbon\/","og_locale":"de_DE","og_type":"article","og_title":"Dachzelt View Farbe schwarz \/ carbon - Bantam Camping AG","og_description":"Dachzelt AirPass ViewDas Panoramaupgrade zum AirPass. Durch die vier gro\u00dfen Eing\u00e4nge \/ Fenster an allen vier Seiten und den serienm\u00e4\u00dfigen Moskitonetzen entsteht ein einzigartiges Outdoor-Gef\u00fchl in Ihrem Panorama-Bett auf dem Autodach. Gepaart mit allen Vorteilen der AirPass-Serie ist das AirPass View der perfekte Begleiter f\u00fcr das n\u00e4chste Outdoor-Abenteuer. SerienausstattungVier Befestigungen zur Befestigung am Dachtr\u00e4ger, vier [&hellip;]","og_url":"https:\/\/shop.bantam.ch\/de\/produkt\/dachzelt-view-farbe-schwarz-carbon\/","og_site_name":"Bantam Camping AG","article_modified_time":"2026-04-17T21:07:36+00:00","og_image":[{"width":1000,"height":667,"url":"https:\/\/shop.bantam.ch\/wp-content\/uploads\/2023\/02\/995740911.jpg","type":"image\/jpeg"}],"twitter_card":"summary_large_image","twitter_misc":{"Gesch\u00e4tzte Lesezeit":"1\u00a0Minute"},"schema":{"@context":"https:\/\/schema.org","@graph":[{"@type":"WebPage","@id":"https:\/\/shop.bantam.ch\/de\/produkt\/dachzelt-view-farbe-schwarz-carbon\/","url":"https:\/\/shop.bantam.ch\/de\/produkt\/dachzelt-view-farbe-schwarz-carbon\/","name":"Dachzelt View Farbe schwarz \/ carbon - Bantam Camping AG","isPartOf":{"@id":"https:\/\/shop.bantam.ch\/de\/#website"},"primaryImageOfPage":{"@id":"https:\/\/shop.bantam.ch\/de\/produkt\/dachzelt-view-farbe-schwarz-carbon\/#primaryimage"},"image":{"@id":"https:\/\/shop.bantam.ch\/de\/produkt\/dachzelt-view-farbe-schwarz-carbon\/#primaryimage"},"thumbnailUrl":"https:\/\/shop.bantam.ch\/wp-content\/uploads\/2023\/02\/995740911.jpg","datePublished":"2023-02-28T07:07:57+00:00","dateModified":"2026-04-17T21:07:36+00:00","breadcrumb":{"@id":"https:\/\/shop.bantam.ch\/de\/produkt\/dachzelt-view-farbe-schwarz-carbon\/#breadcrumb"},"inLanguage":"de","potentialAction":[{"@type":"ReadAction","target":["https:\/\/shop.bantam.ch\/de\/produkt\/dachzelt-view-farbe-schwarz-carbon\/"]}]},{"@type":"ImageObject","inLanguage":"de","@id":"https:\/\/shop.bantam.ch\/de\/produkt\/dachzelt-view-farbe-schwarz-carbon\/#primaryimage","url":"https:\/\/shop.bantam.ch\/wp-content\/uploads\/2023\/02\/995740911.jpg","contentUrl":"https:\/\/shop.bantam.ch\/wp-content\/uploads\/2023\/02\/995740911.jpg","width":1000,"height":667},{"@type":"BreadcrumbList","@id":"https:\/\/shop.bantam.ch\/de\/produkt\/dachzelt-view-farbe-schwarz-carbon\/#breadcrumb","itemListElement":[{"@type":"ListItem","position":1,"name":"Accueil","item":"https:\/\/shop.bantam.ch\/de\/"},{"@type":"ListItem","position":2,"name":"Shop","item":"https:\/\/shop.bantam.ch\/de\/shop\/"},{"@type":"ListItem","position":3,"name":"Dachzelt View Farbe schwarz \/ carbon"}]},{"@type":"WebSite","@id":"https:\/\/shop.bantam.ch\/de\/#website","url":"https:\/\/shop.bantam.ch\/de\/","name":"Bantam Camping AG","description":"","publisher":{"@id":"https:\/\/shop.bantam.ch\/de\/#organization"},"inLanguage":"de"},{"@type":"Organization","@id":"https:\/\/shop.bantam.ch\/de\/#organization","name":"Bantam Camping AG","url":"https:\/\/shop.bantam.ch\/de\/","logo":{"@type":"ImageObject","inLanguage":"de","@id":"https:\/\/shop.bantam.ch\/de\/#\/schema\/logo\/image\/","url":"https:\/\/shop.bantam.ch\/wp-content\/uploads\/2022\/12\/bantam-logo.png","contentUrl":"https:\/\/shop.bantam.ch\/wp-content\/uploads\/2022\/12\/bantam-logo.png","width":320,"height":71,"caption":"Bantam Camping AG"},"image":{"@id":"https:\/\/shop.bantam.ch\/de\/#\/schema\/logo\/image\/"}}]}},"_links":{"self":[{"href":"https:\/\/shop.bantam.ch\/de\/wp-json\/wp\/v2\/product\/106871","targetHints":{"allow":["GET"]}}],"collection":[{"href":"https:\/\/shop.bantam.ch\/de\/wp-json\/wp\/v2\/product"}],"about":[{"href":"https:\/\/shop.bantam.ch\/de\/wp-json\/wp\/v2\/types\/product"}],"wp:featuredmedia":[{"embeddable":true,"href":"https:\/\/shop.bantam.ch\/de\/wp-json\/wp\/v2\/media\/106826"}],"wp:attachment":[{"href":"https:\/\/shop.bantam.ch\/de\/wp-json\/wp\/v2\/media?parent=106871"}],"wp:term":[{"taxonomy":"product_featured_cat","embeddable":true,"href":"https:\/\/shop.bantam.ch\/de\/wp-json\/wp\/v2\/product_featured_cat?post=106871"},{"taxonomy":"product_brand","embeddable":true,"href":"https:\/\/shop.bantam.ch\/de\/wp-json\/wp\/v2\/product_brand?post=106871"},{"taxonomy":"product_cat","embeddable":true,"href":"https:\/\/shop.bantam.ch\/de\/wp-json\/wp\/v2\/product_cat?post=106871"},{"taxonomy":"product_tag","embeddable":true,"href":"https:\/\/shop.bantam.ch\/de\/wp-json\/wp\/v2\/product_tag?post=106871"}],"curies":[{"name":"wp","href":"https:\/\/api.w.org\/{rel}","templated":true}]}}