{"id":106807,"date":"2023-02-28T08:06:45","date_gmt":"2023-02-28T07:06:45","guid":{"rendered":"http:\/\/shop.bantam.ch\/produit\/unterlage-dachzelt-matratze-anti-sweat-3d\/"},"modified":"2026-04-18T23:09:53","modified_gmt":"2026-04-18T21:09:53","slug":"unterlage-dachzelt-matratze-anti-sweat-3d","status":"publish","type":"product","link":"https:\/\/shop.bantam.ch\/de\/produkt\/unterlage-dachzelt-matratze-anti-sweat-3d\/","title":{"rendered":"Unterlage Dachzelt Matratze Anti Sweat 3D"},"content":{"rendered":"<p>Die horntools Anti-Sweat Matratzenunterlage eignet sich perfekt f\u00fcr all unsere Dachzelte. Die Unterlage hat ein sogenanntes 3D-Abstandsgewirke welches sich mit ihren Eigenschaften und Vorteilen bew\u00e4hrt hat. Die 10 mm starke Matte sorgt f\u00fcr einen idealen Schlafkomfort, bei Tag und Nacht, da sie sehr bequem und langlebig ist, aufgrund des Gewirke eine m\u00f6gliche Bildung von Kondenswasser verringert und die entstehende Feuchtigkeit schnell ableitet. Zudem ist sie waschbar, schnell trocknend und sehr leicht.<\/p>\n<p>Eigenschaften:<br \/>&#8211; Sehr leicht (530 g\/m\u00b2)<br \/>&#8211; Atmungsaktiv<br \/>&#8211; Waschbar<br \/>&#8211; Schnelltrocknend<br \/>&#8211; Bequem und langlebig<\/p>\n<p>Material:<br \/>100 % Polyester<\/p>\n","protected":false},"excerpt":{"rendered":"<p>Die horntools Anti-Sweat Matratzenunterlage eignet sich perfekt f\u00fcr all unsere Dachzelte. Die Unterlage hat ein sogenanntes 3D-Abstandsgewirke welches sich mit ihren Eigenschaften und Vorteilen bew\u00e4hrt hat. Die 10 mm starke Matte sorgt f\u00fcr einen idealen Schlafkomfort, bei Tag und Nacht, da sie sehr bequem und langlebig ist, aufgrund des Gewirke eine m\u00f6gliche Bildung von Kondenswasser [&hellip;]<\/p>\n","protected":false},"featured_media":106786,"template":"","meta":{"_acf_changed":false},"product_featured_cat":[],"product_brand":[3509],"product_cat":[4244],"product_tag":[],"class_list":{"0":"post-106807","1":"product","2":"type-product","3":"status-publish","4":"has-post-thumbnail","6":"product_brand-horntools-de","7":"product_cat-dachzelte","9":"first","10":"instock","11":"taxable","12":"shipping-taxable","13":"purchasable","14":"product-type-variable"},"acf":[],"yoast_head":"<!-- This site is optimized with the Yoast SEO plugin v27.4 - https:\/\/yoast.com\/product\/yoast-seo-wordpress\/ -->\n<title>Unterlage Dachzelt Matratze Anti Sweat 3D - Bantam Camping AG<\/title>\n<meta name=\"robots\" content=\"index, follow, max-snippet:-1, max-image-preview:large, max-video-preview:-1\" \/>\n<link rel=\"canonical\" href=\"https:\/\/shop.bantam.ch\/de\/produkt\/unterlage-dachzelt-matratze-anti-sweat-3d\/\" \/>\n<meta property=\"og:locale\" content=\"de_DE\" \/>\n<meta property=\"og:type\" content=\"article\" \/>\n<meta property=\"og:title\" content=\"Unterlage Dachzelt Matratze Anti Sweat 3D - Bantam Camping AG\" \/>\n<meta property=\"og:description\" content=\"Die horntools Anti-Sweat Matratzenunterlage eignet sich perfekt f\u00fcr all unsere Dachzelte. Die Unterlage hat ein sogenanntes 3D-Abstandsgewirke welches sich mit ihren Eigenschaften und Vorteilen bew\u00e4hrt hat. Die 10 mm starke Matte sorgt f\u00fcr einen idealen Schlafkomfort, bei Tag und Nacht, da sie sehr bequem und langlebig ist, aufgrund des Gewirke eine m\u00f6gliche Bildung von Kondenswasser [&hellip;]\" \/>\n<meta property=\"og:url\" content=\"https:\/\/shop.bantam.ch\/de\/produkt\/unterlage-dachzelt-matratze-anti-sweat-3d\/\" \/>\n<meta property=\"og:site_name\" content=\"Bantam Camping AG\" \/>\n<meta property=\"article:modified_time\" content=\"2026-04-18T21:09:53+00:00\" \/>\n<meta property=\"og:image\" content=\"https:\/\/shop.bantam.ch\/wp-content\/uploads\/2023\/02\/995740711-scaled.jpg\" \/>\n\t<meta property=\"og:image:width\" content=\"5309\" \/>\n\t<meta property=\"og:image:height\" content=\"3111\" \/>\n\t<meta property=\"og:image:type\" content=\"image\/jpeg\" \/>\n<meta name=\"twitter:card\" content=\"summary_large_image\" \/>\n<script type=\"application\/ld+json\" class=\"yoast-schema-graph\">{\"@context\":\"https:\\\/\\\/schema.org\",\"@graph\":[{\"@type\":\"WebPage\",\"@id\":\"https:\\\/\\\/shop.bantam.ch\\\/de\\\/produkt\\\/unterlage-dachzelt-matratze-anti-sweat-3d\\\/\",\"url\":\"https:\\\/\\\/shop.bantam.ch\\\/de\\\/produkt\\\/unterlage-dachzelt-matratze-anti-sweat-3d\\\/\",\"name\":\"Unterlage Dachzelt Matratze Anti Sweat 3D - Bantam Camping AG\",\"isPartOf\":{\"@id\":\"https:\\\/\\\/shop.bantam.ch\\\/de\\\/#website\"},\"primaryImageOfPage\":{\"@id\":\"https:\\\/\\\/shop.bantam.ch\\\/de\\\/produkt\\\/unterlage-dachzelt-matratze-anti-sweat-3d\\\/#primaryimage\"},\"image\":{\"@id\":\"https:\\\/\\\/shop.bantam.ch\\\/de\\\/produkt\\\/unterlage-dachzelt-matratze-anti-sweat-3d\\\/#primaryimage\"},\"thumbnailUrl\":\"https:\\\/\\\/shop.bantam.ch\\\/wp-content\\\/uploads\\\/2023\\\/02\\\/995740711-scaled-scaled.jpg\",\"datePublished\":\"2023-02-28T07:06:45+00:00\",\"dateModified\":\"2026-04-18T21:09:53+00:00\",\"breadcrumb\":{\"@id\":\"https:\\\/\\\/shop.bantam.ch\\\/de\\\/produkt\\\/unterlage-dachzelt-matratze-anti-sweat-3d\\\/#breadcrumb\"},\"inLanguage\":\"de\",\"potentialAction\":[{\"@type\":\"ReadAction\",\"target\":[\"https:\\\/\\\/shop.bantam.ch\\\/de\\\/produkt\\\/unterlage-dachzelt-matratze-anti-sweat-3d\\\/\"]}]},{\"@type\":\"ImageObject\",\"inLanguage\":\"de\",\"@id\":\"https:\\\/\\\/shop.bantam.ch\\\/de\\\/produkt\\\/unterlage-dachzelt-matratze-anti-sweat-3d\\\/#primaryimage\",\"url\":\"https:\\\/\\\/shop.bantam.ch\\\/wp-content\\\/uploads\\\/2023\\\/02\\\/995740711-scaled-scaled.jpg\",\"contentUrl\":\"https:\\\/\\\/shop.bantam.ch\\\/wp-content\\\/uploads\\\/2023\\\/02\\\/995740711-scaled-scaled.jpg\",\"width\":2048,\"height\":1200},{\"@type\":\"BreadcrumbList\",\"@id\":\"https:\\\/\\\/shop.bantam.ch\\\/de\\\/produkt\\\/unterlage-dachzelt-matratze-anti-sweat-3d\\\/#breadcrumb\",\"itemListElement\":[{\"@type\":\"ListItem\",\"position\":1,\"name\":\"Accueil\",\"item\":\"https:\\\/\\\/shop.bantam.ch\\\/de\\\/\"},{\"@type\":\"ListItem\",\"position\":2,\"name\":\"Shop\",\"item\":\"https:\\\/\\\/shop.bantam.ch\\\/de\\\/shop\\\/\"},{\"@type\":\"ListItem\",\"position\":3,\"name\":\"Unterlage Dachzelt Matratze Anti Sweat 3D\"}]},{\"@type\":\"WebSite\",\"@id\":\"https:\\\/\\\/shop.bantam.ch\\\/de\\\/#website\",\"url\":\"https:\\\/\\\/shop.bantam.ch\\\/de\\\/\",\"name\":\"Bantam Camping AG\",\"description\":\"\",\"publisher\":{\"@id\":\"https:\\\/\\\/shop.bantam.ch\\\/de\\\/#organization\"},\"inLanguage\":\"de\"},{\"@type\":\"Organization\",\"@id\":\"https:\\\/\\\/shop.bantam.ch\\\/de\\\/#organization\",\"name\":\"Bantam Camping AG\",\"url\":\"https:\\\/\\\/shop.bantam.ch\\\/de\\\/\",\"logo\":{\"@type\":\"ImageObject\",\"inLanguage\":\"de\",\"@id\":\"https:\\\/\\\/shop.bantam.ch\\\/de\\\/#\\\/schema\\\/logo\\\/image\\\/\",\"url\":\"https:\\\/\\\/shop.bantam.ch\\\/wp-content\\\/uploads\\\/2022\\\/12\\\/bantam-logo.png\",\"contentUrl\":\"https:\\\/\\\/shop.bantam.ch\\\/wp-content\\\/uploads\\\/2022\\\/12\\\/bantam-logo.png\",\"width\":320,\"height\":71,\"caption\":\"Bantam Camping AG\"},\"image\":{\"@id\":\"https:\\\/\\\/shop.bantam.ch\\\/de\\\/#\\\/schema\\\/logo\\\/image\\\/\"}}]}<\/script>\n<!-- \/ Yoast SEO plugin. -->","yoast_head_json":{"title":"Unterlage Dachzelt Matratze Anti Sweat 3D - Bantam Camping AG","robots":{"index":"index","follow":"follow","max-snippet":"max-snippet:-1","max-image-preview":"max-image-preview:large","max-video-preview":"max-video-preview:-1"},"canonical":"https:\/\/shop.bantam.ch\/de\/produkt\/unterlage-dachzelt-matratze-anti-sweat-3d\/","og_locale":"de_DE","og_type":"article","og_title":"Unterlage Dachzelt Matratze Anti Sweat 3D - Bantam Camping AG","og_description":"Die horntools Anti-Sweat Matratzenunterlage eignet sich perfekt f\u00fcr all unsere Dachzelte. Die Unterlage hat ein sogenanntes 3D-Abstandsgewirke welches sich mit ihren Eigenschaften und Vorteilen bew\u00e4hrt hat. Die 10 mm starke Matte sorgt f\u00fcr einen idealen Schlafkomfort, bei Tag und Nacht, da sie sehr bequem und langlebig ist, aufgrund des Gewirke eine m\u00f6gliche Bildung von Kondenswasser [&hellip;]","og_url":"https:\/\/shop.bantam.ch\/de\/produkt\/unterlage-dachzelt-matratze-anti-sweat-3d\/","og_site_name":"Bantam Camping AG","article_modified_time":"2026-04-18T21:09:53+00:00","og_image":[{"width":5309,"height":3111,"url":"https:\/\/shop.bantam.ch\/wp-content\/uploads\/2023\/02\/995740711-scaled.jpg","type":"image\/jpeg"}],"twitter_card":"summary_large_image","schema":{"@context":"https:\/\/schema.org","@graph":[{"@type":"WebPage","@id":"https:\/\/shop.bantam.ch\/de\/produkt\/unterlage-dachzelt-matratze-anti-sweat-3d\/","url":"https:\/\/shop.bantam.ch\/de\/produkt\/unterlage-dachzelt-matratze-anti-sweat-3d\/","name":"Unterlage Dachzelt Matratze Anti Sweat 3D - Bantam Camping AG","isPartOf":{"@id":"https:\/\/shop.bantam.ch\/de\/#website"},"primaryImageOfPage":{"@id":"https:\/\/shop.bantam.ch\/de\/produkt\/unterlage-dachzelt-matratze-anti-sweat-3d\/#primaryimage"},"image":{"@id":"https:\/\/shop.bantam.ch\/de\/produkt\/unterlage-dachzelt-matratze-anti-sweat-3d\/#primaryimage"},"thumbnailUrl":"https:\/\/shop.bantam.ch\/wp-content\/uploads\/2023\/02\/995740711-scaled-scaled.jpg","datePublished":"2023-02-28T07:06:45+00:00","dateModified":"2026-04-18T21:09:53+00:00","breadcrumb":{"@id":"https:\/\/shop.bantam.ch\/de\/produkt\/unterlage-dachzelt-matratze-anti-sweat-3d\/#breadcrumb"},"inLanguage":"de","potentialAction":[{"@type":"ReadAction","target":["https:\/\/shop.bantam.ch\/de\/produkt\/unterlage-dachzelt-matratze-anti-sweat-3d\/"]}]},{"@type":"ImageObject","inLanguage":"de","@id":"https:\/\/shop.bantam.ch\/de\/produkt\/unterlage-dachzelt-matratze-anti-sweat-3d\/#primaryimage","url":"https:\/\/shop.bantam.ch\/wp-content\/uploads\/2023\/02\/995740711-scaled-scaled.jpg","contentUrl":"https:\/\/shop.bantam.ch\/wp-content\/uploads\/2023\/02\/995740711-scaled-scaled.jpg","width":2048,"height":1200},{"@type":"BreadcrumbList","@id":"https:\/\/shop.bantam.ch\/de\/produkt\/unterlage-dachzelt-matratze-anti-sweat-3d\/#breadcrumb","itemListElement":[{"@type":"ListItem","position":1,"name":"Accueil","item":"https:\/\/shop.bantam.ch\/de\/"},{"@type":"ListItem","position":2,"name":"Shop","item":"https:\/\/shop.bantam.ch\/de\/shop\/"},{"@type":"ListItem","position":3,"name":"Unterlage Dachzelt Matratze Anti Sweat 3D"}]},{"@type":"WebSite","@id":"https:\/\/shop.bantam.ch\/de\/#website","url":"https:\/\/shop.bantam.ch\/de\/","name":"Bantam Camping AG","description":"","publisher":{"@id":"https:\/\/shop.bantam.ch\/de\/#organization"},"inLanguage":"de"},{"@type":"Organization","@id":"https:\/\/shop.bantam.ch\/de\/#organization","name":"Bantam Camping AG","url":"https:\/\/shop.bantam.ch\/de\/","logo":{"@type":"ImageObject","inLanguage":"de","@id":"https:\/\/shop.bantam.ch\/de\/#\/schema\/logo\/image\/","url":"https:\/\/shop.bantam.ch\/wp-content\/uploads\/2022\/12\/bantam-logo.png","contentUrl":"https:\/\/shop.bantam.ch\/wp-content\/uploads\/2022\/12\/bantam-logo.png","width":320,"height":71,"caption":"Bantam Camping AG"},"image":{"@id":"https:\/\/shop.bantam.ch\/de\/#\/schema\/logo\/image\/"}}]}},"_links":{"self":[{"href":"https:\/\/shop.bantam.ch\/de\/wp-json\/wp\/v2\/product\/106807","targetHints":{"allow":["GET"]}}],"collection":[{"href":"https:\/\/shop.bantam.ch\/de\/wp-json\/wp\/v2\/product"}],"about":[{"href":"https:\/\/shop.bantam.ch\/de\/wp-json\/wp\/v2\/types\/product"}],"wp:featuredmedia":[{"embeddable":true,"href":"https:\/\/shop.bantam.ch\/de\/wp-json\/wp\/v2\/media\/106786"}],"wp:attachment":[{"href":"https:\/\/shop.bantam.ch\/de\/wp-json\/wp\/v2\/media?parent=106807"}],"wp:term":[{"taxonomy":"product_featured_cat","embeddable":true,"href":"https:\/\/shop.bantam.ch\/de\/wp-json\/wp\/v2\/product_featured_cat?post=106807"},{"taxonomy":"product_brand","embeddable":true,"href":"https:\/\/shop.bantam.ch\/de\/wp-json\/wp\/v2\/product_brand?post=106807"},{"taxonomy":"product_cat","embeddable":true,"href":"https:\/\/shop.bantam.ch\/de\/wp-json\/wp\/v2\/product_cat?post=106807"},{"taxonomy":"product_tag","embeddable":true,"href":"https:\/\/shop.bantam.ch\/de\/wp-json\/wp\/v2\/product_tag?post=106807"}],"curies":[{"name":"wp","href":"https:\/\/api.w.org\/{rel}","templated":true}]}}