{"id":106094,"date":"2023-02-28T07:53:48","date_gmt":"2023-02-28T06:53:48","guid":{"rendered":"http:\/\/shop.bantam.ch\/produit\/dachhaube-vision-star-m-pro-2\/"},"modified":"2026-04-18T23:08:45","modified_gmt":"2026-04-18T21:08:45","slug":"dachhaube-vision-star-m-pro-2","status":"publish","type":"product","link":"https:\/\/shop.bantam.ch\/de\/produkt\/dachhaube-vision-star-m-pro-2\/","title":{"rendered":"Dachhaube Vision Star M pro 2"},"content":{"rendered":"<p>Rauchglas-Dachhaube mit Doppelverglasung, wahlweise mit oder ohne Dauerl\u00fcftung und ansprechendem Innenrahmen mit Doppelplissee.<\/p>\n<ul>\n<li>Neue verbesserte Mechanik<\/li>\n<li>Stufenlos aufstellbar bis 50\u00b0<\/li>\n<li>Sehr flache Haube (nur 80 mm \u00fc. D.)<\/li>\n<li>Stark reduzierte Fahrger\u00e4usche und Zugluft<\/li>\n<li>Doppelwandiger Rahmen und Doppelverglasung f\u00fcr bessere Isolation<\/li>\n<li>Dauerl\u00fcftung auch bei geschlossenen Plissees<\/li>\n<li>Hoher UV-Schutz durch get\u00f6ntes Haubenmaterial<\/li>\n<\/ul>\n<p>Ausschnittma\u00df 400 x 400 mm. Dachst\u00e4rke 25 &#8211; 60 mm. Eckradius 28 mm. Haubenma\u00df 490 x 470 mm. Dauerl\u00fcftung bis zu 150 cm\u00b2. H\u00f6he \u00fcber Dach 80 mm. Rahmenma\u00dfe 565 x 530 x 35 mm (L x B x H). Gewicht 3,76 kg.<\/p>\n","protected":false},"excerpt":{"rendered":"<p>Rauchglas-Dachhaube mit Doppelverglasung, wahlweise mit oder ohne Dauerl\u00fcftung und ansprechendem Innenrahmen mit Doppelplissee. Neue verbesserte Mechanik Stufenlos aufstellbar bis 50\u00b0 Sehr flache Haube (nur 80 mm \u00fc. D.) Stark reduzierte Fahrger\u00e4usche und Zugluft Doppelwandiger Rahmen und Doppelverglasung f\u00fcr bessere Isolation Dauerl\u00fcftung auch bei geschlossenen Plissees Hoher UV-Schutz durch get\u00f6ntes Haubenmaterial Ausschnittma\u00df 400 x 400 mm. [&hellip;]<\/p>\n","protected":false},"featured_media":106080,"template":"","meta":{"_acf_changed":false},"product_featured_cat":[],"product_brand":[3049],"product_cat":[4648],"product_tag":[],"class_list":{"0":"post-106094","1":"product","2":"type-product","3":"status-publish","4":"has-post-thumbnail","6":"product_brand-mpk-de","7":"product_cat-dachfenster","9":"first","10":"instock","11":"taxable","12":"shipping-taxable","13":"purchasable","14":"product-type-variable"},"acf":[],"yoast_head":"<!-- This site is optimized with the Yoast SEO plugin v27.4 - https:\/\/yoast.com\/product\/yoast-seo-wordpress\/ -->\n<title>Dachhaube Vision Star M pro 2 - Bantam Camping AG<\/title>\n<meta name=\"robots\" content=\"index, follow, max-snippet:-1, max-image-preview:large, max-video-preview:-1\" \/>\n<link rel=\"canonical\" href=\"https:\/\/shop.bantam.ch\/de\/produkt\/dachhaube-vision-star-m-pro-2\/\" \/>\n<meta property=\"og:locale\" content=\"de_DE\" \/>\n<meta property=\"og:type\" content=\"article\" \/>\n<meta property=\"og:title\" content=\"Dachhaube Vision Star M pro 2 - Bantam Camping AG\" \/>\n<meta property=\"og:description\" content=\"Rauchglas-Dachhaube mit Doppelverglasung, wahlweise mit oder ohne Dauerl\u00fcftung und ansprechendem Innenrahmen mit Doppelplissee. Neue verbesserte Mechanik Stufenlos aufstellbar bis 50\u00b0 Sehr flache Haube (nur 80 mm \u00fc. D.) Stark reduzierte Fahrger\u00e4usche und Zugluft Doppelwandiger Rahmen und Doppelverglasung f\u00fcr bessere Isolation Dauerl\u00fcftung auch bei geschlossenen Plissees Hoher UV-Schutz durch get\u00f6ntes Haubenmaterial Ausschnittma\u00df 400 x 400 mm. [&hellip;]\" \/>\n<meta property=\"og:url\" content=\"https:\/\/shop.bantam.ch\/de\/produkt\/dachhaube-vision-star-m-pro-2\/\" \/>\n<meta property=\"og:site_name\" content=\"Bantam Camping AG\" \/>\n<meta property=\"article:modified_time\" content=\"2026-04-18T21:08:45+00:00\" \/>\n<meta property=\"og:image\" content=\"https:\/\/shop.bantam.ch\/wp-content\/uploads\/2023\/02\/994386611.jpg\" \/>\n\t<meta property=\"og:image:width\" content=\"1000\" \/>\n\t<meta property=\"og:image:height\" content=\"927\" \/>\n\t<meta property=\"og:image:type\" content=\"image\/jpeg\" \/>\n<meta name=\"twitter:card\" content=\"summary_large_image\" \/>\n<script type=\"application\/ld+json\" class=\"yoast-schema-graph\">{\"@context\":\"https:\\\/\\\/schema.org\",\"@graph\":[{\"@type\":\"WebPage\",\"@id\":\"https:\\\/\\\/shop.bantam.ch\\\/de\\\/produkt\\\/dachhaube-vision-star-m-pro-2\\\/\",\"url\":\"https:\\\/\\\/shop.bantam.ch\\\/de\\\/produkt\\\/dachhaube-vision-star-m-pro-2\\\/\",\"name\":\"Dachhaube Vision Star M pro 2 - Bantam Camping AG\",\"isPartOf\":{\"@id\":\"https:\\\/\\\/shop.bantam.ch\\\/de\\\/#website\"},\"primaryImageOfPage\":{\"@id\":\"https:\\\/\\\/shop.bantam.ch\\\/de\\\/produkt\\\/dachhaube-vision-star-m-pro-2\\\/#primaryimage\"},\"image\":{\"@id\":\"https:\\\/\\\/shop.bantam.ch\\\/de\\\/produkt\\\/dachhaube-vision-star-m-pro-2\\\/#primaryimage\"},\"thumbnailUrl\":\"https:\\\/\\\/shop.bantam.ch\\\/wp-content\\\/uploads\\\/2023\\\/02\\\/994386611.jpg\",\"datePublished\":\"2023-02-28T06:53:48+00:00\",\"dateModified\":\"2026-04-18T21:08:45+00:00\",\"breadcrumb\":{\"@id\":\"https:\\\/\\\/shop.bantam.ch\\\/de\\\/produkt\\\/dachhaube-vision-star-m-pro-2\\\/#breadcrumb\"},\"inLanguage\":\"de\",\"potentialAction\":[{\"@type\":\"ReadAction\",\"target\":[\"https:\\\/\\\/shop.bantam.ch\\\/de\\\/produkt\\\/dachhaube-vision-star-m-pro-2\\\/\"]}]},{\"@type\":\"ImageObject\",\"inLanguage\":\"de\",\"@id\":\"https:\\\/\\\/shop.bantam.ch\\\/de\\\/produkt\\\/dachhaube-vision-star-m-pro-2\\\/#primaryimage\",\"url\":\"https:\\\/\\\/shop.bantam.ch\\\/wp-content\\\/uploads\\\/2023\\\/02\\\/994386611.jpg\",\"contentUrl\":\"https:\\\/\\\/shop.bantam.ch\\\/wp-content\\\/uploads\\\/2023\\\/02\\\/994386611.jpg\",\"width\":1000,\"height\":927},{\"@type\":\"BreadcrumbList\",\"@id\":\"https:\\\/\\\/shop.bantam.ch\\\/de\\\/produkt\\\/dachhaube-vision-star-m-pro-2\\\/#breadcrumb\",\"itemListElement\":[{\"@type\":\"ListItem\",\"position\":1,\"name\":\"Accueil\",\"item\":\"https:\\\/\\\/shop.bantam.ch\\\/de\\\/\"},{\"@type\":\"ListItem\",\"position\":2,\"name\":\"Shop\",\"item\":\"https:\\\/\\\/shop.bantam.ch\\\/de\\\/shop\\\/\"},{\"@type\":\"ListItem\",\"position\":3,\"name\":\"Dachhaube Vision Star M pro 2\"}]},{\"@type\":\"WebSite\",\"@id\":\"https:\\\/\\\/shop.bantam.ch\\\/de\\\/#website\",\"url\":\"https:\\\/\\\/shop.bantam.ch\\\/de\\\/\",\"name\":\"Bantam Camping AG\",\"description\":\"\",\"publisher\":{\"@id\":\"https:\\\/\\\/shop.bantam.ch\\\/de\\\/#organization\"},\"inLanguage\":\"de\"},{\"@type\":\"Organization\",\"@id\":\"https:\\\/\\\/shop.bantam.ch\\\/de\\\/#organization\",\"name\":\"Bantam Camping AG\",\"url\":\"https:\\\/\\\/shop.bantam.ch\\\/de\\\/\",\"logo\":{\"@type\":\"ImageObject\",\"inLanguage\":\"de\",\"@id\":\"https:\\\/\\\/shop.bantam.ch\\\/de\\\/#\\\/schema\\\/logo\\\/image\\\/\",\"url\":\"https:\\\/\\\/shop.bantam.ch\\\/wp-content\\\/uploads\\\/2022\\\/12\\\/bantam-logo.png\",\"contentUrl\":\"https:\\\/\\\/shop.bantam.ch\\\/wp-content\\\/uploads\\\/2022\\\/12\\\/bantam-logo.png\",\"width\":320,\"height\":71,\"caption\":\"Bantam Camping AG\"},\"image\":{\"@id\":\"https:\\\/\\\/shop.bantam.ch\\\/de\\\/#\\\/schema\\\/logo\\\/image\\\/\"}}]}<\/script>\n<!-- \/ Yoast SEO plugin. -->","yoast_head_json":{"title":"Dachhaube Vision Star M pro 2 - Bantam Camping AG","robots":{"index":"index","follow":"follow","max-snippet":"max-snippet:-1","max-image-preview":"max-image-preview:large","max-video-preview":"max-video-preview:-1"},"canonical":"https:\/\/shop.bantam.ch\/de\/produkt\/dachhaube-vision-star-m-pro-2\/","og_locale":"de_DE","og_type":"article","og_title":"Dachhaube Vision Star M pro 2 - Bantam Camping AG","og_description":"Rauchglas-Dachhaube mit Doppelverglasung, wahlweise mit oder ohne Dauerl\u00fcftung und ansprechendem Innenrahmen mit Doppelplissee. Neue verbesserte Mechanik Stufenlos aufstellbar bis 50\u00b0 Sehr flache Haube (nur 80 mm \u00fc. D.) Stark reduzierte Fahrger\u00e4usche und Zugluft Doppelwandiger Rahmen und Doppelverglasung f\u00fcr bessere Isolation Dauerl\u00fcftung auch bei geschlossenen Plissees Hoher UV-Schutz durch get\u00f6ntes Haubenmaterial Ausschnittma\u00df 400 x 400 mm. [&hellip;]","og_url":"https:\/\/shop.bantam.ch\/de\/produkt\/dachhaube-vision-star-m-pro-2\/","og_site_name":"Bantam Camping AG","article_modified_time":"2026-04-18T21:08:45+00:00","og_image":[{"width":1000,"height":927,"url":"https:\/\/shop.bantam.ch\/wp-content\/uploads\/2023\/02\/994386611.jpg","type":"image\/jpeg"}],"twitter_card":"summary_large_image","schema":{"@context":"https:\/\/schema.org","@graph":[{"@type":"WebPage","@id":"https:\/\/shop.bantam.ch\/de\/produkt\/dachhaube-vision-star-m-pro-2\/","url":"https:\/\/shop.bantam.ch\/de\/produkt\/dachhaube-vision-star-m-pro-2\/","name":"Dachhaube Vision Star M pro 2 - Bantam Camping AG","isPartOf":{"@id":"https:\/\/shop.bantam.ch\/de\/#website"},"primaryImageOfPage":{"@id":"https:\/\/shop.bantam.ch\/de\/produkt\/dachhaube-vision-star-m-pro-2\/#primaryimage"},"image":{"@id":"https:\/\/shop.bantam.ch\/de\/produkt\/dachhaube-vision-star-m-pro-2\/#primaryimage"},"thumbnailUrl":"https:\/\/shop.bantam.ch\/wp-content\/uploads\/2023\/02\/994386611.jpg","datePublished":"2023-02-28T06:53:48+00:00","dateModified":"2026-04-18T21:08:45+00:00","breadcrumb":{"@id":"https:\/\/shop.bantam.ch\/de\/produkt\/dachhaube-vision-star-m-pro-2\/#breadcrumb"},"inLanguage":"de","potentialAction":[{"@type":"ReadAction","target":["https:\/\/shop.bantam.ch\/de\/produkt\/dachhaube-vision-star-m-pro-2\/"]}]},{"@type":"ImageObject","inLanguage":"de","@id":"https:\/\/shop.bantam.ch\/de\/produkt\/dachhaube-vision-star-m-pro-2\/#primaryimage","url":"https:\/\/shop.bantam.ch\/wp-content\/uploads\/2023\/02\/994386611.jpg","contentUrl":"https:\/\/shop.bantam.ch\/wp-content\/uploads\/2023\/02\/994386611.jpg","width":1000,"height":927},{"@type":"BreadcrumbList","@id":"https:\/\/shop.bantam.ch\/de\/produkt\/dachhaube-vision-star-m-pro-2\/#breadcrumb","itemListElement":[{"@type":"ListItem","position":1,"name":"Accueil","item":"https:\/\/shop.bantam.ch\/de\/"},{"@type":"ListItem","position":2,"name":"Shop","item":"https:\/\/shop.bantam.ch\/de\/shop\/"},{"@type":"ListItem","position":3,"name":"Dachhaube Vision Star M pro 2"}]},{"@type":"WebSite","@id":"https:\/\/shop.bantam.ch\/de\/#website","url":"https:\/\/shop.bantam.ch\/de\/","name":"Bantam Camping AG","description":"","publisher":{"@id":"https:\/\/shop.bantam.ch\/de\/#organization"},"inLanguage":"de"},{"@type":"Organization","@id":"https:\/\/shop.bantam.ch\/de\/#organization","name":"Bantam Camping AG","url":"https:\/\/shop.bantam.ch\/de\/","logo":{"@type":"ImageObject","inLanguage":"de","@id":"https:\/\/shop.bantam.ch\/de\/#\/schema\/logo\/image\/","url":"https:\/\/shop.bantam.ch\/wp-content\/uploads\/2022\/12\/bantam-logo.png","contentUrl":"https:\/\/shop.bantam.ch\/wp-content\/uploads\/2022\/12\/bantam-logo.png","width":320,"height":71,"caption":"Bantam Camping AG"},"image":{"@id":"https:\/\/shop.bantam.ch\/de\/#\/schema\/logo\/image\/"}}]}},"_links":{"self":[{"href":"https:\/\/shop.bantam.ch\/de\/wp-json\/wp\/v2\/product\/106094","targetHints":{"allow":["GET"]}}],"collection":[{"href":"https:\/\/shop.bantam.ch\/de\/wp-json\/wp\/v2\/product"}],"about":[{"href":"https:\/\/shop.bantam.ch\/de\/wp-json\/wp\/v2\/types\/product"}],"wp:featuredmedia":[{"embeddable":true,"href":"https:\/\/shop.bantam.ch\/de\/wp-json\/wp\/v2\/media\/106080"}],"wp:attachment":[{"href":"https:\/\/shop.bantam.ch\/de\/wp-json\/wp\/v2\/media?parent=106094"}],"wp:term":[{"taxonomy":"product_featured_cat","embeddable":true,"href":"https:\/\/shop.bantam.ch\/de\/wp-json\/wp\/v2\/product_featured_cat?post=106094"},{"taxonomy":"product_brand","embeddable":true,"href":"https:\/\/shop.bantam.ch\/de\/wp-json\/wp\/v2\/product_brand?post=106094"},{"taxonomy":"product_cat","embeddable":true,"href":"https:\/\/shop.bantam.ch\/de\/wp-json\/wp\/v2\/product_cat?post=106094"},{"taxonomy":"product_tag","embeddable":true,"href":"https:\/\/shop.bantam.ch\/de\/wp-json\/wp\/v2\/product_tag?post=106094"}],"curies":[{"name":"wp","href":"https:\/\/api.w.org\/{rel}","templated":true}]}}