{"id":105670,"date":"2023-02-28T07:45:57","date_gmt":"2023-02-28T06:45:57","guid":{"rendered":"http:\/\/shop.bantam.ch\/produit\/caravaning-routerset-electronics-cet300r\/"},"modified":"2026-04-19T21:40:04","modified_gmt":"2026-04-19T19:40:04","slug":"caravaning-routerset-electronics-cet300r","status":"publish","type":"product","link":"https:\/\/shop.bantam.ch\/de\/produkt\/caravaning-routerset-electronics-cet300r\/","title":{"rendered":"Caravaning-Routerset caratec CET300R Farbe wei\u00df"},"content":{"rendered":"<p>Der leistungsstarke 4G LTE-WLAN-Router garantiert zusammen mit der Au\u00dfenantenne eine zuverl\u00e4ssige Internetverbindung mit hohem Datendurchsatz und hoher Datenredundanz. Das Telefonmodul hat zwei SIM Kartenslots, beispielsweise f\u00fcr eine Hauptkarte und eine lokale Karte des Urlaubslandes. Das WiFi Modul sorgt mit einer Au\u00dfenantenne f\u00fcr den Empfang von externen Signalen (z.B. WiFi vom Stellplatz) und einer Innenantenne zur Anbindung der Endger\u00e4te (z.B. Smartphone, Table, PC oder Smart-TV). Der zus\u00e4tzliche WiFi Gastzugang ist einfach konfigurierbar. Mit dem einstellbaren Datenvolumen ist er ideal, um beispielsweise Freunden einen Internetzugang zu erm\u00f6glichen.<\/p>\n<ul>\n<li>Bester Empfang durch MIMO Konfiguration mit zwei LTE-Antennen<\/li>\n<li>Einfache Bedienung<\/li>\n<li>Auswahl Internetzugang per externem WiFi oder LTE<\/li>\n<li>Auswahl SIM1 oder SIM2<\/li>\n<li>Aktivierung Gastzugang<\/li>\n<li>Anzeige Signalqualit\u00e4t LTE und WiFi<\/li>\n<li>Telefonmodul: 4G (LTE) &#8211; Cat 4 bis zu 150 Mbps, 3G &#8211; bis zu 42 Mbps, 2G &#8211; bis zu 236.8 kbps<\/li>\n<li>SIM: Mini SIM &#8211; 2FF 1,8\/3V<\/li>\n<li>WiFi IEEE 802.11b\/g\/n<\/li>\n<li>Antennenanschl\u00fcsse: 2x SMA f\u00fcr LTE, 2x RP-SMA f\u00fcr WiFi<\/li>\n<li>Spannungsversorgung: 9 &#8211; 30 VDC, 230V Netzteil zus\u00e4tzlich im Lieferumfang<\/li>\n<li>Leistungsaufnahme: &lt; 2 W im Leerlauf, &lt; 7 W max.<\/li>\n<li>Abmessungen Router: 100 x 110 x 50 mm<\/li>\n<li>Abmessungen Antenne: Durchmesser 96 mm, H\u00f6he 90 mm (mit Halter 140 mm)<\/li>\n<li>Abmessungen Antennenhalter: Breite 100 mm (am Fu\u00df 60 mm), H\u00f6he 50 mm, L\u00e4nge 205 mm<\/li>\n<li>L\u00e4nge Anschlussleitungen Antenne: 2 m<\/li>\n<li>Betriebstemperatur Router -40&#8230;75\u00b0C, Antenne -40\u20ac\u00a685\u00b0C<\/li>\n<\/ul>\n<p>Lieferumfang:<\/p>\n<p>Inkl. Router, Au\u00dfenantenne mit Halter, Dachdurchf\u00fchrung, WiFi Innenantenne, 12V Anschlussleitung, 230V Netzteil, Ein\/Ausschalter, ohne SIM-Karte<\/p>\n","protected":false},"excerpt":{"rendered":"<p>Der leistungsstarke 4G LTE-WLAN-Router garantiert zusammen mit der Au\u00dfenantenne eine zuverl\u00e4ssige Internetverbindung mit hohem Datendurchsatz und hoher Datenredundanz. Das Telefonmodul hat zwei SIM Kartenslots, beispielsweise f\u00fcr eine Hauptkarte und eine lokale Karte des Urlaubslandes. Das WiFi Modul sorgt mit einer Au\u00dfenantenne f\u00fcr den Empfang von externen Signalen (z.B. WiFi vom Stellplatz) und einer Innenantenne zur [&hellip;]<\/p>\n","protected":false},"featured_media":105664,"template":"","meta":{"_acf_changed":false},"product_featured_cat":[],"product_brand":[3071],"product_cat":[5152],"product_tag":[],"class_list":{"0":"post-105670","1":"product","2":"type-product","3":"status-publish","4":"has-post-thumbnail","6":"product_brand-caratec-de","7":"product_cat-wlan-lte-antennen","9":"first","10":"instock","11":"taxable","12":"shipping-taxable","13":"purchasable","14":"product-type-simple"},"acf":[],"yoast_head":"<!-- This site is optimized with the Yoast SEO plugin v27.4 - https:\/\/yoast.com\/product\/yoast-seo-wordpress\/ -->\n<title>Caravaning-Routerset caratec CET300R Farbe wei\u00df - Bantam Camping AG<\/title>\n<meta name=\"robots\" content=\"index, follow, max-snippet:-1, max-image-preview:large, max-video-preview:-1\" \/>\n<link rel=\"canonical\" href=\"https:\/\/shop.bantam.ch\/de\/produkt\/caravaning-routerset-electronics-cet300r\/\" \/>\n<meta property=\"og:locale\" content=\"de_DE\" \/>\n<meta property=\"og:type\" content=\"article\" \/>\n<meta property=\"og:title\" content=\"Caravaning-Routerset caratec CET300R Farbe wei\u00df - Bantam Camping AG\" \/>\n<meta property=\"og:description\" content=\"Der leistungsstarke 4G LTE-WLAN-Router garantiert zusammen mit der Au\u00dfenantenne eine zuverl\u00e4ssige Internetverbindung mit hohem Datendurchsatz und hoher Datenredundanz. Das Telefonmodul hat zwei SIM Kartenslots, beispielsweise f\u00fcr eine Hauptkarte und eine lokale Karte des Urlaubslandes. Das WiFi Modul sorgt mit einer Au\u00dfenantenne f\u00fcr den Empfang von externen Signalen (z.B. WiFi vom Stellplatz) und einer Innenantenne zur [&hellip;]\" \/>\n<meta property=\"og:url\" content=\"https:\/\/shop.bantam.ch\/de\/produkt\/caravaning-routerset-electronics-cet300r\/\" \/>\n<meta property=\"og:site_name\" content=\"Bantam Camping AG\" \/>\n<meta property=\"article:modified_time\" content=\"2026-04-19T19:40:04+00:00\" \/>\n<meta property=\"og:image\" content=\"https:\/\/shop.bantam.ch\/wp-content\/uploads\/2023\/02\/995759511.jpg\" \/>\n\t<meta property=\"og:image:width\" content=\"1000\" \/>\n\t<meta property=\"og:image:height\" content=\"777\" \/>\n\t<meta property=\"og:image:type\" content=\"image\/jpeg\" \/>\n<meta name=\"twitter:card\" content=\"summary_large_image\" \/>\n<meta name=\"twitter:label1\" content=\"Gesch\u00e4tzte Lesezeit\" \/>\n\t<meta name=\"twitter:data1\" content=\"1\u00a0Minute\" \/>\n<script type=\"application\/ld+json\" class=\"yoast-schema-graph\">{\"@context\":\"https:\\\/\\\/schema.org\",\"@graph\":[{\"@type\":\"WebPage\",\"@id\":\"https:\\\/\\\/shop.bantam.ch\\\/de\\\/produkt\\\/caravaning-routerset-electronics-cet300r\\\/\",\"url\":\"https:\\\/\\\/shop.bantam.ch\\\/de\\\/produkt\\\/caravaning-routerset-electronics-cet300r\\\/\",\"name\":\"Caravaning-Routerset caratec CET300R Farbe wei\u00df - Bantam Camping AG\",\"isPartOf\":{\"@id\":\"https:\\\/\\\/shop.bantam.ch\\\/de\\\/#website\"},\"primaryImageOfPage\":{\"@id\":\"https:\\\/\\\/shop.bantam.ch\\\/de\\\/produkt\\\/caravaning-routerset-electronics-cet300r\\\/#primaryimage\"},\"image\":{\"@id\":\"https:\\\/\\\/shop.bantam.ch\\\/de\\\/produkt\\\/caravaning-routerset-electronics-cet300r\\\/#primaryimage\"},\"thumbnailUrl\":\"https:\\\/\\\/shop.bantam.ch\\\/wp-content\\\/uploads\\\/2023\\\/02\\\/995759511.jpg\",\"datePublished\":\"2023-02-28T06:45:57+00:00\",\"dateModified\":\"2026-04-19T19:40:04+00:00\",\"breadcrumb\":{\"@id\":\"https:\\\/\\\/shop.bantam.ch\\\/de\\\/produkt\\\/caravaning-routerset-electronics-cet300r\\\/#breadcrumb\"},\"inLanguage\":\"de\",\"potentialAction\":[{\"@type\":\"ReadAction\",\"target\":[\"https:\\\/\\\/shop.bantam.ch\\\/de\\\/produkt\\\/caravaning-routerset-electronics-cet300r\\\/\"]}]},{\"@type\":\"ImageObject\",\"inLanguage\":\"de\",\"@id\":\"https:\\\/\\\/shop.bantam.ch\\\/de\\\/produkt\\\/caravaning-routerset-electronics-cet300r\\\/#primaryimage\",\"url\":\"https:\\\/\\\/shop.bantam.ch\\\/wp-content\\\/uploads\\\/2023\\\/02\\\/995759511.jpg\",\"contentUrl\":\"https:\\\/\\\/shop.bantam.ch\\\/wp-content\\\/uploads\\\/2023\\\/02\\\/995759511.jpg\",\"width\":1000,\"height\":777},{\"@type\":\"BreadcrumbList\",\"@id\":\"https:\\\/\\\/shop.bantam.ch\\\/de\\\/produkt\\\/caravaning-routerset-electronics-cet300r\\\/#breadcrumb\",\"itemListElement\":[{\"@type\":\"ListItem\",\"position\":1,\"name\":\"Accueil\",\"item\":\"https:\\\/\\\/shop.bantam.ch\\\/de\\\/\"},{\"@type\":\"ListItem\",\"position\":2,\"name\":\"Shop\",\"item\":\"https:\\\/\\\/shop.bantam.ch\\\/de\\\/shop\\\/\"},{\"@type\":\"ListItem\",\"position\":3,\"name\":\"Caravaning-Routerset caratec CET300R Farbe wei\u00df\"}]},{\"@type\":\"WebSite\",\"@id\":\"https:\\\/\\\/shop.bantam.ch\\\/de\\\/#website\",\"url\":\"https:\\\/\\\/shop.bantam.ch\\\/de\\\/\",\"name\":\"Bantam Camping AG\",\"description\":\"\",\"publisher\":{\"@id\":\"https:\\\/\\\/shop.bantam.ch\\\/de\\\/#organization\"},\"inLanguage\":\"de\"},{\"@type\":\"Organization\",\"@id\":\"https:\\\/\\\/shop.bantam.ch\\\/de\\\/#organization\",\"name\":\"Bantam Camping AG\",\"url\":\"https:\\\/\\\/shop.bantam.ch\\\/de\\\/\",\"logo\":{\"@type\":\"ImageObject\",\"inLanguage\":\"de\",\"@id\":\"https:\\\/\\\/shop.bantam.ch\\\/de\\\/#\\\/schema\\\/logo\\\/image\\\/\",\"url\":\"https:\\\/\\\/shop.bantam.ch\\\/wp-content\\\/uploads\\\/2022\\\/12\\\/bantam-logo.png\",\"contentUrl\":\"https:\\\/\\\/shop.bantam.ch\\\/wp-content\\\/uploads\\\/2022\\\/12\\\/bantam-logo.png\",\"width\":320,\"height\":71,\"caption\":\"Bantam Camping AG\"},\"image\":{\"@id\":\"https:\\\/\\\/shop.bantam.ch\\\/de\\\/#\\\/schema\\\/logo\\\/image\\\/\"}}]}<\/script>\n<!-- \/ Yoast SEO plugin. -->","yoast_head_json":{"title":"Caravaning-Routerset caratec CET300R Farbe wei\u00df - Bantam Camping AG","robots":{"index":"index","follow":"follow","max-snippet":"max-snippet:-1","max-image-preview":"max-image-preview:large","max-video-preview":"max-video-preview:-1"},"canonical":"https:\/\/shop.bantam.ch\/de\/produkt\/caravaning-routerset-electronics-cet300r\/","og_locale":"de_DE","og_type":"article","og_title":"Caravaning-Routerset caratec CET300R Farbe wei\u00df - Bantam Camping AG","og_description":"Der leistungsstarke 4G LTE-WLAN-Router garantiert zusammen mit der Au\u00dfenantenne eine zuverl\u00e4ssige Internetverbindung mit hohem Datendurchsatz und hoher Datenredundanz. Das Telefonmodul hat zwei SIM Kartenslots, beispielsweise f\u00fcr eine Hauptkarte und eine lokale Karte des Urlaubslandes. Das WiFi Modul sorgt mit einer Au\u00dfenantenne f\u00fcr den Empfang von externen Signalen (z.B. WiFi vom Stellplatz) und einer Innenantenne zur [&hellip;]","og_url":"https:\/\/shop.bantam.ch\/de\/produkt\/caravaning-routerset-electronics-cet300r\/","og_site_name":"Bantam Camping AG","article_modified_time":"2026-04-19T19:40:04+00:00","og_image":[{"width":1000,"height":777,"url":"https:\/\/shop.bantam.ch\/wp-content\/uploads\/2023\/02\/995759511.jpg","type":"image\/jpeg"}],"twitter_card":"summary_large_image","twitter_misc":{"Gesch\u00e4tzte Lesezeit":"1\u00a0Minute"},"schema":{"@context":"https:\/\/schema.org","@graph":[{"@type":"WebPage","@id":"https:\/\/shop.bantam.ch\/de\/produkt\/caravaning-routerset-electronics-cet300r\/","url":"https:\/\/shop.bantam.ch\/de\/produkt\/caravaning-routerset-electronics-cet300r\/","name":"Caravaning-Routerset caratec CET300R Farbe wei\u00df - Bantam Camping AG","isPartOf":{"@id":"https:\/\/shop.bantam.ch\/de\/#website"},"primaryImageOfPage":{"@id":"https:\/\/shop.bantam.ch\/de\/produkt\/caravaning-routerset-electronics-cet300r\/#primaryimage"},"image":{"@id":"https:\/\/shop.bantam.ch\/de\/produkt\/caravaning-routerset-electronics-cet300r\/#primaryimage"},"thumbnailUrl":"https:\/\/shop.bantam.ch\/wp-content\/uploads\/2023\/02\/995759511.jpg","datePublished":"2023-02-28T06:45:57+00:00","dateModified":"2026-04-19T19:40:04+00:00","breadcrumb":{"@id":"https:\/\/shop.bantam.ch\/de\/produkt\/caravaning-routerset-electronics-cet300r\/#breadcrumb"},"inLanguage":"de","potentialAction":[{"@type":"ReadAction","target":["https:\/\/shop.bantam.ch\/de\/produkt\/caravaning-routerset-electronics-cet300r\/"]}]},{"@type":"ImageObject","inLanguage":"de","@id":"https:\/\/shop.bantam.ch\/de\/produkt\/caravaning-routerset-electronics-cet300r\/#primaryimage","url":"https:\/\/shop.bantam.ch\/wp-content\/uploads\/2023\/02\/995759511.jpg","contentUrl":"https:\/\/shop.bantam.ch\/wp-content\/uploads\/2023\/02\/995759511.jpg","width":1000,"height":777},{"@type":"BreadcrumbList","@id":"https:\/\/shop.bantam.ch\/de\/produkt\/caravaning-routerset-electronics-cet300r\/#breadcrumb","itemListElement":[{"@type":"ListItem","position":1,"name":"Accueil","item":"https:\/\/shop.bantam.ch\/de\/"},{"@type":"ListItem","position":2,"name":"Shop","item":"https:\/\/shop.bantam.ch\/de\/shop\/"},{"@type":"ListItem","position":3,"name":"Caravaning-Routerset caratec CET300R Farbe wei\u00df"}]},{"@type":"WebSite","@id":"https:\/\/shop.bantam.ch\/de\/#website","url":"https:\/\/shop.bantam.ch\/de\/","name":"Bantam Camping AG","description":"","publisher":{"@id":"https:\/\/shop.bantam.ch\/de\/#organization"},"inLanguage":"de"},{"@type":"Organization","@id":"https:\/\/shop.bantam.ch\/de\/#organization","name":"Bantam Camping AG","url":"https:\/\/shop.bantam.ch\/de\/","logo":{"@type":"ImageObject","inLanguage":"de","@id":"https:\/\/shop.bantam.ch\/de\/#\/schema\/logo\/image\/","url":"https:\/\/shop.bantam.ch\/wp-content\/uploads\/2022\/12\/bantam-logo.png","contentUrl":"https:\/\/shop.bantam.ch\/wp-content\/uploads\/2022\/12\/bantam-logo.png","width":320,"height":71,"caption":"Bantam Camping AG"},"image":{"@id":"https:\/\/shop.bantam.ch\/de\/#\/schema\/logo\/image\/"}}]}},"_links":{"self":[{"href":"https:\/\/shop.bantam.ch\/de\/wp-json\/wp\/v2\/product\/105670","targetHints":{"allow":["GET"]}}],"collection":[{"href":"https:\/\/shop.bantam.ch\/de\/wp-json\/wp\/v2\/product"}],"about":[{"href":"https:\/\/shop.bantam.ch\/de\/wp-json\/wp\/v2\/types\/product"}],"wp:featuredmedia":[{"embeddable":true,"href":"https:\/\/shop.bantam.ch\/de\/wp-json\/wp\/v2\/media\/105664"}],"wp:attachment":[{"href":"https:\/\/shop.bantam.ch\/de\/wp-json\/wp\/v2\/media?parent=105670"}],"wp:term":[{"taxonomy":"product_featured_cat","embeddable":true,"href":"https:\/\/shop.bantam.ch\/de\/wp-json\/wp\/v2\/product_featured_cat?post=105670"},{"taxonomy":"product_brand","embeddable":true,"href":"https:\/\/shop.bantam.ch\/de\/wp-json\/wp\/v2\/product_brand?post=105670"},{"taxonomy":"product_cat","embeddable":true,"href":"https:\/\/shop.bantam.ch\/de\/wp-json\/wp\/v2\/product_cat?post=105670"},{"taxonomy":"product_tag","embeddable":true,"href":"https:\/\/shop.bantam.ch\/de\/wp-json\/wp\/v2\/product_tag?post=105670"}],"curies":[{"name":"wp","href":"https:\/\/api.w.org\/{rel}","templated":true}]}}