{"id":104788,"date":"2023-02-28T07:39:26","date_gmt":"2023-02-28T06:39:26","guid":{"rendered":"http:\/\/shop.bantam.ch\/produit\/drehgriff-acu-tight-knob\/"},"modified":"2026-04-17T21:37:32","modified_gmt":"2026-04-17T19:37:32","slug":"drehgriff-acu-tight-knob","status":"publish","type":"product","link":"https:\/\/shop.bantam.ch\/de\/produkt\/drehgriff-acu-tight-knob\/","title":{"rendered":"Drehgriff Acu Tight Knob"},"content":{"rendered":"<p>Ein Drehmomentbegrenzer als Zubeh\u00f6r f\u00fcr heckmontierte Fahrradtr\u00e4ger mit Rahmenhaltern ersetzt den Standardknopf.<\/p>\n<ul>\n<li>Der Thule AcuTight Knopf verf\u00fcgt \u00fcber einen eingebauten Drehmomentbegrenzer, der klickt, wenn die korrekte Befestigungskraft erreicht ist.<\/li>\n<li>Das auf den Fahrradrahmen wirkende, kontrollierte Drehmoment verhindert ein zu geringes oder \u00fcberm\u00e4\u00dfiges Festziehen des Halters.<\/li>\n<li>Ergonomische weiche Griffe<\/li>\n<li>Der Thule AcuTight Knopf passt an alle heckmontierten Thule Fahrradtr\u00e4ger mit Rahmenhaltern.<\/li>\n<\/ul>\n","protected":false},"excerpt":{"rendered":"<p>Ein Drehmomentbegrenzer als Zubeh\u00f6r f\u00fcr heckmontierte Fahrradtr\u00e4ger mit Rahmenhaltern ersetzt den Standardknopf. Der Thule AcuTight Knopf verf\u00fcgt \u00fcber einen eingebauten Drehmomentbegrenzer, der klickt, wenn die korrekte Befestigungskraft erreicht ist. Das auf den Fahrradrahmen wirkende, kontrollierte Drehmoment verhindert ein zu geringes oder \u00fcberm\u00e4\u00dfiges Festziehen des Halters. Ergonomische weiche Griffe Der Thule AcuTight Knopf passt an alle [&hellip;]<\/p>\n","protected":false},"featured_media":104784,"template":"","meta":{"_acf_changed":false},"product_featured_cat":[],"product_brand":[3047],"product_cat":[4698],"product_tag":[],"class_list":{"0":"post-104788","1":"product","2":"type-product","3":"status-publish","4":"has-post-thumbnail","6":"product_brand-thule-de","7":"product_cat-fahrradtraeger-zubehoer","9":"first","10":"instock","11":"taxable","12":"shipping-taxable","13":"purchasable","14":"product-type-simple"},"acf":[],"yoast_head":"<!-- This site is optimized with the Yoast SEO plugin v27.4 - https:\/\/yoast.com\/product\/yoast-seo-wordpress\/ -->\n<title>Drehgriff Acu Tight Knob - Bantam Camping AG<\/title>\n<meta name=\"robots\" content=\"index, follow, max-snippet:-1, max-image-preview:large, max-video-preview:-1\" \/>\n<link rel=\"canonical\" href=\"https:\/\/shop.bantam.ch\/de\/produkt\/drehgriff-acu-tight-knob\/\" \/>\n<meta property=\"og:locale\" content=\"de_DE\" \/>\n<meta property=\"og:type\" content=\"article\" \/>\n<meta property=\"og:title\" content=\"Drehgriff Acu Tight Knob - Bantam Camping AG\" \/>\n<meta property=\"og:description\" content=\"Ein Drehmomentbegrenzer als Zubeh\u00f6r f\u00fcr heckmontierte Fahrradtr\u00e4ger mit Rahmenhaltern ersetzt den Standardknopf. Der Thule AcuTight Knopf verf\u00fcgt \u00fcber einen eingebauten Drehmomentbegrenzer, der klickt, wenn die korrekte Befestigungskraft erreicht ist. Das auf den Fahrradrahmen wirkende, kontrollierte Drehmoment verhindert ein zu geringes oder \u00fcberm\u00e4\u00dfiges Festziehen des Halters. Ergonomische weiche Griffe Der Thule AcuTight Knopf passt an alle [&hellip;]\" \/>\n<meta property=\"og:url\" content=\"https:\/\/shop.bantam.ch\/de\/produkt\/drehgriff-acu-tight-knob\/\" \/>\n<meta property=\"og:site_name\" content=\"Bantam Camping AG\" \/>\n<meta property=\"article:modified_time\" content=\"2026-04-17T19:37:32+00:00\" \/>\n<meta property=\"og:image\" content=\"https:\/\/shop.bantam.ch\/wp-content\/uploads\/2023\/02\/994380211.jpg\" \/>\n\t<meta property=\"og:image:width\" content=\"1000\" \/>\n\t<meta property=\"og:image:height\" content=\"935\" \/>\n\t<meta property=\"og:image:type\" content=\"image\/jpeg\" \/>\n<meta name=\"twitter:card\" content=\"summary_large_image\" \/>\n<script type=\"application\/ld+json\" class=\"yoast-schema-graph\">{\"@context\":\"https:\\\/\\\/schema.org\",\"@graph\":[{\"@type\":\"WebPage\",\"@id\":\"https:\\\/\\\/shop.bantam.ch\\\/de\\\/produkt\\\/drehgriff-acu-tight-knob\\\/\",\"url\":\"https:\\\/\\\/shop.bantam.ch\\\/de\\\/produkt\\\/drehgriff-acu-tight-knob\\\/\",\"name\":\"Drehgriff Acu Tight Knob - Bantam Camping AG\",\"isPartOf\":{\"@id\":\"https:\\\/\\\/shop.bantam.ch\\\/de\\\/#website\"},\"primaryImageOfPage\":{\"@id\":\"https:\\\/\\\/shop.bantam.ch\\\/de\\\/produkt\\\/drehgriff-acu-tight-knob\\\/#primaryimage\"},\"image\":{\"@id\":\"https:\\\/\\\/shop.bantam.ch\\\/de\\\/produkt\\\/drehgriff-acu-tight-knob\\\/#primaryimage\"},\"thumbnailUrl\":\"https:\\\/\\\/shop.bantam.ch\\\/wp-content\\\/uploads\\\/2023\\\/02\\\/994380211.jpg\",\"datePublished\":\"2023-02-28T06:39:26+00:00\",\"dateModified\":\"2026-04-17T19:37:32+00:00\",\"breadcrumb\":{\"@id\":\"https:\\\/\\\/shop.bantam.ch\\\/de\\\/produkt\\\/drehgriff-acu-tight-knob\\\/#breadcrumb\"},\"inLanguage\":\"de\",\"potentialAction\":[{\"@type\":\"ReadAction\",\"target\":[\"https:\\\/\\\/shop.bantam.ch\\\/de\\\/produkt\\\/drehgriff-acu-tight-knob\\\/\"]}]},{\"@type\":\"ImageObject\",\"inLanguage\":\"de\",\"@id\":\"https:\\\/\\\/shop.bantam.ch\\\/de\\\/produkt\\\/drehgriff-acu-tight-knob\\\/#primaryimage\",\"url\":\"https:\\\/\\\/shop.bantam.ch\\\/wp-content\\\/uploads\\\/2023\\\/02\\\/994380211.jpg\",\"contentUrl\":\"https:\\\/\\\/shop.bantam.ch\\\/wp-content\\\/uploads\\\/2023\\\/02\\\/994380211.jpg\",\"width\":1000,\"height\":935},{\"@type\":\"BreadcrumbList\",\"@id\":\"https:\\\/\\\/shop.bantam.ch\\\/de\\\/produkt\\\/drehgriff-acu-tight-knob\\\/#breadcrumb\",\"itemListElement\":[{\"@type\":\"ListItem\",\"position\":1,\"name\":\"Accueil\",\"item\":\"https:\\\/\\\/shop.bantam.ch\\\/de\\\/\"},{\"@type\":\"ListItem\",\"position\":2,\"name\":\"Shop\",\"item\":\"https:\\\/\\\/shop.bantam.ch\\\/de\\\/shop\\\/\"},{\"@type\":\"ListItem\",\"position\":3,\"name\":\"Drehgriff Acu Tight Knob\"}]},{\"@type\":\"WebSite\",\"@id\":\"https:\\\/\\\/shop.bantam.ch\\\/de\\\/#website\",\"url\":\"https:\\\/\\\/shop.bantam.ch\\\/de\\\/\",\"name\":\"Bantam Camping AG\",\"description\":\"\",\"publisher\":{\"@id\":\"https:\\\/\\\/shop.bantam.ch\\\/de\\\/#organization\"},\"inLanguage\":\"de\"},{\"@type\":\"Organization\",\"@id\":\"https:\\\/\\\/shop.bantam.ch\\\/de\\\/#organization\",\"name\":\"Bantam Camping AG\",\"url\":\"https:\\\/\\\/shop.bantam.ch\\\/de\\\/\",\"logo\":{\"@type\":\"ImageObject\",\"inLanguage\":\"de\",\"@id\":\"https:\\\/\\\/shop.bantam.ch\\\/de\\\/#\\\/schema\\\/logo\\\/image\\\/\",\"url\":\"https:\\\/\\\/shop.bantam.ch\\\/wp-content\\\/uploads\\\/2022\\\/12\\\/bantam-logo.png\",\"contentUrl\":\"https:\\\/\\\/shop.bantam.ch\\\/wp-content\\\/uploads\\\/2022\\\/12\\\/bantam-logo.png\",\"width\":320,\"height\":71,\"caption\":\"Bantam Camping AG\"},\"image\":{\"@id\":\"https:\\\/\\\/shop.bantam.ch\\\/de\\\/#\\\/schema\\\/logo\\\/image\\\/\"}}]}<\/script>\n<!-- \/ Yoast SEO plugin. -->","yoast_head_json":{"title":"Drehgriff Acu Tight Knob - Bantam Camping AG","robots":{"index":"index","follow":"follow","max-snippet":"max-snippet:-1","max-image-preview":"max-image-preview:large","max-video-preview":"max-video-preview:-1"},"canonical":"https:\/\/shop.bantam.ch\/de\/produkt\/drehgriff-acu-tight-knob\/","og_locale":"de_DE","og_type":"article","og_title":"Drehgriff Acu Tight Knob - Bantam Camping AG","og_description":"Ein Drehmomentbegrenzer als Zubeh\u00f6r f\u00fcr heckmontierte Fahrradtr\u00e4ger mit Rahmenhaltern ersetzt den Standardknopf. Der Thule AcuTight Knopf verf\u00fcgt \u00fcber einen eingebauten Drehmomentbegrenzer, der klickt, wenn die korrekte Befestigungskraft erreicht ist. Das auf den Fahrradrahmen wirkende, kontrollierte Drehmoment verhindert ein zu geringes oder \u00fcberm\u00e4\u00dfiges Festziehen des Halters. Ergonomische weiche Griffe Der Thule AcuTight Knopf passt an alle [&hellip;]","og_url":"https:\/\/shop.bantam.ch\/de\/produkt\/drehgriff-acu-tight-knob\/","og_site_name":"Bantam Camping AG","article_modified_time":"2026-04-17T19:37:32+00:00","og_image":[{"width":1000,"height":935,"url":"https:\/\/shop.bantam.ch\/wp-content\/uploads\/2023\/02\/994380211.jpg","type":"image\/jpeg"}],"twitter_card":"summary_large_image","schema":{"@context":"https:\/\/schema.org","@graph":[{"@type":"WebPage","@id":"https:\/\/shop.bantam.ch\/de\/produkt\/drehgriff-acu-tight-knob\/","url":"https:\/\/shop.bantam.ch\/de\/produkt\/drehgriff-acu-tight-knob\/","name":"Drehgriff Acu Tight Knob - Bantam Camping AG","isPartOf":{"@id":"https:\/\/shop.bantam.ch\/de\/#website"},"primaryImageOfPage":{"@id":"https:\/\/shop.bantam.ch\/de\/produkt\/drehgriff-acu-tight-knob\/#primaryimage"},"image":{"@id":"https:\/\/shop.bantam.ch\/de\/produkt\/drehgriff-acu-tight-knob\/#primaryimage"},"thumbnailUrl":"https:\/\/shop.bantam.ch\/wp-content\/uploads\/2023\/02\/994380211.jpg","datePublished":"2023-02-28T06:39:26+00:00","dateModified":"2026-04-17T19:37:32+00:00","breadcrumb":{"@id":"https:\/\/shop.bantam.ch\/de\/produkt\/drehgriff-acu-tight-knob\/#breadcrumb"},"inLanguage":"de","potentialAction":[{"@type":"ReadAction","target":["https:\/\/shop.bantam.ch\/de\/produkt\/drehgriff-acu-tight-knob\/"]}]},{"@type":"ImageObject","inLanguage":"de","@id":"https:\/\/shop.bantam.ch\/de\/produkt\/drehgriff-acu-tight-knob\/#primaryimage","url":"https:\/\/shop.bantam.ch\/wp-content\/uploads\/2023\/02\/994380211.jpg","contentUrl":"https:\/\/shop.bantam.ch\/wp-content\/uploads\/2023\/02\/994380211.jpg","width":1000,"height":935},{"@type":"BreadcrumbList","@id":"https:\/\/shop.bantam.ch\/de\/produkt\/drehgriff-acu-tight-knob\/#breadcrumb","itemListElement":[{"@type":"ListItem","position":1,"name":"Accueil","item":"https:\/\/shop.bantam.ch\/de\/"},{"@type":"ListItem","position":2,"name":"Shop","item":"https:\/\/shop.bantam.ch\/de\/shop\/"},{"@type":"ListItem","position":3,"name":"Drehgriff Acu Tight Knob"}]},{"@type":"WebSite","@id":"https:\/\/shop.bantam.ch\/de\/#website","url":"https:\/\/shop.bantam.ch\/de\/","name":"Bantam Camping AG","description":"","publisher":{"@id":"https:\/\/shop.bantam.ch\/de\/#organization"},"inLanguage":"de"},{"@type":"Organization","@id":"https:\/\/shop.bantam.ch\/de\/#organization","name":"Bantam Camping AG","url":"https:\/\/shop.bantam.ch\/de\/","logo":{"@type":"ImageObject","inLanguage":"de","@id":"https:\/\/shop.bantam.ch\/de\/#\/schema\/logo\/image\/","url":"https:\/\/shop.bantam.ch\/wp-content\/uploads\/2022\/12\/bantam-logo.png","contentUrl":"https:\/\/shop.bantam.ch\/wp-content\/uploads\/2022\/12\/bantam-logo.png","width":320,"height":71,"caption":"Bantam Camping AG"},"image":{"@id":"https:\/\/shop.bantam.ch\/de\/#\/schema\/logo\/image\/"}}]}},"_links":{"self":[{"href":"https:\/\/shop.bantam.ch\/de\/wp-json\/wp\/v2\/product\/104788","targetHints":{"allow":["GET"]}}],"collection":[{"href":"https:\/\/shop.bantam.ch\/de\/wp-json\/wp\/v2\/product"}],"about":[{"href":"https:\/\/shop.bantam.ch\/de\/wp-json\/wp\/v2\/types\/product"}],"wp:featuredmedia":[{"embeddable":true,"href":"https:\/\/shop.bantam.ch\/de\/wp-json\/wp\/v2\/media\/104784"}],"wp:attachment":[{"href":"https:\/\/shop.bantam.ch\/de\/wp-json\/wp\/v2\/media?parent=104788"}],"wp:term":[{"taxonomy":"product_featured_cat","embeddable":true,"href":"https:\/\/shop.bantam.ch\/de\/wp-json\/wp\/v2\/product_featured_cat?post=104788"},{"taxonomy":"product_brand","embeddable":true,"href":"https:\/\/shop.bantam.ch\/de\/wp-json\/wp\/v2\/product_brand?post=104788"},{"taxonomy":"product_cat","embeddable":true,"href":"https:\/\/shop.bantam.ch\/de\/wp-json\/wp\/v2\/product_cat?post=104788"},{"taxonomy":"product_tag","embeddable":true,"href":"https:\/\/shop.bantam.ch\/de\/wp-json\/wp\/v2\/product_tag?post=104788"}],"curies":[{"name":"wp","href":"https:\/\/api.w.org\/{rel}","templated":true}]}}