{"id":104750,"date":"2023-02-28T07:38:33","date_gmt":"2023-02-28T06:38:33","guid":{"rendered":"http:\/\/shop.bantam.ch\/produit\/einbausteckdose-ev-mit-usb-c-a-doppelsteckdose-schaltbar\/"},"modified":"2026-05-01T21:36:46","modified_gmt":"2026-05-01T19:36:46","slug":"einbausteckdose-ev-mit-usb-c-a-doppelsteckdose-schaltbar","status":"publish","type":"product","link":"https:\/\/shop.bantam.ch\/de\/produkt\/einbausteckdose-ev-mit-usb-c-a-doppelsteckdose-schaltbar\/","title":{"rendered":"Einbausteckdose EV PRO CAR mit USB-C\/A  Doppelsteckdose schaltbar"},"content":{"rendered":"<ul>\n<li>Spannungsbereich: max. 24 Volt DC<\/li>\n<li>Gesamtstrombelastung: max. 20 Ampere bei Anschluss mit 2,5 mm\u00b2 Zuleitung max. 16 Ampere bei Anschluss mit 1,5 mm\u00b2 Zuleitung<\/li>\n<li>Anschluss: ca. 200mm Kabel<\/li>\n<li>USB C\/A Doppelsteckdose<\/li>\n<li>Ausgangsspannung: 5 Volt DC<\/li>\n<li>Ausgangsstrom max.: 3,6 A gesamt<\/li>\n<li>Stromaufnahme: &lt; 1 mA (Leerlauf)<\/li>\n<li>Schutz bei: Kurzschluss, \u00dcberlast , \u00dcberspannung, \u00dcbertemperatur und Verpolung<\/li>\n<\/ul>\n","protected":false},"excerpt":{"rendered":"<p>Spannungsbereich: max. 24 Volt DC Gesamtstrombelastung: max. 20 Ampere bei Anschluss mit 2,5 mm\u00b2 Zuleitung max. 16 Ampere bei Anschluss mit 1,5 mm\u00b2 Zuleitung Anschluss: ca. 200mm Kabel USB C\/A Doppelsteckdose Ausgangsspannung: 5 Volt DC Ausgangsstrom max.: 3,6 A gesamt Stromaufnahme: &lt; 1 mA (Leerlauf) Schutz bei: Kurzschluss, \u00dcberlast , \u00dcberspannung, \u00dcbertemperatur und Verpolung<\/p>\n","protected":false},"featured_media":104748,"template":"","meta":{"_acf_changed":false},"product_featured_cat":[],"product_brand":[3105],"product_cat":[4194],"product_tag":[],"class_list":{"0":"post-104750","1":"product","2":"type-product","3":"status-publish","4":"has-post-thumbnail","6":"product_brand-pro-car-de","7":"product_cat-12-24v-stecker","9":"first","10":"instock","11":"taxable","12":"shipping-taxable","13":"purchasable","14":"product-type-simple"},"acf":[],"yoast_head":"<!-- This site is optimized with the Yoast SEO plugin v27.5 - https:\/\/yoast.com\/product\/yoast-seo-wordpress\/ -->\n<title>Einbausteckdose EV PRO CAR mit USB-C\/A Doppelsteckdose schaltbar - Bantam<\/title>\n<meta name=\"robots\" content=\"index, follow, max-snippet:-1, max-image-preview:large, max-video-preview:-1\" \/>\n<link rel=\"canonical\" href=\"https:\/\/shop.bantam.ch\/de\/produkt\/einbausteckdose-ev-mit-usb-c-a-doppelsteckdose-schaltbar\/\" \/>\n<meta property=\"og:locale\" content=\"de_DE\" \/>\n<meta property=\"og:type\" content=\"article\" \/>\n<meta property=\"og:title\" content=\"Einbausteckdose EV PRO CAR mit USB-C\/A Doppelsteckdose schaltbar - Bantam\" \/>\n<meta property=\"og:description\" content=\"Spannungsbereich: max. 24 Volt DC Gesamtstrombelastung: max. 20 Ampere bei Anschluss mit 2,5 mm\u00b2 Zuleitung max. 16 Ampere bei Anschluss mit 1,5 mm\u00b2 Zuleitung Anschluss: ca. 200mm Kabel USB C\/A Doppelsteckdose Ausgangsspannung: 5 Volt DC Ausgangsstrom max.: 3,6 A gesamt Stromaufnahme: &lt; 1 mA (Leerlauf) Schutz bei: Kurzschluss, \u00dcberlast , \u00dcberspannung, \u00dcbertemperatur und Verpolung\" \/>\n<meta property=\"og:url\" content=\"https:\/\/shop.bantam.ch\/de\/produkt\/einbausteckdose-ev-mit-usb-c-a-doppelsteckdose-schaltbar\/\" \/>\n<meta property=\"og:site_name\" content=\"Bantam\" \/>\n<meta property=\"article:modified_time\" content=\"2026-05-01T19:36:46+00:00\" \/>\n<meta property=\"og:image\" content=\"https:\/\/shop.bantam.ch\/wp-content\/uploads\/2023\/02\/996071911.jpg\" \/>\n\t<meta property=\"og:image:width\" content=\"1000\" \/>\n\t<meta property=\"og:image:height\" content=\"627\" \/>\n\t<meta property=\"og:image:type\" content=\"image\/jpeg\" \/>\n<meta name=\"twitter:card\" content=\"summary_large_image\" \/>\n<script type=\"application\/ld+json\" class=\"yoast-schema-graph\">{\"@context\":\"https:\\\/\\\/schema.org\",\"@graph\":[{\"@type\":\"WebPage\",\"@id\":\"https:\\\/\\\/shop.bantam.ch\\\/de\\\/produkt\\\/einbausteckdose-ev-mit-usb-c-a-doppelsteckdose-schaltbar\\\/\",\"url\":\"https:\\\/\\\/shop.bantam.ch\\\/de\\\/produkt\\\/einbausteckdose-ev-mit-usb-c-a-doppelsteckdose-schaltbar\\\/\",\"name\":\"Einbausteckdose EV PRO CAR mit USB-C\\\/A Doppelsteckdose schaltbar - Bantam\",\"isPartOf\":{\"@id\":\"https:\\\/\\\/shop.bantam.ch\\\/de\\\/#website\"},\"primaryImageOfPage\":{\"@id\":\"https:\\\/\\\/shop.bantam.ch\\\/de\\\/produkt\\\/einbausteckdose-ev-mit-usb-c-a-doppelsteckdose-schaltbar\\\/#primaryimage\"},\"image\":{\"@id\":\"https:\\\/\\\/shop.bantam.ch\\\/de\\\/produkt\\\/einbausteckdose-ev-mit-usb-c-a-doppelsteckdose-schaltbar\\\/#primaryimage\"},\"thumbnailUrl\":\"https:\\\/\\\/shop.bantam.ch\\\/wp-content\\\/uploads\\\/2023\\\/02\\\/996071911.jpg\",\"datePublished\":\"2023-02-28T06:38:33+00:00\",\"dateModified\":\"2026-05-01T19:36:46+00:00\",\"breadcrumb\":{\"@id\":\"https:\\\/\\\/shop.bantam.ch\\\/de\\\/produkt\\\/einbausteckdose-ev-mit-usb-c-a-doppelsteckdose-schaltbar\\\/#breadcrumb\"},\"inLanguage\":\"de\",\"potentialAction\":[{\"@type\":\"ReadAction\",\"target\":[\"https:\\\/\\\/shop.bantam.ch\\\/de\\\/produkt\\\/einbausteckdose-ev-mit-usb-c-a-doppelsteckdose-schaltbar\\\/\"]}]},{\"@type\":\"ImageObject\",\"inLanguage\":\"de\",\"@id\":\"https:\\\/\\\/shop.bantam.ch\\\/de\\\/produkt\\\/einbausteckdose-ev-mit-usb-c-a-doppelsteckdose-schaltbar\\\/#primaryimage\",\"url\":\"https:\\\/\\\/shop.bantam.ch\\\/wp-content\\\/uploads\\\/2023\\\/02\\\/996071911.jpg\",\"contentUrl\":\"https:\\\/\\\/shop.bantam.ch\\\/wp-content\\\/uploads\\\/2023\\\/02\\\/996071911.jpg\",\"width\":1000,\"height\":627},{\"@type\":\"BreadcrumbList\",\"@id\":\"https:\\\/\\\/shop.bantam.ch\\\/de\\\/produkt\\\/einbausteckdose-ev-mit-usb-c-a-doppelsteckdose-schaltbar\\\/#breadcrumb\",\"itemListElement\":[{\"@type\":\"ListItem\",\"position\":1,\"name\":\"Accueil\",\"item\":\"https:\\\/\\\/shop.bantam.ch\\\/de\\\/\"},{\"@type\":\"ListItem\",\"position\":2,\"name\":\"Shop\",\"item\":\"https:\\\/\\\/shop.bantam.ch\\\/de\\\/shop\\\/\"},{\"@type\":\"ListItem\",\"position\":3,\"name\":\"Einbausteckdose EV PRO CAR mit USB-C\\\/A Doppelsteckdose schaltbar\"}]},{\"@type\":\"WebSite\",\"@id\":\"https:\\\/\\\/shop.bantam.ch\\\/de\\\/#website\",\"url\":\"https:\\\/\\\/shop.bantam.ch\\\/de\\\/\",\"name\":\"Bantam\",\"description\":\"\",\"publisher\":{\"@id\":\"https:\\\/\\\/shop.bantam.ch\\\/de\\\/#organization\"},\"inLanguage\":\"de\"},{\"@type\":\"Organization\",\"@id\":\"https:\\\/\\\/shop.bantam.ch\\\/de\\\/#organization\",\"name\":\"Bantam\",\"url\":\"https:\\\/\\\/shop.bantam.ch\\\/de\\\/\",\"logo\":{\"@type\":\"ImageObject\",\"inLanguage\":\"de\",\"@id\":\"https:\\\/\\\/shop.bantam.ch\\\/de\\\/#\\\/schema\\\/logo\\\/image\\\/\",\"url\":\"https:\\\/\\\/shop.bantam.ch\\\/wp-content\\\/uploads\\\/2022\\\/12\\\/bantam-logo.png\",\"contentUrl\":\"https:\\\/\\\/shop.bantam.ch\\\/wp-content\\\/uploads\\\/2022\\\/12\\\/bantam-logo.png\",\"width\":320,\"height\":71,\"caption\":\"Bantam\"},\"image\":{\"@id\":\"https:\\\/\\\/shop.bantam.ch\\\/de\\\/#\\\/schema\\\/logo\\\/image\\\/\"}}]}<\/script>\n<!-- \/ Yoast SEO plugin. -->","yoast_head_json":{"title":"Einbausteckdose EV PRO CAR mit USB-C\/A Doppelsteckdose schaltbar - Bantam","robots":{"index":"index","follow":"follow","max-snippet":"max-snippet:-1","max-image-preview":"max-image-preview:large","max-video-preview":"max-video-preview:-1"},"canonical":"https:\/\/shop.bantam.ch\/de\/produkt\/einbausteckdose-ev-mit-usb-c-a-doppelsteckdose-schaltbar\/","og_locale":"de_DE","og_type":"article","og_title":"Einbausteckdose EV PRO CAR mit USB-C\/A Doppelsteckdose schaltbar - Bantam","og_description":"Spannungsbereich: max. 24 Volt DC Gesamtstrombelastung: max. 20 Ampere bei Anschluss mit 2,5 mm\u00b2 Zuleitung max. 16 Ampere bei Anschluss mit 1,5 mm\u00b2 Zuleitung Anschluss: ca. 200mm Kabel USB C\/A Doppelsteckdose Ausgangsspannung: 5 Volt DC Ausgangsstrom max.: 3,6 A gesamt Stromaufnahme: &lt; 1 mA (Leerlauf) Schutz bei: Kurzschluss, \u00dcberlast , \u00dcberspannung, \u00dcbertemperatur und Verpolung","og_url":"https:\/\/shop.bantam.ch\/de\/produkt\/einbausteckdose-ev-mit-usb-c-a-doppelsteckdose-schaltbar\/","og_site_name":"Bantam","article_modified_time":"2026-05-01T19:36:46+00:00","og_image":[{"width":1000,"height":627,"url":"https:\/\/shop.bantam.ch\/wp-content\/uploads\/2023\/02\/996071911.jpg","type":"image\/jpeg"}],"twitter_card":"summary_large_image","schema":{"@context":"https:\/\/schema.org","@graph":[{"@type":"WebPage","@id":"https:\/\/shop.bantam.ch\/de\/produkt\/einbausteckdose-ev-mit-usb-c-a-doppelsteckdose-schaltbar\/","url":"https:\/\/shop.bantam.ch\/de\/produkt\/einbausteckdose-ev-mit-usb-c-a-doppelsteckdose-schaltbar\/","name":"Einbausteckdose EV PRO CAR mit USB-C\/A Doppelsteckdose schaltbar - Bantam","isPartOf":{"@id":"https:\/\/shop.bantam.ch\/de\/#website"},"primaryImageOfPage":{"@id":"https:\/\/shop.bantam.ch\/de\/produkt\/einbausteckdose-ev-mit-usb-c-a-doppelsteckdose-schaltbar\/#primaryimage"},"image":{"@id":"https:\/\/shop.bantam.ch\/de\/produkt\/einbausteckdose-ev-mit-usb-c-a-doppelsteckdose-schaltbar\/#primaryimage"},"thumbnailUrl":"https:\/\/shop.bantam.ch\/wp-content\/uploads\/2023\/02\/996071911.jpg","datePublished":"2023-02-28T06:38:33+00:00","dateModified":"2026-05-01T19:36:46+00:00","breadcrumb":{"@id":"https:\/\/shop.bantam.ch\/de\/produkt\/einbausteckdose-ev-mit-usb-c-a-doppelsteckdose-schaltbar\/#breadcrumb"},"inLanguage":"de","potentialAction":[{"@type":"ReadAction","target":["https:\/\/shop.bantam.ch\/de\/produkt\/einbausteckdose-ev-mit-usb-c-a-doppelsteckdose-schaltbar\/"]}]},{"@type":"ImageObject","inLanguage":"de","@id":"https:\/\/shop.bantam.ch\/de\/produkt\/einbausteckdose-ev-mit-usb-c-a-doppelsteckdose-schaltbar\/#primaryimage","url":"https:\/\/shop.bantam.ch\/wp-content\/uploads\/2023\/02\/996071911.jpg","contentUrl":"https:\/\/shop.bantam.ch\/wp-content\/uploads\/2023\/02\/996071911.jpg","width":1000,"height":627},{"@type":"BreadcrumbList","@id":"https:\/\/shop.bantam.ch\/de\/produkt\/einbausteckdose-ev-mit-usb-c-a-doppelsteckdose-schaltbar\/#breadcrumb","itemListElement":[{"@type":"ListItem","position":1,"name":"Accueil","item":"https:\/\/shop.bantam.ch\/de\/"},{"@type":"ListItem","position":2,"name":"Shop","item":"https:\/\/shop.bantam.ch\/de\/shop\/"},{"@type":"ListItem","position":3,"name":"Einbausteckdose EV PRO CAR mit USB-C\/A Doppelsteckdose schaltbar"}]},{"@type":"WebSite","@id":"https:\/\/shop.bantam.ch\/de\/#website","url":"https:\/\/shop.bantam.ch\/de\/","name":"Bantam","description":"","publisher":{"@id":"https:\/\/shop.bantam.ch\/de\/#organization"},"inLanguage":"de"},{"@type":"Organization","@id":"https:\/\/shop.bantam.ch\/de\/#organization","name":"Bantam","url":"https:\/\/shop.bantam.ch\/de\/","logo":{"@type":"ImageObject","inLanguage":"de","@id":"https:\/\/shop.bantam.ch\/de\/#\/schema\/logo\/image\/","url":"https:\/\/shop.bantam.ch\/wp-content\/uploads\/2022\/12\/bantam-logo.png","contentUrl":"https:\/\/shop.bantam.ch\/wp-content\/uploads\/2022\/12\/bantam-logo.png","width":320,"height":71,"caption":"Bantam"},"image":{"@id":"https:\/\/shop.bantam.ch\/de\/#\/schema\/logo\/image\/"}}]}},"_links":{"self":[{"href":"https:\/\/shop.bantam.ch\/de\/wp-json\/wp\/v2\/product\/104750","targetHints":{"allow":["GET"]}}],"collection":[{"href":"https:\/\/shop.bantam.ch\/de\/wp-json\/wp\/v2\/product"}],"about":[{"href":"https:\/\/shop.bantam.ch\/de\/wp-json\/wp\/v2\/types\/product"}],"wp:featuredmedia":[{"embeddable":true,"href":"https:\/\/shop.bantam.ch\/de\/wp-json\/wp\/v2\/media\/104748"}],"wp:attachment":[{"href":"https:\/\/shop.bantam.ch\/de\/wp-json\/wp\/v2\/media?parent=104750"}],"wp:term":[{"taxonomy":"product_featured_cat","embeddable":true,"href":"https:\/\/shop.bantam.ch\/de\/wp-json\/wp\/v2\/product_featured_cat?post=104750"},{"taxonomy":"product_brand","embeddable":true,"href":"https:\/\/shop.bantam.ch\/de\/wp-json\/wp\/v2\/product_brand?post=104750"},{"taxonomy":"product_cat","embeddable":true,"href":"https:\/\/shop.bantam.ch\/de\/wp-json\/wp\/v2\/product_cat?post=104750"},{"taxonomy":"product_tag","embeddable":true,"href":"https:\/\/shop.bantam.ch\/de\/wp-json\/wp\/v2\/product_tag?post=104750"}],"curies":[{"name":"wp","href":"https:\/\/api.w.org\/{rel}","templated":true}]}}