{"id":104150,"date":"2023-02-28T07:27:43","date_gmt":"2023-02-28T06:27:43","guid":{"rendered":"http:\/\/shop.bantam.ch\/produit\/naviceiver-z-n965-1-din-9-zoll\/"},"modified":"2026-04-17T21:36:35","modified_gmt":"2026-04-17T19:36:35","slug":"naviceiver-z-n965-1-din-9-zoll","status":"publish","type":"product","link":"https:\/\/shop.bantam.ch\/de\/produkt\/naviceiver-z-n965-1-din-9-zoll\/","title":{"rendered":"Naviceiver Z-N965 1-DIN, 9 Zoll"},"content":{"rendered":"<p>Der ZENEC Z-N965 ist ein top ausgestatteter DAB+ Infotainer mit 9&#8243;\/22,9 cm Touchscreen f\u00fcr Fahrzeuge mit 1-DIN Ger\u00e4teschacht. Der integrierte DAB+ Doppeltuner mit dynamischer Stationsliste \u00fcberzeugt mit klarem Digitalradioempfang und komfortabler Bedienung \u00fcber die gro\u00dfen Sensortasten. Der Z-N965 unterst\u00fctzt Apple CarPlay und Google Android AutoTM, verf\u00fcgt \u00fcber ein umfangreiches Bluetoothsystem, zwei USB-Ports zur A\/V Wiedergabe sowie drei Kamera-Anschl\u00fcsse mit einstellbaren Hilfslinien und einem Mikrofoneingang.<\/p>\n<p>Mit den optional erh\u00e4ltlichen Navipaketen Z-EMAP66-PC3 f\u00fcr PKWs oder Z-EMAP66-MH3 und ZEMAP66-MH7 f\u00fcr Reisemobile wird der Z-N965 zum gut ausgestatteten Naviceiver Karten f\u00fcr 47 L\u00e4nder auf 16 GB microSD Karte Koppelnavigation zur pr\u00e4zisen Routenf\u00fchrung ohne GNSS Signal(Tunnel, Unterf\u00fchrungen, Parkh\u00e4user, etc.) EU Premium P.O.I. Paket mit \u00fcber 6,5 Millionen Sonderzielen Realistische 3-D Darstellung von Gel\u00e4nde, Sehensw\u00fcrdigkeiten, Innenst\u00e4dten und Abbiegungen Fahrspurassistent, Tunnel-Modus, AutoZoom f\u00fcr Kreuzungen Manuelle Zoomfaktor-Einstellung per Touchscreen Navi Infoscreen in Audioquellen mit Anzeige von Stra\u00dfennamen sowie der Distanz bis zur n\u00e4chsten Abbiegung Sprachf\u00fchrung in 29 Sprachen (TTS) TPEG free Verkehrsinfos \u00fcber DAB+ (Abdeckung l\u00e4nderspezifisch) Zusatzfunktionen Z-EMAP-MH3 &amp; Z-EMAP-MH7 Vorkonfigurierte und einstellbare Fahrzeugprofile (Eingabe von H\u00f6he, Breite, L\u00e4nge, Gewicht, etc.) Camping P.O.I. Paket mit mehr als 20.000 Stell- &amp; Campingpl\u00e4tzen Mehrsprachige Camping P.O.I. Detailinfos (GER, UK, IT, FR, NL)<\/p>\n<ul>\n<li>9 Zoll- Display Infotainer, mit Navigationsfunktion aufr\u00fcstbar<\/li>\n<li>Ber\u00fchrungsempfindlicher, kapazitiver 9&#8243;&#8220;\/22,9 cm LCD-TFT Bildschirm (1024 x 600 Pixel) mit Glasoberfl\u00e4che und einstellbarem Display<\/li>\n<li>OSD Men\u00fc in 15 unterschiedlichen EU Sprachen<\/li>\n<li>DAB+ Twin-Tuner mit DABFM und DABDAB Service-Following, MOT Slideshow, DLS-Text und dynamischer Senderliste<\/li>\n<li>UKW RDS Radio mit 18 Stationsspeicherpl\u00e4tzen<\/li>\n<li>Google Android AutoTM<\/li>\n<li>Apple CarPlay<\/li>\n<li>Bluetooth 4.2 Freisprechmodul mit A2DP Musikstreaming<\/li>\n<li>Steuerung von drei Kamerasystemen mit automatischer Umschaltfunktion, anpassbare Hilfslinien<\/li>\n<li>SP-REM Fernbedienungs-App zur Steuerung von Audio Funktionen mit dem Smartphone (iOS\/Android)<\/li>\n<li>RGB Multicolor Tastenbeleuchtung<\/li>\n<li>2 x IR-Fernbedienung inklusive Maxi-Remote<\/li>\n<li>4 x 50 W Endstufe<\/li>\n<\/ul>\n","protected":false},"excerpt":{"rendered":"<p>Der ZENEC Z-N965 ist ein top ausgestatteter DAB+ Infotainer mit 9&#8243;\/22,9 cm Touchscreen f\u00fcr Fahrzeuge mit 1-DIN Ger\u00e4teschacht. Der integrierte DAB+ Doppeltuner mit dynamischer Stationsliste \u00fcberzeugt mit klarem Digitalradioempfang und komfortabler Bedienung \u00fcber die gro\u00dfen Sensortasten. Der Z-N965 unterst\u00fctzt Apple CarPlay und Google Android AutoTM, verf\u00fcgt \u00fcber ein umfangreiches Bluetoothsystem, zwei USB-Ports zur A\/V Wiedergabe [&hellip;]<\/p>\n","protected":false},"featured_media":104148,"template":"","meta":{"_acf_changed":false},"product_featured_cat":[],"product_brand":[3213],"product_cat":[4512],"product_tag":[],"class_list":{"0":"post-104150","1":"product","2":"type-product","3":"status-publish","4":"has-post-thumbnail","6":"product_brand-zenec-de","7":"product_cat-navigationsgeraete","9":"first","10":"instock","11":"taxable","12":"shipping-taxable","13":"purchasable","14":"product-type-simple"},"acf":[],"yoast_head":"<!-- This site is optimized with the Yoast SEO plugin v27.4 - https:\/\/yoast.com\/product\/yoast-seo-wordpress\/ -->\n<title>Naviceiver Z-N965 1-DIN, 9 Zoll - Bantam Camping AG<\/title>\n<meta name=\"robots\" content=\"index, follow, max-snippet:-1, max-image-preview:large, max-video-preview:-1\" \/>\n<link rel=\"canonical\" href=\"https:\/\/shop.bantam.ch\/de\/produkt\/naviceiver-z-n965-1-din-9-zoll\/\" \/>\n<meta property=\"og:locale\" content=\"de_DE\" \/>\n<meta property=\"og:type\" content=\"article\" \/>\n<meta property=\"og:title\" content=\"Naviceiver Z-N965 1-DIN, 9 Zoll - Bantam Camping AG\" \/>\n<meta property=\"og:description\" content=\"Der ZENEC Z-N965 ist ein top ausgestatteter DAB+ Infotainer mit 9&#8243;\/22,9 cm Touchscreen f\u00fcr Fahrzeuge mit 1-DIN Ger\u00e4teschacht. Der integrierte DAB+ Doppeltuner mit dynamischer Stationsliste \u00fcberzeugt mit klarem Digitalradioempfang und komfortabler Bedienung \u00fcber die gro\u00dfen Sensortasten. Der Z-N965 unterst\u00fctzt Apple CarPlay und Google Android AutoTM, verf\u00fcgt \u00fcber ein umfangreiches Bluetoothsystem, zwei USB-Ports zur A\/V Wiedergabe [&hellip;]\" \/>\n<meta property=\"og:url\" content=\"https:\/\/shop.bantam.ch\/de\/produkt\/naviceiver-z-n965-1-din-9-zoll\/\" \/>\n<meta property=\"og:site_name\" content=\"Bantam Camping AG\" \/>\n<meta property=\"article:modified_time\" content=\"2026-04-17T19:36:35+00:00\" \/>\n<meta property=\"og:image\" content=\"https:\/\/shop.bantam.ch\/wp-content\/uploads\/2023\/02\/995755011.png\" \/>\n\t<meta property=\"og:image:width\" content=\"1412\" \/>\n\t<meta property=\"og:image:height\" content=\"898\" \/>\n\t<meta property=\"og:image:type\" content=\"image\/png\" \/>\n<meta name=\"twitter:card\" content=\"summary_large_image\" \/>\n<meta name=\"twitter:label1\" content=\"Gesch\u00e4tzte Lesezeit\" \/>\n\t<meta name=\"twitter:data1\" content=\"2\u00a0Minuten\" \/>\n<script type=\"application\/ld+json\" class=\"yoast-schema-graph\">{\"@context\":\"https:\\\/\\\/schema.org\",\"@graph\":[{\"@type\":\"WebPage\",\"@id\":\"https:\\\/\\\/shop.bantam.ch\\\/de\\\/produkt\\\/naviceiver-z-n965-1-din-9-zoll\\\/\",\"url\":\"https:\\\/\\\/shop.bantam.ch\\\/de\\\/produkt\\\/naviceiver-z-n965-1-din-9-zoll\\\/\",\"name\":\"Naviceiver Z-N965 1-DIN, 9 Zoll - Bantam Camping AG\",\"isPartOf\":{\"@id\":\"https:\\\/\\\/shop.bantam.ch\\\/de\\\/#website\"},\"primaryImageOfPage\":{\"@id\":\"https:\\\/\\\/shop.bantam.ch\\\/de\\\/produkt\\\/naviceiver-z-n965-1-din-9-zoll\\\/#primaryimage\"},\"image\":{\"@id\":\"https:\\\/\\\/shop.bantam.ch\\\/de\\\/produkt\\\/naviceiver-z-n965-1-din-9-zoll\\\/#primaryimage\"},\"thumbnailUrl\":\"https:\\\/\\\/shop.bantam.ch\\\/wp-content\\\/uploads\\\/2023\\\/02\\\/995755011.png\",\"datePublished\":\"2023-02-28T06:27:43+00:00\",\"dateModified\":\"2026-04-17T19:36:35+00:00\",\"breadcrumb\":{\"@id\":\"https:\\\/\\\/shop.bantam.ch\\\/de\\\/produkt\\\/naviceiver-z-n965-1-din-9-zoll\\\/#breadcrumb\"},\"inLanguage\":\"de\",\"potentialAction\":[{\"@type\":\"ReadAction\",\"target\":[\"https:\\\/\\\/shop.bantam.ch\\\/de\\\/produkt\\\/naviceiver-z-n965-1-din-9-zoll\\\/\"]}]},{\"@type\":\"ImageObject\",\"inLanguage\":\"de\",\"@id\":\"https:\\\/\\\/shop.bantam.ch\\\/de\\\/produkt\\\/naviceiver-z-n965-1-din-9-zoll\\\/#primaryimage\",\"url\":\"https:\\\/\\\/shop.bantam.ch\\\/wp-content\\\/uploads\\\/2023\\\/02\\\/995755011.png\",\"contentUrl\":\"https:\\\/\\\/shop.bantam.ch\\\/wp-content\\\/uploads\\\/2023\\\/02\\\/995755011.png\",\"width\":1412,\"height\":898},{\"@type\":\"BreadcrumbList\",\"@id\":\"https:\\\/\\\/shop.bantam.ch\\\/de\\\/produkt\\\/naviceiver-z-n965-1-din-9-zoll\\\/#breadcrumb\",\"itemListElement\":[{\"@type\":\"ListItem\",\"position\":1,\"name\":\"Accueil\",\"item\":\"https:\\\/\\\/shop.bantam.ch\\\/de\\\/\"},{\"@type\":\"ListItem\",\"position\":2,\"name\":\"Shop\",\"item\":\"https:\\\/\\\/shop.bantam.ch\\\/de\\\/shop\\\/\"},{\"@type\":\"ListItem\",\"position\":3,\"name\":\"Naviceiver Z-N965 1-DIN, 9 Zoll\"}]},{\"@type\":\"WebSite\",\"@id\":\"https:\\\/\\\/shop.bantam.ch\\\/de\\\/#website\",\"url\":\"https:\\\/\\\/shop.bantam.ch\\\/de\\\/\",\"name\":\"Bantam Camping AG\",\"description\":\"\",\"publisher\":{\"@id\":\"https:\\\/\\\/shop.bantam.ch\\\/de\\\/#organization\"},\"inLanguage\":\"de\"},{\"@type\":\"Organization\",\"@id\":\"https:\\\/\\\/shop.bantam.ch\\\/de\\\/#organization\",\"name\":\"Bantam Camping AG\",\"url\":\"https:\\\/\\\/shop.bantam.ch\\\/de\\\/\",\"logo\":{\"@type\":\"ImageObject\",\"inLanguage\":\"de\",\"@id\":\"https:\\\/\\\/shop.bantam.ch\\\/de\\\/#\\\/schema\\\/logo\\\/image\\\/\",\"url\":\"https:\\\/\\\/shop.bantam.ch\\\/wp-content\\\/uploads\\\/2022\\\/12\\\/bantam-logo.png\",\"contentUrl\":\"https:\\\/\\\/shop.bantam.ch\\\/wp-content\\\/uploads\\\/2022\\\/12\\\/bantam-logo.png\",\"width\":320,\"height\":71,\"caption\":\"Bantam Camping AG\"},\"image\":{\"@id\":\"https:\\\/\\\/shop.bantam.ch\\\/de\\\/#\\\/schema\\\/logo\\\/image\\\/\"}}]}<\/script>\n<!-- \/ Yoast SEO plugin. -->","yoast_head_json":{"title":"Naviceiver Z-N965 1-DIN, 9 Zoll - Bantam Camping AG","robots":{"index":"index","follow":"follow","max-snippet":"max-snippet:-1","max-image-preview":"max-image-preview:large","max-video-preview":"max-video-preview:-1"},"canonical":"https:\/\/shop.bantam.ch\/de\/produkt\/naviceiver-z-n965-1-din-9-zoll\/","og_locale":"de_DE","og_type":"article","og_title":"Naviceiver Z-N965 1-DIN, 9 Zoll - Bantam Camping AG","og_description":"Der ZENEC Z-N965 ist ein top ausgestatteter DAB+ Infotainer mit 9&#8243;\/22,9 cm Touchscreen f\u00fcr Fahrzeuge mit 1-DIN Ger\u00e4teschacht. Der integrierte DAB+ Doppeltuner mit dynamischer Stationsliste \u00fcberzeugt mit klarem Digitalradioempfang und komfortabler Bedienung \u00fcber die gro\u00dfen Sensortasten. Der Z-N965 unterst\u00fctzt Apple CarPlay und Google Android AutoTM, verf\u00fcgt \u00fcber ein umfangreiches Bluetoothsystem, zwei USB-Ports zur A\/V Wiedergabe [&hellip;]","og_url":"https:\/\/shop.bantam.ch\/de\/produkt\/naviceiver-z-n965-1-din-9-zoll\/","og_site_name":"Bantam Camping AG","article_modified_time":"2026-04-17T19:36:35+00:00","og_image":[{"width":1412,"height":898,"url":"https:\/\/shop.bantam.ch\/wp-content\/uploads\/2023\/02\/995755011.png","type":"image\/png"}],"twitter_card":"summary_large_image","twitter_misc":{"Gesch\u00e4tzte Lesezeit":"2\u00a0Minuten"},"schema":{"@context":"https:\/\/schema.org","@graph":[{"@type":"WebPage","@id":"https:\/\/shop.bantam.ch\/de\/produkt\/naviceiver-z-n965-1-din-9-zoll\/","url":"https:\/\/shop.bantam.ch\/de\/produkt\/naviceiver-z-n965-1-din-9-zoll\/","name":"Naviceiver Z-N965 1-DIN, 9 Zoll - Bantam Camping AG","isPartOf":{"@id":"https:\/\/shop.bantam.ch\/de\/#website"},"primaryImageOfPage":{"@id":"https:\/\/shop.bantam.ch\/de\/produkt\/naviceiver-z-n965-1-din-9-zoll\/#primaryimage"},"image":{"@id":"https:\/\/shop.bantam.ch\/de\/produkt\/naviceiver-z-n965-1-din-9-zoll\/#primaryimage"},"thumbnailUrl":"https:\/\/shop.bantam.ch\/wp-content\/uploads\/2023\/02\/995755011.png","datePublished":"2023-02-28T06:27:43+00:00","dateModified":"2026-04-17T19:36:35+00:00","breadcrumb":{"@id":"https:\/\/shop.bantam.ch\/de\/produkt\/naviceiver-z-n965-1-din-9-zoll\/#breadcrumb"},"inLanguage":"de","potentialAction":[{"@type":"ReadAction","target":["https:\/\/shop.bantam.ch\/de\/produkt\/naviceiver-z-n965-1-din-9-zoll\/"]}]},{"@type":"ImageObject","inLanguage":"de","@id":"https:\/\/shop.bantam.ch\/de\/produkt\/naviceiver-z-n965-1-din-9-zoll\/#primaryimage","url":"https:\/\/shop.bantam.ch\/wp-content\/uploads\/2023\/02\/995755011.png","contentUrl":"https:\/\/shop.bantam.ch\/wp-content\/uploads\/2023\/02\/995755011.png","width":1412,"height":898},{"@type":"BreadcrumbList","@id":"https:\/\/shop.bantam.ch\/de\/produkt\/naviceiver-z-n965-1-din-9-zoll\/#breadcrumb","itemListElement":[{"@type":"ListItem","position":1,"name":"Accueil","item":"https:\/\/shop.bantam.ch\/de\/"},{"@type":"ListItem","position":2,"name":"Shop","item":"https:\/\/shop.bantam.ch\/de\/shop\/"},{"@type":"ListItem","position":3,"name":"Naviceiver Z-N965 1-DIN, 9 Zoll"}]},{"@type":"WebSite","@id":"https:\/\/shop.bantam.ch\/de\/#website","url":"https:\/\/shop.bantam.ch\/de\/","name":"Bantam Camping AG","description":"","publisher":{"@id":"https:\/\/shop.bantam.ch\/de\/#organization"},"inLanguage":"de"},{"@type":"Organization","@id":"https:\/\/shop.bantam.ch\/de\/#organization","name":"Bantam Camping AG","url":"https:\/\/shop.bantam.ch\/de\/","logo":{"@type":"ImageObject","inLanguage":"de","@id":"https:\/\/shop.bantam.ch\/de\/#\/schema\/logo\/image\/","url":"https:\/\/shop.bantam.ch\/wp-content\/uploads\/2022\/12\/bantam-logo.png","contentUrl":"https:\/\/shop.bantam.ch\/wp-content\/uploads\/2022\/12\/bantam-logo.png","width":320,"height":71,"caption":"Bantam Camping AG"},"image":{"@id":"https:\/\/shop.bantam.ch\/de\/#\/schema\/logo\/image\/"}}]}},"_links":{"self":[{"href":"https:\/\/shop.bantam.ch\/de\/wp-json\/wp\/v2\/product\/104150","targetHints":{"allow":["GET"]}}],"collection":[{"href":"https:\/\/shop.bantam.ch\/de\/wp-json\/wp\/v2\/product"}],"about":[{"href":"https:\/\/shop.bantam.ch\/de\/wp-json\/wp\/v2\/types\/product"}],"wp:featuredmedia":[{"embeddable":true,"href":"https:\/\/shop.bantam.ch\/de\/wp-json\/wp\/v2\/media\/104148"}],"wp:attachment":[{"href":"https:\/\/shop.bantam.ch\/de\/wp-json\/wp\/v2\/media?parent=104150"}],"wp:term":[{"taxonomy":"product_featured_cat","embeddable":true,"href":"https:\/\/shop.bantam.ch\/de\/wp-json\/wp\/v2\/product_featured_cat?post=104150"},{"taxonomy":"product_brand","embeddable":true,"href":"https:\/\/shop.bantam.ch\/de\/wp-json\/wp\/v2\/product_brand?post=104150"},{"taxonomy":"product_cat","embeddable":true,"href":"https:\/\/shop.bantam.ch\/de\/wp-json\/wp\/v2\/product_cat?post=104150"},{"taxonomy":"product_tag","embeddable":true,"href":"https:\/\/shop.bantam.ch\/de\/wp-json\/wp\/v2\/product_tag?post=104150"}],"curies":[{"name":"wp","href":"https:\/\/api.w.org\/{rel}","templated":true}]}}