{"id":104033,"date":"2023-02-28T07:25:17","date_gmt":"2023-02-28T06:25:17","guid":{"rendered":"http:\/\/shop.bantam.ch\/produit\/membranpumpe-iqflo-12-v\/"},"modified":"2026-04-18T23:06:48","modified_gmt":"2026-04-18T21:06:48","slug":"membranpumpe-iqflo-12-v","status":"publish","type":"product","link":"https:\/\/shop.bantam.ch\/de\/produkt\/membranpumpe-iqflo-12-v\/","title":{"rendered":"Membranpumpe IQflo 12 V"},"content":{"rendered":"<p>Die neue patentierte IQflo-Technologie steuert den Wasserfluss intelligent leise mittels moderner, kombinierter Microcontroller-, Sensor- und Fluidtechnik. IQflo macht Ihr Leben unterwegs komfortabler! Genie\u00dfen Sie ein gleichm\u00e4\u00dfiges, kr\u00e4ftiges, angenehmes Duscherlebnis bei konstanter Temperatur &#8211; auch wenn Ihr Partner gleichzeitig die Toilette benutzt und sp\u00fclt.<br \/> Bitte beachten Sie, dass die IQflo-Technologie erst dann ihre volle Wirkung entfaltet, wenn alle Komponenten des Trinkwassersystem &#8211; Wei\u00dfGELB zusammen erarbeiten (Pumpe, Wasserverteiler, Verbinder, Befestigung). <br \/>Die neue intelligente Art Wasser flie\u00dfen zu lassen. Trinkwassersystem Wei\u00dfGELB Handelsausf\u00fchrung inkl. Anschlusst\u00fcllen 1 x 8040 und 1 x 8043 DIN 2001-02 zertifiziert,gepr\u00fcft nach KTW und DVGW Arbeitsblatt W270.<\/p>\n<p>Lieferumfang:<br \/> inklusive zwei 10mm-Aufschraubt\u00fcllen<\/p>\n","protected":false},"excerpt":{"rendered":"<p>Die neue patentierte IQflo-Technologie steuert den Wasserfluss intelligent leise mittels moderner, kombinierter Microcontroller-, Sensor- und Fluidtechnik. IQflo macht Ihr Leben unterwegs komfortabler! Genie\u00dfen Sie ein gleichm\u00e4\u00dfiges, kr\u00e4ftiges, angenehmes Duscherlebnis bei konstanter Temperatur &#8211; auch wenn Ihr Partner gleichzeitig die Toilette benutzt und sp\u00fclt. Bitte beachten Sie, dass die IQflo-Technologie erst dann ihre volle Wirkung entfaltet, [&hellip;]<\/p>\n","protected":false},"featured_media":104018,"template":"","meta":{"_acf_changed":false},"product_featured_cat":[],"product_brand":[3109],"product_cat":[4630],"product_tag":[],"class_list":{"0":"post-104033","1":"product","2":"type-product","3":"status-publish","4":"has-post-thumbnail","6":"product_brand-lilie-de","7":"product_cat-druckwasserpumpen","9":"first","10":"instock","11":"taxable","12":"shipping-taxable","13":"purchasable","14":"product-type-variable"},"acf":[],"yoast_head":"<!-- This site is optimized with the Yoast SEO plugin v27.4 - https:\/\/yoast.com\/product\/yoast-seo-wordpress\/ -->\n<title>Membranpumpe IQflo 12 V - Bantam Camping AG<\/title>\n<meta name=\"robots\" content=\"index, follow, max-snippet:-1, max-image-preview:large, max-video-preview:-1\" \/>\n<link rel=\"canonical\" href=\"https:\/\/shop.bantam.ch\/de\/produkt\/membranpumpe-iqflo-12-v\/\" \/>\n<meta property=\"og:locale\" content=\"de_DE\" \/>\n<meta property=\"og:type\" content=\"article\" \/>\n<meta property=\"og:title\" content=\"Membranpumpe IQflo 12 V - Bantam Camping AG\" \/>\n<meta property=\"og:description\" content=\"Die neue patentierte IQflo-Technologie steuert den Wasserfluss intelligent leise mittels moderner, kombinierter Microcontroller-, Sensor- und Fluidtechnik. IQflo macht Ihr Leben unterwegs komfortabler! Genie\u00dfen Sie ein gleichm\u00e4\u00dfiges, kr\u00e4ftiges, angenehmes Duscherlebnis bei konstanter Temperatur &#8211; auch wenn Ihr Partner gleichzeitig die Toilette benutzt und sp\u00fclt. Bitte beachten Sie, dass die IQflo-Technologie erst dann ihre volle Wirkung entfaltet, [&hellip;]\" \/>\n<meta property=\"og:url\" content=\"https:\/\/shop.bantam.ch\/de\/produkt\/membranpumpe-iqflo-12-v\/\" \/>\n<meta property=\"og:site_name\" content=\"Bantam Camping AG\" \/>\n<meta property=\"article:modified_time\" content=\"2026-04-18T21:06:48+00:00\" \/>\n<meta property=\"og:image\" content=\"https:\/\/shop.bantam.ch\/wp-content\/uploads\/2023\/02\/996071111.jpg\" \/>\n\t<meta property=\"og:image:width\" content=\"1000\" \/>\n\t<meta property=\"og:image:height\" content=\"553\" \/>\n\t<meta property=\"og:image:type\" content=\"image\/jpeg\" \/>\n<meta name=\"twitter:card\" content=\"summary_large_image\" \/>\n<meta name=\"twitter:label1\" content=\"Gesch\u00e4tzte Lesezeit\" \/>\n\t<meta name=\"twitter:data1\" content=\"1\u00a0Minute\" \/>\n<script type=\"application\/ld+json\" class=\"yoast-schema-graph\">{\"@context\":\"https:\\\/\\\/schema.org\",\"@graph\":[{\"@type\":\"WebPage\",\"@id\":\"https:\\\/\\\/shop.bantam.ch\\\/de\\\/produkt\\\/membranpumpe-iqflo-12-v\\\/\",\"url\":\"https:\\\/\\\/shop.bantam.ch\\\/de\\\/produkt\\\/membranpumpe-iqflo-12-v\\\/\",\"name\":\"Membranpumpe IQflo 12 V - Bantam Camping AG\",\"isPartOf\":{\"@id\":\"https:\\\/\\\/shop.bantam.ch\\\/de\\\/#website\"},\"primaryImageOfPage\":{\"@id\":\"https:\\\/\\\/shop.bantam.ch\\\/de\\\/produkt\\\/membranpumpe-iqflo-12-v\\\/#primaryimage\"},\"image\":{\"@id\":\"https:\\\/\\\/shop.bantam.ch\\\/de\\\/produkt\\\/membranpumpe-iqflo-12-v\\\/#primaryimage\"},\"thumbnailUrl\":\"https:\\\/\\\/shop.bantam.ch\\\/wp-content\\\/uploads\\\/2023\\\/02\\\/996071111.jpg\",\"datePublished\":\"2023-02-28T06:25:17+00:00\",\"dateModified\":\"2026-04-18T21:06:48+00:00\",\"breadcrumb\":{\"@id\":\"https:\\\/\\\/shop.bantam.ch\\\/de\\\/produkt\\\/membranpumpe-iqflo-12-v\\\/#breadcrumb\"},\"inLanguage\":\"de\",\"potentialAction\":[{\"@type\":\"ReadAction\",\"target\":[\"https:\\\/\\\/shop.bantam.ch\\\/de\\\/produkt\\\/membranpumpe-iqflo-12-v\\\/\"]}]},{\"@type\":\"ImageObject\",\"inLanguage\":\"de\",\"@id\":\"https:\\\/\\\/shop.bantam.ch\\\/de\\\/produkt\\\/membranpumpe-iqflo-12-v\\\/#primaryimage\",\"url\":\"https:\\\/\\\/shop.bantam.ch\\\/wp-content\\\/uploads\\\/2023\\\/02\\\/996071111.jpg\",\"contentUrl\":\"https:\\\/\\\/shop.bantam.ch\\\/wp-content\\\/uploads\\\/2023\\\/02\\\/996071111.jpg\",\"width\":1000,\"height\":553},{\"@type\":\"BreadcrumbList\",\"@id\":\"https:\\\/\\\/shop.bantam.ch\\\/de\\\/produkt\\\/membranpumpe-iqflo-12-v\\\/#breadcrumb\",\"itemListElement\":[{\"@type\":\"ListItem\",\"position\":1,\"name\":\"Accueil\",\"item\":\"https:\\\/\\\/shop.bantam.ch\\\/de\\\/\"},{\"@type\":\"ListItem\",\"position\":2,\"name\":\"Shop\",\"item\":\"https:\\\/\\\/shop.bantam.ch\\\/de\\\/shop\\\/\"},{\"@type\":\"ListItem\",\"position\":3,\"name\":\"Membranpumpe IQflo 12 V\"}]},{\"@type\":\"WebSite\",\"@id\":\"https:\\\/\\\/shop.bantam.ch\\\/de\\\/#website\",\"url\":\"https:\\\/\\\/shop.bantam.ch\\\/de\\\/\",\"name\":\"Bantam Camping AG\",\"description\":\"\",\"publisher\":{\"@id\":\"https:\\\/\\\/shop.bantam.ch\\\/de\\\/#organization\"},\"inLanguage\":\"de\"},{\"@type\":\"Organization\",\"@id\":\"https:\\\/\\\/shop.bantam.ch\\\/de\\\/#organization\",\"name\":\"Bantam Camping AG\",\"url\":\"https:\\\/\\\/shop.bantam.ch\\\/de\\\/\",\"logo\":{\"@type\":\"ImageObject\",\"inLanguage\":\"de\",\"@id\":\"https:\\\/\\\/shop.bantam.ch\\\/de\\\/#\\\/schema\\\/logo\\\/image\\\/\",\"url\":\"https:\\\/\\\/shop.bantam.ch\\\/wp-content\\\/uploads\\\/2022\\\/12\\\/bantam-logo.png\",\"contentUrl\":\"https:\\\/\\\/shop.bantam.ch\\\/wp-content\\\/uploads\\\/2022\\\/12\\\/bantam-logo.png\",\"width\":320,\"height\":71,\"caption\":\"Bantam Camping AG\"},\"image\":{\"@id\":\"https:\\\/\\\/shop.bantam.ch\\\/de\\\/#\\\/schema\\\/logo\\\/image\\\/\"}}]}<\/script>\n<!-- \/ Yoast SEO plugin. -->","yoast_head_json":{"title":"Membranpumpe IQflo 12 V - Bantam Camping AG","robots":{"index":"index","follow":"follow","max-snippet":"max-snippet:-1","max-image-preview":"max-image-preview:large","max-video-preview":"max-video-preview:-1"},"canonical":"https:\/\/shop.bantam.ch\/de\/produkt\/membranpumpe-iqflo-12-v\/","og_locale":"de_DE","og_type":"article","og_title":"Membranpumpe IQflo 12 V - Bantam Camping AG","og_description":"Die neue patentierte IQflo-Technologie steuert den Wasserfluss intelligent leise mittels moderner, kombinierter Microcontroller-, Sensor- und Fluidtechnik. IQflo macht Ihr Leben unterwegs komfortabler! Genie\u00dfen Sie ein gleichm\u00e4\u00dfiges, kr\u00e4ftiges, angenehmes Duscherlebnis bei konstanter Temperatur &#8211; auch wenn Ihr Partner gleichzeitig die Toilette benutzt und sp\u00fclt. Bitte beachten Sie, dass die IQflo-Technologie erst dann ihre volle Wirkung entfaltet, [&hellip;]","og_url":"https:\/\/shop.bantam.ch\/de\/produkt\/membranpumpe-iqflo-12-v\/","og_site_name":"Bantam Camping AG","article_modified_time":"2026-04-18T21:06:48+00:00","og_image":[{"width":1000,"height":553,"url":"https:\/\/shop.bantam.ch\/wp-content\/uploads\/2023\/02\/996071111.jpg","type":"image\/jpeg"}],"twitter_card":"summary_large_image","twitter_misc":{"Gesch\u00e4tzte Lesezeit":"1\u00a0Minute"},"schema":{"@context":"https:\/\/schema.org","@graph":[{"@type":"WebPage","@id":"https:\/\/shop.bantam.ch\/de\/produkt\/membranpumpe-iqflo-12-v\/","url":"https:\/\/shop.bantam.ch\/de\/produkt\/membranpumpe-iqflo-12-v\/","name":"Membranpumpe IQflo 12 V - Bantam Camping AG","isPartOf":{"@id":"https:\/\/shop.bantam.ch\/de\/#website"},"primaryImageOfPage":{"@id":"https:\/\/shop.bantam.ch\/de\/produkt\/membranpumpe-iqflo-12-v\/#primaryimage"},"image":{"@id":"https:\/\/shop.bantam.ch\/de\/produkt\/membranpumpe-iqflo-12-v\/#primaryimage"},"thumbnailUrl":"https:\/\/shop.bantam.ch\/wp-content\/uploads\/2023\/02\/996071111.jpg","datePublished":"2023-02-28T06:25:17+00:00","dateModified":"2026-04-18T21:06:48+00:00","breadcrumb":{"@id":"https:\/\/shop.bantam.ch\/de\/produkt\/membranpumpe-iqflo-12-v\/#breadcrumb"},"inLanguage":"de","potentialAction":[{"@type":"ReadAction","target":["https:\/\/shop.bantam.ch\/de\/produkt\/membranpumpe-iqflo-12-v\/"]}]},{"@type":"ImageObject","inLanguage":"de","@id":"https:\/\/shop.bantam.ch\/de\/produkt\/membranpumpe-iqflo-12-v\/#primaryimage","url":"https:\/\/shop.bantam.ch\/wp-content\/uploads\/2023\/02\/996071111.jpg","contentUrl":"https:\/\/shop.bantam.ch\/wp-content\/uploads\/2023\/02\/996071111.jpg","width":1000,"height":553},{"@type":"BreadcrumbList","@id":"https:\/\/shop.bantam.ch\/de\/produkt\/membranpumpe-iqflo-12-v\/#breadcrumb","itemListElement":[{"@type":"ListItem","position":1,"name":"Accueil","item":"https:\/\/shop.bantam.ch\/de\/"},{"@type":"ListItem","position":2,"name":"Shop","item":"https:\/\/shop.bantam.ch\/de\/shop\/"},{"@type":"ListItem","position":3,"name":"Membranpumpe IQflo 12 V"}]},{"@type":"WebSite","@id":"https:\/\/shop.bantam.ch\/de\/#website","url":"https:\/\/shop.bantam.ch\/de\/","name":"Bantam Camping AG","description":"","publisher":{"@id":"https:\/\/shop.bantam.ch\/de\/#organization"},"inLanguage":"de"},{"@type":"Organization","@id":"https:\/\/shop.bantam.ch\/de\/#organization","name":"Bantam Camping AG","url":"https:\/\/shop.bantam.ch\/de\/","logo":{"@type":"ImageObject","inLanguage":"de","@id":"https:\/\/shop.bantam.ch\/de\/#\/schema\/logo\/image\/","url":"https:\/\/shop.bantam.ch\/wp-content\/uploads\/2022\/12\/bantam-logo.png","contentUrl":"https:\/\/shop.bantam.ch\/wp-content\/uploads\/2022\/12\/bantam-logo.png","width":320,"height":71,"caption":"Bantam Camping AG"},"image":{"@id":"https:\/\/shop.bantam.ch\/de\/#\/schema\/logo\/image\/"}}]}},"_links":{"self":[{"href":"https:\/\/shop.bantam.ch\/de\/wp-json\/wp\/v2\/product\/104033","targetHints":{"allow":["GET"]}}],"collection":[{"href":"https:\/\/shop.bantam.ch\/de\/wp-json\/wp\/v2\/product"}],"about":[{"href":"https:\/\/shop.bantam.ch\/de\/wp-json\/wp\/v2\/types\/product"}],"wp:featuredmedia":[{"embeddable":true,"href":"https:\/\/shop.bantam.ch\/de\/wp-json\/wp\/v2\/media\/104018"}],"wp:attachment":[{"href":"https:\/\/shop.bantam.ch\/de\/wp-json\/wp\/v2\/media?parent=104033"}],"wp:term":[{"taxonomy":"product_featured_cat","embeddable":true,"href":"https:\/\/shop.bantam.ch\/de\/wp-json\/wp\/v2\/product_featured_cat?post=104033"},{"taxonomy":"product_brand","embeddable":true,"href":"https:\/\/shop.bantam.ch\/de\/wp-json\/wp\/v2\/product_brand?post=104033"},{"taxonomy":"product_cat","embeddable":true,"href":"https:\/\/shop.bantam.ch\/de\/wp-json\/wp\/v2\/product_cat?post=104033"},{"taxonomy":"product_tag","embeddable":true,"href":"https:\/\/shop.bantam.ch\/de\/wp-json\/wp\/v2\/product_tag?post=104033"}],"curies":[{"name":"wp","href":"https:\/\/api.w.org\/{rel}","templated":true}]}}