{"id":103926,"date":"2023-02-28T07:22:04","date_gmt":"2023-02-28T06:22:04","guid":{"rendered":"http:\/\/shop.bantam.ch\/produit\/gaswarngeraet-3-sicur\/"},"modified":"2026-04-18T21:37:11","modified_gmt":"2026-04-18T19:37:11","slug":"gaswarngeraet-3-sicur","status":"publish","type":"product","link":"https:\/\/shop.bantam.ch\/de\/produkt\/gaswarngeraet-3-sicur\/","title":{"rendered":"Gaswarnger\u00e4t BRUNNER 3-Sicur"},"content":{"rendered":"<p>Erstklassiges Gaswarnger\u00e4t f\u00fcr Freizeitfahrzeuge mit hochempfindlichen Sensoren f\u00fcr Propan\/Butan &#8211; Kohlenmonoxid und KO-Gas, die im Bedarfsfalle \u00fcber ein akustisches Signal Alarm schlagen. Die Kalibrierung der einzelnen Sensoren erfolgt automatisch. Eine fest eingebaute Pufferbatterie garantiert die Funktionsf\u00e4higkeit des Ger\u00e4tes auch bei Ausfall des Bordnetzes. Mobil oder fest eingebaut verwendbar. Mit Ein-Aus Schalter, LED Kontrolleuchten und 12V ZA-Stecker.<\/p>\n","protected":false},"excerpt":{"rendered":"<p>Erstklassiges Gaswarnger\u00e4t f\u00fcr Freizeitfahrzeuge mit hochempfindlichen Sensoren f\u00fcr Propan\/Butan &#8211; Kohlenmonoxid und KO-Gas, die im Bedarfsfalle \u00fcber ein akustisches Signal Alarm schlagen. Die Kalibrierung der einzelnen Sensoren erfolgt automatisch. Eine fest eingebaute Pufferbatterie garantiert die Funktionsf\u00e4higkeit des Ger\u00e4tes auch bei Ausfall des Bordnetzes. Mobil oder fest eingebaut verwendbar. Mit Ein-Aus Schalter, LED Kontrolleuchten und 12V [&hellip;]<\/p>\n","protected":false},"featured_media":103924,"template":"","meta":{"_acf_changed":false},"product_featured_cat":[],"product_brand":[3081],"product_cat":[5054],"product_tag":[],"class_list":{"0":"post-103926","1":"product","2":"type-product","3":"status-publish","4":"has-post-thumbnail","6":"product_brand-brunner-de","7":"product_cat-gaswarner","9":"first","10":"instock","11":"taxable","12":"shipping-taxable","13":"purchasable","14":"product-type-simple"},"acf":[],"yoast_head":"<!-- This site is optimized with the Yoast SEO plugin v27.4 - https:\/\/yoast.com\/product\/yoast-seo-wordpress\/ -->\n<title>Gaswarnger\u00e4t BRUNNER 3-Sicur - Bantam Camping AG<\/title>\n<meta name=\"robots\" content=\"index, follow, max-snippet:-1, max-image-preview:large, max-video-preview:-1\" \/>\n<link rel=\"canonical\" href=\"https:\/\/shop.bantam.ch\/de\/produkt\/gaswarngeraet-3-sicur\/\" \/>\n<meta property=\"og:locale\" content=\"de_DE\" \/>\n<meta property=\"og:type\" content=\"article\" \/>\n<meta property=\"og:title\" content=\"Gaswarnger\u00e4t BRUNNER 3-Sicur - Bantam Camping AG\" \/>\n<meta property=\"og:description\" content=\"Erstklassiges Gaswarnger\u00e4t f\u00fcr Freizeitfahrzeuge mit hochempfindlichen Sensoren f\u00fcr Propan\/Butan &#8211; Kohlenmonoxid und KO-Gas, die im Bedarfsfalle \u00fcber ein akustisches Signal Alarm schlagen. Die Kalibrierung der einzelnen Sensoren erfolgt automatisch. Eine fest eingebaute Pufferbatterie garantiert die Funktionsf\u00e4higkeit des Ger\u00e4tes auch bei Ausfall des Bordnetzes. Mobil oder fest eingebaut verwendbar. Mit Ein-Aus Schalter, LED Kontrolleuchten und 12V [&hellip;]\" \/>\n<meta property=\"og:url\" content=\"https:\/\/shop.bantam.ch\/de\/produkt\/gaswarngeraet-3-sicur\/\" \/>\n<meta property=\"og:site_name\" content=\"Bantam Camping AG\" \/>\n<meta property=\"article:modified_time\" content=\"2026-04-18T19:37:11+00:00\" \/>\n<meta property=\"og:image\" content=\"https:\/\/shop.bantam.ch\/wp-content\/uploads\/2023\/02\/994376411AQTwoizDNlUR1.jpg\" \/>\n\t<meta property=\"og:image:width\" content=\"1000\" \/>\n\t<meta property=\"og:image:height\" content=\"673\" \/>\n\t<meta property=\"og:image:type\" content=\"image\/jpeg\" \/>\n<meta name=\"twitter:card\" content=\"summary_large_image\" \/>\n<script type=\"application\/ld+json\" class=\"yoast-schema-graph\">{\"@context\":\"https:\\\/\\\/schema.org\",\"@graph\":[{\"@type\":\"WebPage\",\"@id\":\"https:\\\/\\\/shop.bantam.ch\\\/de\\\/produkt\\\/gaswarngeraet-3-sicur\\\/\",\"url\":\"https:\\\/\\\/shop.bantam.ch\\\/de\\\/produkt\\\/gaswarngeraet-3-sicur\\\/\",\"name\":\"Gaswarnger\u00e4t BRUNNER 3-Sicur - Bantam Camping AG\",\"isPartOf\":{\"@id\":\"https:\\\/\\\/shop.bantam.ch\\\/de\\\/#website\"},\"primaryImageOfPage\":{\"@id\":\"https:\\\/\\\/shop.bantam.ch\\\/de\\\/produkt\\\/gaswarngeraet-3-sicur\\\/#primaryimage\"},\"image\":{\"@id\":\"https:\\\/\\\/shop.bantam.ch\\\/de\\\/produkt\\\/gaswarngeraet-3-sicur\\\/#primaryimage\"},\"thumbnailUrl\":\"https:\\\/\\\/shop.bantam.ch\\\/wp-content\\\/uploads\\\/2023\\\/02\\\/994376411AQTwoizDNlUR1.jpg\",\"datePublished\":\"2023-02-28T06:22:04+00:00\",\"dateModified\":\"2026-04-18T19:37:11+00:00\",\"breadcrumb\":{\"@id\":\"https:\\\/\\\/shop.bantam.ch\\\/de\\\/produkt\\\/gaswarngeraet-3-sicur\\\/#breadcrumb\"},\"inLanguage\":\"de\",\"potentialAction\":[{\"@type\":\"ReadAction\",\"target\":[\"https:\\\/\\\/shop.bantam.ch\\\/de\\\/produkt\\\/gaswarngeraet-3-sicur\\\/\"]}]},{\"@type\":\"ImageObject\",\"inLanguage\":\"de\",\"@id\":\"https:\\\/\\\/shop.bantam.ch\\\/de\\\/produkt\\\/gaswarngeraet-3-sicur\\\/#primaryimage\",\"url\":\"https:\\\/\\\/shop.bantam.ch\\\/wp-content\\\/uploads\\\/2023\\\/02\\\/994376411AQTwoizDNlUR1.jpg\",\"contentUrl\":\"https:\\\/\\\/shop.bantam.ch\\\/wp-content\\\/uploads\\\/2023\\\/02\\\/994376411AQTwoizDNlUR1.jpg\",\"width\":1000,\"height\":673},{\"@type\":\"BreadcrumbList\",\"@id\":\"https:\\\/\\\/shop.bantam.ch\\\/de\\\/produkt\\\/gaswarngeraet-3-sicur\\\/#breadcrumb\",\"itemListElement\":[{\"@type\":\"ListItem\",\"position\":1,\"name\":\"Accueil\",\"item\":\"https:\\\/\\\/shop.bantam.ch\\\/de\\\/\"},{\"@type\":\"ListItem\",\"position\":2,\"name\":\"Shop\",\"item\":\"https:\\\/\\\/shop.bantam.ch\\\/de\\\/shop\\\/\"},{\"@type\":\"ListItem\",\"position\":3,\"name\":\"Gaswarnger\u00e4t BRUNNER 3-Sicur\"}]},{\"@type\":\"WebSite\",\"@id\":\"https:\\\/\\\/shop.bantam.ch\\\/de\\\/#website\",\"url\":\"https:\\\/\\\/shop.bantam.ch\\\/de\\\/\",\"name\":\"Bantam Camping AG\",\"description\":\"\",\"publisher\":{\"@id\":\"https:\\\/\\\/shop.bantam.ch\\\/de\\\/#organization\"},\"inLanguage\":\"de\"},{\"@type\":\"Organization\",\"@id\":\"https:\\\/\\\/shop.bantam.ch\\\/de\\\/#organization\",\"name\":\"Bantam Camping AG\",\"url\":\"https:\\\/\\\/shop.bantam.ch\\\/de\\\/\",\"logo\":{\"@type\":\"ImageObject\",\"inLanguage\":\"de\",\"@id\":\"https:\\\/\\\/shop.bantam.ch\\\/de\\\/#\\\/schema\\\/logo\\\/image\\\/\",\"url\":\"https:\\\/\\\/shop.bantam.ch\\\/wp-content\\\/uploads\\\/2022\\\/12\\\/bantam-logo.png\",\"contentUrl\":\"https:\\\/\\\/shop.bantam.ch\\\/wp-content\\\/uploads\\\/2022\\\/12\\\/bantam-logo.png\",\"width\":320,\"height\":71,\"caption\":\"Bantam Camping AG\"},\"image\":{\"@id\":\"https:\\\/\\\/shop.bantam.ch\\\/de\\\/#\\\/schema\\\/logo\\\/image\\\/\"}}]}<\/script>\n<!-- \/ Yoast SEO plugin. -->","yoast_head_json":{"title":"Gaswarnger\u00e4t BRUNNER 3-Sicur - Bantam Camping AG","robots":{"index":"index","follow":"follow","max-snippet":"max-snippet:-1","max-image-preview":"max-image-preview:large","max-video-preview":"max-video-preview:-1"},"canonical":"https:\/\/shop.bantam.ch\/de\/produkt\/gaswarngeraet-3-sicur\/","og_locale":"de_DE","og_type":"article","og_title":"Gaswarnger\u00e4t BRUNNER 3-Sicur - Bantam Camping AG","og_description":"Erstklassiges Gaswarnger\u00e4t f\u00fcr Freizeitfahrzeuge mit hochempfindlichen Sensoren f\u00fcr Propan\/Butan &#8211; Kohlenmonoxid und KO-Gas, die im Bedarfsfalle \u00fcber ein akustisches Signal Alarm schlagen. Die Kalibrierung der einzelnen Sensoren erfolgt automatisch. Eine fest eingebaute Pufferbatterie garantiert die Funktionsf\u00e4higkeit des Ger\u00e4tes auch bei Ausfall des Bordnetzes. Mobil oder fest eingebaut verwendbar. Mit Ein-Aus Schalter, LED Kontrolleuchten und 12V [&hellip;]","og_url":"https:\/\/shop.bantam.ch\/de\/produkt\/gaswarngeraet-3-sicur\/","og_site_name":"Bantam Camping AG","article_modified_time":"2026-04-18T19:37:11+00:00","og_image":[{"width":1000,"height":673,"url":"https:\/\/shop.bantam.ch\/wp-content\/uploads\/2023\/02\/994376411AQTwoizDNlUR1.jpg","type":"image\/jpeg"}],"twitter_card":"summary_large_image","schema":{"@context":"https:\/\/schema.org","@graph":[{"@type":"WebPage","@id":"https:\/\/shop.bantam.ch\/de\/produkt\/gaswarngeraet-3-sicur\/","url":"https:\/\/shop.bantam.ch\/de\/produkt\/gaswarngeraet-3-sicur\/","name":"Gaswarnger\u00e4t BRUNNER 3-Sicur - Bantam Camping AG","isPartOf":{"@id":"https:\/\/shop.bantam.ch\/de\/#website"},"primaryImageOfPage":{"@id":"https:\/\/shop.bantam.ch\/de\/produkt\/gaswarngeraet-3-sicur\/#primaryimage"},"image":{"@id":"https:\/\/shop.bantam.ch\/de\/produkt\/gaswarngeraet-3-sicur\/#primaryimage"},"thumbnailUrl":"https:\/\/shop.bantam.ch\/wp-content\/uploads\/2023\/02\/994376411AQTwoizDNlUR1.jpg","datePublished":"2023-02-28T06:22:04+00:00","dateModified":"2026-04-18T19:37:11+00:00","breadcrumb":{"@id":"https:\/\/shop.bantam.ch\/de\/produkt\/gaswarngeraet-3-sicur\/#breadcrumb"},"inLanguage":"de","potentialAction":[{"@type":"ReadAction","target":["https:\/\/shop.bantam.ch\/de\/produkt\/gaswarngeraet-3-sicur\/"]}]},{"@type":"ImageObject","inLanguage":"de","@id":"https:\/\/shop.bantam.ch\/de\/produkt\/gaswarngeraet-3-sicur\/#primaryimage","url":"https:\/\/shop.bantam.ch\/wp-content\/uploads\/2023\/02\/994376411AQTwoizDNlUR1.jpg","contentUrl":"https:\/\/shop.bantam.ch\/wp-content\/uploads\/2023\/02\/994376411AQTwoizDNlUR1.jpg","width":1000,"height":673},{"@type":"BreadcrumbList","@id":"https:\/\/shop.bantam.ch\/de\/produkt\/gaswarngeraet-3-sicur\/#breadcrumb","itemListElement":[{"@type":"ListItem","position":1,"name":"Accueil","item":"https:\/\/shop.bantam.ch\/de\/"},{"@type":"ListItem","position":2,"name":"Shop","item":"https:\/\/shop.bantam.ch\/de\/shop\/"},{"@type":"ListItem","position":3,"name":"Gaswarnger\u00e4t BRUNNER 3-Sicur"}]},{"@type":"WebSite","@id":"https:\/\/shop.bantam.ch\/de\/#website","url":"https:\/\/shop.bantam.ch\/de\/","name":"Bantam Camping AG","description":"","publisher":{"@id":"https:\/\/shop.bantam.ch\/de\/#organization"},"inLanguage":"de"},{"@type":"Organization","@id":"https:\/\/shop.bantam.ch\/de\/#organization","name":"Bantam Camping AG","url":"https:\/\/shop.bantam.ch\/de\/","logo":{"@type":"ImageObject","inLanguage":"de","@id":"https:\/\/shop.bantam.ch\/de\/#\/schema\/logo\/image\/","url":"https:\/\/shop.bantam.ch\/wp-content\/uploads\/2022\/12\/bantam-logo.png","contentUrl":"https:\/\/shop.bantam.ch\/wp-content\/uploads\/2022\/12\/bantam-logo.png","width":320,"height":71,"caption":"Bantam Camping AG"},"image":{"@id":"https:\/\/shop.bantam.ch\/de\/#\/schema\/logo\/image\/"}}]}},"_links":{"self":[{"href":"https:\/\/shop.bantam.ch\/de\/wp-json\/wp\/v2\/product\/103926","targetHints":{"allow":["GET"]}}],"collection":[{"href":"https:\/\/shop.bantam.ch\/de\/wp-json\/wp\/v2\/product"}],"about":[{"href":"https:\/\/shop.bantam.ch\/de\/wp-json\/wp\/v2\/types\/product"}],"wp:featuredmedia":[{"embeddable":true,"href":"https:\/\/shop.bantam.ch\/de\/wp-json\/wp\/v2\/media\/103924"}],"wp:attachment":[{"href":"https:\/\/shop.bantam.ch\/de\/wp-json\/wp\/v2\/media?parent=103926"}],"wp:term":[{"taxonomy":"product_featured_cat","embeddable":true,"href":"https:\/\/shop.bantam.ch\/de\/wp-json\/wp\/v2\/product_featured_cat?post=103926"},{"taxonomy":"product_brand","embeddable":true,"href":"https:\/\/shop.bantam.ch\/de\/wp-json\/wp\/v2\/product_brand?post=103926"},{"taxonomy":"product_cat","embeddable":true,"href":"https:\/\/shop.bantam.ch\/de\/wp-json\/wp\/v2\/product_cat?post=103926"},{"taxonomy":"product_tag","embeddable":true,"href":"https:\/\/shop.bantam.ch\/de\/wp-json\/wp\/v2\/product_tag?post=103926"}],"curies":[{"name":"wp","href":"https:\/\/api.w.org\/{rel}","templated":true}]}}