{"id":103784,"date":"2023-02-28T07:19:12","date_gmt":"2023-02-28T06:19:12","guid":{"rendered":"http:\/\/shop.bantam.ch\/produit\/gasheizung-heat-air-4-g\/"},"modified":"2026-04-17T21:35:58","modified_gmt":"2026-04-17T19:35:58","slug":"gasheizung-heat-air-4-g","status":"publish","type":"product","link":"https:\/\/shop.bantam.ch\/de\/produkt\/gasheizung-heat-air-4-g\/","title":{"rendered":"Gasheizung Webasto Heat Air 4 G"},"content":{"rendered":"<p>Whale bringt eine neue und innovative Produktfamilie mit den Heat Air Heizger\u00e4ten auf den Markt, die sich f\u00fcr Camper Vans, Reisemobil und Wohnwagen eignen. Diese Heizungen bieten aufgrund der Unterflurmontage mehr Platz im Fahrzeug, zus\u00e4tzlichen Komfort und einen leisen Betrieb, sodass man sich zur\u00fccklehnen und entspannen kann. Die Whale Heat Air-Heizungen sind in verschiedenen Gas- und Gas- \/ Elektroheizungen erh\u00e4ltlich. Jedes Modell moduliert die Heizleistung in drei Stufen und bietet so die optimale W\u00e4rme zum Wohlf\u00fchlen. Die kompakten und leichten Heizungen bieten aufgrund der Unterflurmontage einzigartige M\u00f6glichkeiten. Dadurch ergeben sich mehr Freiheiten f\u00fcr die Grundrissgestaltung des Fahrzeugs. Das intuitive Bedienelement erm\u00f6glicht eine einfache Steuerung der Heizger\u00e4te.<\/p>\n<p>Einige Hauptvorteile der Heat Air Heizger\u00e4te sind:<\/p>\n<ul>\n<li>Einfach zu installieren<\/li>\n<li>Mehr Platz im Fahrzeug<\/li>\n<li>Schnellere Aufheizzeiten<\/li>\n<li>Ruhiger Nachtmodus<\/li>\n<li>Einfach zu bedienen<\/li>\n<\/ul>\n","protected":false},"excerpt":{"rendered":"<p>Whale bringt eine neue und innovative Produktfamilie mit den Heat Air Heizger\u00e4ten auf den Markt, die sich f\u00fcr Camper Vans, Reisemobil und Wohnwagen eignen. Diese Heizungen bieten aufgrund der Unterflurmontage mehr Platz im Fahrzeug, zus\u00e4tzlichen Komfort und einen leisen Betrieb, sodass man sich zur\u00fccklehnen und entspannen kann. Die Whale Heat Air-Heizungen sind in verschiedenen Gas- [&hellip;]<\/p>\n","protected":false},"featured_media":103780,"template":"","meta":{"_acf_changed":false},"product_featured_cat":[],"product_brand":[3285],"product_cat":[4538],"product_tag":[],"class_list":{"0":"post-103784","1":"product","2":"type-product","3":"status-publish","4":"has-post-thumbnail","6":"product_brand-webasto-de","7":"product_cat-gasheizungen","9":"first","10":"instock","11":"taxable","12":"shipping-taxable","13":"purchasable","14":"product-type-simple"},"acf":[],"yoast_head":"<!-- This site is optimized with the Yoast SEO plugin v27.4 - https:\/\/yoast.com\/product\/yoast-seo-wordpress\/ -->\n<title>Gasheizung Webasto Heat Air 4 G - Bantam Camping AG<\/title>\n<meta name=\"robots\" content=\"index, follow, max-snippet:-1, max-image-preview:large, max-video-preview:-1\" \/>\n<link rel=\"canonical\" href=\"https:\/\/shop.bantam.ch\/de\/produkt\/gasheizung-heat-air-4-g\/\" \/>\n<meta property=\"og:locale\" content=\"de_DE\" \/>\n<meta property=\"og:type\" content=\"article\" \/>\n<meta property=\"og:title\" content=\"Gasheizung Webasto Heat Air 4 G - Bantam Camping AG\" \/>\n<meta property=\"og:description\" content=\"Whale bringt eine neue und innovative Produktfamilie mit den Heat Air Heizger\u00e4ten auf den Markt, die sich f\u00fcr Camper Vans, Reisemobil und Wohnwagen eignen. Diese Heizungen bieten aufgrund der Unterflurmontage mehr Platz im Fahrzeug, zus\u00e4tzlichen Komfort und einen leisen Betrieb, sodass man sich zur\u00fccklehnen und entspannen kann. Die Whale Heat Air-Heizungen sind in verschiedenen Gas- [&hellip;]\" \/>\n<meta property=\"og:url\" content=\"https:\/\/shop.bantam.ch\/de\/produkt\/gasheizung-heat-air-4-g\/\" \/>\n<meta property=\"og:site_name\" content=\"Bantam Camping AG\" \/>\n<meta property=\"article:modified_time\" content=\"2026-04-17T19:35:58+00:00\" \/>\n<meta property=\"og:image\" content=\"https:\/\/shop.bantam.ch\/wp-content\/uploads\/2023\/02\/995690811.jpg\" \/>\n\t<meta property=\"og:image:width\" content=\"1000\" \/>\n\t<meta property=\"og:image:height\" content=\"665\" \/>\n\t<meta property=\"og:image:type\" content=\"image\/jpeg\" \/>\n<meta name=\"twitter:card\" content=\"summary_large_image\" \/>\n<meta name=\"twitter:label1\" content=\"Gesch\u00e4tzte Lesezeit\" \/>\n\t<meta name=\"twitter:data1\" content=\"1\u00a0Minute\" \/>\n<script type=\"application\/ld+json\" class=\"yoast-schema-graph\">{\"@context\":\"https:\\\/\\\/schema.org\",\"@graph\":[{\"@type\":\"WebPage\",\"@id\":\"https:\\\/\\\/shop.bantam.ch\\\/de\\\/produkt\\\/gasheizung-heat-air-4-g\\\/\",\"url\":\"https:\\\/\\\/shop.bantam.ch\\\/de\\\/produkt\\\/gasheizung-heat-air-4-g\\\/\",\"name\":\"Gasheizung Webasto Heat Air 4 G - Bantam Camping AG\",\"isPartOf\":{\"@id\":\"https:\\\/\\\/shop.bantam.ch\\\/de\\\/#website\"},\"primaryImageOfPage\":{\"@id\":\"https:\\\/\\\/shop.bantam.ch\\\/de\\\/produkt\\\/gasheizung-heat-air-4-g\\\/#primaryimage\"},\"image\":{\"@id\":\"https:\\\/\\\/shop.bantam.ch\\\/de\\\/produkt\\\/gasheizung-heat-air-4-g\\\/#primaryimage\"},\"thumbnailUrl\":\"https:\\\/\\\/shop.bantam.ch\\\/wp-content\\\/uploads\\\/2023\\\/02\\\/995690811.jpg\",\"datePublished\":\"2023-02-28T06:19:12+00:00\",\"dateModified\":\"2026-04-17T19:35:58+00:00\",\"breadcrumb\":{\"@id\":\"https:\\\/\\\/shop.bantam.ch\\\/de\\\/produkt\\\/gasheizung-heat-air-4-g\\\/#breadcrumb\"},\"inLanguage\":\"de\",\"potentialAction\":[{\"@type\":\"ReadAction\",\"target\":[\"https:\\\/\\\/shop.bantam.ch\\\/de\\\/produkt\\\/gasheizung-heat-air-4-g\\\/\"]}]},{\"@type\":\"ImageObject\",\"inLanguage\":\"de\",\"@id\":\"https:\\\/\\\/shop.bantam.ch\\\/de\\\/produkt\\\/gasheizung-heat-air-4-g\\\/#primaryimage\",\"url\":\"https:\\\/\\\/shop.bantam.ch\\\/wp-content\\\/uploads\\\/2023\\\/02\\\/995690811.jpg\",\"contentUrl\":\"https:\\\/\\\/shop.bantam.ch\\\/wp-content\\\/uploads\\\/2023\\\/02\\\/995690811.jpg\",\"width\":1000,\"height\":665},{\"@type\":\"BreadcrumbList\",\"@id\":\"https:\\\/\\\/shop.bantam.ch\\\/de\\\/produkt\\\/gasheizung-heat-air-4-g\\\/#breadcrumb\",\"itemListElement\":[{\"@type\":\"ListItem\",\"position\":1,\"name\":\"Accueil\",\"item\":\"https:\\\/\\\/shop.bantam.ch\\\/de\\\/\"},{\"@type\":\"ListItem\",\"position\":2,\"name\":\"Shop\",\"item\":\"https:\\\/\\\/shop.bantam.ch\\\/de\\\/shop\\\/\"},{\"@type\":\"ListItem\",\"position\":3,\"name\":\"Gasheizung Webasto Heat Air 4 G\"}]},{\"@type\":\"WebSite\",\"@id\":\"https:\\\/\\\/shop.bantam.ch\\\/de\\\/#website\",\"url\":\"https:\\\/\\\/shop.bantam.ch\\\/de\\\/\",\"name\":\"Bantam Camping AG\",\"description\":\"\",\"publisher\":{\"@id\":\"https:\\\/\\\/shop.bantam.ch\\\/de\\\/#organization\"},\"inLanguage\":\"de\"},{\"@type\":\"Organization\",\"@id\":\"https:\\\/\\\/shop.bantam.ch\\\/de\\\/#organization\",\"name\":\"Bantam Camping AG\",\"url\":\"https:\\\/\\\/shop.bantam.ch\\\/de\\\/\",\"logo\":{\"@type\":\"ImageObject\",\"inLanguage\":\"de\",\"@id\":\"https:\\\/\\\/shop.bantam.ch\\\/de\\\/#\\\/schema\\\/logo\\\/image\\\/\",\"url\":\"https:\\\/\\\/shop.bantam.ch\\\/wp-content\\\/uploads\\\/2022\\\/12\\\/bantam-logo.png\",\"contentUrl\":\"https:\\\/\\\/shop.bantam.ch\\\/wp-content\\\/uploads\\\/2022\\\/12\\\/bantam-logo.png\",\"width\":320,\"height\":71,\"caption\":\"Bantam Camping AG\"},\"image\":{\"@id\":\"https:\\\/\\\/shop.bantam.ch\\\/de\\\/#\\\/schema\\\/logo\\\/image\\\/\"}}]}<\/script>\n<!-- \/ Yoast SEO plugin. -->","yoast_head_json":{"title":"Gasheizung Webasto Heat Air 4 G - Bantam Camping AG","robots":{"index":"index","follow":"follow","max-snippet":"max-snippet:-1","max-image-preview":"max-image-preview:large","max-video-preview":"max-video-preview:-1"},"canonical":"https:\/\/shop.bantam.ch\/de\/produkt\/gasheizung-heat-air-4-g\/","og_locale":"de_DE","og_type":"article","og_title":"Gasheizung Webasto Heat Air 4 G - Bantam Camping AG","og_description":"Whale bringt eine neue und innovative Produktfamilie mit den Heat Air Heizger\u00e4ten auf den Markt, die sich f\u00fcr Camper Vans, Reisemobil und Wohnwagen eignen. Diese Heizungen bieten aufgrund der Unterflurmontage mehr Platz im Fahrzeug, zus\u00e4tzlichen Komfort und einen leisen Betrieb, sodass man sich zur\u00fccklehnen und entspannen kann. Die Whale Heat Air-Heizungen sind in verschiedenen Gas- [&hellip;]","og_url":"https:\/\/shop.bantam.ch\/de\/produkt\/gasheizung-heat-air-4-g\/","og_site_name":"Bantam Camping AG","article_modified_time":"2026-04-17T19:35:58+00:00","og_image":[{"width":1000,"height":665,"url":"https:\/\/shop.bantam.ch\/wp-content\/uploads\/2023\/02\/995690811.jpg","type":"image\/jpeg"}],"twitter_card":"summary_large_image","twitter_misc":{"Gesch\u00e4tzte Lesezeit":"1\u00a0Minute"},"schema":{"@context":"https:\/\/schema.org","@graph":[{"@type":"WebPage","@id":"https:\/\/shop.bantam.ch\/de\/produkt\/gasheizung-heat-air-4-g\/","url":"https:\/\/shop.bantam.ch\/de\/produkt\/gasheizung-heat-air-4-g\/","name":"Gasheizung Webasto Heat Air 4 G - Bantam Camping AG","isPartOf":{"@id":"https:\/\/shop.bantam.ch\/de\/#website"},"primaryImageOfPage":{"@id":"https:\/\/shop.bantam.ch\/de\/produkt\/gasheizung-heat-air-4-g\/#primaryimage"},"image":{"@id":"https:\/\/shop.bantam.ch\/de\/produkt\/gasheizung-heat-air-4-g\/#primaryimage"},"thumbnailUrl":"https:\/\/shop.bantam.ch\/wp-content\/uploads\/2023\/02\/995690811.jpg","datePublished":"2023-02-28T06:19:12+00:00","dateModified":"2026-04-17T19:35:58+00:00","breadcrumb":{"@id":"https:\/\/shop.bantam.ch\/de\/produkt\/gasheizung-heat-air-4-g\/#breadcrumb"},"inLanguage":"de","potentialAction":[{"@type":"ReadAction","target":["https:\/\/shop.bantam.ch\/de\/produkt\/gasheizung-heat-air-4-g\/"]}]},{"@type":"ImageObject","inLanguage":"de","@id":"https:\/\/shop.bantam.ch\/de\/produkt\/gasheizung-heat-air-4-g\/#primaryimage","url":"https:\/\/shop.bantam.ch\/wp-content\/uploads\/2023\/02\/995690811.jpg","contentUrl":"https:\/\/shop.bantam.ch\/wp-content\/uploads\/2023\/02\/995690811.jpg","width":1000,"height":665},{"@type":"BreadcrumbList","@id":"https:\/\/shop.bantam.ch\/de\/produkt\/gasheizung-heat-air-4-g\/#breadcrumb","itemListElement":[{"@type":"ListItem","position":1,"name":"Accueil","item":"https:\/\/shop.bantam.ch\/de\/"},{"@type":"ListItem","position":2,"name":"Shop","item":"https:\/\/shop.bantam.ch\/de\/shop\/"},{"@type":"ListItem","position":3,"name":"Gasheizung Webasto Heat Air 4 G"}]},{"@type":"WebSite","@id":"https:\/\/shop.bantam.ch\/de\/#website","url":"https:\/\/shop.bantam.ch\/de\/","name":"Bantam Camping AG","description":"","publisher":{"@id":"https:\/\/shop.bantam.ch\/de\/#organization"},"inLanguage":"de"},{"@type":"Organization","@id":"https:\/\/shop.bantam.ch\/de\/#organization","name":"Bantam Camping AG","url":"https:\/\/shop.bantam.ch\/de\/","logo":{"@type":"ImageObject","inLanguage":"de","@id":"https:\/\/shop.bantam.ch\/de\/#\/schema\/logo\/image\/","url":"https:\/\/shop.bantam.ch\/wp-content\/uploads\/2022\/12\/bantam-logo.png","contentUrl":"https:\/\/shop.bantam.ch\/wp-content\/uploads\/2022\/12\/bantam-logo.png","width":320,"height":71,"caption":"Bantam Camping AG"},"image":{"@id":"https:\/\/shop.bantam.ch\/de\/#\/schema\/logo\/image\/"}}]}},"_links":{"self":[{"href":"https:\/\/shop.bantam.ch\/de\/wp-json\/wp\/v2\/product\/103784","targetHints":{"allow":["GET"]}}],"collection":[{"href":"https:\/\/shop.bantam.ch\/de\/wp-json\/wp\/v2\/product"}],"about":[{"href":"https:\/\/shop.bantam.ch\/de\/wp-json\/wp\/v2\/types\/product"}],"wp:featuredmedia":[{"embeddable":true,"href":"https:\/\/shop.bantam.ch\/de\/wp-json\/wp\/v2\/media\/103780"}],"wp:attachment":[{"href":"https:\/\/shop.bantam.ch\/de\/wp-json\/wp\/v2\/media?parent=103784"}],"wp:term":[{"taxonomy":"product_featured_cat","embeddable":true,"href":"https:\/\/shop.bantam.ch\/de\/wp-json\/wp\/v2\/product_featured_cat?post=103784"},{"taxonomy":"product_brand","embeddable":true,"href":"https:\/\/shop.bantam.ch\/de\/wp-json\/wp\/v2\/product_brand?post=103784"},{"taxonomy":"product_cat","embeddable":true,"href":"https:\/\/shop.bantam.ch\/de\/wp-json\/wp\/v2\/product_cat?post=103784"},{"taxonomy":"product_tag","embeddable":true,"href":"https:\/\/shop.bantam.ch\/de\/wp-json\/wp\/v2\/product_tag?post=103784"}],"curies":[{"name":"wp","href":"https:\/\/api.w.org\/{rel}","templated":true}]}}