{"id":103498,"date":"2023-02-28T07:13:48","date_gmt":"2023-02-28T06:13:48","guid":{"rendered":"http:\/\/shop.bantam.ch\/produit\/rangiersystem-basic-1-6\/"},"modified":"2026-04-18T21:36:40","modified_gmt":"2026-04-18T19:36:40","slug":"rangiersystem-basic-1-6","status":"publish","type":"product","link":"https:\/\/shop.bantam.ch\/de\/produkt\/rangiersystem-basic-1-6\/","title":{"rendered":"Rangiersystem easydriver basic 1.6 Einachser"},"content":{"rendered":"<p>Einfach stark:<\/p>\n<p>Rangieren mit Antrieben von easydriver<\/p>\n<ul>\n<li>einfacher rangieren, auch wenn&#8217;s eng wird<\/li>\n<li>mit einzigartiger und mehrfach patentierter Technik<\/li>\n<li>optimale und sichere Kraft\u00fcbertragung von der Antriebsrolle auf den Reifen durch gro\u00dfen Anschwenkweg und innovative Rollenoberfl\u00e4che<\/li>\n<li>der besondere Materialmix macht den easydriver leichter und bewahrt vor Korrosion<\/li>\n<li>langlebig dank spielfreiem Anschwenkmechanismus mit Hochleistungsgleitlagern<\/li>\n<li>einfachstes Ankuppeln<\/li>\n<li>keinen bis minimalen Verlust an Bodenfreiheit (je nach Chassis-Typ)<\/li>\n<li>Stromaufnahme 20 A<\/li>\n<li>Manuell an- und abschwenkbar per Handkurbel oder Akkuschrauber<\/li>\n<li>G\u00fcnstiger Einstieg in die Welt der easydriver Rangierantriebe<\/li>\n<li>Inklusive Funk-Fernbedienung<\/li>\n<\/ul>\n<ul>\n<li>Steigf\u00e4higkeit: 15 % bei 1.600 kg 25 % bei 1.200 kg<\/li>\n<li>\u00a0 Einseitenbedienung: manuell<\/li>\n<\/ul>\n","protected":false},"excerpt":{"rendered":"<p>Einfach stark: Rangieren mit Antrieben von easydriver einfacher rangieren, auch wenn&#8217;s eng wird mit einzigartiger und mehrfach patentierter Technik optimale und sichere Kraft\u00fcbertragung von der Antriebsrolle auf den Reifen durch gro\u00dfen Anschwenkweg und innovative Rollenoberfl\u00e4che der besondere Materialmix macht den easydriver leichter und bewahrt vor Korrosion langlebig dank spielfreiem Anschwenkmechanismus mit Hochleistungsgleitlagern einfachstes Ankuppeln keinen [&hellip;]<\/p>\n","protected":false},"featured_media":103496,"template":"","meta":{"_acf_changed":false},"product_featured_cat":[],"product_brand":[3133],"product_cat":[4822],"product_tag":[],"class_list":{"0":"post-103498","1":"product","2":"type-product","3":"status-publish","4":"has-post-thumbnail","6":"product_brand-easydriver-de","7":"product_cat-rangierhilfen","9":"first","10":"instock","11":"featured","12":"taxable","13":"shipping-taxable","14":"purchasable","15":"product-type-simple"},"acf":[],"yoast_head":"<!-- This site is optimized with the Yoast SEO plugin v27.4 - https:\/\/yoast.com\/product\/yoast-seo-wordpress\/ -->\n<title>Rangiersystem easydriver basic 1.6 Einachser - Bantam Camping AG<\/title>\n<meta name=\"robots\" content=\"index, follow, max-snippet:-1, max-image-preview:large, max-video-preview:-1\" \/>\n<link rel=\"canonical\" href=\"https:\/\/shop.bantam.ch\/de\/produkt\/rangiersystem-basic-1-6\/\" \/>\n<meta property=\"og:locale\" content=\"de_DE\" \/>\n<meta property=\"og:type\" content=\"article\" \/>\n<meta property=\"og:title\" content=\"Rangiersystem easydriver basic 1.6 Einachser - Bantam Camping AG\" \/>\n<meta property=\"og:description\" content=\"Einfach stark: Rangieren mit Antrieben von easydriver einfacher rangieren, auch wenn&#8217;s eng wird mit einzigartiger und mehrfach patentierter Technik optimale und sichere Kraft\u00fcbertragung von der Antriebsrolle auf den Reifen durch gro\u00dfen Anschwenkweg und innovative Rollenoberfl\u00e4che der besondere Materialmix macht den easydriver leichter und bewahrt vor Korrosion langlebig dank spielfreiem Anschwenkmechanismus mit Hochleistungsgleitlagern einfachstes Ankuppeln keinen [&hellip;]\" \/>\n<meta property=\"og:url\" content=\"https:\/\/shop.bantam.ch\/de\/produkt\/rangiersystem-basic-1-6\/\" \/>\n<meta property=\"og:site_name\" content=\"Bantam Camping AG\" \/>\n<meta property=\"article:modified_time\" content=\"2026-04-18T19:36:40+00:00\" \/>\n<meta property=\"og:image\" content=\"https:\/\/shop.bantam.ch\/wp-content\/uploads\/2023\/02\/994373111.jpg\" \/>\n\t<meta property=\"og:image:width\" content=\"1000\" \/>\n\t<meta property=\"og:image:height\" content=\"530\" \/>\n\t<meta property=\"og:image:type\" content=\"image\/jpeg\" \/>\n<meta name=\"twitter:card\" content=\"summary_large_image\" \/>\n<script type=\"application\/ld+json\" class=\"yoast-schema-graph\">{\"@context\":\"https:\\\/\\\/schema.org\",\"@graph\":[{\"@type\":\"WebPage\",\"@id\":\"https:\\\/\\\/shop.bantam.ch\\\/de\\\/produkt\\\/rangiersystem-basic-1-6\\\/\",\"url\":\"https:\\\/\\\/shop.bantam.ch\\\/de\\\/produkt\\\/rangiersystem-basic-1-6\\\/\",\"name\":\"Rangiersystem easydriver basic 1.6 Einachser - Bantam Camping AG\",\"isPartOf\":{\"@id\":\"https:\\\/\\\/shop.bantam.ch\\\/de\\\/#website\"},\"primaryImageOfPage\":{\"@id\":\"https:\\\/\\\/shop.bantam.ch\\\/de\\\/produkt\\\/rangiersystem-basic-1-6\\\/#primaryimage\"},\"image\":{\"@id\":\"https:\\\/\\\/shop.bantam.ch\\\/de\\\/produkt\\\/rangiersystem-basic-1-6\\\/#primaryimage\"},\"thumbnailUrl\":\"https:\\\/\\\/shop.bantam.ch\\\/wp-content\\\/uploads\\\/2023\\\/02\\\/994373111.jpg\",\"datePublished\":\"2023-02-28T06:13:48+00:00\",\"dateModified\":\"2026-04-18T19:36:40+00:00\",\"breadcrumb\":{\"@id\":\"https:\\\/\\\/shop.bantam.ch\\\/de\\\/produkt\\\/rangiersystem-basic-1-6\\\/#breadcrumb\"},\"inLanguage\":\"de\",\"potentialAction\":[{\"@type\":\"ReadAction\",\"target\":[\"https:\\\/\\\/shop.bantam.ch\\\/de\\\/produkt\\\/rangiersystem-basic-1-6\\\/\"]}]},{\"@type\":\"ImageObject\",\"inLanguage\":\"de\",\"@id\":\"https:\\\/\\\/shop.bantam.ch\\\/de\\\/produkt\\\/rangiersystem-basic-1-6\\\/#primaryimage\",\"url\":\"https:\\\/\\\/shop.bantam.ch\\\/wp-content\\\/uploads\\\/2023\\\/02\\\/994373111.jpg\",\"contentUrl\":\"https:\\\/\\\/shop.bantam.ch\\\/wp-content\\\/uploads\\\/2023\\\/02\\\/994373111.jpg\",\"width\":1000,\"height\":530},{\"@type\":\"BreadcrumbList\",\"@id\":\"https:\\\/\\\/shop.bantam.ch\\\/de\\\/produkt\\\/rangiersystem-basic-1-6\\\/#breadcrumb\",\"itemListElement\":[{\"@type\":\"ListItem\",\"position\":1,\"name\":\"Accueil\",\"item\":\"https:\\\/\\\/shop.bantam.ch\\\/de\\\/\"},{\"@type\":\"ListItem\",\"position\":2,\"name\":\"Shop\",\"item\":\"https:\\\/\\\/shop.bantam.ch\\\/de\\\/shop\\\/\"},{\"@type\":\"ListItem\",\"position\":3,\"name\":\"Rangiersystem easydriver basic 1.6 Einachser\"}]},{\"@type\":\"WebSite\",\"@id\":\"https:\\\/\\\/shop.bantam.ch\\\/de\\\/#website\",\"url\":\"https:\\\/\\\/shop.bantam.ch\\\/de\\\/\",\"name\":\"Bantam Camping AG\",\"description\":\"\",\"publisher\":{\"@id\":\"https:\\\/\\\/shop.bantam.ch\\\/de\\\/#organization\"},\"inLanguage\":\"de\"},{\"@type\":\"Organization\",\"@id\":\"https:\\\/\\\/shop.bantam.ch\\\/de\\\/#organization\",\"name\":\"Bantam Camping AG\",\"url\":\"https:\\\/\\\/shop.bantam.ch\\\/de\\\/\",\"logo\":{\"@type\":\"ImageObject\",\"inLanguage\":\"de\",\"@id\":\"https:\\\/\\\/shop.bantam.ch\\\/de\\\/#\\\/schema\\\/logo\\\/image\\\/\",\"url\":\"https:\\\/\\\/shop.bantam.ch\\\/wp-content\\\/uploads\\\/2022\\\/12\\\/bantam-logo.png\",\"contentUrl\":\"https:\\\/\\\/shop.bantam.ch\\\/wp-content\\\/uploads\\\/2022\\\/12\\\/bantam-logo.png\",\"width\":320,\"height\":71,\"caption\":\"Bantam Camping AG\"},\"image\":{\"@id\":\"https:\\\/\\\/shop.bantam.ch\\\/de\\\/#\\\/schema\\\/logo\\\/image\\\/\"}}]}<\/script>\n<!-- \/ Yoast SEO plugin. -->","yoast_head_json":{"title":"Rangiersystem easydriver basic 1.6 Einachser - Bantam Camping AG","robots":{"index":"index","follow":"follow","max-snippet":"max-snippet:-1","max-image-preview":"max-image-preview:large","max-video-preview":"max-video-preview:-1"},"canonical":"https:\/\/shop.bantam.ch\/de\/produkt\/rangiersystem-basic-1-6\/","og_locale":"de_DE","og_type":"article","og_title":"Rangiersystem easydriver basic 1.6 Einachser - Bantam Camping AG","og_description":"Einfach stark: Rangieren mit Antrieben von easydriver einfacher rangieren, auch wenn&#8217;s eng wird mit einzigartiger und mehrfach patentierter Technik optimale und sichere Kraft\u00fcbertragung von der Antriebsrolle auf den Reifen durch gro\u00dfen Anschwenkweg und innovative Rollenoberfl\u00e4che der besondere Materialmix macht den easydriver leichter und bewahrt vor Korrosion langlebig dank spielfreiem Anschwenkmechanismus mit Hochleistungsgleitlagern einfachstes Ankuppeln keinen [&hellip;]","og_url":"https:\/\/shop.bantam.ch\/de\/produkt\/rangiersystem-basic-1-6\/","og_site_name":"Bantam Camping AG","article_modified_time":"2026-04-18T19:36:40+00:00","og_image":[{"width":1000,"height":530,"url":"https:\/\/shop.bantam.ch\/wp-content\/uploads\/2023\/02\/994373111.jpg","type":"image\/jpeg"}],"twitter_card":"summary_large_image","schema":{"@context":"https:\/\/schema.org","@graph":[{"@type":"WebPage","@id":"https:\/\/shop.bantam.ch\/de\/produkt\/rangiersystem-basic-1-6\/","url":"https:\/\/shop.bantam.ch\/de\/produkt\/rangiersystem-basic-1-6\/","name":"Rangiersystem easydriver basic 1.6 Einachser - Bantam Camping AG","isPartOf":{"@id":"https:\/\/shop.bantam.ch\/de\/#website"},"primaryImageOfPage":{"@id":"https:\/\/shop.bantam.ch\/de\/produkt\/rangiersystem-basic-1-6\/#primaryimage"},"image":{"@id":"https:\/\/shop.bantam.ch\/de\/produkt\/rangiersystem-basic-1-6\/#primaryimage"},"thumbnailUrl":"https:\/\/shop.bantam.ch\/wp-content\/uploads\/2023\/02\/994373111.jpg","datePublished":"2023-02-28T06:13:48+00:00","dateModified":"2026-04-18T19:36:40+00:00","breadcrumb":{"@id":"https:\/\/shop.bantam.ch\/de\/produkt\/rangiersystem-basic-1-6\/#breadcrumb"},"inLanguage":"de","potentialAction":[{"@type":"ReadAction","target":["https:\/\/shop.bantam.ch\/de\/produkt\/rangiersystem-basic-1-6\/"]}]},{"@type":"ImageObject","inLanguage":"de","@id":"https:\/\/shop.bantam.ch\/de\/produkt\/rangiersystem-basic-1-6\/#primaryimage","url":"https:\/\/shop.bantam.ch\/wp-content\/uploads\/2023\/02\/994373111.jpg","contentUrl":"https:\/\/shop.bantam.ch\/wp-content\/uploads\/2023\/02\/994373111.jpg","width":1000,"height":530},{"@type":"BreadcrumbList","@id":"https:\/\/shop.bantam.ch\/de\/produkt\/rangiersystem-basic-1-6\/#breadcrumb","itemListElement":[{"@type":"ListItem","position":1,"name":"Accueil","item":"https:\/\/shop.bantam.ch\/de\/"},{"@type":"ListItem","position":2,"name":"Shop","item":"https:\/\/shop.bantam.ch\/de\/shop\/"},{"@type":"ListItem","position":3,"name":"Rangiersystem easydriver basic 1.6 Einachser"}]},{"@type":"WebSite","@id":"https:\/\/shop.bantam.ch\/de\/#website","url":"https:\/\/shop.bantam.ch\/de\/","name":"Bantam Camping AG","description":"","publisher":{"@id":"https:\/\/shop.bantam.ch\/de\/#organization"},"inLanguage":"de"},{"@type":"Organization","@id":"https:\/\/shop.bantam.ch\/de\/#organization","name":"Bantam Camping AG","url":"https:\/\/shop.bantam.ch\/de\/","logo":{"@type":"ImageObject","inLanguage":"de","@id":"https:\/\/shop.bantam.ch\/de\/#\/schema\/logo\/image\/","url":"https:\/\/shop.bantam.ch\/wp-content\/uploads\/2022\/12\/bantam-logo.png","contentUrl":"https:\/\/shop.bantam.ch\/wp-content\/uploads\/2022\/12\/bantam-logo.png","width":320,"height":71,"caption":"Bantam Camping AG"},"image":{"@id":"https:\/\/shop.bantam.ch\/de\/#\/schema\/logo\/image\/"}}]}},"_links":{"self":[{"href":"https:\/\/shop.bantam.ch\/de\/wp-json\/wp\/v2\/product\/103498","targetHints":{"allow":["GET"]}}],"collection":[{"href":"https:\/\/shop.bantam.ch\/de\/wp-json\/wp\/v2\/product"}],"about":[{"href":"https:\/\/shop.bantam.ch\/de\/wp-json\/wp\/v2\/types\/product"}],"wp:featuredmedia":[{"embeddable":true,"href":"https:\/\/shop.bantam.ch\/de\/wp-json\/wp\/v2\/media\/103496"}],"wp:attachment":[{"href":"https:\/\/shop.bantam.ch\/de\/wp-json\/wp\/v2\/media?parent=103498"}],"wp:term":[{"taxonomy":"product_featured_cat","embeddable":true,"href":"https:\/\/shop.bantam.ch\/de\/wp-json\/wp\/v2\/product_featured_cat?post=103498"},{"taxonomy":"product_brand","embeddable":true,"href":"https:\/\/shop.bantam.ch\/de\/wp-json\/wp\/v2\/product_brand?post=103498"},{"taxonomy":"product_cat","embeddable":true,"href":"https:\/\/shop.bantam.ch\/de\/wp-json\/wp\/v2\/product_cat?post=103498"},{"taxonomy":"product_tag","embeddable":true,"href":"https:\/\/shop.bantam.ch\/de\/wp-json\/wp\/v2\/product_tag?post=103498"}],"curies":[{"name":"wp","href":"https:\/\/api.w.org\/{rel}","templated":true}]}}