{"id":103494,"date":"2023-02-28T07:13:43","date_gmt":"2023-02-28T06:13:43","guid":{"rendered":"http:\/\/shop.bantam.ch\/produit\/mobilzelt-rambler\/"},"modified":"2026-04-18T21:36:40","modified_gmt":"2026-04-18T19:36:40","slug":"mobilzelt-rambler","status":"publish","type":"product","link":"https:\/\/shop.bantam.ch\/de\/produkt\/mobilzelt-rambler\/","title":{"rendered":"Mobilzelt Brunner Rambler"},"content":{"rendered":"<p>Innovatives Mobilzelt mit viel Innenraum und sehr guter Ventilation. Die bew\u00e4hrte, freistehende Rahmenkonstruktion sichert eine hervorragende Stabilit\u00e4t und erm\u00f6glicht problemloses Wegfahren ohne das Zelt abbauen zu m\u00fcssen.<\/p>\n<ul>\n<li>4 gro\u00dfe, abdeckbare Klarsichtfenster<\/li>\n<li>1 Fenster mit Bel\u00fcftungsgaze<\/li>\n<li>2 Eing\u00e4nge<\/li>\n<li>Hinterwand kann komplett ge\u00f6ffnet werden<\/li>\n<li>2 Dauerbel\u00fcftungen im Dachbereich<\/li>\n<li>Kabeleingang und Kabelf\u00fchrungssystem<\/li>\n<li>Seiteneingang als Sonnendach aufstellbar<\/li>\n<li>Fest eingen\u00e4hter Zeltboden<\/li>\n<li>Zahlreiche Sturmabspannungen<\/li>\n<li>Zentrale Lampenaufh\u00e4ngung<\/li>\n<li>Anschlu\u00dfh\u00f6he (Fahrzeug\/Regenrinne): 180-220 cm<\/li>\n<li>Verbindungsm\u00f6glichkeiten zum Fahrzeug:\n<ul>\n<li>Mit Keder<\/li>\n<li>Mit Schleusenstab<\/li>\n<li>Mit Klettband an der RelingKeder<\/li>\n<li>Mit Schleusenstab<\/li>\n<li>Mit Klettband an der Reling<\/li>\n<\/ul>\n<\/li>\n<\/ul>\n<p>Material: <br \/>100 % Polyester<\/p>\n<p> Lieferumfang: <br \/>Innenzelt<br \/>Au\u00dfenzelt mit Boden<br \/>Gest\u00e4nge<br \/>Schleusenstab<br \/>Spannleinen<br \/>Heringe<br \/>Packsack<\/p>\n","protected":false},"excerpt":{"rendered":"<p>Innovatives Mobilzelt mit viel Innenraum und sehr guter Ventilation. Die bew\u00e4hrte, freistehende Rahmenkonstruktion sichert eine hervorragende Stabilit\u00e4t und erm\u00f6glicht problemloses Wegfahren ohne das Zelt abbauen zu m\u00fcssen. 4 gro\u00dfe, abdeckbare Klarsichtfenster 1 Fenster mit Bel\u00fcftungsgaze 2 Eing\u00e4nge Hinterwand kann komplett ge\u00f6ffnet werden 2 Dauerbel\u00fcftungen im Dachbereich Kabeleingang und Kabelf\u00fchrungssystem Seiteneingang als Sonnendach aufstellbar Fest eingen\u00e4hter [&hellip;]<\/p>\n","protected":false},"featured_media":103492,"template":"","meta":{"_acf_changed":false},"product_featured_cat":[5190],"product_brand":[3081],"product_cat":[4916],"product_tag":[],"class_list":{"0":"post-103494","1":"product","2":"type-product","3":"status-publish","4":"has-post-thumbnail","6":"product_featured_cat-nationalfeiertag","7":"product_brand-brunner-de","8":"product_cat-wohnmobil-bus-vorzelte","10":"first","11":"instock","12":"taxable","13":"shipping-taxable","14":"purchasable","15":"product-type-simple"},"acf":[],"yoast_head":"<!-- This site is optimized with the Yoast SEO plugin v27.4 - https:\/\/yoast.com\/product\/yoast-seo-wordpress\/ -->\n<title>Mobilzelt Brunner Rambler - Bantam Camping AG<\/title>\n<meta name=\"robots\" content=\"index, follow, max-snippet:-1, max-image-preview:large, max-video-preview:-1\" \/>\n<link rel=\"canonical\" href=\"https:\/\/shop.bantam.ch\/de\/produkt\/mobilzelt-rambler\/\" \/>\n<meta property=\"og:locale\" content=\"de_DE\" \/>\n<meta property=\"og:type\" content=\"article\" \/>\n<meta property=\"og:title\" content=\"Mobilzelt Brunner Rambler - Bantam Camping AG\" \/>\n<meta property=\"og:description\" content=\"Innovatives Mobilzelt mit viel Innenraum und sehr guter Ventilation. Die bew\u00e4hrte, freistehende Rahmenkonstruktion sichert eine hervorragende Stabilit\u00e4t und erm\u00f6glicht problemloses Wegfahren ohne das Zelt abbauen zu m\u00fcssen. 4 gro\u00dfe, abdeckbare Klarsichtfenster 1 Fenster mit Bel\u00fcftungsgaze 2 Eing\u00e4nge Hinterwand kann komplett ge\u00f6ffnet werden 2 Dauerbel\u00fcftungen im Dachbereich Kabeleingang und Kabelf\u00fchrungssystem Seiteneingang als Sonnendach aufstellbar Fest eingen\u00e4hter [&hellip;]\" \/>\n<meta property=\"og:url\" content=\"https:\/\/shop.bantam.ch\/de\/produkt\/mobilzelt-rambler\/\" \/>\n<meta property=\"og:site_name\" content=\"Bantam Camping AG\" \/>\n<meta property=\"article:modified_time\" content=\"2026-04-18T19:36:40+00:00\" \/>\n<meta property=\"og:image\" content=\"https:\/\/shop.bantam.ch\/wp-content\/uploads\/2023\/02\/995690511.jpg\" \/>\n\t<meta property=\"og:image:width\" content=\"1000\" \/>\n\t<meta property=\"og:image:height\" content=\"628\" \/>\n\t<meta property=\"og:image:type\" content=\"image\/jpeg\" \/>\n<meta name=\"twitter:card\" content=\"summary_large_image\" \/>\n<meta name=\"twitter:label1\" content=\"Gesch\u00e4tzte Lesezeit\" \/>\n\t<meta name=\"twitter:data1\" content=\"1\u00a0Minute\" \/>\n<script type=\"application\/ld+json\" class=\"yoast-schema-graph\">{\"@context\":\"https:\\\/\\\/schema.org\",\"@graph\":[{\"@type\":\"WebPage\",\"@id\":\"https:\\\/\\\/shop.bantam.ch\\\/de\\\/produkt\\\/mobilzelt-rambler\\\/\",\"url\":\"https:\\\/\\\/shop.bantam.ch\\\/de\\\/produkt\\\/mobilzelt-rambler\\\/\",\"name\":\"Mobilzelt Brunner Rambler - Bantam Camping AG\",\"isPartOf\":{\"@id\":\"https:\\\/\\\/shop.bantam.ch\\\/de\\\/#website\"},\"primaryImageOfPage\":{\"@id\":\"https:\\\/\\\/shop.bantam.ch\\\/de\\\/produkt\\\/mobilzelt-rambler\\\/#primaryimage\"},\"image\":{\"@id\":\"https:\\\/\\\/shop.bantam.ch\\\/de\\\/produkt\\\/mobilzelt-rambler\\\/#primaryimage\"},\"thumbnailUrl\":\"https:\\\/\\\/shop.bantam.ch\\\/wp-content\\\/uploads\\\/2023\\\/02\\\/995690511.jpg\",\"datePublished\":\"2023-02-28T06:13:43+00:00\",\"dateModified\":\"2026-04-18T19:36:40+00:00\",\"breadcrumb\":{\"@id\":\"https:\\\/\\\/shop.bantam.ch\\\/de\\\/produkt\\\/mobilzelt-rambler\\\/#breadcrumb\"},\"inLanguage\":\"de\",\"potentialAction\":[{\"@type\":\"ReadAction\",\"target\":[\"https:\\\/\\\/shop.bantam.ch\\\/de\\\/produkt\\\/mobilzelt-rambler\\\/\"]}]},{\"@type\":\"ImageObject\",\"inLanguage\":\"de\",\"@id\":\"https:\\\/\\\/shop.bantam.ch\\\/de\\\/produkt\\\/mobilzelt-rambler\\\/#primaryimage\",\"url\":\"https:\\\/\\\/shop.bantam.ch\\\/wp-content\\\/uploads\\\/2023\\\/02\\\/995690511.jpg\",\"contentUrl\":\"https:\\\/\\\/shop.bantam.ch\\\/wp-content\\\/uploads\\\/2023\\\/02\\\/995690511.jpg\",\"width\":1000,\"height\":628},{\"@type\":\"BreadcrumbList\",\"@id\":\"https:\\\/\\\/shop.bantam.ch\\\/de\\\/produkt\\\/mobilzelt-rambler\\\/#breadcrumb\",\"itemListElement\":[{\"@type\":\"ListItem\",\"position\":1,\"name\":\"Accueil\",\"item\":\"https:\\\/\\\/shop.bantam.ch\\\/de\\\/\"},{\"@type\":\"ListItem\",\"position\":2,\"name\":\"Shop\",\"item\":\"https:\\\/\\\/shop.bantam.ch\\\/de\\\/shop\\\/\"},{\"@type\":\"ListItem\",\"position\":3,\"name\":\"Mobilzelt Brunner Rambler\"}]},{\"@type\":\"WebSite\",\"@id\":\"https:\\\/\\\/shop.bantam.ch\\\/de\\\/#website\",\"url\":\"https:\\\/\\\/shop.bantam.ch\\\/de\\\/\",\"name\":\"Bantam Camping AG\",\"description\":\"\",\"publisher\":{\"@id\":\"https:\\\/\\\/shop.bantam.ch\\\/de\\\/#organization\"},\"inLanguage\":\"de\"},{\"@type\":\"Organization\",\"@id\":\"https:\\\/\\\/shop.bantam.ch\\\/de\\\/#organization\",\"name\":\"Bantam Camping AG\",\"url\":\"https:\\\/\\\/shop.bantam.ch\\\/de\\\/\",\"logo\":{\"@type\":\"ImageObject\",\"inLanguage\":\"de\",\"@id\":\"https:\\\/\\\/shop.bantam.ch\\\/de\\\/#\\\/schema\\\/logo\\\/image\\\/\",\"url\":\"https:\\\/\\\/shop.bantam.ch\\\/wp-content\\\/uploads\\\/2022\\\/12\\\/bantam-logo.png\",\"contentUrl\":\"https:\\\/\\\/shop.bantam.ch\\\/wp-content\\\/uploads\\\/2022\\\/12\\\/bantam-logo.png\",\"width\":320,\"height\":71,\"caption\":\"Bantam Camping AG\"},\"image\":{\"@id\":\"https:\\\/\\\/shop.bantam.ch\\\/de\\\/#\\\/schema\\\/logo\\\/image\\\/\"}}]}<\/script>\n<!-- \/ Yoast SEO plugin. -->","yoast_head_json":{"title":"Mobilzelt Brunner Rambler - Bantam Camping AG","robots":{"index":"index","follow":"follow","max-snippet":"max-snippet:-1","max-image-preview":"max-image-preview:large","max-video-preview":"max-video-preview:-1"},"canonical":"https:\/\/shop.bantam.ch\/de\/produkt\/mobilzelt-rambler\/","og_locale":"de_DE","og_type":"article","og_title":"Mobilzelt Brunner Rambler - Bantam Camping AG","og_description":"Innovatives Mobilzelt mit viel Innenraum und sehr guter Ventilation. Die bew\u00e4hrte, freistehende Rahmenkonstruktion sichert eine hervorragende Stabilit\u00e4t und erm\u00f6glicht problemloses Wegfahren ohne das Zelt abbauen zu m\u00fcssen. 4 gro\u00dfe, abdeckbare Klarsichtfenster 1 Fenster mit Bel\u00fcftungsgaze 2 Eing\u00e4nge Hinterwand kann komplett ge\u00f6ffnet werden 2 Dauerbel\u00fcftungen im Dachbereich Kabeleingang und Kabelf\u00fchrungssystem Seiteneingang als Sonnendach aufstellbar Fest eingen\u00e4hter [&hellip;]","og_url":"https:\/\/shop.bantam.ch\/de\/produkt\/mobilzelt-rambler\/","og_site_name":"Bantam Camping AG","article_modified_time":"2026-04-18T19:36:40+00:00","og_image":[{"width":1000,"height":628,"url":"https:\/\/shop.bantam.ch\/wp-content\/uploads\/2023\/02\/995690511.jpg","type":"image\/jpeg"}],"twitter_card":"summary_large_image","twitter_misc":{"Gesch\u00e4tzte Lesezeit":"1\u00a0Minute"},"schema":{"@context":"https:\/\/schema.org","@graph":[{"@type":"WebPage","@id":"https:\/\/shop.bantam.ch\/de\/produkt\/mobilzelt-rambler\/","url":"https:\/\/shop.bantam.ch\/de\/produkt\/mobilzelt-rambler\/","name":"Mobilzelt Brunner Rambler - Bantam Camping AG","isPartOf":{"@id":"https:\/\/shop.bantam.ch\/de\/#website"},"primaryImageOfPage":{"@id":"https:\/\/shop.bantam.ch\/de\/produkt\/mobilzelt-rambler\/#primaryimage"},"image":{"@id":"https:\/\/shop.bantam.ch\/de\/produkt\/mobilzelt-rambler\/#primaryimage"},"thumbnailUrl":"https:\/\/shop.bantam.ch\/wp-content\/uploads\/2023\/02\/995690511.jpg","datePublished":"2023-02-28T06:13:43+00:00","dateModified":"2026-04-18T19:36:40+00:00","breadcrumb":{"@id":"https:\/\/shop.bantam.ch\/de\/produkt\/mobilzelt-rambler\/#breadcrumb"},"inLanguage":"de","potentialAction":[{"@type":"ReadAction","target":["https:\/\/shop.bantam.ch\/de\/produkt\/mobilzelt-rambler\/"]}]},{"@type":"ImageObject","inLanguage":"de","@id":"https:\/\/shop.bantam.ch\/de\/produkt\/mobilzelt-rambler\/#primaryimage","url":"https:\/\/shop.bantam.ch\/wp-content\/uploads\/2023\/02\/995690511.jpg","contentUrl":"https:\/\/shop.bantam.ch\/wp-content\/uploads\/2023\/02\/995690511.jpg","width":1000,"height":628},{"@type":"BreadcrumbList","@id":"https:\/\/shop.bantam.ch\/de\/produkt\/mobilzelt-rambler\/#breadcrumb","itemListElement":[{"@type":"ListItem","position":1,"name":"Accueil","item":"https:\/\/shop.bantam.ch\/de\/"},{"@type":"ListItem","position":2,"name":"Shop","item":"https:\/\/shop.bantam.ch\/de\/shop\/"},{"@type":"ListItem","position":3,"name":"Mobilzelt Brunner Rambler"}]},{"@type":"WebSite","@id":"https:\/\/shop.bantam.ch\/de\/#website","url":"https:\/\/shop.bantam.ch\/de\/","name":"Bantam Camping AG","description":"","publisher":{"@id":"https:\/\/shop.bantam.ch\/de\/#organization"},"inLanguage":"de"},{"@type":"Organization","@id":"https:\/\/shop.bantam.ch\/de\/#organization","name":"Bantam Camping AG","url":"https:\/\/shop.bantam.ch\/de\/","logo":{"@type":"ImageObject","inLanguage":"de","@id":"https:\/\/shop.bantam.ch\/de\/#\/schema\/logo\/image\/","url":"https:\/\/shop.bantam.ch\/wp-content\/uploads\/2022\/12\/bantam-logo.png","contentUrl":"https:\/\/shop.bantam.ch\/wp-content\/uploads\/2022\/12\/bantam-logo.png","width":320,"height":71,"caption":"Bantam Camping AG"},"image":{"@id":"https:\/\/shop.bantam.ch\/de\/#\/schema\/logo\/image\/"}}]}},"_links":{"self":[{"href":"https:\/\/shop.bantam.ch\/de\/wp-json\/wp\/v2\/product\/103494","targetHints":{"allow":["GET"]}}],"collection":[{"href":"https:\/\/shop.bantam.ch\/de\/wp-json\/wp\/v2\/product"}],"about":[{"href":"https:\/\/shop.bantam.ch\/de\/wp-json\/wp\/v2\/types\/product"}],"wp:featuredmedia":[{"embeddable":true,"href":"https:\/\/shop.bantam.ch\/de\/wp-json\/wp\/v2\/media\/103492"}],"wp:attachment":[{"href":"https:\/\/shop.bantam.ch\/de\/wp-json\/wp\/v2\/media?parent=103494"}],"wp:term":[{"taxonomy":"product_featured_cat","embeddable":true,"href":"https:\/\/shop.bantam.ch\/de\/wp-json\/wp\/v2\/product_featured_cat?post=103494"},{"taxonomy":"product_brand","embeddable":true,"href":"https:\/\/shop.bantam.ch\/de\/wp-json\/wp\/v2\/product_brand?post=103494"},{"taxonomy":"product_cat","embeddable":true,"href":"https:\/\/shop.bantam.ch\/de\/wp-json\/wp\/v2\/product_cat?post=103494"},{"taxonomy":"product_tag","embeddable":true,"href":"https:\/\/shop.bantam.ch\/de\/wp-json\/wp\/v2\/product_tag?post=103494"}],"curies":[{"name":"wp","href":"https:\/\/api.w.org\/{rel}","templated":true}]}}