{"id":103490,"date":"2023-02-28T07:13:37","date_gmt":"2023-02-28T06:13:37","guid":{"rendered":"http:\/\/shop.bantam.ch\/produit\/rangiersystem-active-2-0\/"},"modified":"2026-04-17T21:35:38","modified_gmt":"2026-04-17T19:35:38","slug":"rangiersystem-active-2-0","status":"publish","type":"product","link":"https:\/\/shop.bantam.ch\/de\/produkt\/rangiersystem-active-2-0\/","title":{"rendered":"Rangiersystem easydriver active 2.0 Einachser"},"content":{"rendered":"<p>Einfach stark:<\/p>\n<p>Rangieren mit Antrieben von easydriver<\/p>\n<ul>\n<li>einfacher rangieren, auch wenn&#8217;s eng wird<\/li>\n<li>mit einzigartiger und mehrfach patentierter Technik<\/li>\n<li>optimale und sichere Kraft\u00fcbertragung von der Antriebsrolle auf den Reifen durch gro\u00dfen Anschwenkweg und innovative Rollenoberfl\u00e4che<\/li>\n<li>der besondere Materialmix macht den easydriver leichter und bewahrt vor Korrosion<\/li>\n<li>langlebig dank spielfreiem Anschwenkmechanismus mit Hochleistungsgleitlagern<\/li>\n<li>einfachstes Ankuppeln<\/li>\n<li>keinen bis minimalen Verlust an Bodenfreiheit (je nach Chassis-Typ)<\/li>\n<li>Stromaufnahme 20 A<\/li>\n<li>M\u00fchelos an- und abschwenkbar mit Handkurbel oder Akkuschrauber<\/li>\n<li>F\u00fcr jede Fahrzeuggr\u00f6\u00dfe<\/li>\n<li>Kompaktes und korrosionsbest\u00e4ndiges Designgeh\u00e4use<\/li>\n<li>Inklusive Funk-Fernbedienung f\u00fcr alle Funktionen mit R\u00fcckmeldung des Ger\u00e4testatus<\/li>\n<\/ul>\n<ul>\n<li>\u00a0Steigf\u00e4higkeit: 15 % bei 2.000 kg 28 % bei 1.200 kg<\/li>\n<li>\u00a0Einseitenbedienung: manuell<\/li>\n<\/ul>\n<p>\u00a0<\/p>\n","protected":false},"excerpt":{"rendered":"<p>Einfach stark: Rangieren mit Antrieben von easydriver einfacher rangieren, auch wenn&#8217;s eng wird mit einzigartiger und mehrfach patentierter Technik optimale und sichere Kraft\u00fcbertragung von der Antriebsrolle auf den Reifen durch gro\u00dfen Anschwenkweg und innovative Rollenoberfl\u00e4che der besondere Materialmix macht den easydriver leichter und bewahrt vor Korrosion langlebig dank spielfreiem Anschwenkmechanismus mit Hochleistungsgleitlagern einfachstes Ankuppeln keinen [&hellip;]<\/p>\n","protected":false},"featured_media":103488,"template":"","meta":{"_acf_changed":false},"product_featured_cat":[],"product_brand":[3133],"product_cat":[4822],"product_tag":[],"class_list":{"0":"post-103490","1":"product","2":"type-product","3":"status-publish","4":"has-post-thumbnail","6":"product_brand-easydriver-de","7":"product_cat-rangierhilfen","9":"first","10":"instock","11":"taxable","12":"shipping-taxable","13":"purchasable","14":"product-type-simple"},"acf":[],"yoast_head":"<!-- This site is optimized with the Yoast SEO plugin v27.4 - https:\/\/yoast.com\/product\/yoast-seo-wordpress\/ -->\n<title>Rangiersystem easydriver active 2.0 Einachser - Bantam Camping AG<\/title>\n<meta name=\"robots\" content=\"index, follow, max-snippet:-1, max-image-preview:large, max-video-preview:-1\" \/>\n<link rel=\"canonical\" href=\"https:\/\/shop.bantam.ch\/de\/produkt\/rangiersystem-active-2-0\/\" \/>\n<meta property=\"og:locale\" content=\"de_DE\" \/>\n<meta property=\"og:type\" content=\"article\" \/>\n<meta property=\"og:title\" content=\"Rangiersystem easydriver active 2.0 Einachser - Bantam Camping AG\" \/>\n<meta property=\"og:description\" content=\"Einfach stark: Rangieren mit Antrieben von easydriver einfacher rangieren, auch wenn&#8217;s eng wird mit einzigartiger und mehrfach patentierter Technik optimale und sichere Kraft\u00fcbertragung von der Antriebsrolle auf den Reifen durch gro\u00dfen Anschwenkweg und innovative Rollenoberfl\u00e4che der besondere Materialmix macht den easydriver leichter und bewahrt vor Korrosion langlebig dank spielfreiem Anschwenkmechanismus mit Hochleistungsgleitlagern einfachstes Ankuppeln keinen [&hellip;]\" \/>\n<meta property=\"og:url\" content=\"https:\/\/shop.bantam.ch\/de\/produkt\/rangiersystem-active-2-0\/\" \/>\n<meta property=\"og:site_name\" content=\"Bantam Camping AG\" \/>\n<meta property=\"article:modified_time\" content=\"2026-04-17T19:35:38+00:00\" \/>\n<meta property=\"og:image\" content=\"https:\/\/shop.bantam.ch\/wp-content\/uploads\/2023\/02\/994372911.jpg\" \/>\n\t<meta property=\"og:image:width\" content=\"1000\" \/>\n\t<meta property=\"og:image:height\" content=\"453\" \/>\n\t<meta property=\"og:image:type\" content=\"image\/jpeg\" \/>\n<meta name=\"twitter:card\" content=\"summary_large_image\" \/>\n<meta name=\"twitter:label1\" content=\"Gesch\u00e4tzte Lesezeit\" \/>\n\t<meta name=\"twitter:data1\" content=\"1\u00a0Minute\" \/>\n<script type=\"application\/ld+json\" class=\"yoast-schema-graph\">{\"@context\":\"https:\\\/\\\/schema.org\",\"@graph\":[{\"@type\":\"WebPage\",\"@id\":\"https:\\\/\\\/shop.bantam.ch\\\/de\\\/produkt\\\/rangiersystem-active-2-0\\\/\",\"url\":\"https:\\\/\\\/shop.bantam.ch\\\/de\\\/produkt\\\/rangiersystem-active-2-0\\\/\",\"name\":\"Rangiersystem easydriver active 2.0 Einachser - Bantam Camping AG\",\"isPartOf\":{\"@id\":\"https:\\\/\\\/shop.bantam.ch\\\/de\\\/#website\"},\"primaryImageOfPage\":{\"@id\":\"https:\\\/\\\/shop.bantam.ch\\\/de\\\/produkt\\\/rangiersystem-active-2-0\\\/#primaryimage\"},\"image\":{\"@id\":\"https:\\\/\\\/shop.bantam.ch\\\/de\\\/produkt\\\/rangiersystem-active-2-0\\\/#primaryimage\"},\"thumbnailUrl\":\"https:\\\/\\\/shop.bantam.ch\\\/wp-content\\\/uploads\\\/2023\\\/02\\\/994372911.jpg\",\"datePublished\":\"2023-02-28T06:13:37+00:00\",\"dateModified\":\"2026-04-17T19:35:38+00:00\",\"breadcrumb\":{\"@id\":\"https:\\\/\\\/shop.bantam.ch\\\/de\\\/produkt\\\/rangiersystem-active-2-0\\\/#breadcrumb\"},\"inLanguage\":\"de\",\"potentialAction\":[{\"@type\":\"ReadAction\",\"target\":[\"https:\\\/\\\/shop.bantam.ch\\\/de\\\/produkt\\\/rangiersystem-active-2-0\\\/\"]}]},{\"@type\":\"ImageObject\",\"inLanguage\":\"de\",\"@id\":\"https:\\\/\\\/shop.bantam.ch\\\/de\\\/produkt\\\/rangiersystem-active-2-0\\\/#primaryimage\",\"url\":\"https:\\\/\\\/shop.bantam.ch\\\/wp-content\\\/uploads\\\/2023\\\/02\\\/994372911.jpg\",\"contentUrl\":\"https:\\\/\\\/shop.bantam.ch\\\/wp-content\\\/uploads\\\/2023\\\/02\\\/994372911.jpg\",\"width\":1000,\"height\":453},{\"@type\":\"BreadcrumbList\",\"@id\":\"https:\\\/\\\/shop.bantam.ch\\\/de\\\/produkt\\\/rangiersystem-active-2-0\\\/#breadcrumb\",\"itemListElement\":[{\"@type\":\"ListItem\",\"position\":1,\"name\":\"Accueil\",\"item\":\"https:\\\/\\\/shop.bantam.ch\\\/de\\\/\"},{\"@type\":\"ListItem\",\"position\":2,\"name\":\"Shop\",\"item\":\"https:\\\/\\\/shop.bantam.ch\\\/de\\\/shop\\\/\"},{\"@type\":\"ListItem\",\"position\":3,\"name\":\"Rangiersystem easydriver active 2.0 Einachser\"}]},{\"@type\":\"WebSite\",\"@id\":\"https:\\\/\\\/shop.bantam.ch\\\/de\\\/#website\",\"url\":\"https:\\\/\\\/shop.bantam.ch\\\/de\\\/\",\"name\":\"Bantam Camping AG\",\"description\":\"\",\"publisher\":{\"@id\":\"https:\\\/\\\/shop.bantam.ch\\\/de\\\/#organization\"},\"inLanguage\":\"de\"},{\"@type\":\"Organization\",\"@id\":\"https:\\\/\\\/shop.bantam.ch\\\/de\\\/#organization\",\"name\":\"Bantam Camping AG\",\"url\":\"https:\\\/\\\/shop.bantam.ch\\\/de\\\/\",\"logo\":{\"@type\":\"ImageObject\",\"inLanguage\":\"de\",\"@id\":\"https:\\\/\\\/shop.bantam.ch\\\/de\\\/#\\\/schema\\\/logo\\\/image\\\/\",\"url\":\"https:\\\/\\\/shop.bantam.ch\\\/wp-content\\\/uploads\\\/2022\\\/12\\\/bantam-logo.png\",\"contentUrl\":\"https:\\\/\\\/shop.bantam.ch\\\/wp-content\\\/uploads\\\/2022\\\/12\\\/bantam-logo.png\",\"width\":320,\"height\":71,\"caption\":\"Bantam Camping AG\"},\"image\":{\"@id\":\"https:\\\/\\\/shop.bantam.ch\\\/de\\\/#\\\/schema\\\/logo\\\/image\\\/\"}}]}<\/script>\n<!-- \/ Yoast SEO plugin. -->","yoast_head_json":{"title":"Rangiersystem easydriver active 2.0 Einachser - Bantam Camping AG","robots":{"index":"index","follow":"follow","max-snippet":"max-snippet:-1","max-image-preview":"max-image-preview:large","max-video-preview":"max-video-preview:-1"},"canonical":"https:\/\/shop.bantam.ch\/de\/produkt\/rangiersystem-active-2-0\/","og_locale":"de_DE","og_type":"article","og_title":"Rangiersystem easydriver active 2.0 Einachser - Bantam Camping AG","og_description":"Einfach stark: Rangieren mit Antrieben von easydriver einfacher rangieren, auch wenn&#8217;s eng wird mit einzigartiger und mehrfach patentierter Technik optimale und sichere Kraft\u00fcbertragung von der Antriebsrolle auf den Reifen durch gro\u00dfen Anschwenkweg und innovative Rollenoberfl\u00e4che der besondere Materialmix macht den easydriver leichter und bewahrt vor Korrosion langlebig dank spielfreiem Anschwenkmechanismus mit Hochleistungsgleitlagern einfachstes Ankuppeln keinen [&hellip;]","og_url":"https:\/\/shop.bantam.ch\/de\/produkt\/rangiersystem-active-2-0\/","og_site_name":"Bantam Camping AG","article_modified_time":"2026-04-17T19:35:38+00:00","og_image":[{"width":1000,"height":453,"url":"https:\/\/shop.bantam.ch\/wp-content\/uploads\/2023\/02\/994372911.jpg","type":"image\/jpeg"}],"twitter_card":"summary_large_image","twitter_misc":{"Gesch\u00e4tzte Lesezeit":"1\u00a0Minute"},"schema":{"@context":"https:\/\/schema.org","@graph":[{"@type":"WebPage","@id":"https:\/\/shop.bantam.ch\/de\/produkt\/rangiersystem-active-2-0\/","url":"https:\/\/shop.bantam.ch\/de\/produkt\/rangiersystem-active-2-0\/","name":"Rangiersystem easydriver active 2.0 Einachser - Bantam Camping AG","isPartOf":{"@id":"https:\/\/shop.bantam.ch\/de\/#website"},"primaryImageOfPage":{"@id":"https:\/\/shop.bantam.ch\/de\/produkt\/rangiersystem-active-2-0\/#primaryimage"},"image":{"@id":"https:\/\/shop.bantam.ch\/de\/produkt\/rangiersystem-active-2-0\/#primaryimage"},"thumbnailUrl":"https:\/\/shop.bantam.ch\/wp-content\/uploads\/2023\/02\/994372911.jpg","datePublished":"2023-02-28T06:13:37+00:00","dateModified":"2026-04-17T19:35:38+00:00","breadcrumb":{"@id":"https:\/\/shop.bantam.ch\/de\/produkt\/rangiersystem-active-2-0\/#breadcrumb"},"inLanguage":"de","potentialAction":[{"@type":"ReadAction","target":["https:\/\/shop.bantam.ch\/de\/produkt\/rangiersystem-active-2-0\/"]}]},{"@type":"ImageObject","inLanguage":"de","@id":"https:\/\/shop.bantam.ch\/de\/produkt\/rangiersystem-active-2-0\/#primaryimage","url":"https:\/\/shop.bantam.ch\/wp-content\/uploads\/2023\/02\/994372911.jpg","contentUrl":"https:\/\/shop.bantam.ch\/wp-content\/uploads\/2023\/02\/994372911.jpg","width":1000,"height":453},{"@type":"BreadcrumbList","@id":"https:\/\/shop.bantam.ch\/de\/produkt\/rangiersystem-active-2-0\/#breadcrumb","itemListElement":[{"@type":"ListItem","position":1,"name":"Accueil","item":"https:\/\/shop.bantam.ch\/de\/"},{"@type":"ListItem","position":2,"name":"Shop","item":"https:\/\/shop.bantam.ch\/de\/shop\/"},{"@type":"ListItem","position":3,"name":"Rangiersystem easydriver active 2.0 Einachser"}]},{"@type":"WebSite","@id":"https:\/\/shop.bantam.ch\/de\/#website","url":"https:\/\/shop.bantam.ch\/de\/","name":"Bantam Camping AG","description":"","publisher":{"@id":"https:\/\/shop.bantam.ch\/de\/#organization"},"inLanguage":"de"},{"@type":"Organization","@id":"https:\/\/shop.bantam.ch\/de\/#organization","name":"Bantam Camping AG","url":"https:\/\/shop.bantam.ch\/de\/","logo":{"@type":"ImageObject","inLanguage":"de","@id":"https:\/\/shop.bantam.ch\/de\/#\/schema\/logo\/image\/","url":"https:\/\/shop.bantam.ch\/wp-content\/uploads\/2022\/12\/bantam-logo.png","contentUrl":"https:\/\/shop.bantam.ch\/wp-content\/uploads\/2022\/12\/bantam-logo.png","width":320,"height":71,"caption":"Bantam Camping AG"},"image":{"@id":"https:\/\/shop.bantam.ch\/de\/#\/schema\/logo\/image\/"}}]}},"_links":{"self":[{"href":"https:\/\/shop.bantam.ch\/de\/wp-json\/wp\/v2\/product\/103490","targetHints":{"allow":["GET"]}}],"collection":[{"href":"https:\/\/shop.bantam.ch\/de\/wp-json\/wp\/v2\/product"}],"about":[{"href":"https:\/\/shop.bantam.ch\/de\/wp-json\/wp\/v2\/types\/product"}],"wp:featuredmedia":[{"embeddable":true,"href":"https:\/\/shop.bantam.ch\/de\/wp-json\/wp\/v2\/media\/103488"}],"wp:attachment":[{"href":"https:\/\/shop.bantam.ch\/de\/wp-json\/wp\/v2\/media?parent=103490"}],"wp:term":[{"taxonomy":"product_featured_cat","embeddable":true,"href":"https:\/\/shop.bantam.ch\/de\/wp-json\/wp\/v2\/product_featured_cat?post=103490"},{"taxonomy":"product_brand","embeddable":true,"href":"https:\/\/shop.bantam.ch\/de\/wp-json\/wp\/v2\/product_brand?post=103490"},{"taxonomy":"product_cat","embeddable":true,"href":"https:\/\/shop.bantam.ch\/de\/wp-json\/wp\/v2\/product_cat?post=103490"},{"taxonomy":"product_tag","embeddable":true,"href":"https:\/\/shop.bantam.ch\/de\/wp-json\/wp\/v2\/product_tag?post=103490"}],"curies":[{"name":"wp","href":"https:\/\/api.w.org\/{rel}","templated":true}]}}