{"id":103374,"date":"2023-02-28T07:11:48","date_gmt":"2023-02-28T06:11:48","guid":{"rendered":"http:\/\/shop.bantam.ch\/produit\/solarmodul-mt-sm-170-mc-170-w\/"},"modified":"2026-04-17T21:35:37","modified_gmt":"2026-04-17T19:35:37","slug":"solarmodul-mt-sm-170-mc-170-w","status":"publish","type":"product","link":"https:\/\/shop.bantam.ch\/de\/produkt\/solarmodul-mt-sm-170-mc-170-w\/","title":{"rendered":"Solarmodul BUETTNER ELEKTRONIK MT-SM 170 MC, 170 W"},"content":{"rendered":"<p>Diese Modulreihe garantiert durch die 72 MultiCell-Technologie (Handels\u00fcbliche Solarmodule sind nur mit 36 Zellen ausgestattet) jederzeit die optimale Ladung der Bordbatterie\/n. Unabh\u00e4ngige Vergleichstests haben gezeigt, dass die Verdoppelung der Zellen nicht nur bei optimalen, sondern gerade auch bei ung\u00fcnstigen Wetterverh\u00e4ltnissen und teilweiser Abschattung eine erhebliche Leistungssteigerung bringt. Auf der Modulr\u00fcckseite ist eine stabile druckwasserdichte Anschlussdose verbaut. Ein umlaufender Alurahmen sowie spezialgeh\u00e4rtetes Glas sch\u00fctzen die Module selbst unter widrigsten Einsatzbedingungen. Leistungsgarantie 25 Jahre.<\/p>\n<ul>\n<li>(L \u00e0\u2014 B \u00e0\u2014 H mm) inkl. Spoilerprofil: 1.480 x 660 x 35<\/li>\n<li>Bezeichnung \/ Modell: MT SM 170 MC<\/li>\n<li>max. Tagesleistung Wh: 680<\/li>\n<li>Nennleistung Wp: 170<\/li>\n<\/ul>\n","protected":false},"excerpt":{"rendered":"<p>Diese Modulreihe garantiert durch die 72 MultiCell-Technologie (Handels\u00fcbliche Solarmodule sind nur mit 36 Zellen ausgestattet) jederzeit die optimale Ladung der Bordbatterie\/n. Unabh\u00e4ngige Vergleichstests haben gezeigt, dass die Verdoppelung der Zellen nicht nur bei optimalen, sondern gerade auch bei ung\u00fcnstigen Wetterverh\u00e4ltnissen und teilweiser Abschattung eine erhebliche Leistungssteigerung bringt. Auf der Modulr\u00fcckseite ist eine stabile druckwasserdichte Anschlussdose [&hellip;]<\/p>\n","protected":false},"featured_media":103370,"template":"","meta":{"_acf_changed":false},"product_featured_cat":[],"product_brand":[3069],"product_cat":[4884],"product_tag":[],"class_list":{"0":"post-103374","1":"product","2":"type-product","3":"status-publish","4":"has-post-thumbnail","6":"product_brand-buttner-elektronik-de","7":"product_cat-solarmodule","9":"first","10":"instock","11":"taxable","12":"shipping-taxable","13":"purchasable","14":"product-type-simple"},"acf":[],"yoast_head":"<!-- This site is optimized with the Yoast SEO plugin v27.4 - https:\/\/yoast.com\/product\/yoast-seo-wordpress\/ -->\n<title>Solarmodul BUETTNER ELEKTRONIK MT-SM 170 MC, 170 W - Bantam Camping AG<\/title>\n<meta name=\"robots\" content=\"index, follow, max-snippet:-1, max-image-preview:large, max-video-preview:-1\" \/>\n<link rel=\"canonical\" href=\"https:\/\/shop.bantam.ch\/de\/produkt\/solarmodul-mt-sm-170-mc-170-w\/\" \/>\n<meta property=\"og:locale\" content=\"de_DE\" \/>\n<meta property=\"og:type\" content=\"article\" \/>\n<meta property=\"og:title\" content=\"Solarmodul BUETTNER ELEKTRONIK MT-SM 170 MC, 170 W - Bantam Camping AG\" \/>\n<meta property=\"og:description\" content=\"Diese Modulreihe garantiert durch die 72 MultiCell-Technologie (Handels\u00fcbliche Solarmodule sind nur mit 36 Zellen ausgestattet) jederzeit die optimale Ladung der Bordbatterie\/n. Unabh\u00e4ngige Vergleichstests haben gezeigt, dass die Verdoppelung der Zellen nicht nur bei optimalen, sondern gerade auch bei ung\u00fcnstigen Wetterverh\u00e4ltnissen und teilweiser Abschattung eine erhebliche Leistungssteigerung bringt. Auf der Modulr\u00fcckseite ist eine stabile druckwasserdichte Anschlussdose [&hellip;]\" \/>\n<meta property=\"og:url\" content=\"https:\/\/shop.bantam.ch\/de\/produkt\/solarmodul-mt-sm-170-mc-170-w\/\" \/>\n<meta property=\"og:site_name\" content=\"Bantam Camping AG\" \/>\n<meta property=\"article:modified_time\" content=\"2026-04-17T19:35:37+00:00\" \/>\n<meta property=\"og:image\" content=\"https:\/\/shop.bantam.ch\/wp-content\/uploads\/2023\/02\/996063211.jpg\" \/>\n\t<meta property=\"og:image:width\" content=\"418\" \/>\n\t<meta property=\"og:image:height\" content=\"1000\" \/>\n\t<meta property=\"og:image:type\" content=\"image\/jpeg\" \/>\n<meta name=\"twitter:card\" content=\"summary_large_image\" \/>\n<script type=\"application\/ld+json\" class=\"yoast-schema-graph\">{\"@context\":\"https:\\\/\\\/schema.org\",\"@graph\":[{\"@type\":\"WebPage\",\"@id\":\"https:\\\/\\\/shop.bantam.ch\\\/de\\\/produkt\\\/solarmodul-mt-sm-170-mc-170-w\\\/\",\"url\":\"https:\\\/\\\/shop.bantam.ch\\\/de\\\/produkt\\\/solarmodul-mt-sm-170-mc-170-w\\\/\",\"name\":\"Solarmodul BUETTNER ELEKTRONIK MT-SM 170 MC, 170 W - Bantam Camping AG\",\"isPartOf\":{\"@id\":\"https:\\\/\\\/shop.bantam.ch\\\/de\\\/#website\"},\"primaryImageOfPage\":{\"@id\":\"https:\\\/\\\/shop.bantam.ch\\\/de\\\/produkt\\\/solarmodul-mt-sm-170-mc-170-w\\\/#primaryimage\"},\"image\":{\"@id\":\"https:\\\/\\\/shop.bantam.ch\\\/de\\\/produkt\\\/solarmodul-mt-sm-170-mc-170-w\\\/#primaryimage\"},\"thumbnailUrl\":\"https:\\\/\\\/shop.bantam.ch\\\/wp-content\\\/uploads\\\/2023\\\/02\\\/996063211.jpg\",\"datePublished\":\"2023-02-28T06:11:48+00:00\",\"dateModified\":\"2026-04-17T19:35:37+00:00\",\"breadcrumb\":{\"@id\":\"https:\\\/\\\/shop.bantam.ch\\\/de\\\/produkt\\\/solarmodul-mt-sm-170-mc-170-w\\\/#breadcrumb\"},\"inLanguage\":\"de\",\"potentialAction\":[{\"@type\":\"ReadAction\",\"target\":[\"https:\\\/\\\/shop.bantam.ch\\\/de\\\/produkt\\\/solarmodul-mt-sm-170-mc-170-w\\\/\"]}]},{\"@type\":\"ImageObject\",\"inLanguage\":\"de\",\"@id\":\"https:\\\/\\\/shop.bantam.ch\\\/de\\\/produkt\\\/solarmodul-mt-sm-170-mc-170-w\\\/#primaryimage\",\"url\":\"https:\\\/\\\/shop.bantam.ch\\\/wp-content\\\/uploads\\\/2023\\\/02\\\/996063211.jpg\",\"contentUrl\":\"https:\\\/\\\/shop.bantam.ch\\\/wp-content\\\/uploads\\\/2023\\\/02\\\/996063211.jpg\",\"width\":418,\"height\":1000},{\"@type\":\"BreadcrumbList\",\"@id\":\"https:\\\/\\\/shop.bantam.ch\\\/de\\\/produkt\\\/solarmodul-mt-sm-170-mc-170-w\\\/#breadcrumb\",\"itemListElement\":[{\"@type\":\"ListItem\",\"position\":1,\"name\":\"Accueil\",\"item\":\"https:\\\/\\\/shop.bantam.ch\\\/de\\\/\"},{\"@type\":\"ListItem\",\"position\":2,\"name\":\"Shop\",\"item\":\"https:\\\/\\\/shop.bantam.ch\\\/de\\\/shop\\\/\"},{\"@type\":\"ListItem\",\"position\":3,\"name\":\"Solarmodul BUETTNER ELEKTRONIK MT-SM 170 MC, 170 W\"}]},{\"@type\":\"WebSite\",\"@id\":\"https:\\\/\\\/shop.bantam.ch\\\/de\\\/#website\",\"url\":\"https:\\\/\\\/shop.bantam.ch\\\/de\\\/\",\"name\":\"Bantam Camping AG\",\"description\":\"\",\"publisher\":{\"@id\":\"https:\\\/\\\/shop.bantam.ch\\\/de\\\/#organization\"},\"inLanguage\":\"de\"},{\"@type\":\"Organization\",\"@id\":\"https:\\\/\\\/shop.bantam.ch\\\/de\\\/#organization\",\"name\":\"Bantam Camping AG\",\"url\":\"https:\\\/\\\/shop.bantam.ch\\\/de\\\/\",\"logo\":{\"@type\":\"ImageObject\",\"inLanguage\":\"de\",\"@id\":\"https:\\\/\\\/shop.bantam.ch\\\/de\\\/#\\\/schema\\\/logo\\\/image\\\/\",\"url\":\"https:\\\/\\\/shop.bantam.ch\\\/wp-content\\\/uploads\\\/2022\\\/12\\\/bantam-logo.png\",\"contentUrl\":\"https:\\\/\\\/shop.bantam.ch\\\/wp-content\\\/uploads\\\/2022\\\/12\\\/bantam-logo.png\",\"width\":320,\"height\":71,\"caption\":\"Bantam Camping AG\"},\"image\":{\"@id\":\"https:\\\/\\\/shop.bantam.ch\\\/de\\\/#\\\/schema\\\/logo\\\/image\\\/\"}}]}<\/script>\n<!-- \/ Yoast SEO plugin. -->","yoast_head_json":{"title":"Solarmodul BUETTNER ELEKTRONIK MT-SM 170 MC, 170 W - Bantam Camping AG","robots":{"index":"index","follow":"follow","max-snippet":"max-snippet:-1","max-image-preview":"max-image-preview:large","max-video-preview":"max-video-preview:-1"},"canonical":"https:\/\/shop.bantam.ch\/de\/produkt\/solarmodul-mt-sm-170-mc-170-w\/","og_locale":"de_DE","og_type":"article","og_title":"Solarmodul BUETTNER ELEKTRONIK MT-SM 170 MC, 170 W - Bantam Camping AG","og_description":"Diese Modulreihe garantiert durch die 72 MultiCell-Technologie (Handels\u00fcbliche Solarmodule sind nur mit 36 Zellen ausgestattet) jederzeit die optimale Ladung der Bordbatterie\/n. Unabh\u00e4ngige Vergleichstests haben gezeigt, dass die Verdoppelung der Zellen nicht nur bei optimalen, sondern gerade auch bei ung\u00fcnstigen Wetterverh\u00e4ltnissen und teilweiser Abschattung eine erhebliche Leistungssteigerung bringt. Auf der Modulr\u00fcckseite ist eine stabile druckwasserdichte Anschlussdose [&hellip;]","og_url":"https:\/\/shop.bantam.ch\/de\/produkt\/solarmodul-mt-sm-170-mc-170-w\/","og_site_name":"Bantam Camping AG","article_modified_time":"2026-04-17T19:35:37+00:00","og_image":[{"width":418,"height":1000,"url":"https:\/\/shop.bantam.ch\/wp-content\/uploads\/2023\/02\/996063211.jpg","type":"image\/jpeg"}],"twitter_card":"summary_large_image","schema":{"@context":"https:\/\/schema.org","@graph":[{"@type":"WebPage","@id":"https:\/\/shop.bantam.ch\/de\/produkt\/solarmodul-mt-sm-170-mc-170-w\/","url":"https:\/\/shop.bantam.ch\/de\/produkt\/solarmodul-mt-sm-170-mc-170-w\/","name":"Solarmodul BUETTNER ELEKTRONIK MT-SM 170 MC, 170 W - Bantam Camping AG","isPartOf":{"@id":"https:\/\/shop.bantam.ch\/de\/#website"},"primaryImageOfPage":{"@id":"https:\/\/shop.bantam.ch\/de\/produkt\/solarmodul-mt-sm-170-mc-170-w\/#primaryimage"},"image":{"@id":"https:\/\/shop.bantam.ch\/de\/produkt\/solarmodul-mt-sm-170-mc-170-w\/#primaryimage"},"thumbnailUrl":"https:\/\/shop.bantam.ch\/wp-content\/uploads\/2023\/02\/996063211.jpg","datePublished":"2023-02-28T06:11:48+00:00","dateModified":"2026-04-17T19:35:37+00:00","breadcrumb":{"@id":"https:\/\/shop.bantam.ch\/de\/produkt\/solarmodul-mt-sm-170-mc-170-w\/#breadcrumb"},"inLanguage":"de","potentialAction":[{"@type":"ReadAction","target":["https:\/\/shop.bantam.ch\/de\/produkt\/solarmodul-mt-sm-170-mc-170-w\/"]}]},{"@type":"ImageObject","inLanguage":"de","@id":"https:\/\/shop.bantam.ch\/de\/produkt\/solarmodul-mt-sm-170-mc-170-w\/#primaryimage","url":"https:\/\/shop.bantam.ch\/wp-content\/uploads\/2023\/02\/996063211.jpg","contentUrl":"https:\/\/shop.bantam.ch\/wp-content\/uploads\/2023\/02\/996063211.jpg","width":418,"height":1000},{"@type":"BreadcrumbList","@id":"https:\/\/shop.bantam.ch\/de\/produkt\/solarmodul-mt-sm-170-mc-170-w\/#breadcrumb","itemListElement":[{"@type":"ListItem","position":1,"name":"Accueil","item":"https:\/\/shop.bantam.ch\/de\/"},{"@type":"ListItem","position":2,"name":"Shop","item":"https:\/\/shop.bantam.ch\/de\/shop\/"},{"@type":"ListItem","position":3,"name":"Solarmodul BUETTNER ELEKTRONIK MT-SM 170 MC, 170 W"}]},{"@type":"WebSite","@id":"https:\/\/shop.bantam.ch\/de\/#website","url":"https:\/\/shop.bantam.ch\/de\/","name":"Bantam Camping AG","description":"","publisher":{"@id":"https:\/\/shop.bantam.ch\/de\/#organization"},"inLanguage":"de"},{"@type":"Organization","@id":"https:\/\/shop.bantam.ch\/de\/#organization","name":"Bantam Camping AG","url":"https:\/\/shop.bantam.ch\/de\/","logo":{"@type":"ImageObject","inLanguage":"de","@id":"https:\/\/shop.bantam.ch\/de\/#\/schema\/logo\/image\/","url":"https:\/\/shop.bantam.ch\/wp-content\/uploads\/2022\/12\/bantam-logo.png","contentUrl":"https:\/\/shop.bantam.ch\/wp-content\/uploads\/2022\/12\/bantam-logo.png","width":320,"height":71,"caption":"Bantam Camping AG"},"image":{"@id":"https:\/\/shop.bantam.ch\/de\/#\/schema\/logo\/image\/"}}]}},"_links":{"self":[{"href":"https:\/\/shop.bantam.ch\/de\/wp-json\/wp\/v2\/product\/103374","targetHints":{"allow":["GET"]}}],"collection":[{"href":"https:\/\/shop.bantam.ch\/de\/wp-json\/wp\/v2\/product"}],"about":[{"href":"https:\/\/shop.bantam.ch\/de\/wp-json\/wp\/v2\/types\/product"}],"wp:featuredmedia":[{"embeddable":true,"href":"https:\/\/shop.bantam.ch\/de\/wp-json\/wp\/v2\/media\/103370"}],"wp:attachment":[{"href":"https:\/\/shop.bantam.ch\/de\/wp-json\/wp\/v2\/media?parent=103374"}],"wp:term":[{"taxonomy":"product_featured_cat","embeddable":true,"href":"https:\/\/shop.bantam.ch\/de\/wp-json\/wp\/v2\/product_featured_cat?post=103374"},{"taxonomy":"product_brand","embeddable":true,"href":"https:\/\/shop.bantam.ch\/de\/wp-json\/wp\/v2\/product_brand?post=103374"},{"taxonomy":"product_cat","embeddable":true,"href":"https:\/\/shop.bantam.ch\/de\/wp-json\/wp\/v2\/product_cat?post=103374"},{"taxonomy":"product_tag","embeddable":true,"href":"https:\/\/shop.bantam.ch\/de\/wp-json\/wp\/v2\/product_tag?post=103374"}],"curies":[{"name":"wp","href":"https:\/\/api.w.org\/{rel}","templated":true}]}}