{"id":103300,"date":"2023-02-28T07:10:16","date_gmt":"2023-02-28T06:10:16","guid":{"rendered":"http:\/\/shop.bantam.ch\/produit\/stauraumtasche-gepolstert-ausfuehrung-ohne-netz-mit-2-unterteilungen\/"},"modified":"2026-04-17T21:35:28","modified_gmt":"2026-04-17T19:35:28","slug":"stauraumtasche-gepolstert-ausfuehrung-ohne-netz-mit-2-unterteilungen","status":"publish","type":"product","link":"https:\/\/shop.bantam.ch\/de\/produkt\/stauraumtasche-gepolstert-ausfuehrung-ohne-netz-mit-2-unterteilungen\/","title":{"rendered":"Stauraumtasche HINDERMANN gepolstert ohne Netz mit 2 Unterteilungen in der Tasche"},"content":{"rendered":"<p>Stauraumtasche ohne Netz\/ mit 2 Unterteilungen<\/p>\n<p>Gleich und gleich gesellen sich gerne und doch gibt es Unterschiede. Die neue STAURAUMTASCHE PREMIUM verf\u00fcgt \u00fcber 2 gepolsterte Unterteilungen (alternativ: Inneneinteilungen) so dass 3 M\u00f6belteile getrennt voneinander und gesch\u00fctzt auf die Reise gehen k\u00f6nnen. Die Standardversion, ohne die Unterteilungen, verf\u00fcgt hingegen \u00fcber eine zus\u00e4tzliche Staum\u00f6glichkeit durch eine au\u00dfen angebrachte Netztasche. Diese ist lediglich eingeh\u00e4ngt und kann problemlos entfernt werden. (In der Verpackung lose beigelegt)<\/p>\n<p>Material: Hergestellt aus einem gepolsterten robusten schwarzen Polyestergewebe<\/p>\n","protected":false},"excerpt":{"rendered":"<p>Stauraumtasche ohne Netz\/ mit 2 Unterteilungen Gleich und gleich gesellen sich gerne und doch gibt es Unterschiede. Die neue STAURAUMTASCHE PREMIUM verf\u00fcgt \u00fcber 2 gepolsterte Unterteilungen (alternativ: Inneneinteilungen) so dass 3 M\u00f6belteile getrennt voneinander und gesch\u00fctzt auf die Reise gehen k\u00f6nnen. Die Standardversion, ohne die Unterteilungen, verf\u00fcgt hingegen \u00fcber eine zus\u00e4tzliche Staum\u00f6glichkeit durch eine au\u00dfen [&hellip;]<\/p>\n","protected":false},"featured_media":103290,"template":"","meta":{"_acf_changed":false},"product_featured_cat":[],"product_brand":[3041],"product_cat":[4480],"product_tag":[],"class_list":{"0":"post-103300","1":"product","2":"type-product","3":"status-publish","4":"has-post-thumbnail","6":"product_brand-hindermann-de","7":"product_cat-campingstuhl-zubehoer","9":"first","10":"instock","11":"taxable","12":"shipping-taxable","13":"purchasable","14":"product-type-simple"},"acf":[],"yoast_head":"<!-- This site is optimized with the Yoast SEO plugin v27.4 - https:\/\/yoast.com\/product\/yoast-seo-wordpress\/ -->\n<title>Stauraumtasche HINDERMANN gepolstert ohne Netz mit 2 Unterteilungen in der Tasche - Bantam Camping AG<\/title>\n<meta name=\"robots\" content=\"index, follow, max-snippet:-1, max-image-preview:large, max-video-preview:-1\" \/>\n<link rel=\"canonical\" href=\"https:\/\/shop.bantam.ch\/de\/produkt\/stauraumtasche-gepolstert-ausfuehrung-ohne-netz-mit-2-unterteilungen\/\" \/>\n<meta property=\"og:locale\" content=\"de_DE\" \/>\n<meta property=\"og:type\" content=\"article\" \/>\n<meta property=\"og:title\" content=\"Stauraumtasche HINDERMANN gepolstert ohne Netz mit 2 Unterteilungen in der Tasche - Bantam Camping AG\" \/>\n<meta property=\"og:description\" content=\"Stauraumtasche ohne Netz\/ mit 2 Unterteilungen Gleich und gleich gesellen sich gerne und doch gibt es Unterschiede. Die neue STAURAUMTASCHE PREMIUM verf\u00fcgt \u00fcber 2 gepolsterte Unterteilungen (alternativ: Inneneinteilungen) so dass 3 M\u00f6belteile getrennt voneinander und gesch\u00fctzt auf die Reise gehen k\u00f6nnen. Die Standardversion, ohne die Unterteilungen, verf\u00fcgt hingegen \u00fcber eine zus\u00e4tzliche Staum\u00f6glichkeit durch eine au\u00dfen [&hellip;]\" \/>\n<meta property=\"og:url\" content=\"https:\/\/shop.bantam.ch\/de\/produkt\/stauraumtasche-gepolstert-ausfuehrung-ohne-netz-mit-2-unterteilungen\/\" \/>\n<meta property=\"og:site_name\" content=\"Bantam Camping AG\" \/>\n<meta property=\"article:modified_time\" content=\"2026-04-17T19:35:28+00:00\" \/>\n<meta property=\"og:image\" content=\"https:\/\/shop.bantam.ch\/wp-content\/uploads\/2023\/02\/994370911.jpg\" \/>\n\t<meta property=\"og:image:width\" content=\"667\" \/>\n\t<meta property=\"og:image:height\" content=\"1000\" \/>\n\t<meta property=\"og:image:type\" content=\"image\/jpeg\" \/>\n<meta name=\"twitter:card\" content=\"summary_large_image\" \/>\n<script type=\"application\/ld+json\" class=\"yoast-schema-graph\">{\"@context\":\"https:\\\/\\\/schema.org\",\"@graph\":[{\"@type\":\"WebPage\",\"@id\":\"https:\\\/\\\/shop.bantam.ch\\\/de\\\/produkt\\\/stauraumtasche-gepolstert-ausfuehrung-ohne-netz-mit-2-unterteilungen\\\/\",\"url\":\"https:\\\/\\\/shop.bantam.ch\\\/de\\\/produkt\\\/stauraumtasche-gepolstert-ausfuehrung-ohne-netz-mit-2-unterteilungen\\\/\",\"name\":\"Stauraumtasche HINDERMANN gepolstert ohne Netz mit 2 Unterteilungen in der Tasche - Bantam Camping AG\",\"isPartOf\":{\"@id\":\"https:\\\/\\\/shop.bantam.ch\\\/de\\\/#website\"},\"primaryImageOfPage\":{\"@id\":\"https:\\\/\\\/shop.bantam.ch\\\/de\\\/produkt\\\/stauraumtasche-gepolstert-ausfuehrung-ohne-netz-mit-2-unterteilungen\\\/#primaryimage\"},\"image\":{\"@id\":\"https:\\\/\\\/shop.bantam.ch\\\/de\\\/produkt\\\/stauraumtasche-gepolstert-ausfuehrung-ohne-netz-mit-2-unterteilungen\\\/#primaryimage\"},\"thumbnailUrl\":\"https:\\\/\\\/shop.bantam.ch\\\/wp-content\\\/uploads\\\/2023\\\/02\\\/994370911.jpg\",\"datePublished\":\"2023-02-28T06:10:16+00:00\",\"dateModified\":\"2026-04-17T19:35:28+00:00\",\"breadcrumb\":{\"@id\":\"https:\\\/\\\/shop.bantam.ch\\\/de\\\/produkt\\\/stauraumtasche-gepolstert-ausfuehrung-ohne-netz-mit-2-unterteilungen\\\/#breadcrumb\"},\"inLanguage\":\"de\",\"potentialAction\":[{\"@type\":\"ReadAction\",\"target\":[\"https:\\\/\\\/shop.bantam.ch\\\/de\\\/produkt\\\/stauraumtasche-gepolstert-ausfuehrung-ohne-netz-mit-2-unterteilungen\\\/\"]}]},{\"@type\":\"ImageObject\",\"inLanguage\":\"de\",\"@id\":\"https:\\\/\\\/shop.bantam.ch\\\/de\\\/produkt\\\/stauraumtasche-gepolstert-ausfuehrung-ohne-netz-mit-2-unterteilungen\\\/#primaryimage\",\"url\":\"https:\\\/\\\/shop.bantam.ch\\\/wp-content\\\/uploads\\\/2023\\\/02\\\/994370911.jpg\",\"contentUrl\":\"https:\\\/\\\/shop.bantam.ch\\\/wp-content\\\/uploads\\\/2023\\\/02\\\/994370911.jpg\",\"width\":667,\"height\":1000},{\"@type\":\"BreadcrumbList\",\"@id\":\"https:\\\/\\\/shop.bantam.ch\\\/de\\\/produkt\\\/stauraumtasche-gepolstert-ausfuehrung-ohne-netz-mit-2-unterteilungen\\\/#breadcrumb\",\"itemListElement\":[{\"@type\":\"ListItem\",\"position\":1,\"name\":\"Accueil\",\"item\":\"https:\\\/\\\/shop.bantam.ch\\\/de\\\/\"},{\"@type\":\"ListItem\",\"position\":2,\"name\":\"Shop\",\"item\":\"https:\\\/\\\/shop.bantam.ch\\\/de\\\/shop\\\/\"},{\"@type\":\"ListItem\",\"position\":3,\"name\":\"Stauraumtasche HINDERMANN gepolstert ohne Netz mit 2 Unterteilungen in der Tasche\"}]},{\"@type\":\"WebSite\",\"@id\":\"https:\\\/\\\/shop.bantam.ch\\\/de\\\/#website\",\"url\":\"https:\\\/\\\/shop.bantam.ch\\\/de\\\/\",\"name\":\"Bantam Camping AG\",\"description\":\"\",\"publisher\":{\"@id\":\"https:\\\/\\\/shop.bantam.ch\\\/de\\\/#organization\"},\"inLanguage\":\"de\"},{\"@type\":\"Organization\",\"@id\":\"https:\\\/\\\/shop.bantam.ch\\\/de\\\/#organization\",\"name\":\"Bantam Camping AG\",\"url\":\"https:\\\/\\\/shop.bantam.ch\\\/de\\\/\",\"logo\":{\"@type\":\"ImageObject\",\"inLanguage\":\"de\",\"@id\":\"https:\\\/\\\/shop.bantam.ch\\\/de\\\/#\\\/schema\\\/logo\\\/image\\\/\",\"url\":\"https:\\\/\\\/shop.bantam.ch\\\/wp-content\\\/uploads\\\/2022\\\/12\\\/bantam-logo.png\",\"contentUrl\":\"https:\\\/\\\/shop.bantam.ch\\\/wp-content\\\/uploads\\\/2022\\\/12\\\/bantam-logo.png\",\"width\":320,\"height\":71,\"caption\":\"Bantam Camping AG\"},\"image\":{\"@id\":\"https:\\\/\\\/shop.bantam.ch\\\/de\\\/#\\\/schema\\\/logo\\\/image\\\/\"}}]}<\/script>\n<!-- \/ Yoast SEO plugin. -->","yoast_head_json":{"title":"Stauraumtasche HINDERMANN gepolstert ohne Netz mit 2 Unterteilungen in der Tasche - Bantam Camping AG","robots":{"index":"index","follow":"follow","max-snippet":"max-snippet:-1","max-image-preview":"max-image-preview:large","max-video-preview":"max-video-preview:-1"},"canonical":"https:\/\/shop.bantam.ch\/de\/produkt\/stauraumtasche-gepolstert-ausfuehrung-ohne-netz-mit-2-unterteilungen\/","og_locale":"de_DE","og_type":"article","og_title":"Stauraumtasche HINDERMANN gepolstert ohne Netz mit 2 Unterteilungen in der Tasche - Bantam Camping AG","og_description":"Stauraumtasche ohne Netz\/ mit 2 Unterteilungen Gleich und gleich gesellen sich gerne und doch gibt es Unterschiede. Die neue STAURAUMTASCHE PREMIUM verf\u00fcgt \u00fcber 2 gepolsterte Unterteilungen (alternativ: Inneneinteilungen) so dass 3 M\u00f6belteile getrennt voneinander und gesch\u00fctzt auf die Reise gehen k\u00f6nnen. Die Standardversion, ohne die Unterteilungen, verf\u00fcgt hingegen \u00fcber eine zus\u00e4tzliche Staum\u00f6glichkeit durch eine au\u00dfen [&hellip;]","og_url":"https:\/\/shop.bantam.ch\/de\/produkt\/stauraumtasche-gepolstert-ausfuehrung-ohne-netz-mit-2-unterteilungen\/","og_site_name":"Bantam Camping AG","article_modified_time":"2026-04-17T19:35:28+00:00","og_image":[{"width":667,"height":1000,"url":"https:\/\/shop.bantam.ch\/wp-content\/uploads\/2023\/02\/994370911.jpg","type":"image\/jpeg"}],"twitter_card":"summary_large_image","schema":{"@context":"https:\/\/schema.org","@graph":[{"@type":"WebPage","@id":"https:\/\/shop.bantam.ch\/de\/produkt\/stauraumtasche-gepolstert-ausfuehrung-ohne-netz-mit-2-unterteilungen\/","url":"https:\/\/shop.bantam.ch\/de\/produkt\/stauraumtasche-gepolstert-ausfuehrung-ohne-netz-mit-2-unterteilungen\/","name":"Stauraumtasche HINDERMANN gepolstert ohne Netz mit 2 Unterteilungen in der Tasche - Bantam Camping AG","isPartOf":{"@id":"https:\/\/shop.bantam.ch\/de\/#website"},"primaryImageOfPage":{"@id":"https:\/\/shop.bantam.ch\/de\/produkt\/stauraumtasche-gepolstert-ausfuehrung-ohne-netz-mit-2-unterteilungen\/#primaryimage"},"image":{"@id":"https:\/\/shop.bantam.ch\/de\/produkt\/stauraumtasche-gepolstert-ausfuehrung-ohne-netz-mit-2-unterteilungen\/#primaryimage"},"thumbnailUrl":"https:\/\/shop.bantam.ch\/wp-content\/uploads\/2023\/02\/994370911.jpg","datePublished":"2023-02-28T06:10:16+00:00","dateModified":"2026-04-17T19:35:28+00:00","breadcrumb":{"@id":"https:\/\/shop.bantam.ch\/de\/produkt\/stauraumtasche-gepolstert-ausfuehrung-ohne-netz-mit-2-unterteilungen\/#breadcrumb"},"inLanguage":"de","potentialAction":[{"@type":"ReadAction","target":["https:\/\/shop.bantam.ch\/de\/produkt\/stauraumtasche-gepolstert-ausfuehrung-ohne-netz-mit-2-unterteilungen\/"]}]},{"@type":"ImageObject","inLanguage":"de","@id":"https:\/\/shop.bantam.ch\/de\/produkt\/stauraumtasche-gepolstert-ausfuehrung-ohne-netz-mit-2-unterteilungen\/#primaryimage","url":"https:\/\/shop.bantam.ch\/wp-content\/uploads\/2023\/02\/994370911.jpg","contentUrl":"https:\/\/shop.bantam.ch\/wp-content\/uploads\/2023\/02\/994370911.jpg","width":667,"height":1000},{"@type":"BreadcrumbList","@id":"https:\/\/shop.bantam.ch\/de\/produkt\/stauraumtasche-gepolstert-ausfuehrung-ohne-netz-mit-2-unterteilungen\/#breadcrumb","itemListElement":[{"@type":"ListItem","position":1,"name":"Accueil","item":"https:\/\/shop.bantam.ch\/de\/"},{"@type":"ListItem","position":2,"name":"Shop","item":"https:\/\/shop.bantam.ch\/de\/shop\/"},{"@type":"ListItem","position":3,"name":"Stauraumtasche HINDERMANN gepolstert ohne Netz mit 2 Unterteilungen in der Tasche"}]},{"@type":"WebSite","@id":"https:\/\/shop.bantam.ch\/de\/#website","url":"https:\/\/shop.bantam.ch\/de\/","name":"Bantam Camping AG","description":"","publisher":{"@id":"https:\/\/shop.bantam.ch\/de\/#organization"},"inLanguage":"de"},{"@type":"Organization","@id":"https:\/\/shop.bantam.ch\/de\/#organization","name":"Bantam Camping AG","url":"https:\/\/shop.bantam.ch\/de\/","logo":{"@type":"ImageObject","inLanguage":"de","@id":"https:\/\/shop.bantam.ch\/de\/#\/schema\/logo\/image\/","url":"https:\/\/shop.bantam.ch\/wp-content\/uploads\/2022\/12\/bantam-logo.png","contentUrl":"https:\/\/shop.bantam.ch\/wp-content\/uploads\/2022\/12\/bantam-logo.png","width":320,"height":71,"caption":"Bantam Camping AG"},"image":{"@id":"https:\/\/shop.bantam.ch\/de\/#\/schema\/logo\/image\/"}}]}},"_links":{"self":[{"href":"https:\/\/shop.bantam.ch\/de\/wp-json\/wp\/v2\/product\/103300","targetHints":{"allow":["GET"]}}],"collection":[{"href":"https:\/\/shop.bantam.ch\/de\/wp-json\/wp\/v2\/product"}],"about":[{"href":"https:\/\/shop.bantam.ch\/de\/wp-json\/wp\/v2\/types\/product"}],"wp:featuredmedia":[{"embeddable":true,"href":"https:\/\/shop.bantam.ch\/de\/wp-json\/wp\/v2\/media\/103290"}],"wp:attachment":[{"href":"https:\/\/shop.bantam.ch\/de\/wp-json\/wp\/v2\/media?parent=103300"}],"wp:term":[{"taxonomy":"product_featured_cat","embeddable":true,"href":"https:\/\/shop.bantam.ch\/de\/wp-json\/wp\/v2\/product_featured_cat?post=103300"},{"taxonomy":"product_brand","embeddable":true,"href":"https:\/\/shop.bantam.ch\/de\/wp-json\/wp\/v2\/product_brand?post=103300"},{"taxonomy":"product_cat","embeddable":true,"href":"https:\/\/shop.bantam.ch\/de\/wp-json\/wp\/v2\/product_cat?post=103300"},{"taxonomy":"product_tag","embeddable":true,"href":"https:\/\/shop.bantam.ch\/de\/wp-json\/wp\/v2\/product_tag?post=103300"}],"curies":[{"name":"wp","href":"https:\/\/api.w.org\/{rel}","templated":true}]}}