{"id":103248,"date":"2024-01-28T07:09:16","date_gmt":"2024-01-28T06:09:16","guid":{"rendered":"http:\/\/shop.bantam.ch\/produit\/kochbuch-leckereien-kuchen-torten\/"},"modified":"2026-05-10T21:35:56","modified_gmt":"2026-05-10T19:35:56","slug":"kochbuch-leckereien-kuchen-torten","status":"publish","type":"product","link":"https:\/\/shop.bantam.ch\/de\/produkt\/kochbuch-leckereien-kuchen-torten\/","title":{"rendered":"Kochbuch OMNIA Leckereien Kuchen und Torten"},"content":{"rendered":"<p>Kuchen macht gl\u00fccklich! Sowohl das Backen als auch das Genie\u00dfen. 64 Seiten, mit 25 farbigen Abbildungen. Speziell f\u00fcr den OMNIA Campingbackofen entwickelt. Endlich gibt es ein ganzes Kuchenbackbuch, mit mehr als 40 leckeren Ideen, f\u00fcr den OMNIA Campingbackofen. Wer unterwegs Lust auf Kuchen und Torten hat, findet in diesem Backbuch garantiert sch\u00f6ne Anregungen.<\/p>\n","protected":false},"excerpt":{"rendered":"<p>Kuchen macht gl\u00fccklich! Sowohl das Backen als auch das Genie\u00dfen. 64 Seiten, mit 25 farbigen Abbildungen. Speziell f\u00fcr den OMNIA Campingbackofen entwickelt. Endlich gibt es ein ganzes Kuchenbackbuch, mit mehr als 40 leckeren Ideen, f\u00fcr den OMNIA Campingbackofen. Wer unterwegs Lust auf Kuchen und Torten hat, findet in diesem Backbuch garantiert sch\u00f6ne Anregungen.<\/p>\n","protected":false},"featured_media":103246,"template":"","meta":{"_acf_changed":false},"product_featured_cat":[],"product_brand":[3293],"product_cat":[4348],"product_tag":[],"class_list":{"0":"post-103248","1":"product","2":"type-product","3":"status-publish","4":"has-post-thumbnail","6":"product_brand-omnia-de","7":"product_cat-kochbuecher","9":"first","10":"instock","11":"taxable","12":"shipping-taxable","13":"purchasable","14":"product-type-simple"},"acf":[],"yoast_head":"<!-- This site is optimized with the Yoast SEO plugin v27.5 - https:\/\/yoast.com\/product\/yoast-seo-wordpress\/ -->\n<title>Kochbuch OMNIA Leckereien Kuchen und Torten - Bantam<\/title>\n<meta name=\"robots\" content=\"index, follow, max-snippet:-1, max-image-preview:large, max-video-preview:-1\" \/>\n<link rel=\"canonical\" href=\"https:\/\/shop.bantam.ch\/de\/produkt\/kochbuch-leckereien-kuchen-torten\/\" \/>\n<meta property=\"og:locale\" content=\"de_DE\" \/>\n<meta property=\"og:type\" content=\"article\" \/>\n<meta property=\"og:title\" content=\"Kochbuch OMNIA Leckereien Kuchen und Torten - Bantam\" \/>\n<meta property=\"og:description\" content=\"Kuchen macht gl\u00fccklich! Sowohl das Backen als auch das Genie\u00dfen. 64 Seiten, mit 25 farbigen Abbildungen. Speziell f\u00fcr den OMNIA Campingbackofen entwickelt. Endlich gibt es ein ganzes Kuchenbackbuch, mit mehr als 40 leckeren Ideen, f\u00fcr den OMNIA Campingbackofen. Wer unterwegs Lust auf Kuchen und Torten hat, findet in diesem Backbuch garantiert sch\u00f6ne Anregungen.\" \/>\n<meta property=\"og:url\" content=\"https:\/\/shop.bantam.ch\/de\/produkt\/kochbuch-leckereien-kuchen-torten\/\" \/>\n<meta property=\"og:site_name\" content=\"Bantam\" \/>\n<meta property=\"article:modified_time\" content=\"2026-05-10T19:35:56+00:00\" \/>\n<meta property=\"og:image\" content=\"https:\/\/shop.bantam.ch\/wp-content\/uploads\/2023\/02\/995689811-scaled.jpg\" \/>\n\t<meta property=\"og:image:width\" content=\"2505\" \/>\n\t<meta property=\"og:image:height\" content=\"2505\" \/>\n\t<meta property=\"og:image:type\" content=\"image\/jpeg\" \/>\n<meta name=\"twitter:card\" content=\"summary_large_image\" \/>\n<script type=\"application\/ld+json\" class=\"yoast-schema-graph\">{\"@context\":\"https:\\\/\\\/schema.org\",\"@graph\":[{\"@type\":\"WebPage\",\"@id\":\"https:\\\/\\\/shop.bantam.ch\\\/de\\\/produkt\\\/kochbuch-leckereien-kuchen-torten\\\/\",\"url\":\"https:\\\/\\\/shop.bantam.ch\\\/de\\\/produkt\\\/kochbuch-leckereien-kuchen-torten\\\/\",\"name\":\"Kochbuch OMNIA Leckereien Kuchen und Torten - Bantam\",\"isPartOf\":{\"@id\":\"https:\\\/\\\/shop.bantam.ch\\\/de\\\/#website\"},\"primaryImageOfPage\":{\"@id\":\"https:\\\/\\\/shop.bantam.ch\\\/de\\\/produkt\\\/kochbuch-leckereien-kuchen-torten\\\/#primaryimage\"},\"image\":{\"@id\":\"https:\\\/\\\/shop.bantam.ch\\\/de\\\/produkt\\\/kochbuch-leckereien-kuchen-torten\\\/#primaryimage\"},\"thumbnailUrl\":\"https:\\\/\\\/shop.bantam.ch\\\/wp-content\\\/uploads\\\/2023\\\/02\\\/995689811-scaled.jpg\",\"datePublished\":\"2024-01-28T06:09:16+00:00\",\"dateModified\":\"2026-05-10T19:35:56+00:00\",\"breadcrumb\":{\"@id\":\"https:\\\/\\\/shop.bantam.ch\\\/de\\\/produkt\\\/kochbuch-leckereien-kuchen-torten\\\/#breadcrumb\"},\"inLanguage\":\"de\",\"potentialAction\":[{\"@type\":\"ReadAction\",\"target\":[\"https:\\\/\\\/shop.bantam.ch\\\/de\\\/produkt\\\/kochbuch-leckereien-kuchen-torten\\\/\"]}]},{\"@type\":\"ImageObject\",\"inLanguage\":\"de\",\"@id\":\"https:\\\/\\\/shop.bantam.ch\\\/de\\\/produkt\\\/kochbuch-leckereien-kuchen-torten\\\/#primaryimage\",\"url\":\"https:\\\/\\\/shop.bantam.ch\\\/wp-content\\\/uploads\\\/2023\\\/02\\\/995689811-scaled.jpg\",\"contentUrl\":\"https:\\\/\\\/shop.bantam.ch\\\/wp-content\\\/uploads\\\/2023\\\/02\\\/995689811-scaled.jpg\",\"width\":2048,\"height\":2048},{\"@type\":\"BreadcrumbList\",\"@id\":\"https:\\\/\\\/shop.bantam.ch\\\/de\\\/produkt\\\/kochbuch-leckereien-kuchen-torten\\\/#breadcrumb\",\"itemListElement\":[{\"@type\":\"ListItem\",\"position\":1,\"name\":\"Accueil\",\"item\":\"https:\\\/\\\/shop.bantam.ch\\\/de\\\/\"},{\"@type\":\"ListItem\",\"position\":2,\"name\":\"Shop\",\"item\":\"https:\\\/\\\/shop.bantam.ch\\\/de\\\/shop\\\/\"},{\"@type\":\"ListItem\",\"position\":3,\"name\":\"Kochbuch OMNIA Leckereien Kuchen und Torten\"}]},{\"@type\":\"WebSite\",\"@id\":\"https:\\\/\\\/shop.bantam.ch\\\/de\\\/#website\",\"url\":\"https:\\\/\\\/shop.bantam.ch\\\/de\\\/\",\"name\":\"Bantam\",\"description\":\"\",\"publisher\":{\"@id\":\"https:\\\/\\\/shop.bantam.ch\\\/de\\\/#organization\"},\"inLanguage\":\"de\"},{\"@type\":\"Organization\",\"@id\":\"https:\\\/\\\/shop.bantam.ch\\\/de\\\/#organization\",\"name\":\"Bantam\",\"url\":\"https:\\\/\\\/shop.bantam.ch\\\/de\\\/\",\"logo\":{\"@type\":\"ImageObject\",\"inLanguage\":\"de\",\"@id\":\"https:\\\/\\\/shop.bantam.ch\\\/de\\\/#\\\/schema\\\/logo\\\/image\\\/\",\"url\":\"https:\\\/\\\/shop.bantam.ch\\\/wp-content\\\/uploads\\\/2022\\\/12\\\/bantam-logo.png\",\"contentUrl\":\"https:\\\/\\\/shop.bantam.ch\\\/wp-content\\\/uploads\\\/2022\\\/12\\\/bantam-logo.png\",\"width\":320,\"height\":71,\"caption\":\"Bantam\"},\"image\":{\"@id\":\"https:\\\/\\\/shop.bantam.ch\\\/de\\\/#\\\/schema\\\/logo\\\/image\\\/\"}}]}<\/script>\n<!-- \/ Yoast SEO plugin. -->","yoast_head_json":{"title":"Kochbuch OMNIA Leckereien Kuchen und Torten - Bantam","robots":{"index":"index","follow":"follow","max-snippet":"max-snippet:-1","max-image-preview":"max-image-preview:large","max-video-preview":"max-video-preview:-1"},"canonical":"https:\/\/shop.bantam.ch\/de\/produkt\/kochbuch-leckereien-kuchen-torten\/","og_locale":"de_DE","og_type":"article","og_title":"Kochbuch OMNIA Leckereien Kuchen und Torten - Bantam","og_description":"Kuchen macht gl\u00fccklich! Sowohl das Backen als auch das Genie\u00dfen. 64 Seiten, mit 25 farbigen Abbildungen. Speziell f\u00fcr den OMNIA Campingbackofen entwickelt. Endlich gibt es ein ganzes Kuchenbackbuch, mit mehr als 40 leckeren Ideen, f\u00fcr den OMNIA Campingbackofen. Wer unterwegs Lust auf Kuchen und Torten hat, findet in diesem Backbuch garantiert sch\u00f6ne Anregungen.","og_url":"https:\/\/shop.bantam.ch\/de\/produkt\/kochbuch-leckereien-kuchen-torten\/","og_site_name":"Bantam","article_modified_time":"2026-05-10T19:35:56+00:00","og_image":[{"width":2505,"height":2505,"url":"https:\/\/shop.bantam.ch\/wp-content\/uploads\/2023\/02\/995689811-scaled.jpg","type":"image\/jpeg"}],"twitter_card":"summary_large_image","schema":{"@context":"https:\/\/schema.org","@graph":[{"@type":"WebPage","@id":"https:\/\/shop.bantam.ch\/de\/produkt\/kochbuch-leckereien-kuchen-torten\/","url":"https:\/\/shop.bantam.ch\/de\/produkt\/kochbuch-leckereien-kuchen-torten\/","name":"Kochbuch OMNIA Leckereien Kuchen und Torten - Bantam","isPartOf":{"@id":"https:\/\/shop.bantam.ch\/de\/#website"},"primaryImageOfPage":{"@id":"https:\/\/shop.bantam.ch\/de\/produkt\/kochbuch-leckereien-kuchen-torten\/#primaryimage"},"image":{"@id":"https:\/\/shop.bantam.ch\/de\/produkt\/kochbuch-leckereien-kuchen-torten\/#primaryimage"},"thumbnailUrl":"https:\/\/shop.bantam.ch\/wp-content\/uploads\/2023\/02\/995689811-scaled.jpg","datePublished":"2024-01-28T06:09:16+00:00","dateModified":"2026-05-10T19:35:56+00:00","breadcrumb":{"@id":"https:\/\/shop.bantam.ch\/de\/produkt\/kochbuch-leckereien-kuchen-torten\/#breadcrumb"},"inLanguage":"de","potentialAction":[{"@type":"ReadAction","target":["https:\/\/shop.bantam.ch\/de\/produkt\/kochbuch-leckereien-kuchen-torten\/"]}]},{"@type":"ImageObject","inLanguage":"de","@id":"https:\/\/shop.bantam.ch\/de\/produkt\/kochbuch-leckereien-kuchen-torten\/#primaryimage","url":"https:\/\/shop.bantam.ch\/wp-content\/uploads\/2023\/02\/995689811-scaled.jpg","contentUrl":"https:\/\/shop.bantam.ch\/wp-content\/uploads\/2023\/02\/995689811-scaled.jpg","width":2048,"height":2048},{"@type":"BreadcrumbList","@id":"https:\/\/shop.bantam.ch\/de\/produkt\/kochbuch-leckereien-kuchen-torten\/#breadcrumb","itemListElement":[{"@type":"ListItem","position":1,"name":"Accueil","item":"https:\/\/shop.bantam.ch\/de\/"},{"@type":"ListItem","position":2,"name":"Shop","item":"https:\/\/shop.bantam.ch\/de\/shop\/"},{"@type":"ListItem","position":3,"name":"Kochbuch OMNIA Leckereien Kuchen und Torten"}]},{"@type":"WebSite","@id":"https:\/\/shop.bantam.ch\/de\/#website","url":"https:\/\/shop.bantam.ch\/de\/","name":"Bantam","description":"","publisher":{"@id":"https:\/\/shop.bantam.ch\/de\/#organization"},"inLanguage":"de"},{"@type":"Organization","@id":"https:\/\/shop.bantam.ch\/de\/#organization","name":"Bantam","url":"https:\/\/shop.bantam.ch\/de\/","logo":{"@type":"ImageObject","inLanguage":"de","@id":"https:\/\/shop.bantam.ch\/de\/#\/schema\/logo\/image\/","url":"https:\/\/shop.bantam.ch\/wp-content\/uploads\/2022\/12\/bantam-logo.png","contentUrl":"https:\/\/shop.bantam.ch\/wp-content\/uploads\/2022\/12\/bantam-logo.png","width":320,"height":71,"caption":"Bantam"},"image":{"@id":"https:\/\/shop.bantam.ch\/de\/#\/schema\/logo\/image\/"}}]}},"_links":{"self":[{"href":"https:\/\/shop.bantam.ch\/de\/wp-json\/wp\/v2\/product\/103248","targetHints":{"allow":["GET"]}}],"collection":[{"href":"https:\/\/shop.bantam.ch\/de\/wp-json\/wp\/v2\/product"}],"about":[{"href":"https:\/\/shop.bantam.ch\/de\/wp-json\/wp\/v2\/types\/product"}],"wp:featuredmedia":[{"embeddable":true,"href":"https:\/\/shop.bantam.ch\/de\/wp-json\/wp\/v2\/media\/103246"}],"wp:attachment":[{"href":"https:\/\/shop.bantam.ch\/de\/wp-json\/wp\/v2\/media?parent=103248"}],"wp:term":[{"taxonomy":"product_featured_cat","embeddable":true,"href":"https:\/\/shop.bantam.ch\/de\/wp-json\/wp\/v2\/product_featured_cat?post=103248"},{"taxonomy":"product_brand","embeddable":true,"href":"https:\/\/shop.bantam.ch\/de\/wp-json\/wp\/v2\/product_brand?post=103248"},{"taxonomy":"product_cat","embeddable":true,"href":"https:\/\/shop.bantam.ch\/de\/wp-json\/wp\/v2\/product_cat?post=103248"},{"taxonomy":"product_tag","embeddable":true,"href":"https:\/\/shop.bantam.ch\/de\/wp-json\/wp\/v2\/product_tag?post=103248"}],"curies":[{"name":"wp","href":"https:\/\/api.w.org\/{rel}","templated":true}]}}