{"id":103100,"date":"2023-02-28T07:06:28","date_gmt":"2023-02-28T06:06:28","guid":{"rendered":"http:\/\/shop.bantam.ch\/produit\/keilkissen-basic-schmal-3d-schwarz\/"},"modified":"2026-05-11T21:34:30","modified_gmt":"2026-05-11T19:34:30","slug":"keilkissen-basic-schmal-3d-schwarz","status":"publish","type":"product","link":"https:\/\/shop.bantam.ch\/de\/produkt\/keilkissen-basic-schmal-3d-schwarz\/","title":{"rendered":"Keilkissen SITBACK Basic schmal 3 D Farbe schwarz"},"content":{"rendered":"<p>Wo Sie auch sitzen &#8211; ob im Auto, auf dem Sofa oder B\u00fcrostuhl: SITBACK BASIC ist die richtige Grundlage f\u00fcr ergonomisches Sitzen. Durch seine Keilform entlastet unser Keilkissen die Wirbels\u00e4ule entscheidend, und gibt gerade beim Autofahren sicheren Halt. SITBACK BASIC ist robust und pflegeleicht aus hochwertigem, mehrschichtigem Material geformt.<\/p>\n<p>Material:<\/p>\n<p>83 % Polyester<\/p>\n<p>17 % Baumwolle<\/p>\n","protected":false},"excerpt":{"rendered":"<p>Wo Sie auch sitzen &#8211; ob im Auto, auf dem Sofa oder B\u00fcrostuhl: SITBACK BASIC ist die richtige Grundlage f\u00fcr ergonomisches Sitzen. Durch seine Keilform entlastet unser Keilkissen die Wirbels\u00e4ule entscheidend, und gibt gerade beim Autofahren sicheren Halt. SITBACK BASIC ist robust und pflegeleicht aus hochwertigem, mehrschichtigem Material geformt. Material: 83 % Polyester 17 % [&hellip;]<\/p>\n","protected":false},"featured_media":103094,"template":"","meta":{"_acf_changed":false},"product_featured_cat":[],"product_brand":[3459],"product_cat":[4950],"product_tag":[],"class_list":{"0":"post-103100","1":"product","2":"type-product","3":"status-publish","4":"has-post-thumbnail","6":"product_brand-sitback-de","7":"product_cat-decken-und-kissen","9":"first","10":"instock","11":"taxable","12":"shipping-taxable","13":"purchasable","14":"product-type-simple"},"acf":[],"yoast_head":"<!-- This site is optimized with the Yoast SEO plugin v27.5 - https:\/\/yoast.com\/product\/yoast-seo-wordpress\/ -->\n<title>Keilkissen SITBACK Basic schmal 3 D Farbe schwarz - Bantam<\/title>\n<meta name=\"robots\" content=\"index, follow, max-snippet:-1, max-image-preview:large, max-video-preview:-1\" \/>\n<link rel=\"canonical\" href=\"https:\/\/shop.bantam.ch\/de\/produkt\/keilkissen-basic-schmal-3d-schwarz\/\" \/>\n<meta property=\"og:locale\" content=\"de_DE\" \/>\n<meta property=\"og:type\" content=\"article\" \/>\n<meta property=\"og:title\" content=\"Keilkissen SITBACK Basic schmal 3 D Farbe schwarz - Bantam\" \/>\n<meta property=\"og:description\" content=\"Wo Sie auch sitzen &#8211; ob im Auto, auf dem Sofa oder B\u00fcrostuhl: SITBACK BASIC ist die richtige Grundlage f\u00fcr ergonomisches Sitzen. Durch seine Keilform entlastet unser Keilkissen die Wirbels\u00e4ule entscheidend, und gibt gerade beim Autofahren sicheren Halt. SITBACK BASIC ist robust und pflegeleicht aus hochwertigem, mehrschichtigem Material geformt. Material: 83 % Polyester 17 % [&hellip;]\" \/>\n<meta property=\"og:url\" content=\"https:\/\/shop.bantam.ch\/de\/produkt\/keilkissen-basic-schmal-3d-schwarz\/\" \/>\n<meta property=\"og:site_name\" content=\"Bantam\" \/>\n<meta property=\"article:modified_time\" content=\"2026-05-11T19:34:30+00:00\" \/>\n<meta property=\"og:image\" content=\"https:\/\/shop.bantam.ch\/wp-content\/uploads\/2023\/02\/994340711.jpg\" \/>\n\t<meta property=\"og:image:width\" content=\"927\" \/>\n\t<meta property=\"og:image:height\" content=\"1000\" \/>\n\t<meta property=\"og:image:type\" content=\"image\/jpeg\" \/>\n<meta name=\"twitter:card\" content=\"summary_large_image\" \/>\n<script type=\"application\/ld+json\" class=\"yoast-schema-graph\">{\"@context\":\"https:\\\/\\\/schema.org\",\"@graph\":[{\"@type\":\"WebPage\",\"@id\":\"https:\\\/\\\/shop.bantam.ch\\\/de\\\/produkt\\\/keilkissen-basic-schmal-3d-schwarz\\\/\",\"url\":\"https:\\\/\\\/shop.bantam.ch\\\/de\\\/produkt\\\/keilkissen-basic-schmal-3d-schwarz\\\/\",\"name\":\"Keilkissen SITBACK Basic schmal 3 D Farbe schwarz - Bantam\",\"isPartOf\":{\"@id\":\"https:\\\/\\\/shop.bantam.ch\\\/de\\\/#website\"},\"primaryImageOfPage\":{\"@id\":\"https:\\\/\\\/shop.bantam.ch\\\/de\\\/produkt\\\/keilkissen-basic-schmal-3d-schwarz\\\/#primaryimage\"},\"image\":{\"@id\":\"https:\\\/\\\/shop.bantam.ch\\\/de\\\/produkt\\\/keilkissen-basic-schmal-3d-schwarz\\\/#primaryimage\"},\"thumbnailUrl\":\"https:\\\/\\\/shop.bantam.ch\\\/wp-content\\\/uploads\\\/2023\\\/02\\\/994340711.jpg\",\"datePublished\":\"2023-02-28T06:06:28+00:00\",\"dateModified\":\"2026-05-11T19:34:30+00:00\",\"breadcrumb\":{\"@id\":\"https:\\\/\\\/shop.bantam.ch\\\/de\\\/produkt\\\/keilkissen-basic-schmal-3d-schwarz\\\/#breadcrumb\"},\"inLanguage\":\"de\",\"potentialAction\":[{\"@type\":\"ReadAction\",\"target\":[\"https:\\\/\\\/shop.bantam.ch\\\/de\\\/produkt\\\/keilkissen-basic-schmal-3d-schwarz\\\/\"]}]},{\"@type\":\"ImageObject\",\"inLanguage\":\"de\",\"@id\":\"https:\\\/\\\/shop.bantam.ch\\\/de\\\/produkt\\\/keilkissen-basic-schmal-3d-schwarz\\\/#primaryimage\",\"url\":\"https:\\\/\\\/shop.bantam.ch\\\/wp-content\\\/uploads\\\/2023\\\/02\\\/994340711.jpg\",\"contentUrl\":\"https:\\\/\\\/shop.bantam.ch\\\/wp-content\\\/uploads\\\/2023\\\/02\\\/994340711.jpg\",\"width\":927,\"height\":1000},{\"@type\":\"BreadcrumbList\",\"@id\":\"https:\\\/\\\/shop.bantam.ch\\\/de\\\/produkt\\\/keilkissen-basic-schmal-3d-schwarz\\\/#breadcrumb\",\"itemListElement\":[{\"@type\":\"ListItem\",\"position\":1,\"name\":\"Accueil\",\"item\":\"https:\\\/\\\/shop.bantam.ch\\\/de\\\/\"},{\"@type\":\"ListItem\",\"position\":2,\"name\":\"Shop\",\"item\":\"https:\\\/\\\/shop.bantam.ch\\\/de\\\/shop\\\/\"},{\"@type\":\"ListItem\",\"position\":3,\"name\":\"Keilkissen SITBACK Basic schmal 3 D Farbe schwarz\"}]},{\"@type\":\"WebSite\",\"@id\":\"https:\\\/\\\/shop.bantam.ch\\\/de\\\/#website\",\"url\":\"https:\\\/\\\/shop.bantam.ch\\\/de\\\/\",\"name\":\"Bantam\",\"description\":\"\",\"publisher\":{\"@id\":\"https:\\\/\\\/shop.bantam.ch\\\/de\\\/#organization\"},\"inLanguage\":\"de\"},{\"@type\":\"Organization\",\"@id\":\"https:\\\/\\\/shop.bantam.ch\\\/de\\\/#organization\",\"name\":\"Bantam\",\"url\":\"https:\\\/\\\/shop.bantam.ch\\\/de\\\/\",\"logo\":{\"@type\":\"ImageObject\",\"inLanguage\":\"de\",\"@id\":\"https:\\\/\\\/shop.bantam.ch\\\/de\\\/#\\\/schema\\\/logo\\\/image\\\/\",\"url\":\"https:\\\/\\\/shop.bantam.ch\\\/wp-content\\\/uploads\\\/2022\\\/12\\\/bantam-logo.png\",\"contentUrl\":\"https:\\\/\\\/shop.bantam.ch\\\/wp-content\\\/uploads\\\/2022\\\/12\\\/bantam-logo.png\",\"width\":320,\"height\":71,\"caption\":\"Bantam\"},\"image\":{\"@id\":\"https:\\\/\\\/shop.bantam.ch\\\/de\\\/#\\\/schema\\\/logo\\\/image\\\/\"}}]}<\/script>\n<!-- \/ Yoast SEO plugin. -->","yoast_head_json":{"title":"Keilkissen SITBACK Basic schmal 3 D Farbe schwarz - Bantam","robots":{"index":"index","follow":"follow","max-snippet":"max-snippet:-1","max-image-preview":"max-image-preview:large","max-video-preview":"max-video-preview:-1"},"canonical":"https:\/\/shop.bantam.ch\/de\/produkt\/keilkissen-basic-schmal-3d-schwarz\/","og_locale":"de_DE","og_type":"article","og_title":"Keilkissen SITBACK Basic schmal 3 D Farbe schwarz - Bantam","og_description":"Wo Sie auch sitzen &#8211; ob im Auto, auf dem Sofa oder B\u00fcrostuhl: SITBACK BASIC ist die richtige Grundlage f\u00fcr ergonomisches Sitzen. Durch seine Keilform entlastet unser Keilkissen die Wirbels\u00e4ule entscheidend, und gibt gerade beim Autofahren sicheren Halt. SITBACK BASIC ist robust und pflegeleicht aus hochwertigem, mehrschichtigem Material geformt. Material: 83 % Polyester 17 % [&hellip;]","og_url":"https:\/\/shop.bantam.ch\/de\/produkt\/keilkissen-basic-schmal-3d-schwarz\/","og_site_name":"Bantam","article_modified_time":"2026-05-11T19:34:30+00:00","og_image":[{"width":927,"height":1000,"url":"https:\/\/shop.bantam.ch\/wp-content\/uploads\/2023\/02\/994340711.jpg","type":"image\/jpeg"}],"twitter_card":"summary_large_image","schema":{"@context":"https:\/\/schema.org","@graph":[{"@type":"WebPage","@id":"https:\/\/shop.bantam.ch\/de\/produkt\/keilkissen-basic-schmal-3d-schwarz\/","url":"https:\/\/shop.bantam.ch\/de\/produkt\/keilkissen-basic-schmal-3d-schwarz\/","name":"Keilkissen SITBACK Basic schmal 3 D Farbe schwarz - Bantam","isPartOf":{"@id":"https:\/\/shop.bantam.ch\/de\/#website"},"primaryImageOfPage":{"@id":"https:\/\/shop.bantam.ch\/de\/produkt\/keilkissen-basic-schmal-3d-schwarz\/#primaryimage"},"image":{"@id":"https:\/\/shop.bantam.ch\/de\/produkt\/keilkissen-basic-schmal-3d-schwarz\/#primaryimage"},"thumbnailUrl":"https:\/\/shop.bantam.ch\/wp-content\/uploads\/2023\/02\/994340711.jpg","datePublished":"2023-02-28T06:06:28+00:00","dateModified":"2026-05-11T19:34:30+00:00","breadcrumb":{"@id":"https:\/\/shop.bantam.ch\/de\/produkt\/keilkissen-basic-schmal-3d-schwarz\/#breadcrumb"},"inLanguage":"de","potentialAction":[{"@type":"ReadAction","target":["https:\/\/shop.bantam.ch\/de\/produkt\/keilkissen-basic-schmal-3d-schwarz\/"]}]},{"@type":"ImageObject","inLanguage":"de","@id":"https:\/\/shop.bantam.ch\/de\/produkt\/keilkissen-basic-schmal-3d-schwarz\/#primaryimage","url":"https:\/\/shop.bantam.ch\/wp-content\/uploads\/2023\/02\/994340711.jpg","contentUrl":"https:\/\/shop.bantam.ch\/wp-content\/uploads\/2023\/02\/994340711.jpg","width":927,"height":1000},{"@type":"BreadcrumbList","@id":"https:\/\/shop.bantam.ch\/de\/produkt\/keilkissen-basic-schmal-3d-schwarz\/#breadcrumb","itemListElement":[{"@type":"ListItem","position":1,"name":"Accueil","item":"https:\/\/shop.bantam.ch\/de\/"},{"@type":"ListItem","position":2,"name":"Shop","item":"https:\/\/shop.bantam.ch\/de\/shop\/"},{"@type":"ListItem","position":3,"name":"Keilkissen SITBACK Basic schmal 3 D Farbe schwarz"}]},{"@type":"WebSite","@id":"https:\/\/shop.bantam.ch\/de\/#website","url":"https:\/\/shop.bantam.ch\/de\/","name":"Bantam","description":"","publisher":{"@id":"https:\/\/shop.bantam.ch\/de\/#organization"},"inLanguage":"de"},{"@type":"Organization","@id":"https:\/\/shop.bantam.ch\/de\/#organization","name":"Bantam","url":"https:\/\/shop.bantam.ch\/de\/","logo":{"@type":"ImageObject","inLanguage":"de","@id":"https:\/\/shop.bantam.ch\/de\/#\/schema\/logo\/image\/","url":"https:\/\/shop.bantam.ch\/wp-content\/uploads\/2022\/12\/bantam-logo.png","contentUrl":"https:\/\/shop.bantam.ch\/wp-content\/uploads\/2022\/12\/bantam-logo.png","width":320,"height":71,"caption":"Bantam"},"image":{"@id":"https:\/\/shop.bantam.ch\/de\/#\/schema\/logo\/image\/"}}]}},"_links":{"self":[{"href":"https:\/\/shop.bantam.ch\/de\/wp-json\/wp\/v2\/product\/103100","targetHints":{"allow":["GET"]}}],"collection":[{"href":"https:\/\/shop.bantam.ch\/de\/wp-json\/wp\/v2\/product"}],"about":[{"href":"https:\/\/shop.bantam.ch\/de\/wp-json\/wp\/v2\/types\/product"}],"wp:featuredmedia":[{"embeddable":true,"href":"https:\/\/shop.bantam.ch\/de\/wp-json\/wp\/v2\/media\/103094"}],"wp:attachment":[{"href":"https:\/\/shop.bantam.ch\/de\/wp-json\/wp\/v2\/media?parent=103100"}],"wp:term":[{"taxonomy":"product_featured_cat","embeddable":true,"href":"https:\/\/shop.bantam.ch\/de\/wp-json\/wp\/v2\/product_featured_cat?post=103100"},{"taxonomy":"product_brand","embeddable":true,"href":"https:\/\/shop.bantam.ch\/de\/wp-json\/wp\/v2\/product_brand?post=103100"},{"taxonomy":"product_cat","embeddable":true,"href":"https:\/\/shop.bantam.ch\/de\/wp-json\/wp\/v2\/product_cat?post=103100"},{"taxonomy":"product_tag","embeddable":true,"href":"https:\/\/shop.bantam.ch\/de\/wp-json\/wp\/v2\/product_tag?post=103100"}],"curies":[{"name":"wp","href":"https:\/\/api.w.org\/{rel}","templated":true}]}}