{"id":102868,"date":"2023-02-28T07:02:48","date_gmt":"2023-02-28T06:02:48","guid":{"rendered":"http:\/\/shop.bantam.ch\/produit\/scheibenreiniger-dekaclean-glass-foam-spraydose\/"},"modified":"2026-04-20T21:36:06","modified_gmt":"2026-04-20T19:36:06","slug":"scheibenreiniger-dekaclean-glass-foam-spraydose","status":"publish","type":"product","link":"https:\/\/shop.bantam.ch\/de\/produkt\/scheibenreiniger-dekaclean-glass-foam-spraydose\/","title":{"rendered":"Scheibenreiniger DEKALIN Dekaclean Glass Foam Spraydose 0,4 l"},"content":{"rendered":"<p>Standfester, aktiver Reinigungsschaum f\u00fcr Glas und glatte Oberfl\u00e4chen. Kein Abflie\u00dfen an senkrechten Fl\u00e4chen. Extrem reinigungsaktiv &amp; biologisch abbaubar. L\u00f6st Insektenreste, Vogelkot und Stra\u00dfenstaub, Nikotinbel\u00e4ge, Fettverschmutzungen, Silikonr\u00fcckst\u00e4nde und Gummiabrieb von Glasscheiben, Autoverglasungen, Spiegeln und Lackoberfl\u00e4chen.<\/p>\n<ul>\n<li>Beim Zerplatzen der Schaumblasen werden hochkonzentrierte, reinigungsaktive Wirkstoffe direkt an die Verschmutzung transportiert<\/li>\n<li>Keine Schlieren- und Streifenbildung<\/li>\n<li>Kostensparend durch hohe Ergiebigkeit<\/li>\n<li>Materialschonend, d.h. Lacke, Gummi und Kunststoffe werden nicht angegriffen<\/li>\n<li>Silikonfrei<\/li>\n<\/ul>\n","protected":false},"excerpt":{"rendered":"<p>Standfester, aktiver Reinigungsschaum f\u00fcr Glas und glatte Oberfl\u00e4chen. Kein Abflie\u00dfen an senkrechten Fl\u00e4chen. Extrem reinigungsaktiv &amp; biologisch abbaubar. L\u00f6st Insektenreste, Vogelkot und Stra\u00dfenstaub, Nikotinbel\u00e4ge, Fettverschmutzungen, Silikonr\u00fcckst\u00e4nde und Gummiabrieb von Glasscheiben, Autoverglasungen, Spiegeln und Lackoberfl\u00e4chen. Beim Zerplatzen der Schaumblasen werden hochkonzentrierte, reinigungsaktive Wirkstoffe direkt an die Verschmutzung transportiert Keine Schlieren- und Streifenbildung Kostensparend durch hohe Ergiebigkeit [&hellip;]<\/p>\n","protected":false},"featured_media":102866,"template":"","meta":{"_acf_changed":false},"product_featured_cat":[],"product_brand":[3175],"product_cat":[5092],"product_tag":[],"class_list":{"0":"post-102868","1":"product","2":"type-product","3":"status-publish","4":"has-post-thumbnail","6":"product_brand-dekalin-de","7":"product_cat-reinigung-spezialreiniger","9":"first","10":"instock","11":"taxable","12":"shipping-taxable","13":"purchasable","14":"product-type-simple"},"acf":[],"yoast_head":"<!-- This site is optimized with the Yoast SEO plugin v27.4 - https:\/\/yoast.com\/product\/yoast-seo-wordpress\/ -->\n<title>Scheibenreiniger DEKALIN Dekaclean Glass Foam Spraydose 0,4 l - Bantam Camping AG<\/title>\n<meta name=\"robots\" content=\"index, follow, max-snippet:-1, max-image-preview:large, max-video-preview:-1\" \/>\n<link rel=\"canonical\" href=\"https:\/\/shop.bantam.ch\/de\/produkt\/scheibenreiniger-dekaclean-glass-foam-spraydose\/\" \/>\n<meta property=\"og:locale\" content=\"de_DE\" \/>\n<meta property=\"og:type\" content=\"article\" \/>\n<meta property=\"og:title\" content=\"Scheibenreiniger DEKALIN Dekaclean Glass Foam Spraydose 0,4 l - Bantam Camping AG\" \/>\n<meta property=\"og:description\" content=\"Standfester, aktiver Reinigungsschaum f\u00fcr Glas und glatte Oberfl\u00e4chen. Kein Abflie\u00dfen an senkrechten Fl\u00e4chen. Extrem reinigungsaktiv &amp; biologisch abbaubar. L\u00f6st Insektenreste, Vogelkot und Stra\u00dfenstaub, Nikotinbel\u00e4ge, Fettverschmutzungen, Silikonr\u00fcckst\u00e4nde und Gummiabrieb von Glasscheiben, Autoverglasungen, Spiegeln und Lackoberfl\u00e4chen. Beim Zerplatzen der Schaumblasen werden hochkonzentrierte, reinigungsaktive Wirkstoffe direkt an die Verschmutzung transportiert Keine Schlieren- und Streifenbildung Kostensparend durch hohe Ergiebigkeit [&hellip;]\" \/>\n<meta property=\"og:url\" content=\"https:\/\/shop.bantam.ch\/de\/produkt\/scheibenreiniger-dekaclean-glass-foam-spraydose\/\" \/>\n<meta property=\"og:site_name\" content=\"Bantam Camping AG\" \/>\n<meta property=\"article:modified_time\" content=\"2026-04-20T19:36:06+00:00\" \/>\n<meta property=\"og:image\" content=\"https:\/\/shop.bantam.ch\/wp-content\/uploads\/2023\/02\/994321911.jpg\" \/>\n\t<meta property=\"og:image:width\" content=\"470\" \/>\n\t<meta property=\"og:image:height\" content=\"1000\" \/>\n\t<meta property=\"og:image:type\" content=\"image\/jpeg\" \/>\n<meta name=\"twitter:card\" content=\"summary_large_image\" \/>\n<script type=\"application\/ld+json\" class=\"yoast-schema-graph\">{\"@context\":\"https:\\\/\\\/schema.org\",\"@graph\":[{\"@type\":\"WebPage\",\"@id\":\"https:\\\/\\\/shop.bantam.ch\\\/de\\\/produkt\\\/scheibenreiniger-dekaclean-glass-foam-spraydose\\\/\",\"url\":\"https:\\\/\\\/shop.bantam.ch\\\/de\\\/produkt\\\/scheibenreiniger-dekaclean-glass-foam-spraydose\\\/\",\"name\":\"Scheibenreiniger DEKALIN Dekaclean Glass Foam Spraydose 0,4 l - Bantam Camping AG\",\"isPartOf\":{\"@id\":\"https:\\\/\\\/shop.bantam.ch\\\/de\\\/#website\"},\"primaryImageOfPage\":{\"@id\":\"https:\\\/\\\/shop.bantam.ch\\\/de\\\/produkt\\\/scheibenreiniger-dekaclean-glass-foam-spraydose\\\/#primaryimage\"},\"image\":{\"@id\":\"https:\\\/\\\/shop.bantam.ch\\\/de\\\/produkt\\\/scheibenreiniger-dekaclean-glass-foam-spraydose\\\/#primaryimage\"},\"thumbnailUrl\":\"https:\\\/\\\/shop.bantam.ch\\\/wp-content\\\/uploads\\\/2023\\\/02\\\/994321911.jpg\",\"datePublished\":\"2023-02-28T06:02:48+00:00\",\"dateModified\":\"2026-04-20T19:36:06+00:00\",\"breadcrumb\":{\"@id\":\"https:\\\/\\\/shop.bantam.ch\\\/de\\\/produkt\\\/scheibenreiniger-dekaclean-glass-foam-spraydose\\\/#breadcrumb\"},\"inLanguage\":\"de\",\"potentialAction\":[{\"@type\":\"ReadAction\",\"target\":[\"https:\\\/\\\/shop.bantam.ch\\\/de\\\/produkt\\\/scheibenreiniger-dekaclean-glass-foam-spraydose\\\/\"]}]},{\"@type\":\"ImageObject\",\"inLanguage\":\"de\",\"@id\":\"https:\\\/\\\/shop.bantam.ch\\\/de\\\/produkt\\\/scheibenreiniger-dekaclean-glass-foam-spraydose\\\/#primaryimage\",\"url\":\"https:\\\/\\\/shop.bantam.ch\\\/wp-content\\\/uploads\\\/2023\\\/02\\\/994321911.jpg\",\"contentUrl\":\"https:\\\/\\\/shop.bantam.ch\\\/wp-content\\\/uploads\\\/2023\\\/02\\\/994321911.jpg\",\"width\":470,\"height\":1000},{\"@type\":\"BreadcrumbList\",\"@id\":\"https:\\\/\\\/shop.bantam.ch\\\/de\\\/produkt\\\/scheibenreiniger-dekaclean-glass-foam-spraydose\\\/#breadcrumb\",\"itemListElement\":[{\"@type\":\"ListItem\",\"position\":1,\"name\":\"Accueil\",\"item\":\"https:\\\/\\\/shop.bantam.ch\\\/de\\\/\"},{\"@type\":\"ListItem\",\"position\":2,\"name\":\"Shop\",\"item\":\"https:\\\/\\\/shop.bantam.ch\\\/de\\\/shop\\\/\"},{\"@type\":\"ListItem\",\"position\":3,\"name\":\"Scheibenreiniger DEKALIN Dekaclean Glass Foam Spraydose 0,4 l\"}]},{\"@type\":\"WebSite\",\"@id\":\"https:\\\/\\\/shop.bantam.ch\\\/de\\\/#website\",\"url\":\"https:\\\/\\\/shop.bantam.ch\\\/de\\\/\",\"name\":\"Bantam Camping AG\",\"description\":\"\",\"publisher\":{\"@id\":\"https:\\\/\\\/shop.bantam.ch\\\/de\\\/#organization\"},\"inLanguage\":\"de\"},{\"@type\":\"Organization\",\"@id\":\"https:\\\/\\\/shop.bantam.ch\\\/de\\\/#organization\",\"name\":\"Bantam Camping AG\",\"url\":\"https:\\\/\\\/shop.bantam.ch\\\/de\\\/\",\"logo\":{\"@type\":\"ImageObject\",\"inLanguage\":\"de\",\"@id\":\"https:\\\/\\\/shop.bantam.ch\\\/de\\\/#\\\/schema\\\/logo\\\/image\\\/\",\"url\":\"https:\\\/\\\/shop.bantam.ch\\\/wp-content\\\/uploads\\\/2022\\\/12\\\/bantam-logo.png\",\"contentUrl\":\"https:\\\/\\\/shop.bantam.ch\\\/wp-content\\\/uploads\\\/2022\\\/12\\\/bantam-logo.png\",\"width\":320,\"height\":71,\"caption\":\"Bantam Camping AG\"},\"image\":{\"@id\":\"https:\\\/\\\/shop.bantam.ch\\\/de\\\/#\\\/schema\\\/logo\\\/image\\\/\"}}]}<\/script>\n<!-- \/ Yoast SEO plugin. -->","yoast_head_json":{"title":"Scheibenreiniger DEKALIN Dekaclean Glass Foam Spraydose 0,4 l - Bantam Camping AG","robots":{"index":"index","follow":"follow","max-snippet":"max-snippet:-1","max-image-preview":"max-image-preview:large","max-video-preview":"max-video-preview:-1"},"canonical":"https:\/\/shop.bantam.ch\/de\/produkt\/scheibenreiniger-dekaclean-glass-foam-spraydose\/","og_locale":"de_DE","og_type":"article","og_title":"Scheibenreiniger DEKALIN Dekaclean Glass Foam Spraydose 0,4 l - Bantam Camping AG","og_description":"Standfester, aktiver Reinigungsschaum f\u00fcr Glas und glatte Oberfl\u00e4chen. Kein Abflie\u00dfen an senkrechten Fl\u00e4chen. Extrem reinigungsaktiv &amp; biologisch abbaubar. L\u00f6st Insektenreste, Vogelkot und Stra\u00dfenstaub, Nikotinbel\u00e4ge, Fettverschmutzungen, Silikonr\u00fcckst\u00e4nde und Gummiabrieb von Glasscheiben, Autoverglasungen, Spiegeln und Lackoberfl\u00e4chen. Beim Zerplatzen der Schaumblasen werden hochkonzentrierte, reinigungsaktive Wirkstoffe direkt an die Verschmutzung transportiert Keine Schlieren- und Streifenbildung Kostensparend durch hohe Ergiebigkeit [&hellip;]","og_url":"https:\/\/shop.bantam.ch\/de\/produkt\/scheibenreiniger-dekaclean-glass-foam-spraydose\/","og_site_name":"Bantam Camping AG","article_modified_time":"2026-04-20T19:36:06+00:00","og_image":[{"width":470,"height":1000,"url":"https:\/\/shop.bantam.ch\/wp-content\/uploads\/2023\/02\/994321911.jpg","type":"image\/jpeg"}],"twitter_card":"summary_large_image","schema":{"@context":"https:\/\/schema.org","@graph":[{"@type":"WebPage","@id":"https:\/\/shop.bantam.ch\/de\/produkt\/scheibenreiniger-dekaclean-glass-foam-spraydose\/","url":"https:\/\/shop.bantam.ch\/de\/produkt\/scheibenreiniger-dekaclean-glass-foam-spraydose\/","name":"Scheibenreiniger DEKALIN Dekaclean Glass Foam Spraydose 0,4 l - Bantam Camping AG","isPartOf":{"@id":"https:\/\/shop.bantam.ch\/de\/#website"},"primaryImageOfPage":{"@id":"https:\/\/shop.bantam.ch\/de\/produkt\/scheibenreiniger-dekaclean-glass-foam-spraydose\/#primaryimage"},"image":{"@id":"https:\/\/shop.bantam.ch\/de\/produkt\/scheibenreiniger-dekaclean-glass-foam-spraydose\/#primaryimage"},"thumbnailUrl":"https:\/\/shop.bantam.ch\/wp-content\/uploads\/2023\/02\/994321911.jpg","datePublished":"2023-02-28T06:02:48+00:00","dateModified":"2026-04-20T19:36:06+00:00","breadcrumb":{"@id":"https:\/\/shop.bantam.ch\/de\/produkt\/scheibenreiniger-dekaclean-glass-foam-spraydose\/#breadcrumb"},"inLanguage":"de","potentialAction":[{"@type":"ReadAction","target":["https:\/\/shop.bantam.ch\/de\/produkt\/scheibenreiniger-dekaclean-glass-foam-spraydose\/"]}]},{"@type":"ImageObject","inLanguage":"de","@id":"https:\/\/shop.bantam.ch\/de\/produkt\/scheibenreiniger-dekaclean-glass-foam-spraydose\/#primaryimage","url":"https:\/\/shop.bantam.ch\/wp-content\/uploads\/2023\/02\/994321911.jpg","contentUrl":"https:\/\/shop.bantam.ch\/wp-content\/uploads\/2023\/02\/994321911.jpg","width":470,"height":1000},{"@type":"BreadcrumbList","@id":"https:\/\/shop.bantam.ch\/de\/produkt\/scheibenreiniger-dekaclean-glass-foam-spraydose\/#breadcrumb","itemListElement":[{"@type":"ListItem","position":1,"name":"Accueil","item":"https:\/\/shop.bantam.ch\/de\/"},{"@type":"ListItem","position":2,"name":"Shop","item":"https:\/\/shop.bantam.ch\/de\/shop\/"},{"@type":"ListItem","position":3,"name":"Scheibenreiniger DEKALIN Dekaclean Glass Foam Spraydose 0,4 l"}]},{"@type":"WebSite","@id":"https:\/\/shop.bantam.ch\/de\/#website","url":"https:\/\/shop.bantam.ch\/de\/","name":"Bantam Camping AG","description":"","publisher":{"@id":"https:\/\/shop.bantam.ch\/de\/#organization"},"inLanguage":"de"},{"@type":"Organization","@id":"https:\/\/shop.bantam.ch\/de\/#organization","name":"Bantam Camping AG","url":"https:\/\/shop.bantam.ch\/de\/","logo":{"@type":"ImageObject","inLanguage":"de","@id":"https:\/\/shop.bantam.ch\/de\/#\/schema\/logo\/image\/","url":"https:\/\/shop.bantam.ch\/wp-content\/uploads\/2022\/12\/bantam-logo.png","contentUrl":"https:\/\/shop.bantam.ch\/wp-content\/uploads\/2022\/12\/bantam-logo.png","width":320,"height":71,"caption":"Bantam Camping AG"},"image":{"@id":"https:\/\/shop.bantam.ch\/de\/#\/schema\/logo\/image\/"}}]}},"_links":{"self":[{"href":"https:\/\/shop.bantam.ch\/de\/wp-json\/wp\/v2\/product\/102868","targetHints":{"allow":["GET"]}}],"collection":[{"href":"https:\/\/shop.bantam.ch\/de\/wp-json\/wp\/v2\/product"}],"about":[{"href":"https:\/\/shop.bantam.ch\/de\/wp-json\/wp\/v2\/types\/product"}],"wp:featuredmedia":[{"embeddable":true,"href":"https:\/\/shop.bantam.ch\/de\/wp-json\/wp\/v2\/media\/102866"}],"wp:attachment":[{"href":"https:\/\/shop.bantam.ch\/de\/wp-json\/wp\/v2\/media?parent=102868"}],"wp:term":[{"taxonomy":"product_featured_cat","embeddable":true,"href":"https:\/\/shop.bantam.ch\/de\/wp-json\/wp\/v2\/product_featured_cat?post=102868"},{"taxonomy":"product_brand","embeddable":true,"href":"https:\/\/shop.bantam.ch\/de\/wp-json\/wp\/v2\/product_brand?post=102868"},{"taxonomy":"product_cat","embeddable":true,"href":"https:\/\/shop.bantam.ch\/de\/wp-json\/wp\/v2\/product_cat?post=102868"},{"taxonomy":"product_tag","embeddable":true,"href":"https:\/\/shop.bantam.ch\/de\/wp-json\/wp\/v2\/product_tag?post=102868"}],"curies":[{"name":"wp","href":"https:\/\/api.w.org\/{rel}","templated":true}]}}