{"id":102754,"date":"2023-02-28T07:00:33","date_gmt":"2023-02-28T06:00:33","guid":{"rendered":"http:\/\/shop.bantam.ch\/produit\/brennstoffzelle-80-bt\/"},"modified":"2026-04-18T21:35:52","modified_gmt":"2026-04-18T19:35:52","slug":"brennstoffzelle-80-bt","status":"publish","type":"product","link":"https:\/\/shop.bantam.ch\/de\/produkt\/brennstoffzelle-80-bt\/","title":{"rendered":"Brennstoffzelle EFOY 80 BT"},"content":{"rendered":"<p>Die EFOY Brennstoffzelle ist der Stromerzeuger f\u00fcr unterwegs. Sie produziert bei einer chemischen Reaktion Strom und l\u00e4dt so die Bordbatterie. Dies geschieht vollautomatisch und leise, damit Sie Ihre Freizeit genie\u00dfen k\u00f6nnen. \u00dcber einen Wechselrichter k\u00f6nnen auch 230 V Ger\u00e4te genutzt werden. Die EFOY Brennstoffzelle ist mit allen g\u00e4ngigen Batteriemodellen kompatibel. SFC empfiehlt die EFOY Lithium Batterie f\u00fcr eine lange Lebensdauer.<\/p>\n<ul>\n<li>Ladekapazit\u00e4t\/Tag: 80 Ah<\/li>\n<li>Ma\u00dfe: 44,8 x 27,5 x 19,8 cm (B x H x T)<\/li>\n<li>EFOY COMFORT: 80 BT<\/li>\n<li>Anschlie\u00dfbare Batterien: Alle 12 und 24 V Akkus (Blei-S\u00e4ure, Blei-Blei Gel, AGM, LiFePO4 (12,8 V \/ 25,6 V)<\/li>\n<li>Gewicht: 6,3 kg<\/li>\n<li>Betriebstemperatur: -20 \u00b0C bis 40 \u00b0C<\/li>\n<li>Verbrauch kWh: 0,9 l<\/li>\n<li>Ladestrom: 3,8 A bei 10,5 V<\/li>\n<li>Leistung: max. 40 W<\/li>\n<li>Nennspannung: 12 V \/ 24 V<\/li>\n<li>Netzspannung: 12 V \/ 24 V<\/li>\n<\/ul>\n","protected":false},"excerpt":{"rendered":"<p>Die EFOY Brennstoffzelle ist der Stromerzeuger f\u00fcr unterwegs. Sie produziert bei einer chemischen Reaktion Strom und l\u00e4dt so die Bordbatterie. Dies geschieht vollautomatisch und leise, damit Sie Ihre Freizeit genie\u00dfen k\u00f6nnen. \u00dcber einen Wechselrichter k\u00f6nnen auch 230 V Ger\u00e4te genutzt werden. Die EFOY Brennstoffzelle ist mit allen g\u00e4ngigen Batteriemodellen kompatibel. SFC empfiehlt die EFOY Lithium [&hellip;]<\/p>\n","protected":false},"featured_media":102752,"template":"","meta":{"_acf_changed":false},"product_featured_cat":[3944],"product_brand":[3289],"product_cat":[4862],"product_tag":[],"class_list":{"0":"post-102754","1":"product","2":"type-product","3":"status-publish","4":"has-post-thumbnail","6":"product_featured_cat-passend-zu-deinen-vorlieben","7":"product_brand-efoy-de","8":"product_cat-brennstoffzellen","10":"first","11":"instock","12":"featured","13":"taxable","14":"shipping-taxable","15":"purchasable","16":"product-type-simple"},"acf":[],"yoast_head":"<!-- This site is optimized with the Yoast SEO plugin v27.4 - https:\/\/yoast.com\/product\/yoast-seo-wordpress\/ -->\n<title>Brennstoffzelle EFOY 80 BT - Bantam Camping AG<\/title>\n<meta name=\"robots\" content=\"index, follow, max-snippet:-1, max-image-preview:large, max-video-preview:-1\" \/>\n<link rel=\"canonical\" href=\"https:\/\/shop.bantam.ch\/de\/produkt\/brennstoffzelle-80-bt\/\" \/>\n<meta property=\"og:locale\" content=\"de_DE\" \/>\n<meta property=\"og:type\" content=\"article\" \/>\n<meta property=\"og:title\" content=\"Brennstoffzelle EFOY 80 BT - Bantam Camping AG\" \/>\n<meta property=\"og:description\" content=\"Die EFOY Brennstoffzelle ist der Stromerzeuger f\u00fcr unterwegs. Sie produziert bei einer chemischen Reaktion Strom und l\u00e4dt so die Bordbatterie. Dies geschieht vollautomatisch und leise, damit Sie Ihre Freizeit genie\u00dfen k\u00f6nnen. \u00dcber einen Wechselrichter k\u00f6nnen auch 230 V Ger\u00e4te genutzt werden. Die EFOY Brennstoffzelle ist mit allen g\u00e4ngigen Batteriemodellen kompatibel. SFC empfiehlt die EFOY Lithium [&hellip;]\" \/>\n<meta property=\"og:url\" content=\"https:\/\/shop.bantam.ch\/de\/produkt\/brennstoffzelle-80-bt\/\" \/>\n<meta property=\"og:site_name\" content=\"Bantam Camping AG\" \/>\n<meta property=\"article:modified_time\" content=\"2026-04-18T19:35:52+00:00\" \/>\n<meta property=\"og:image\" content=\"https:\/\/shop.bantam.ch\/wp-content\/uploads\/2023\/02\/996059111.jpg\" \/>\n\t<meta property=\"og:image:width\" content=\"454\" \/>\n\t<meta property=\"og:image:height\" content=\"500\" \/>\n\t<meta property=\"og:image:type\" content=\"image\/jpeg\" \/>\n<meta name=\"twitter:card\" content=\"summary_large_image\" \/>\n<meta name=\"twitter:label1\" content=\"Gesch\u00e4tzte Lesezeit\" \/>\n\t<meta name=\"twitter:data1\" content=\"1\u00a0Minute\" \/>\n<script type=\"application\/ld+json\" class=\"yoast-schema-graph\">{\"@context\":\"https:\\\/\\\/schema.org\",\"@graph\":[{\"@type\":\"WebPage\",\"@id\":\"https:\\\/\\\/shop.bantam.ch\\\/de\\\/produkt\\\/brennstoffzelle-80-bt\\\/\",\"url\":\"https:\\\/\\\/shop.bantam.ch\\\/de\\\/produkt\\\/brennstoffzelle-80-bt\\\/\",\"name\":\"Brennstoffzelle EFOY 80 BT - Bantam Camping AG\",\"isPartOf\":{\"@id\":\"https:\\\/\\\/shop.bantam.ch\\\/de\\\/#website\"},\"primaryImageOfPage\":{\"@id\":\"https:\\\/\\\/shop.bantam.ch\\\/de\\\/produkt\\\/brennstoffzelle-80-bt\\\/#primaryimage\"},\"image\":{\"@id\":\"https:\\\/\\\/shop.bantam.ch\\\/de\\\/produkt\\\/brennstoffzelle-80-bt\\\/#primaryimage\"},\"thumbnailUrl\":\"https:\\\/\\\/shop.bantam.ch\\\/wp-content\\\/uploads\\\/2023\\\/02\\\/996059111.jpg\",\"datePublished\":\"2023-02-28T06:00:33+00:00\",\"dateModified\":\"2026-04-18T19:35:52+00:00\",\"breadcrumb\":{\"@id\":\"https:\\\/\\\/shop.bantam.ch\\\/de\\\/produkt\\\/brennstoffzelle-80-bt\\\/#breadcrumb\"},\"inLanguage\":\"de\",\"potentialAction\":[{\"@type\":\"ReadAction\",\"target\":[\"https:\\\/\\\/shop.bantam.ch\\\/de\\\/produkt\\\/brennstoffzelle-80-bt\\\/\"]}]},{\"@type\":\"ImageObject\",\"inLanguage\":\"de\",\"@id\":\"https:\\\/\\\/shop.bantam.ch\\\/de\\\/produkt\\\/brennstoffzelle-80-bt\\\/#primaryimage\",\"url\":\"https:\\\/\\\/shop.bantam.ch\\\/wp-content\\\/uploads\\\/2023\\\/02\\\/996059111.jpg\",\"contentUrl\":\"https:\\\/\\\/shop.bantam.ch\\\/wp-content\\\/uploads\\\/2023\\\/02\\\/996059111.jpg\",\"width\":454,\"height\":500},{\"@type\":\"BreadcrumbList\",\"@id\":\"https:\\\/\\\/shop.bantam.ch\\\/de\\\/produkt\\\/brennstoffzelle-80-bt\\\/#breadcrumb\",\"itemListElement\":[{\"@type\":\"ListItem\",\"position\":1,\"name\":\"Accueil\",\"item\":\"https:\\\/\\\/shop.bantam.ch\\\/de\\\/\"},{\"@type\":\"ListItem\",\"position\":2,\"name\":\"Shop\",\"item\":\"https:\\\/\\\/shop.bantam.ch\\\/de\\\/shop\\\/\"},{\"@type\":\"ListItem\",\"position\":3,\"name\":\"Brennstoffzelle EFOY 80 BT\"}]},{\"@type\":\"WebSite\",\"@id\":\"https:\\\/\\\/shop.bantam.ch\\\/de\\\/#website\",\"url\":\"https:\\\/\\\/shop.bantam.ch\\\/de\\\/\",\"name\":\"Bantam Camping AG\",\"description\":\"\",\"publisher\":{\"@id\":\"https:\\\/\\\/shop.bantam.ch\\\/de\\\/#organization\"},\"inLanguage\":\"de\"},{\"@type\":\"Organization\",\"@id\":\"https:\\\/\\\/shop.bantam.ch\\\/de\\\/#organization\",\"name\":\"Bantam Camping AG\",\"url\":\"https:\\\/\\\/shop.bantam.ch\\\/de\\\/\",\"logo\":{\"@type\":\"ImageObject\",\"inLanguage\":\"de\",\"@id\":\"https:\\\/\\\/shop.bantam.ch\\\/de\\\/#\\\/schema\\\/logo\\\/image\\\/\",\"url\":\"https:\\\/\\\/shop.bantam.ch\\\/wp-content\\\/uploads\\\/2022\\\/12\\\/bantam-logo.png\",\"contentUrl\":\"https:\\\/\\\/shop.bantam.ch\\\/wp-content\\\/uploads\\\/2022\\\/12\\\/bantam-logo.png\",\"width\":320,\"height\":71,\"caption\":\"Bantam Camping AG\"},\"image\":{\"@id\":\"https:\\\/\\\/shop.bantam.ch\\\/de\\\/#\\\/schema\\\/logo\\\/image\\\/\"}}]}<\/script>\n<!-- \/ Yoast SEO plugin. -->","yoast_head_json":{"title":"Brennstoffzelle EFOY 80 BT - Bantam Camping AG","robots":{"index":"index","follow":"follow","max-snippet":"max-snippet:-1","max-image-preview":"max-image-preview:large","max-video-preview":"max-video-preview:-1"},"canonical":"https:\/\/shop.bantam.ch\/de\/produkt\/brennstoffzelle-80-bt\/","og_locale":"de_DE","og_type":"article","og_title":"Brennstoffzelle EFOY 80 BT - Bantam Camping AG","og_description":"Die EFOY Brennstoffzelle ist der Stromerzeuger f\u00fcr unterwegs. Sie produziert bei einer chemischen Reaktion Strom und l\u00e4dt so die Bordbatterie. Dies geschieht vollautomatisch und leise, damit Sie Ihre Freizeit genie\u00dfen k\u00f6nnen. \u00dcber einen Wechselrichter k\u00f6nnen auch 230 V Ger\u00e4te genutzt werden. Die EFOY Brennstoffzelle ist mit allen g\u00e4ngigen Batteriemodellen kompatibel. SFC empfiehlt die EFOY Lithium [&hellip;]","og_url":"https:\/\/shop.bantam.ch\/de\/produkt\/brennstoffzelle-80-bt\/","og_site_name":"Bantam Camping AG","article_modified_time":"2026-04-18T19:35:52+00:00","og_image":[{"width":454,"height":500,"url":"https:\/\/shop.bantam.ch\/wp-content\/uploads\/2023\/02\/996059111.jpg","type":"image\/jpeg"}],"twitter_card":"summary_large_image","twitter_misc":{"Gesch\u00e4tzte Lesezeit":"1\u00a0Minute"},"schema":{"@context":"https:\/\/schema.org","@graph":[{"@type":"WebPage","@id":"https:\/\/shop.bantam.ch\/de\/produkt\/brennstoffzelle-80-bt\/","url":"https:\/\/shop.bantam.ch\/de\/produkt\/brennstoffzelle-80-bt\/","name":"Brennstoffzelle EFOY 80 BT - Bantam Camping AG","isPartOf":{"@id":"https:\/\/shop.bantam.ch\/de\/#website"},"primaryImageOfPage":{"@id":"https:\/\/shop.bantam.ch\/de\/produkt\/brennstoffzelle-80-bt\/#primaryimage"},"image":{"@id":"https:\/\/shop.bantam.ch\/de\/produkt\/brennstoffzelle-80-bt\/#primaryimage"},"thumbnailUrl":"https:\/\/shop.bantam.ch\/wp-content\/uploads\/2023\/02\/996059111.jpg","datePublished":"2023-02-28T06:00:33+00:00","dateModified":"2026-04-18T19:35:52+00:00","breadcrumb":{"@id":"https:\/\/shop.bantam.ch\/de\/produkt\/brennstoffzelle-80-bt\/#breadcrumb"},"inLanguage":"de","potentialAction":[{"@type":"ReadAction","target":["https:\/\/shop.bantam.ch\/de\/produkt\/brennstoffzelle-80-bt\/"]}]},{"@type":"ImageObject","inLanguage":"de","@id":"https:\/\/shop.bantam.ch\/de\/produkt\/brennstoffzelle-80-bt\/#primaryimage","url":"https:\/\/shop.bantam.ch\/wp-content\/uploads\/2023\/02\/996059111.jpg","contentUrl":"https:\/\/shop.bantam.ch\/wp-content\/uploads\/2023\/02\/996059111.jpg","width":454,"height":500},{"@type":"BreadcrumbList","@id":"https:\/\/shop.bantam.ch\/de\/produkt\/brennstoffzelle-80-bt\/#breadcrumb","itemListElement":[{"@type":"ListItem","position":1,"name":"Accueil","item":"https:\/\/shop.bantam.ch\/de\/"},{"@type":"ListItem","position":2,"name":"Shop","item":"https:\/\/shop.bantam.ch\/de\/shop\/"},{"@type":"ListItem","position":3,"name":"Brennstoffzelle EFOY 80 BT"}]},{"@type":"WebSite","@id":"https:\/\/shop.bantam.ch\/de\/#website","url":"https:\/\/shop.bantam.ch\/de\/","name":"Bantam Camping AG","description":"","publisher":{"@id":"https:\/\/shop.bantam.ch\/de\/#organization"},"inLanguage":"de"},{"@type":"Organization","@id":"https:\/\/shop.bantam.ch\/de\/#organization","name":"Bantam Camping AG","url":"https:\/\/shop.bantam.ch\/de\/","logo":{"@type":"ImageObject","inLanguage":"de","@id":"https:\/\/shop.bantam.ch\/de\/#\/schema\/logo\/image\/","url":"https:\/\/shop.bantam.ch\/wp-content\/uploads\/2022\/12\/bantam-logo.png","contentUrl":"https:\/\/shop.bantam.ch\/wp-content\/uploads\/2022\/12\/bantam-logo.png","width":320,"height":71,"caption":"Bantam Camping AG"},"image":{"@id":"https:\/\/shop.bantam.ch\/de\/#\/schema\/logo\/image\/"}}]}},"_links":{"self":[{"href":"https:\/\/shop.bantam.ch\/de\/wp-json\/wp\/v2\/product\/102754","targetHints":{"allow":["GET"]}}],"collection":[{"href":"https:\/\/shop.bantam.ch\/de\/wp-json\/wp\/v2\/product"}],"about":[{"href":"https:\/\/shop.bantam.ch\/de\/wp-json\/wp\/v2\/types\/product"}],"wp:featuredmedia":[{"embeddable":true,"href":"https:\/\/shop.bantam.ch\/de\/wp-json\/wp\/v2\/media\/102752"}],"wp:attachment":[{"href":"https:\/\/shop.bantam.ch\/de\/wp-json\/wp\/v2\/media?parent=102754"}],"wp:term":[{"taxonomy":"product_featured_cat","embeddable":true,"href":"https:\/\/shop.bantam.ch\/de\/wp-json\/wp\/v2\/product_featured_cat?post=102754"},{"taxonomy":"product_brand","embeddable":true,"href":"https:\/\/shop.bantam.ch\/de\/wp-json\/wp\/v2\/product_brand?post=102754"},{"taxonomy":"product_cat","embeddable":true,"href":"https:\/\/shop.bantam.ch\/de\/wp-json\/wp\/v2\/product_cat?post=102754"},{"taxonomy":"product_tag","embeddable":true,"href":"https:\/\/shop.bantam.ch\/de\/wp-json\/wp\/v2\/product_tag?post=102754"}],"curies":[{"name":"wp","href":"https:\/\/api.w.org\/{rel}","templated":true}]}}