{"id":102698,"date":"2023-02-28T06:59:20","date_gmt":"2023-02-28T05:59:20","guid":{"rendered":"http:\/\/shop.bantam.ch\/produit\/faltkorb-brunner-holdall-fb-grau-schwarz\/"},"modified":"2026-04-17T21:34:51","modified_gmt":"2026-04-17T19:34:51","slug":"faltkorb-brunner-holdall-fb-grau-schwarz","status":"publish","type":"product","link":"https:\/\/shop.bantam.ch\/de\/produkt\/faltkorb-brunner-holdall-fb-grau-schwarz\/","title":{"rendered":"Faltkorb BRUNNER Holdall Fold-Away 16 l Fb. grau \/ schwarz"},"content":{"rendered":"<p>Faltbare Haushaltshelfer sind eine platzsparende Alternative zu herk\u00f6mmlichen Sch\u00fcsseln, Eimern und Griffbecken und sollten in keiner modernen Camper-Ausr\u00fcstung fehlen. Sie sind kinderleicht zusammenzufalten, vielseitig einsetzbar und, gerade bei knappen Stauraum, ideal verstaubar. Zum Gebrauch reicht etwas Druck auf den Boden um den betreffenden Artikel aufzupoppen. Genauso einfach k\u00f6nnen alle Brunner-FoldAway Produkte nach der Verwendung wieder zusammengefaltet werden.<\/p>\n<ul>\n<li>Leicht<\/li>\n<li>Platzsparend verstaubar<\/li>\n<li>Leicht zu reinigen<\/li>\n<li>Langlebig<\/li>\n<li>Sicher in der Verwendung<\/li>\n<\/ul>\n","protected":false},"excerpt":{"rendered":"<p>Faltbare Haushaltshelfer sind eine platzsparende Alternative zu herk\u00f6mmlichen Sch\u00fcsseln, Eimern und Griffbecken und sollten in keiner modernen Camper-Ausr\u00fcstung fehlen. Sie sind kinderleicht zusammenzufalten, vielseitig einsetzbar und, gerade bei knappen Stauraum, ideal verstaubar. Zum Gebrauch reicht etwas Druck auf den Boden um den betreffenden Artikel aufzupoppen. Genauso einfach k\u00f6nnen alle Brunner-FoldAway Produkte nach der Verwendung wieder [&hellip;]<\/p>\n","protected":false},"featured_media":102694,"template":"","meta":{"_acf_changed":false},"product_featured_cat":[],"product_brand":[3081],"product_cat":[4152,4292],"product_tag":[],"class_list":{"0":"post-102698","1":"product","2":"type-product","3":"status-publish","4":"has-post-thumbnail","6":"product_brand-brunner-de","7":"product_cat-pflege-reinigungsmittel","8":"product_cat-waesche","10":"first","11":"instock","12":"taxable","13":"shipping-taxable","14":"purchasable","15":"product-type-simple"},"acf":[],"yoast_head":"<!-- This site is optimized with the Yoast SEO plugin v27.4 - https:\/\/yoast.com\/product\/yoast-seo-wordpress\/ -->\n<title>Faltkorb BRUNNER Holdall Fold-Away 16 l Fb. grau \/ schwarz - Bantam Camping AG<\/title>\n<meta name=\"robots\" content=\"index, follow, max-snippet:-1, max-image-preview:large, max-video-preview:-1\" \/>\n<link rel=\"canonical\" href=\"https:\/\/shop.bantam.ch\/de\/produkt\/faltkorb-brunner-holdall-fb-grau-schwarz\/\" \/>\n<meta property=\"og:locale\" content=\"de_DE\" \/>\n<meta property=\"og:type\" content=\"article\" \/>\n<meta property=\"og:title\" content=\"Faltkorb BRUNNER Holdall Fold-Away 16 l Fb. grau \/ schwarz - Bantam Camping AG\" \/>\n<meta property=\"og:description\" content=\"Faltbare Haushaltshelfer sind eine platzsparende Alternative zu herk\u00f6mmlichen Sch\u00fcsseln, Eimern und Griffbecken und sollten in keiner modernen Camper-Ausr\u00fcstung fehlen. Sie sind kinderleicht zusammenzufalten, vielseitig einsetzbar und, gerade bei knappen Stauraum, ideal verstaubar. Zum Gebrauch reicht etwas Druck auf den Boden um den betreffenden Artikel aufzupoppen. Genauso einfach k\u00f6nnen alle Brunner-FoldAway Produkte nach der Verwendung wieder [&hellip;]\" \/>\n<meta property=\"og:url\" content=\"https:\/\/shop.bantam.ch\/de\/produkt\/faltkorb-brunner-holdall-fb-grau-schwarz\/\" \/>\n<meta property=\"og:site_name\" content=\"Bantam Camping AG\" \/>\n<meta property=\"article:modified_time\" content=\"2026-04-17T19:34:51+00:00\" \/>\n<meta property=\"og:image\" content=\"https:\/\/shop.bantam.ch\/wp-content\/uploads\/2023\/02\/993582711.jpg\" \/>\n\t<meta property=\"og:image:width\" content=\"1000\" \/>\n\t<meta property=\"og:image:height\" content=\"826\" \/>\n\t<meta property=\"og:image:type\" content=\"image\/jpeg\" \/>\n<meta name=\"twitter:card\" content=\"summary_large_image\" \/>\n<script type=\"application\/ld+json\" class=\"yoast-schema-graph\">{\"@context\":\"https:\\\/\\\/schema.org\",\"@graph\":[{\"@type\":\"WebPage\",\"@id\":\"https:\\\/\\\/shop.bantam.ch\\\/de\\\/produkt\\\/faltkorb-brunner-holdall-fb-grau-schwarz\\\/\",\"url\":\"https:\\\/\\\/shop.bantam.ch\\\/de\\\/produkt\\\/faltkorb-brunner-holdall-fb-grau-schwarz\\\/\",\"name\":\"Faltkorb BRUNNER Holdall Fold-Away 16 l Fb. grau \\\/ schwarz - Bantam Camping AG\",\"isPartOf\":{\"@id\":\"https:\\\/\\\/shop.bantam.ch\\\/de\\\/#website\"},\"primaryImageOfPage\":{\"@id\":\"https:\\\/\\\/shop.bantam.ch\\\/de\\\/produkt\\\/faltkorb-brunner-holdall-fb-grau-schwarz\\\/#primaryimage\"},\"image\":{\"@id\":\"https:\\\/\\\/shop.bantam.ch\\\/de\\\/produkt\\\/faltkorb-brunner-holdall-fb-grau-schwarz\\\/#primaryimage\"},\"thumbnailUrl\":\"https:\\\/\\\/shop.bantam.ch\\\/wp-content\\\/uploads\\\/2023\\\/02\\\/993582711.jpg\",\"datePublished\":\"2023-02-28T05:59:20+00:00\",\"dateModified\":\"2026-04-17T19:34:51+00:00\",\"breadcrumb\":{\"@id\":\"https:\\\/\\\/shop.bantam.ch\\\/de\\\/produkt\\\/faltkorb-brunner-holdall-fb-grau-schwarz\\\/#breadcrumb\"},\"inLanguage\":\"de\",\"potentialAction\":[{\"@type\":\"ReadAction\",\"target\":[\"https:\\\/\\\/shop.bantam.ch\\\/de\\\/produkt\\\/faltkorb-brunner-holdall-fb-grau-schwarz\\\/\"]}]},{\"@type\":\"ImageObject\",\"inLanguage\":\"de\",\"@id\":\"https:\\\/\\\/shop.bantam.ch\\\/de\\\/produkt\\\/faltkorb-brunner-holdall-fb-grau-schwarz\\\/#primaryimage\",\"url\":\"https:\\\/\\\/shop.bantam.ch\\\/wp-content\\\/uploads\\\/2023\\\/02\\\/993582711.jpg\",\"contentUrl\":\"https:\\\/\\\/shop.bantam.ch\\\/wp-content\\\/uploads\\\/2023\\\/02\\\/993582711.jpg\",\"width\":1000,\"height\":826},{\"@type\":\"BreadcrumbList\",\"@id\":\"https:\\\/\\\/shop.bantam.ch\\\/de\\\/produkt\\\/faltkorb-brunner-holdall-fb-grau-schwarz\\\/#breadcrumb\",\"itemListElement\":[{\"@type\":\"ListItem\",\"position\":1,\"name\":\"Accueil\",\"item\":\"https:\\\/\\\/shop.bantam.ch\\\/de\\\/\"},{\"@type\":\"ListItem\",\"position\":2,\"name\":\"Shop\",\"item\":\"https:\\\/\\\/shop.bantam.ch\\\/de\\\/shop\\\/\"},{\"@type\":\"ListItem\",\"position\":3,\"name\":\"Faltkorb BRUNNER Holdall Fold-Away 16 l Fb. grau \\\/ schwarz\"}]},{\"@type\":\"WebSite\",\"@id\":\"https:\\\/\\\/shop.bantam.ch\\\/de\\\/#website\",\"url\":\"https:\\\/\\\/shop.bantam.ch\\\/de\\\/\",\"name\":\"Bantam Camping AG\",\"description\":\"\",\"publisher\":{\"@id\":\"https:\\\/\\\/shop.bantam.ch\\\/de\\\/#organization\"},\"inLanguage\":\"de\"},{\"@type\":\"Organization\",\"@id\":\"https:\\\/\\\/shop.bantam.ch\\\/de\\\/#organization\",\"name\":\"Bantam Camping AG\",\"url\":\"https:\\\/\\\/shop.bantam.ch\\\/de\\\/\",\"logo\":{\"@type\":\"ImageObject\",\"inLanguage\":\"de\",\"@id\":\"https:\\\/\\\/shop.bantam.ch\\\/de\\\/#\\\/schema\\\/logo\\\/image\\\/\",\"url\":\"https:\\\/\\\/shop.bantam.ch\\\/wp-content\\\/uploads\\\/2022\\\/12\\\/bantam-logo.png\",\"contentUrl\":\"https:\\\/\\\/shop.bantam.ch\\\/wp-content\\\/uploads\\\/2022\\\/12\\\/bantam-logo.png\",\"width\":320,\"height\":71,\"caption\":\"Bantam Camping AG\"},\"image\":{\"@id\":\"https:\\\/\\\/shop.bantam.ch\\\/de\\\/#\\\/schema\\\/logo\\\/image\\\/\"}}]}<\/script>\n<!-- \/ Yoast SEO plugin. -->","yoast_head_json":{"title":"Faltkorb BRUNNER Holdall Fold-Away 16 l Fb. grau \/ schwarz - Bantam Camping AG","robots":{"index":"index","follow":"follow","max-snippet":"max-snippet:-1","max-image-preview":"max-image-preview:large","max-video-preview":"max-video-preview:-1"},"canonical":"https:\/\/shop.bantam.ch\/de\/produkt\/faltkorb-brunner-holdall-fb-grau-schwarz\/","og_locale":"de_DE","og_type":"article","og_title":"Faltkorb BRUNNER Holdall Fold-Away 16 l Fb. grau \/ schwarz - Bantam Camping AG","og_description":"Faltbare Haushaltshelfer sind eine platzsparende Alternative zu herk\u00f6mmlichen Sch\u00fcsseln, Eimern und Griffbecken und sollten in keiner modernen Camper-Ausr\u00fcstung fehlen. Sie sind kinderleicht zusammenzufalten, vielseitig einsetzbar und, gerade bei knappen Stauraum, ideal verstaubar. Zum Gebrauch reicht etwas Druck auf den Boden um den betreffenden Artikel aufzupoppen. Genauso einfach k\u00f6nnen alle Brunner-FoldAway Produkte nach der Verwendung wieder [&hellip;]","og_url":"https:\/\/shop.bantam.ch\/de\/produkt\/faltkorb-brunner-holdall-fb-grau-schwarz\/","og_site_name":"Bantam Camping AG","article_modified_time":"2026-04-17T19:34:51+00:00","og_image":[{"width":1000,"height":826,"url":"https:\/\/shop.bantam.ch\/wp-content\/uploads\/2023\/02\/993582711.jpg","type":"image\/jpeg"}],"twitter_card":"summary_large_image","schema":{"@context":"https:\/\/schema.org","@graph":[{"@type":"WebPage","@id":"https:\/\/shop.bantam.ch\/de\/produkt\/faltkorb-brunner-holdall-fb-grau-schwarz\/","url":"https:\/\/shop.bantam.ch\/de\/produkt\/faltkorb-brunner-holdall-fb-grau-schwarz\/","name":"Faltkorb BRUNNER Holdall Fold-Away 16 l Fb. grau \/ schwarz - Bantam Camping AG","isPartOf":{"@id":"https:\/\/shop.bantam.ch\/de\/#website"},"primaryImageOfPage":{"@id":"https:\/\/shop.bantam.ch\/de\/produkt\/faltkorb-brunner-holdall-fb-grau-schwarz\/#primaryimage"},"image":{"@id":"https:\/\/shop.bantam.ch\/de\/produkt\/faltkorb-brunner-holdall-fb-grau-schwarz\/#primaryimage"},"thumbnailUrl":"https:\/\/shop.bantam.ch\/wp-content\/uploads\/2023\/02\/993582711.jpg","datePublished":"2023-02-28T05:59:20+00:00","dateModified":"2026-04-17T19:34:51+00:00","breadcrumb":{"@id":"https:\/\/shop.bantam.ch\/de\/produkt\/faltkorb-brunner-holdall-fb-grau-schwarz\/#breadcrumb"},"inLanguage":"de","potentialAction":[{"@type":"ReadAction","target":["https:\/\/shop.bantam.ch\/de\/produkt\/faltkorb-brunner-holdall-fb-grau-schwarz\/"]}]},{"@type":"ImageObject","inLanguage":"de","@id":"https:\/\/shop.bantam.ch\/de\/produkt\/faltkorb-brunner-holdall-fb-grau-schwarz\/#primaryimage","url":"https:\/\/shop.bantam.ch\/wp-content\/uploads\/2023\/02\/993582711.jpg","contentUrl":"https:\/\/shop.bantam.ch\/wp-content\/uploads\/2023\/02\/993582711.jpg","width":1000,"height":826},{"@type":"BreadcrumbList","@id":"https:\/\/shop.bantam.ch\/de\/produkt\/faltkorb-brunner-holdall-fb-grau-schwarz\/#breadcrumb","itemListElement":[{"@type":"ListItem","position":1,"name":"Accueil","item":"https:\/\/shop.bantam.ch\/de\/"},{"@type":"ListItem","position":2,"name":"Shop","item":"https:\/\/shop.bantam.ch\/de\/shop\/"},{"@type":"ListItem","position":3,"name":"Faltkorb BRUNNER Holdall Fold-Away 16 l Fb. grau \/ schwarz"}]},{"@type":"WebSite","@id":"https:\/\/shop.bantam.ch\/de\/#website","url":"https:\/\/shop.bantam.ch\/de\/","name":"Bantam Camping AG","description":"","publisher":{"@id":"https:\/\/shop.bantam.ch\/de\/#organization"},"inLanguage":"de"},{"@type":"Organization","@id":"https:\/\/shop.bantam.ch\/de\/#organization","name":"Bantam Camping AG","url":"https:\/\/shop.bantam.ch\/de\/","logo":{"@type":"ImageObject","inLanguage":"de","@id":"https:\/\/shop.bantam.ch\/de\/#\/schema\/logo\/image\/","url":"https:\/\/shop.bantam.ch\/wp-content\/uploads\/2022\/12\/bantam-logo.png","contentUrl":"https:\/\/shop.bantam.ch\/wp-content\/uploads\/2022\/12\/bantam-logo.png","width":320,"height":71,"caption":"Bantam Camping AG"},"image":{"@id":"https:\/\/shop.bantam.ch\/de\/#\/schema\/logo\/image\/"}}]}},"_links":{"self":[{"href":"https:\/\/shop.bantam.ch\/de\/wp-json\/wp\/v2\/product\/102698","targetHints":{"allow":["GET"]}}],"collection":[{"href":"https:\/\/shop.bantam.ch\/de\/wp-json\/wp\/v2\/product"}],"about":[{"href":"https:\/\/shop.bantam.ch\/de\/wp-json\/wp\/v2\/types\/product"}],"wp:featuredmedia":[{"embeddable":true,"href":"https:\/\/shop.bantam.ch\/de\/wp-json\/wp\/v2\/media\/102694"}],"wp:attachment":[{"href":"https:\/\/shop.bantam.ch\/de\/wp-json\/wp\/v2\/media?parent=102698"}],"wp:term":[{"taxonomy":"product_featured_cat","embeddable":true,"href":"https:\/\/shop.bantam.ch\/de\/wp-json\/wp\/v2\/product_featured_cat?post=102698"},{"taxonomy":"product_brand","embeddable":true,"href":"https:\/\/shop.bantam.ch\/de\/wp-json\/wp\/v2\/product_brand?post=102698"},{"taxonomy":"product_cat","embeddable":true,"href":"https:\/\/shop.bantam.ch\/de\/wp-json\/wp\/v2\/product_cat?post=102698"},{"taxonomy":"product_tag","embeddable":true,"href":"https:\/\/shop.bantam.ch\/de\/wp-json\/wp\/v2\/product_tag?post=102698"}],"curies":[{"name":"wp","href":"https:\/\/api.w.org\/{rel}","templated":true}]}}