{"id":102620,"date":"2023-02-28T06:58:12","date_gmt":"2023-02-28T05:58:12","guid":{"rendered":"http:\/\/shop.bantam.ch\/produit\/automatische-brennstoffpumpe-batteriebetrieben\/"},"modified":"2026-05-11T21:34:08","modified_gmt":"2026-05-11T19:34:08","slug":"automatische-brennstoffpumpe-batteriebetrieben","status":"publish","type":"product","link":"https:\/\/shop.bantam.ch\/de\/produkt\/automatische-brennstoffpumpe-batteriebetrieben\/","title":{"rendered":"Automatische Brennstoffpumpe batteriebetrieben"},"content":{"rendered":"<ul>\n<li>Batteriebetrieben<\/li>\n<li>Z.B. zum Bef\u00fcllen der Brennstoff tanks von Petroleum\u00f6fen und Umf\u00fcllen anderer Fl\u00fcssigkeiten, wie \u00d6l, Wasser u.\u00e4.<\/li>\n<li>Nicht geeignet zum Umf\u00fcllen von Chemikalien<\/li>\n<li>Einfache Bedienung durch elektrische Steuerung<\/li>\n<li>Leicht, tragbar und kabellos<\/li>\n<li>Mit Vorrichtung zum Einh\u00e4ngen<\/li>\n<li>Gewicht: 205 g (netto)<\/li>\n<li>Passende Batterien (2 St\u00fcck): Typ Mono D LR 20 (nicht im Lieferumfang enthalten)<\/li>\n<\/ul>\n","protected":false},"excerpt":{"rendered":"<p>Batteriebetrieben Z.B. zum Bef\u00fcllen der Brennstoff tanks von Petroleum\u00f6fen und Umf\u00fcllen anderer Fl\u00fcssigkeiten, wie \u00d6l, Wasser u.\u00e4. Nicht geeignet zum Umf\u00fcllen von Chemikalien Einfache Bedienung durch elektrische Steuerung Leicht, tragbar und kabellos Mit Vorrichtung zum Einh\u00e4ngen Gewicht: 205 g (netto) Passende Batterien (2 St\u00fcck): Typ Mono D LR 20 (nicht im Lieferumfang enthalten)<\/p>\n","protected":false},"featured_media":102612,"template":"","meta":{"_acf_changed":false},"product_featured_cat":[],"product_brand":[3543],"product_cat":[5162],"product_tag":[],"class_list":{"0":"post-102620","1":"product","2":"type-product","3":"status-publish","4":"has-post-thumbnail","6":"product_brand-bluecraft-de","7":"product_cat-weiteres-zubehoer","9":"first","10":"instock","11":"taxable","12":"shipping-taxable","13":"purchasable","14":"product-type-simple"},"acf":[],"yoast_head":"<!-- This site is optimized with the Yoast SEO plugin v27.5 - https:\/\/yoast.com\/product\/yoast-seo-wordpress\/ -->\n<title>Automatische Brennstoffpumpe batteriebetrieben - Bantam<\/title>\n<meta name=\"robots\" content=\"index, follow, max-snippet:-1, max-image-preview:large, max-video-preview:-1\" \/>\n<link rel=\"canonical\" href=\"https:\/\/shop.bantam.ch\/de\/produkt\/automatische-brennstoffpumpe-batteriebetrieben\/\" \/>\n<meta property=\"og:locale\" content=\"de_DE\" \/>\n<meta property=\"og:type\" content=\"article\" \/>\n<meta property=\"og:title\" content=\"Automatische Brennstoffpumpe batteriebetrieben - Bantam\" \/>\n<meta property=\"og:description\" content=\"Batteriebetrieben Z.B. zum Bef\u00fcllen der Brennstoff tanks von Petroleum\u00f6fen und Umf\u00fcllen anderer Fl\u00fcssigkeiten, wie \u00d6l, Wasser u.\u00e4. Nicht geeignet zum Umf\u00fcllen von Chemikalien Einfache Bedienung durch elektrische Steuerung Leicht, tragbar und kabellos Mit Vorrichtung zum Einh\u00e4ngen Gewicht: 205 g (netto) Passende Batterien (2 St\u00fcck): Typ Mono D LR 20 (nicht im Lieferumfang enthalten)\" \/>\n<meta property=\"og:url\" content=\"https:\/\/shop.bantam.ch\/de\/produkt\/automatische-brennstoffpumpe-batteriebetrieben\/\" \/>\n<meta property=\"og:site_name\" content=\"Bantam\" \/>\n<meta property=\"article:modified_time\" content=\"2026-05-11T19:34:08+00:00\" \/>\n<meta property=\"og:image\" content=\"https:\/\/shop.bantam.ch\/wp-content\/uploads\/2023\/02\/995688211.jpg\" \/>\n\t<meta property=\"og:image:width\" content=\"1000\" \/>\n\t<meta property=\"og:image:height\" content=\"1000\" \/>\n\t<meta property=\"og:image:type\" content=\"image\/jpeg\" \/>\n<meta name=\"twitter:card\" content=\"summary_large_image\" \/>\n<script type=\"application\/ld+json\" class=\"yoast-schema-graph\">{\"@context\":\"https:\\\/\\\/schema.org\",\"@graph\":[{\"@type\":\"WebPage\",\"@id\":\"https:\\\/\\\/shop.bantam.ch\\\/de\\\/produkt\\\/automatische-brennstoffpumpe-batteriebetrieben\\\/\",\"url\":\"https:\\\/\\\/shop.bantam.ch\\\/de\\\/produkt\\\/automatische-brennstoffpumpe-batteriebetrieben\\\/\",\"name\":\"Automatische Brennstoffpumpe batteriebetrieben - Bantam\",\"isPartOf\":{\"@id\":\"https:\\\/\\\/shop.bantam.ch\\\/de\\\/#website\"},\"primaryImageOfPage\":{\"@id\":\"https:\\\/\\\/shop.bantam.ch\\\/de\\\/produkt\\\/automatische-brennstoffpumpe-batteriebetrieben\\\/#primaryimage\"},\"image\":{\"@id\":\"https:\\\/\\\/shop.bantam.ch\\\/de\\\/produkt\\\/automatische-brennstoffpumpe-batteriebetrieben\\\/#primaryimage\"},\"thumbnailUrl\":\"https:\\\/\\\/shop.bantam.ch\\\/wp-content\\\/uploads\\\/2023\\\/02\\\/995688211.jpg\",\"datePublished\":\"2023-02-28T05:58:12+00:00\",\"dateModified\":\"2026-05-11T19:34:08+00:00\",\"breadcrumb\":{\"@id\":\"https:\\\/\\\/shop.bantam.ch\\\/de\\\/produkt\\\/automatische-brennstoffpumpe-batteriebetrieben\\\/#breadcrumb\"},\"inLanguage\":\"de\",\"potentialAction\":[{\"@type\":\"ReadAction\",\"target\":[\"https:\\\/\\\/shop.bantam.ch\\\/de\\\/produkt\\\/automatische-brennstoffpumpe-batteriebetrieben\\\/\"]}]},{\"@type\":\"ImageObject\",\"inLanguage\":\"de\",\"@id\":\"https:\\\/\\\/shop.bantam.ch\\\/de\\\/produkt\\\/automatische-brennstoffpumpe-batteriebetrieben\\\/#primaryimage\",\"url\":\"https:\\\/\\\/shop.bantam.ch\\\/wp-content\\\/uploads\\\/2023\\\/02\\\/995688211.jpg\",\"contentUrl\":\"https:\\\/\\\/shop.bantam.ch\\\/wp-content\\\/uploads\\\/2023\\\/02\\\/995688211.jpg\",\"width\":1000,\"height\":1000},{\"@type\":\"BreadcrumbList\",\"@id\":\"https:\\\/\\\/shop.bantam.ch\\\/de\\\/produkt\\\/automatische-brennstoffpumpe-batteriebetrieben\\\/#breadcrumb\",\"itemListElement\":[{\"@type\":\"ListItem\",\"position\":1,\"name\":\"Accueil\",\"item\":\"https:\\\/\\\/shop.bantam.ch\\\/de\\\/\"},{\"@type\":\"ListItem\",\"position\":2,\"name\":\"Shop\",\"item\":\"https:\\\/\\\/shop.bantam.ch\\\/de\\\/shop\\\/\"},{\"@type\":\"ListItem\",\"position\":3,\"name\":\"Automatische Brennstoffpumpe batteriebetrieben\"}]},{\"@type\":\"WebSite\",\"@id\":\"https:\\\/\\\/shop.bantam.ch\\\/de\\\/#website\",\"url\":\"https:\\\/\\\/shop.bantam.ch\\\/de\\\/\",\"name\":\"Bantam\",\"description\":\"\",\"publisher\":{\"@id\":\"https:\\\/\\\/shop.bantam.ch\\\/de\\\/#organization\"},\"inLanguage\":\"de\"},{\"@type\":\"Organization\",\"@id\":\"https:\\\/\\\/shop.bantam.ch\\\/de\\\/#organization\",\"name\":\"Bantam\",\"url\":\"https:\\\/\\\/shop.bantam.ch\\\/de\\\/\",\"logo\":{\"@type\":\"ImageObject\",\"inLanguage\":\"de\",\"@id\":\"https:\\\/\\\/shop.bantam.ch\\\/de\\\/#\\\/schema\\\/logo\\\/image\\\/\",\"url\":\"https:\\\/\\\/shop.bantam.ch\\\/wp-content\\\/uploads\\\/2022\\\/12\\\/bantam-logo.png\",\"contentUrl\":\"https:\\\/\\\/shop.bantam.ch\\\/wp-content\\\/uploads\\\/2022\\\/12\\\/bantam-logo.png\",\"width\":320,\"height\":71,\"caption\":\"Bantam\"},\"image\":{\"@id\":\"https:\\\/\\\/shop.bantam.ch\\\/de\\\/#\\\/schema\\\/logo\\\/image\\\/\"}}]}<\/script>\n<!-- \/ Yoast SEO plugin. -->","yoast_head_json":{"title":"Automatische Brennstoffpumpe batteriebetrieben - Bantam","robots":{"index":"index","follow":"follow","max-snippet":"max-snippet:-1","max-image-preview":"max-image-preview:large","max-video-preview":"max-video-preview:-1"},"canonical":"https:\/\/shop.bantam.ch\/de\/produkt\/automatische-brennstoffpumpe-batteriebetrieben\/","og_locale":"de_DE","og_type":"article","og_title":"Automatische Brennstoffpumpe batteriebetrieben - Bantam","og_description":"Batteriebetrieben Z.B. zum Bef\u00fcllen der Brennstoff tanks von Petroleum\u00f6fen und Umf\u00fcllen anderer Fl\u00fcssigkeiten, wie \u00d6l, Wasser u.\u00e4. Nicht geeignet zum Umf\u00fcllen von Chemikalien Einfache Bedienung durch elektrische Steuerung Leicht, tragbar und kabellos Mit Vorrichtung zum Einh\u00e4ngen Gewicht: 205 g (netto) Passende Batterien (2 St\u00fcck): Typ Mono D LR 20 (nicht im Lieferumfang enthalten)","og_url":"https:\/\/shop.bantam.ch\/de\/produkt\/automatische-brennstoffpumpe-batteriebetrieben\/","og_site_name":"Bantam","article_modified_time":"2026-05-11T19:34:08+00:00","og_image":[{"width":1000,"height":1000,"url":"https:\/\/shop.bantam.ch\/wp-content\/uploads\/2023\/02\/995688211.jpg","type":"image\/jpeg"}],"twitter_card":"summary_large_image","schema":{"@context":"https:\/\/schema.org","@graph":[{"@type":"WebPage","@id":"https:\/\/shop.bantam.ch\/de\/produkt\/automatische-brennstoffpumpe-batteriebetrieben\/","url":"https:\/\/shop.bantam.ch\/de\/produkt\/automatische-brennstoffpumpe-batteriebetrieben\/","name":"Automatische Brennstoffpumpe batteriebetrieben - Bantam","isPartOf":{"@id":"https:\/\/shop.bantam.ch\/de\/#website"},"primaryImageOfPage":{"@id":"https:\/\/shop.bantam.ch\/de\/produkt\/automatische-brennstoffpumpe-batteriebetrieben\/#primaryimage"},"image":{"@id":"https:\/\/shop.bantam.ch\/de\/produkt\/automatische-brennstoffpumpe-batteriebetrieben\/#primaryimage"},"thumbnailUrl":"https:\/\/shop.bantam.ch\/wp-content\/uploads\/2023\/02\/995688211.jpg","datePublished":"2023-02-28T05:58:12+00:00","dateModified":"2026-05-11T19:34:08+00:00","breadcrumb":{"@id":"https:\/\/shop.bantam.ch\/de\/produkt\/automatische-brennstoffpumpe-batteriebetrieben\/#breadcrumb"},"inLanguage":"de","potentialAction":[{"@type":"ReadAction","target":["https:\/\/shop.bantam.ch\/de\/produkt\/automatische-brennstoffpumpe-batteriebetrieben\/"]}]},{"@type":"ImageObject","inLanguage":"de","@id":"https:\/\/shop.bantam.ch\/de\/produkt\/automatische-brennstoffpumpe-batteriebetrieben\/#primaryimage","url":"https:\/\/shop.bantam.ch\/wp-content\/uploads\/2023\/02\/995688211.jpg","contentUrl":"https:\/\/shop.bantam.ch\/wp-content\/uploads\/2023\/02\/995688211.jpg","width":1000,"height":1000},{"@type":"BreadcrumbList","@id":"https:\/\/shop.bantam.ch\/de\/produkt\/automatische-brennstoffpumpe-batteriebetrieben\/#breadcrumb","itemListElement":[{"@type":"ListItem","position":1,"name":"Accueil","item":"https:\/\/shop.bantam.ch\/de\/"},{"@type":"ListItem","position":2,"name":"Shop","item":"https:\/\/shop.bantam.ch\/de\/shop\/"},{"@type":"ListItem","position":3,"name":"Automatische Brennstoffpumpe batteriebetrieben"}]},{"@type":"WebSite","@id":"https:\/\/shop.bantam.ch\/de\/#website","url":"https:\/\/shop.bantam.ch\/de\/","name":"Bantam","description":"","publisher":{"@id":"https:\/\/shop.bantam.ch\/de\/#organization"},"inLanguage":"de"},{"@type":"Organization","@id":"https:\/\/shop.bantam.ch\/de\/#organization","name":"Bantam","url":"https:\/\/shop.bantam.ch\/de\/","logo":{"@type":"ImageObject","inLanguage":"de","@id":"https:\/\/shop.bantam.ch\/de\/#\/schema\/logo\/image\/","url":"https:\/\/shop.bantam.ch\/wp-content\/uploads\/2022\/12\/bantam-logo.png","contentUrl":"https:\/\/shop.bantam.ch\/wp-content\/uploads\/2022\/12\/bantam-logo.png","width":320,"height":71,"caption":"Bantam"},"image":{"@id":"https:\/\/shop.bantam.ch\/de\/#\/schema\/logo\/image\/"}}]}},"_links":{"self":[{"href":"https:\/\/shop.bantam.ch\/de\/wp-json\/wp\/v2\/product\/102620","targetHints":{"allow":["GET"]}}],"collection":[{"href":"https:\/\/shop.bantam.ch\/de\/wp-json\/wp\/v2\/product"}],"about":[{"href":"https:\/\/shop.bantam.ch\/de\/wp-json\/wp\/v2\/types\/product"}],"wp:featuredmedia":[{"embeddable":true,"href":"https:\/\/shop.bantam.ch\/de\/wp-json\/wp\/v2\/media\/102612"}],"wp:attachment":[{"href":"https:\/\/shop.bantam.ch\/de\/wp-json\/wp\/v2\/media?parent=102620"}],"wp:term":[{"taxonomy":"product_featured_cat","embeddable":true,"href":"https:\/\/shop.bantam.ch\/de\/wp-json\/wp\/v2\/product_featured_cat?post=102620"},{"taxonomy":"product_brand","embeddable":true,"href":"https:\/\/shop.bantam.ch\/de\/wp-json\/wp\/v2\/product_brand?post=102620"},{"taxonomy":"product_cat","embeddable":true,"href":"https:\/\/shop.bantam.ch\/de\/wp-json\/wp\/v2\/product_cat?post=102620"},{"taxonomy":"product_tag","embeddable":true,"href":"https:\/\/shop.bantam.ch\/de\/wp-json\/wp\/v2\/product_tag?post=102620"}],"curies":[{"name":"wp","href":"https:\/\/api.w.org\/{rel}","templated":true}]}}