{"id":102546,"date":"2023-02-28T06:56:50","date_gmt":"2023-02-28T05:56:50","guid":{"rendered":"http:\/\/shop.bantam.ch\/produit\/euro-set-d-professional\/"},"modified":"2026-04-17T21:34:43","modified_gmt":"2026-04-17T19:34:43","slug":"euro-set-d-professional","status":"publish","type":"product","link":"https:\/\/shop.bantam.ch\/de\/produkt\/euro-set-d-professional\/","title":{"rendered":"Euro-Set GOK D Professional mit \u00dcbergangsstutzen Nr. 1 &#8211; 4"},"content":{"rendered":"<p>Zum Anschluss eines Druckreglers mit deutschem Anschluss an die auf dem europ\u00e4ischen Markt g\u00e4ngigen Gasflaschen bestehend aus: EuroTool im Werkzeugkoffer mit 3 Wechseleins\u00e4tzen und \u00dcbergangsstutzen 1 bis 4 aus Euro-Set D<\/p>\n<ul>\n<li>nur ein Werkzeug mit drei verschiedenen Wechseleins\u00e4tzen, passend f\u00fcr europ\u00e4ische Flaschenanschl\u00fcsse<\/li>\n<li>einfaches und sicheres Wechselsystem<\/li>\n<li>Werkzeugkoffer mit Schaumstoffeinlage (H\/B\/T: 140 x 153 x 49 mm)<\/li>\n<li>\u00dcbergangsstutzen 1: Italien, Schweiz (AG KLF x AG M10 x 1)<\/li>\n<li>\u00dcbergangsstutzen 2: Griechenland, Italien, \u00d6sterreich und Slowenien (AG KLF x IG Ital.A)<\/li>\n<li>\u00dcbergangsstutzen 3: England, Finnland, Island, Norwegen, Portugal und Schweden (AG KLF x AG Primus)<\/li>\n<li>\u00dcbergangsstutzen 4: Belgien, England, Frankreich, Irland, Kroatien, Lettland, Luxemburg, Mazedonien, Montenegro, Niederlande, Schweiz, Serbien, Slowakei, Slowenien, Spanien und Tschechien (AG KLF x IG W21,8 x 1\/14 LH)<\/li>\n<\/ul>\n<p>Werkstoff:<\/p>\n<ul>\n<li>EuroTool: Spezialpolyamid mit Glasfaserverst\u00e4rkung (entwickelt f\u00fcr Werkzeuge)<\/li>\n<li>Wechseleins\u00e4tze: Spezialpolyamid mit Glasfaserverst\u00e4rkung (entwickelt f\u00fcr Werkzeuge)<\/li>\n<li>\u00dcbergangsstutzen: Messing<\/li>\n<\/ul>\n","protected":false},"excerpt":{"rendered":"<p>Zum Anschluss eines Druckreglers mit deutschem Anschluss an die auf dem europ\u00e4ischen Markt g\u00e4ngigen Gasflaschen bestehend aus: EuroTool im Werkzeugkoffer mit 3 Wechseleins\u00e4tzen und \u00dcbergangsstutzen 1 bis 4 aus Euro-Set D nur ein Werkzeug mit drei verschiedenen Wechseleins\u00e4tzen, passend f\u00fcr europ\u00e4ische Flaschenanschl\u00fcsse einfaches und sicheres Wechselsystem Werkzeugkoffer mit Schaumstoffeinlage (H\/B\/T: 140 x 153 x 49 [&hellip;]<\/p>\n","protected":false},"featured_media":102544,"template":"","meta":{"_acf_changed":false},"product_featured_cat":[],"product_brand":[3255],"product_cat":[5158],"product_tag":[],"class_list":{"0":"post-102546","1":"product","2":"type-product","3":"status-publish","4":"has-post-thumbnail","6":"product_brand-gok-de","7":"product_cat-gasverschraubung","9":"first","10":"instock","11":"taxable","12":"shipping-taxable","13":"purchasable","14":"product-type-simple"},"acf":[],"yoast_head":"<!-- This site is optimized with the Yoast SEO plugin v27.4 - https:\/\/yoast.com\/product\/yoast-seo-wordpress\/ -->\n<title>Euro-Set GOK D Professional mit \u00dcbergangsstutzen Nr. 1 - 4 - Bantam Camping AG<\/title>\n<meta name=\"robots\" content=\"index, follow, max-snippet:-1, max-image-preview:large, max-video-preview:-1\" \/>\n<link rel=\"canonical\" href=\"https:\/\/shop.bantam.ch\/de\/produkt\/euro-set-d-professional\/\" \/>\n<meta property=\"og:locale\" content=\"de_DE\" \/>\n<meta property=\"og:type\" content=\"article\" \/>\n<meta property=\"og:title\" content=\"Euro-Set GOK D Professional mit \u00dcbergangsstutzen Nr. 1 - 4 - Bantam Camping AG\" \/>\n<meta property=\"og:description\" content=\"Zum Anschluss eines Druckreglers mit deutschem Anschluss an die auf dem europ\u00e4ischen Markt g\u00e4ngigen Gasflaschen bestehend aus: EuroTool im Werkzeugkoffer mit 3 Wechseleins\u00e4tzen und \u00dcbergangsstutzen 1 bis 4 aus Euro-Set D nur ein Werkzeug mit drei verschiedenen Wechseleins\u00e4tzen, passend f\u00fcr europ\u00e4ische Flaschenanschl\u00fcsse einfaches und sicheres Wechselsystem Werkzeugkoffer mit Schaumstoffeinlage (H\/B\/T: 140 x 153 x 49 [&hellip;]\" \/>\n<meta property=\"og:url\" content=\"https:\/\/shop.bantam.ch\/de\/produkt\/euro-set-d-professional\/\" \/>\n<meta property=\"og:site_name\" content=\"Bantam Camping AG\" \/>\n<meta property=\"article:modified_time\" content=\"2026-04-17T19:34:43+00:00\" \/>\n<meta property=\"og:image\" content=\"https:\/\/shop.bantam.ch\/wp-content\/uploads\/2023\/02\/994369711.jpg\" \/>\n\t<meta property=\"og:image:width\" content=\"916\" \/>\n\t<meta property=\"og:image:height\" content=\"1000\" \/>\n\t<meta property=\"og:image:type\" content=\"image\/jpeg\" \/>\n<meta name=\"twitter:card\" content=\"summary_large_image\" \/>\n<meta name=\"twitter:label1\" content=\"Gesch\u00e4tzte Lesezeit\" \/>\n\t<meta name=\"twitter:data1\" content=\"1\u00a0Minute\" \/>\n<script type=\"application\/ld+json\" class=\"yoast-schema-graph\">{\"@context\":\"https:\\\/\\\/schema.org\",\"@graph\":[{\"@type\":\"WebPage\",\"@id\":\"https:\\\/\\\/shop.bantam.ch\\\/de\\\/produkt\\\/euro-set-d-professional\\\/\",\"url\":\"https:\\\/\\\/shop.bantam.ch\\\/de\\\/produkt\\\/euro-set-d-professional\\\/\",\"name\":\"Euro-Set GOK D Professional mit \u00dcbergangsstutzen Nr. 1 - 4 - Bantam Camping AG\",\"isPartOf\":{\"@id\":\"https:\\\/\\\/shop.bantam.ch\\\/de\\\/#website\"},\"primaryImageOfPage\":{\"@id\":\"https:\\\/\\\/shop.bantam.ch\\\/de\\\/produkt\\\/euro-set-d-professional\\\/#primaryimage\"},\"image\":{\"@id\":\"https:\\\/\\\/shop.bantam.ch\\\/de\\\/produkt\\\/euro-set-d-professional\\\/#primaryimage\"},\"thumbnailUrl\":\"https:\\\/\\\/shop.bantam.ch\\\/wp-content\\\/uploads\\\/2023\\\/02\\\/994369711.jpg\",\"datePublished\":\"2023-02-28T05:56:50+00:00\",\"dateModified\":\"2026-04-17T19:34:43+00:00\",\"breadcrumb\":{\"@id\":\"https:\\\/\\\/shop.bantam.ch\\\/de\\\/produkt\\\/euro-set-d-professional\\\/#breadcrumb\"},\"inLanguage\":\"de\",\"potentialAction\":[{\"@type\":\"ReadAction\",\"target\":[\"https:\\\/\\\/shop.bantam.ch\\\/de\\\/produkt\\\/euro-set-d-professional\\\/\"]}]},{\"@type\":\"ImageObject\",\"inLanguage\":\"de\",\"@id\":\"https:\\\/\\\/shop.bantam.ch\\\/de\\\/produkt\\\/euro-set-d-professional\\\/#primaryimage\",\"url\":\"https:\\\/\\\/shop.bantam.ch\\\/wp-content\\\/uploads\\\/2023\\\/02\\\/994369711.jpg\",\"contentUrl\":\"https:\\\/\\\/shop.bantam.ch\\\/wp-content\\\/uploads\\\/2023\\\/02\\\/994369711.jpg\",\"width\":916,\"height\":1000},{\"@type\":\"BreadcrumbList\",\"@id\":\"https:\\\/\\\/shop.bantam.ch\\\/de\\\/produkt\\\/euro-set-d-professional\\\/#breadcrumb\",\"itemListElement\":[{\"@type\":\"ListItem\",\"position\":1,\"name\":\"Accueil\",\"item\":\"https:\\\/\\\/shop.bantam.ch\\\/de\\\/\"},{\"@type\":\"ListItem\",\"position\":2,\"name\":\"Shop\",\"item\":\"https:\\\/\\\/shop.bantam.ch\\\/de\\\/shop\\\/\"},{\"@type\":\"ListItem\",\"position\":3,\"name\":\"Euro-Set GOK D Professional mit \u00dcbergangsstutzen Nr. 1 &#8211; 4\"}]},{\"@type\":\"WebSite\",\"@id\":\"https:\\\/\\\/shop.bantam.ch\\\/de\\\/#website\",\"url\":\"https:\\\/\\\/shop.bantam.ch\\\/de\\\/\",\"name\":\"Bantam Camping AG\",\"description\":\"\",\"publisher\":{\"@id\":\"https:\\\/\\\/shop.bantam.ch\\\/de\\\/#organization\"},\"inLanguage\":\"de\"},{\"@type\":\"Organization\",\"@id\":\"https:\\\/\\\/shop.bantam.ch\\\/de\\\/#organization\",\"name\":\"Bantam Camping AG\",\"url\":\"https:\\\/\\\/shop.bantam.ch\\\/de\\\/\",\"logo\":{\"@type\":\"ImageObject\",\"inLanguage\":\"de\",\"@id\":\"https:\\\/\\\/shop.bantam.ch\\\/de\\\/#\\\/schema\\\/logo\\\/image\\\/\",\"url\":\"https:\\\/\\\/shop.bantam.ch\\\/wp-content\\\/uploads\\\/2022\\\/12\\\/bantam-logo.png\",\"contentUrl\":\"https:\\\/\\\/shop.bantam.ch\\\/wp-content\\\/uploads\\\/2022\\\/12\\\/bantam-logo.png\",\"width\":320,\"height\":71,\"caption\":\"Bantam Camping AG\"},\"image\":{\"@id\":\"https:\\\/\\\/shop.bantam.ch\\\/de\\\/#\\\/schema\\\/logo\\\/image\\\/\"}}]}<\/script>\n<!-- \/ Yoast SEO plugin. -->","yoast_head_json":{"title":"Euro-Set GOK D Professional mit \u00dcbergangsstutzen Nr. 1 - 4 - Bantam Camping AG","robots":{"index":"index","follow":"follow","max-snippet":"max-snippet:-1","max-image-preview":"max-image-preview:large","max-video-preview":"max-video-preview:-1"},"canonical":"https:\/\/shop.bantam.ch\/de\/produkt\/euro-set-d-professional\/","og_locale":"de_DE","og_type":"article","og_title":"Euro-Set GOK D Professional mit \u00dcbergangsstutzen Nr. 1 - 4 - Bantam Camping AG","og_description":"Zum Anschluss eines Druckreglers mit deutschem Anschluss an die auf dem europ\u00e4ischen Markt g\u00e4ngigen Gasflaschen bestehend aus: EuroTool im Werkzeugkoffer mit 3 Wechseleins\u00e4tzen und \u00dcbergangsstutzen 1 bis 4 aus Euro-Set D nur ein Werkzeug mit drei verschiedenen Wechseleins\u00e4tzen, passend f\u00fcr europ\u00e4ische Flaschenanschl\u00fcsse einfaches und sicheres Wechselsystem Werkzeugkoffer mit Schaumstoffeinlage (H\/B\/T: 140 x 153 x 49 [&hellip;]","og_url":"https:\/\/shop.bantam.ch\/de\/produkt\/euro-set-d-professional\/","og_site_name":"Bantam Camping AG","article_modified_time":"2026-04-17T19:34:43+00:00","og_image":[{"width":916,"height":1000,"url":"https:\/\/shop.bantam.ch\/wp-content\/uploads\/2023\/02\/994369711.jpg","type":"image\/jpeg"}],"twitter_card":"summary_large_image","twitter_misc":{"Gesch\u00e4tzte Lesezeit":"1\u00a0Minute"},"schema":{"@context":"https:\/\/schema.org","@graph":[{"@type":"WebPage","@id":"https:\/\/shop.bantam.ch\/de\/produkt\/euro-set-d-professional\/","url":"https:\/\/shop.bantam.ch\/de\/produkt\/euro-set-d-professional\/","name":"Euro-Set GOK D Professional mit \u00dcbergangsstutzen Nr. 1 - 4 - Bantam Camping AG","isPartOf":{"@id":"https:\/\/shop.bantam.ch\/de\/#website"},"primaryImageOfPage":{"@id":"https:\/\/shop.bantam.ch\/de\/produkt\/euro-set-d-professional\/#primaryimage"},"image":{"@id":"https:\/\/shop.bantam.ch\/de\/produkt\/euro-set-d-professional\/#primaryimage"},"thumbnailUrl":"https:\/\/shop.bantam.ch\/wp-content\/uploads\/2023\/02\/994369711.jpg","datePublished":"2023-02-28T05:56:50+00:00","dateModified":"2026-04-17T19:34:43+00:00","breadcrumb":{"@id":"https:\/\/shop.bantam.ch\/de\/produkt\/euro-set-d-professional\/#breadcrumb"},"inLanguage":"de","potentialAction":[{"@type":"ReadAction","target":["https:\/\/shop.bantam.ch\/de\/produkt\/euro-set-d-professional\/"]}]},{"@type":"ImageObject","inLanguage":"de","@id":"https:\/\/shop.bantam.ch\/de\/produkt\/euro-set-d-professional\/#primaryimage","url":"https:\/\/shop.bantam.ch\/wp-content\/uploads\/2023\/02\/994369711.jpg","contentUrl":"https:\/\/shop.bantam.ch\/wp-content\/uploads\/2023\/02\/994369711.jpg","width":916,"height":1000},{"@type":"BreadcrumbList","@id":"https:\/\/shop.bantam.ch\/de\/produkt\/euro-set-d-professional\/#breadcrumb","itemListElement":[{"@type":"ListItem","position":1,"name":"Accueil","item":"https:\/\/shop.bantam.ch\/de\/"},{"@type":"ListItem","position":2,"name":"Shop","item":"https:\/\/shop.bantam.ch\/de\/shop\/"},{"@type":"ListItem","position":3,"name":"Euro-Set GOK D Professional mit \u00dcbergangsstutzen Nr. 1 &#8211; 4"}]},{"@type":"WebSite","@id":"https:\/\/shop.bantam.ch\/de\/#website","url":"https:\/\/shop.bantam.ch\/de\/","name":"Bantam Camping AG","description":"","publisher":{"@id":"https:\/\/shop.bantam.ch\/de\/#organization"},"inLanguage":"de"},{"@type":"Organization","@id":"https:\/\/shop.bantam.ch\/de\/#organization","name":"Bantam Camping AG","url":"https:\/\/shop.bantam.ch\/de\/","logo":{"@type":"ImageObject","inLanguage":"de","@id":"https:\/\/shop.bantam.ch\/de\/#\/schema\/logo\/image\/","url":"https:\/\/shop.bantam.ch\/wp-content\/uploads\/2022\/12\/bantam-logo.png","contentUrl":"https:\/\/shop.bantam.ch\/wp-content\/uploads\/2022\/12\/bantam-logo.png","width":320,"height":71,"caption":"Bantam Camping AG"},"image":{"@id":"https:\/\/shop.bantam.ch\/de\/#\/schema\/logo\/image\/"}}]}},"_links":{"self":[{"href":"https:\/\/shop.bantam.ch\/de\/wp-json\/wp\/v2\/product\/102546","targetHints":{"allow":["GET"]}}],"collection":[{"href":"https:\/\/shop.bantam.ch\/de\/wp-json\/wp\/v2\/product"}],"about":[{"href":"https:\/\/shop.bantam.ch\/de\/wp-json\/wp\/v2\/types\/product"}],"wp:featuredmedia":[{"embeddable":true,"href":"https:\/\/shop.bantam.ch\/de\/wp-json\/wp\/v2\/media\/102544"}],"wp:attachment":[{"href":"https:\/\/shop.bantam.ch\/de\/wp-json\/wp\/v2\/media?parent=102546"}],"wp:term":[{"taxonomy":"product_featured_cat","embeddable":true,"href":"https:\/\/shop.bantam.ch\/de\/wp-json\/wp\/v2\/product_featured_cat?post=102546"},{"taxonomy":"product_brand","embeddable":true,"href":"https:\/\/shop.bantam.ch\/de\/wp-json\/wp\/v2\/product_brand?post=102546"},{"taxonomy":"product_cat","embeddable":true,"href":"https:\/\/shop.bantam.ch\/de\/wp-json\/wp\/v2\/product_cat?post=102546"},{"taxonomy":"product_tag","embeddable":true,"href":"https:\/\/shop.bantam.ch\/de\/wp-json\/wp\/v2\/product_tag?post=102546"}],"curies":[{"name":"wp","href":"https:\/\/api.w.org\/{rel}","templated":true}]}}