{"id":102502,"date":"2023-02-28T06:56:05","date_gmt":"2023-02-28T05:56:05","guid":{"rendered":"http:\/\/shop.bantam.ch\/produit\/tischkocher-camp-bistro-dlx-2\/"},"modified":"2026-04-18T21:35:29","modified_gmt":"2026-04-18T19:35:29","slug":"tischkocher-camp-bistro-dlx-2","status":"publish","type":"product","link":"https:\/\/shop.bantam.ch\/de\/produkt\/tischkocher-camp-bistro-dlx-2\/","title":{"rendered":"Tischkocher CAMPINGGAZ Camp Bistro DLX Farbe: blau \/ silber"},"content":{"rendered":"<p>Dieser leichte und starke Tischkocher eignet sich hervorragend f\u00fcr Picknicks, Tagesausfl\u00fcge und alle Gelegenheiten, bei denen man unterwegs nicht auf eine frisch zubereitete Mahlzeit verzichten m\u00f6chte. Der Camp Bistro wird daher zum sicheren Transport in einem Kunststoffkoffer geliefert. Der Kocher hat eine starke Leistung von 2.200 W und wird mit CP 250 Kartusche betrieben. Damit verf\u00fcgt er \u00fcber eine Brenndauer von mind. 1 Std. 15 Min. Die Piezoz\u00fcndung erm\u00f6glicht einen einfachen Start.<\/p>\n","protected":false},"excerpt":{"rendered":"<p>Dieser leichte und starke Tischkocher eignet sich hervorragend f\u00fcr Picknicks, Tagesausfl\u00fcge und alle Gelegenheiten, bei denen man unterwegs nicht auf eine frisch zubereitete Mahlzeit verzichten m\u00f6chte. Der Camp Bistro wird daher zum sicheren Transport in einem Kunststoffkoffer geliefert. Der Kocher hat eine starke Leistung von 2.200 W und wird mit CP 250 Kartusche betrieben. Damit [&hellip;]<\/p>\n","protected":false},"featured_media":102492,"template":"","meta":{"_acf_changed":false},"product_featured_cat":[],"product_brand":[3197],"product_cat":[4306],"product_tag":[],"class_list":{"0":"post-102502","1":"product","2":"type-product","3":"status-publish","4":"has-post-thumbnail","6":"product_brand-campingaz-de","7":"product_cat-kocher-kocher","9":"first","10":"instock","11":"taxable","12":"shipping-taxable","13":"purchasable","14":"product-type-simple"},"acf":[],"yoast_head":"<!-- This site is optimized with the Yoast SEO plugin v27.4 - https:\/\/yoast.com\/product\/yoast-seo-wordpress\/ -->\n<title>Tischkocher CAMPINGGAZ Camp Bistro DLX Farbe: blau \/ silber - Bantam Camping AG<\/title>\n<meta name=\"robots\" content=\"index, follow, max-snippet:-1, max-image-preview:large, max-video-preview:-1\" \/>\n<link rel=\"canonical\" href=\"https:\/\/shop.bantam.ch\/de\/produkt\/tischkocher-camp-bistro-dlx-2\/\" \/>\n<meta property=\"og:locale\" content=\"de_DE\" \/>\n<meta property=\"og:type\" content=\"article\" \/>\n<meta property=\"og:title\" content=\"Tischkocher CAMPINGGAZ Camp Bistro DLX Farbe: blau \/ silber - Bantam Camping AG\" \/>\n<meta property=\"og:description\" content=\"Dieser leichte und starke Tischkocher eignet sich hervorragend f\u00fcr Picknicks, Tagesausfl\u00fcge und alle Gelegenheiten, bei denen man unterwegs nicht auf eine frisch zubereitete Mahlzeit verzichten m\u00f6chte. Der Camp Bistro wird daher zum sicheren Transport in einem Kunststoffkoffer geliefert. Der Kocher hat eine starke Leistung von 2.200 W und wird mit CP 250 Kartusche betrieben. Damit [&hellip;]\" \/>\n<meta property=\"og:url\" content=\"https:\/\/shop.bantam.ch\/de\/produkt\/tischkocher-camp-bistro-dlx-2\/\" \/>\n<meta property=\"og:site_name\" content=\"Bantam Camping AG\" \/>\n<meta property=\"article:modified_time\" content=\"2026-04-18T19:35:29+00:00\" \/>\n<meta property=\"og:image\" content=\"https:\/\/shop.bantam.ch\/wp-content\/uploads\/2023\/02\/996058811.jpg\" \/>\n\t<meta property=\"og:image:width\" content=\"1000\" \/>\n\t<meta property=\"og:image:height\" content=\"1000\" \/>\n\t<meta property=\"og:image:type\" content=\"image\/jpeg\" \/>\n<meta name=\"twitter:card\" content=\"summary_large_image\" \/>\n<script type=\"application\/ld+json\" class=\"yoast-schema-graph\">{\"@context\":\"https:\\\/\\\/schema.org\",\"@graph\":[{\"@type\":\"WebPage\",\"@id\":\"https:\\\/\\\/shop.bantam.ch\\\/de\\\/produkt\\\/tischkocher-camp-bistro-dlx-2\\\/\",\"url\":\"https:\\\/\\\/shop.bantam.ch\\\/de\\\/produkt\\\/tischkocher-camp-bistro-dlx-2\\\/\",\"name\":\"Tischkocher CAMPINGGAZ Camp Bistro DLX Farbe: blau \\\/ silber - Bantam Camping AG\",\"isPartOf\":{\"@id\":\"https:\\\/\\\/shop.bantam.ch\\\/de\\\/#website\"},\"primaryImageOfPage\":{\"@id\":\"https:\\\/\\\/shop.bantam.ch\\\/de\\\/produkt\\\/tischkocher-camp-bistro-dlx-2\\\/#primaryimage\"},\"image\":{\"@id\":\"https:\\\/\\\/shop.bantam.ch\\\/de\\\/produkt\\\/tischkocher-camp-bistro-dlx-2\\\/#primaryimage\"},\"thumbnailUrl\":\"https:\\\/\\\/shop.bantam.ch\\\/wp-content\\\/uploads\\\/2023\\\/02\\\/996058811.jpg\",\"datePublished\":\"2023-02-28T05:56:05+00:00\",\"dateModified\":\"2026-04-18T19:35:29+00:00\",\"breadcrumb\":{\"@id\":\"https:\\\/\\\/shop.bantam.ch\\\/de\\\/produkt\\\/tischkocher-camp-bistro-dlx-2\\\/#breadcrumb\"},\"inLanguage\":\"de\",\"potentialAction\":[{\"@type\":\"ReadAction\",\"target\":[\"https:\\\/\\\/shop.bantam.ch\\\/de\\\/produkt\\\/tischkocher-camp-bistro-dlx-2\\\/\"]}]},{\"@type\":\"ImageObject\",\"inLanguage\":\"de\",\"@id\":\"https:\\\/\\\/shop.bantam.ch\\\/de\\\/produkt\\\/tischkocher-camp-bistro-dlx-2\\\/#primaryimage\",\"url\":\"https:\\\/\\\/shop.bantam.ch\\\/wp-content\\\/uploads\\\/2023\\\/02\\\/996058811.jpg\",\"contentUrl\":\"https:\\\/\\\/shop.bantam.ch\\\/wp-content\\\/uploads\\\/2023\\\/02\\\/996058811.jpg\",\"width\":1000,\"height\":1000},{\"@type\":\"BreadcrumbList\",\"@id\":\"https:\\\/\\\/shop.bantam.ch\\\/de\\\/produkt\\\/tischkocher-camp-bistro-dlx-2\\\/#breadcrumb\",\"itemListElement\":[{\"@type\":\"ListItem\",\"position\":1,\"name\":\"Accueil\",\"item\":\"https:\\\/\\\/shop.bantam.ch\\\/de\\\/\"},{\"@type\":\"ListItem\",\"position\":2,\"name\":\"Shop\",\"item\":\"https:\\\/\\\/shop.bantam.ch\\\/de\\\/shop\\\/\"},{\"@type\":\"ListItem\",\"position\":3,\"name\":\"Tischkocher CAMPINGGAZ Camp Bistro DLX Farbe: blau \\\/ silber\"}]},{\"@type\":\"WebSite\",\"@id\":\"https:\\\/\\\/shop.bantam.ch\\\/de\\\/#website\",\"url\":\"https:\\\/\\\/shop.bantam.ch\\\/de\\\/\",\"name\":\"Bantam Camping AG\",\"description\":\"\",\"publisher\":{\"@id\":\"https:\\\/\\\/shop.bantam.ch\\\/de\\\/#organization\"},\"inLanguage\":\"de\"},{\"@type\":\"Organization\",\"@id\":\"https:\\\/\\\/shop.bantam.ch\\\/de\\\/#organization\",\"name\":\"Bantam Camping AG\",\"url\":\"https:\\\/\\\/shop.bantam.ch\\\/de\\\/\",\"logo\":{\"@type\":\"ImageObject\",\"inLanguage\":\"de\",\"@id\":\"https:\\\/\\\/shop.bantam.ch\\\/de\\\/#\\\/schema\\\/logo\\\/image\\\/\",\"url\":\"https:\\\/\\\/shop.bantam.ch\\\/wp-content\\\/uploads\\\/2022\\\/12\\\/bantam-logo.png\",\"contentUrl\":\"https:\\\/\\\/shop.bantam.ch\\\/wp-content\\\/uploads\\\/2022\\\/12\\\/bantam-logo.png\",\"width\":320,\"height\":71,\"caption\":\"Bantam Camping AG\"},\"image\":{\"@id\":\"https:\\\/\\\/shop.bantam.ch\\\/de\\\/#\\\/schema\\\/logo\\\/image\\\/\"}}]}<\/script>\n<!-- \/ Yoast SEO plugin. -->","yoast_head_json":{"title":"Tischkocher CAMPINGGAZ Camp Bistro DLX Farbe: blau \/ silber - Bantam Camping AG","robots":{"index":"index","follow":"follow","max-snippet":"max-snippet:-1","max-image-preview":"max-image-preview:large","max-video-preview":"max-video-preview:-1"},"canonical":"https:\/\/shop.bantam.ch\/de\/produkt\/tischkocher-camp-bistro-dlx-2\/","og_locale":"de_DE","og_type":"article","og_title":"Tischkocher CAMPINGGAZ Camp Bistro DLX Farbe: blau \/ silber - Bantam Camping AG","og_description":"Dieser leichte und starke Tischkocher eignet sich hervorragend f\u00fcr Picknicks, Tagesausfl\u00fcge und alle Gelegenheiten, bei denen man unterwegs nicht auf eine frisch zubereitete Mahlzeit verzichten m\u00f6chte. Der Camp Bistro wird daher zum sicheren Transport in einem Kunststoffkoffer geliefert. Der Kocher hat eine starke Leistung von 2.200 W und wird mit CP 250 Kartusche betrieben. Damit [&hellip;]","og_url":"https:\/\/shop.bantam.ch\/de\/produkt\/tischkocher-camp-bistro-dlx-2\/","og_site_name":"Bantam Camping AG","article_modified_time":"2026-04-18T19:35:29+00:00","og_image":[{"width":1000,"height":1000,"url":"https:\/\/shop.bantam.ch\/wp-content\/uploads\/2023\/02\/996058811.jpg","type":"image\/jpeg"}],"twitter_card":"summary_large_image","schema":{"@context":"https:\/\/schema.org","@graph":[{"@type":"WebPage","@id":"https:\/\/shop.bantam.ch\/de\/produkt\/tischkocher-camp-bistro-dlx-2\/","url":"https:\/\/shop.bantam.ch\/de\/produkt\/tischkocher-camp-bistro-dlx-2\/","name":"Tischkocher CAMPINGGAZ Camp Bistro DLX Farbe: blau \/ silber - Bantam Camping AG","isPartOf":{"@id":"https:\/\/shop.bantam.ch\/de\/#website"},"primaryImageOfPage":{"@id":"https:\/\/shop.bantam.ch\/de\/produkt\/tischkocher-camp-bistro-dlx-2\/#primaryimage"},"image":{"@id":"https:\/\/shop.bantam.ch\/de\/produkt\/tischkocher-camp-bistro-dlx-2\/#primaryimage"},"thumbnailUrl":"https:\/\/shop.bantam.ch\/wp-content\/uploads\/2023\/02\/996058811.jpg","datePublished":"2023-02-28T05:56:05+00:00","dateModified":"2026-04-18T19:35:29+00:00","breadcrumb":{"@id":"https:\/\/shop.bantam.ch\/de\/produkt\/tischkocher-camp-bistro-dlx-2\/#breadcrumb"},"inLanguage":"de","potentialAction":[{"@type":"ReadAction","target":["https:\/\/shop.bantam.ch\/de\/produkt\/tischkocher-camp-bistro-dlx-2\/"]}]},{"@type":"ImageObject","inLanguage":"de","@id":"https:\/\/shop.bantam.ch\/de\/produkt\/tischkocher-camp-bistro-dlx-2\/#primaryimage","url":"https:\/\/shop.bantam.ch\/wp-content\/uploads\/2023\/02\/996058811.jpg","contentUrl":"https:\/\/shop.bantam.ch\/wp-content\/uploads\/2023\/02\/996058811.jpg","width":1000,"height":1000},{"@type":"BreadcrumbList","@id":"https:\/\/shop.bantam.ch\/de\/produkt\/tischkocher-camp-bistro-dlx-2\/#breadcrumb","itemListElement":[{"@type":"ListItem","position":1,"name":"Accueil","item":"https:\/\/shop.bantam.ch\/de\/"},{"@type":"ListItem","position":2,"name":"Shop","item":"https:\/\/shop.bantam.ch\/de\/shop\/"},{"@type":"ListItem","position":3,"name":"Tischkocher CAMPINGGAZ Camp Bistro DLX Farbe: blau \/ silber"}]},{"@type":"WebSite","@id":"https:\/\/shop.bantam.ch\/de\/#website","url":"https:\/\/shop.bantam.ch\/de\/","name":"Bantam Camping AG","description":"","publisher":{"@id":"https:\/\/shop.bantam.ch\/de\/#organization"},"inLanguage":"de"},{"@type":"Organization","@id":"https:\/\/shop.bantam.ch\/de\/#organization","name":"Bantam Camping AG","url":"https:\/\/shop.bantam.ch\/de\/","logo":{"@type":"ImageObject","inLanguage":"de","@id":"https:\/\/shop.bantam.ch\/de\/#\/schema\/logo\/image\/","url":"https:\/\/shop.bantam.ch\/wp-content\/uploads\/2022\/12\/bantam-logo.png","contentUrl":"https:\/\/shop.bantam.ch\/wp-content\/uploads\/2022\/12\/bantam-logo.png","width":320,"height":71,"caption":"Bantam Camping AG"},"image":{"@id":"https:\/\/shop.bantam.ch\/de\/#\/schema\/logo\/image\/"}}]}},"_links":{"self":[{"href":"https:\/\/shop.bantam.ch\/de\/wp-json\/wp\/v2\/product\/102502","targetHints":{"allow":["GET"]}}],"collection":[{"href":"https:\/\/shop.bantam.ch\/de\/wp-json\/wp\/v2\/product"}],"about":[{"href":"https:\/\/shop.bantam.ch\/de\/wp-json\/wp\/v2\/types\/product"}],"wp:featuredmedia":[{"embeddable":true,"href":"https:\/\/shop.bantam.ch\/de\/wp-json\/wp\/v2\/media\/102492"}],"wp:attachment":[{"href":"https:\/\/shop.bantam.ch\/de\/wp-json\/wp\/v2\/media?parent=102502"}],"wp:term":[{"taxonomy":"product_featured_cat","embeddable":true,"href":"https:\/\/shop.bantam.ch\/de\/wp-json\/wp\/v2\/product_featured_cat?post=102502"},{"taxonomy":"product_brand","embeddable":true,"href":"https:\/\/shop.bantam.ch\/de\/wp-json\/wp\/v2\/product_brand?post=102502"},{"taxonomy":"product_cat","embeddable":true,"href":"https:\/\/shop.bantam.ch\/de\/wp-json\/wp\/v2\/product_cat?post=102502"},{"taxonomy":"product_tag","embeddable":true,"href":"https:\/\/shop.bantam.ch\/de\/wp-json\/wp\/v2\/product_tag?post=102502"}],"curies":[{"name":"wp","href":"https:\/\/api.w.org\/{rel}","templated":true}]}}