{"id":102410,"date":"2023-02-28T06:54:50","date_gmt":"2023-02-28T05:54:50","guid":{"rendered":"http:\/\/shop.bantam.ch\/produit\/tischgrill-attitude-2100-lx\/"},"modified":"2026-04-18T21:35:22","modified_gmt":"2026-04-18T19:35:22","slug":"tischgrill-attitude-2100-lx","status":"publish","type":"product","link":"https:\/\/shop.bantam.ch\/de\/produkt\/tischgrill-attitude-2100-lx\/","title":{"rendered":"Tischgrill CAMPINGGAZ Attitude 2100 LX"},"content":{"rendered":"<p>Der Campingaz Attitude ist ein Tischgrill, der urbanen Style mit professionellem Grille verbindet und zudem kompakte und transportable Ma\u00dfe hat.<br \/>\n&nbsp;<\/p>\n<ul>\n<li>Gr\u00f6\u00dfe Grillfl\u00e4che: 2100 cm\u00b2<\/li>\n<li>Ma\u00dfe Grillfl\u00e4che: 58 x 36 cm<\/li>\n<li>Brenner: Blue Flame Brenner (Aluminisierter Stahl)<\/li>\n<li>Anzahl Brenner: 2<\/li>\n<li>gro\u00dfe Fettauffangschale<\/li>\n<li>Leistung: 5 kW<\/li>\n<li>Campingaz InstaClean System: Ja<\/li>\n<li>Material der Grillfl\u00e4che: Emailliertes Gusseisen<\/li>\n<li>Zusammensetzung Grillfl\u00e4che: 100% Grillrost mit Culinary Modular Basiseinsatz<\/li>\n<li>Z\u00fcndung: Elektronische Z\u00fcndung<\/li>\n<li>Deckelmaterial: Aluminiumspritzguss, matt Schwarz<\/li>\n<li>Optionale Abdeckhaube: Attitude 2100 Premium Abdeckhaube<\/li>\n<\/ul>\n<p>&nbsp;<\/p>\n<p>Lieferumfang:<br \/>\ninklusive Schlauch und Druckregler 50 mbar<\/p>\n<ul>\n<li>Ma\u00dfe geschlossen: 65 x 52 x 36 cm (B x T x H)<\/li>\n<li>Ma\u00dfe offen: 65 x 69 x 73 cm (B x T x H)<\/li>\n<\/ul>\n<p>Zum Video:&nbsp;<a href=\"https:\/\/emersya.com\/showcase\/BX7ON74JBQ\">360 Grad 3D Animation<\/a><\/p>\n","protected":false},"excerpt":{"rendered":"<p>Der Campingaz Attitude ist ein Tischgrill, der urbanen Style mit professionellem Grille verbindet und zudem kompakte und transportable Ma\u00dfe hat. &nbsp; Gr\u00f6\u00dfe Grillfl\u00e4che: 2100 cm\u00b2 Ma\u00dfe Grillfl\u00e4che: 58 x 36 cm Brenner: Blue Flame Brenner (Aluminisierter Stahl) Anzahl Brenner: 2 gro\u00dfe Fettauffangschale Leistung: 5 kW Campingaz InstaClean System: Ja Material der Grillfl\u00e4che: Emailliertes Gusseisen Zusammensetzung [&hellip;]<\/p>\n","protected":false},"featured_media":102398,"template":"","meta":{"_acf_changed":false},"product_featured_cat":[],"product_brand":[3197],"product_cat":[4280],"product_tag":[],"class_list":{"0":"post-102410","1":"product","2":"type-product","3":"status-publish","4":"has-post-thumbnail","6":"product_brand-campingaz-de","7":"product_cat-gasgrills","9":"first","10":"instock","11":"taxable","12":"shipping-taxable","13":"purchasable","14":"product-type-simple"},"acf":[],"yoast_head":"<!-- This site is optimized with the Yoast SEO plugin v27.4 - https:\/\/yoast.com\/product\/yoast-seo-wordpress\/ -->\n<title>Tischgrill CAMPINGGAZ Attitude 2100 LX - Bantam Camping AG<\/title>\n<meta name=\"robots\" content=\"index, follow, max-snippet:-1, max-image-preview:large, max-video-preview:-1\" \/>\n<link rel=\"canonical\" href=\"https:\/\/shop.bantam.ch\/de\/produkt\/tischgrill-attitude-2100-lx\/\" \/>\n<meta property=\"og:locale\" content=\"de_DE\" \/>\n<meta property=\"og:type\" content=\"article\" \/>\n<meta property=\"og:title\" content=\"Tischgrill CAMPINGGAZ Attitude 2100 LX - Bantam Camping AG\" \/>\n<meta property=\"og:description\" content=\"Der Campingaz Attitude ist ein Tischgrill, der urbanen Style mit professionellem Grille verbindet und zudem kompakte und transportable Ma\u00dfe hat. &nbsp; Gr\u00f6\u00dfe Grillfl\u00e4che: 2100 cm\u00b2 Ma\u00dfe Grillfl\u00e4che: 58 x 36 cm Brenner: Blue Flame Brenner (Aluminisierter Stahl) Anzahl Brenner: 2 gro\u00dfe Fettauffangschale Leistung: 5 kW Campingaz InstaClean System: Ja Material der Grillfl\u00e4che: Emailliertes Gusseisen Zusammensetzung [&hellip;]\" \/>\n<meta property=\"og:url\" content=\"https:\/\/shop.bantam.ch\/de\/produkt\/tischgrill-attitude-2100-lx\/\" \/>\n<meta property=\"og:site_name\" content=\"Bantam Camping AG\" \/>\n<meta property=\"article:modified_time\" content=\"2026-04-18T19:35:22+00:00\" \/>\n<meta property=\"og:image\" content=\"https:\/\/shop.bantam.ch\/wp-content\/uploads\/2023\/02\/996058311.jpg\" \/>\n\t<meta property=\"og:image:width\" content=\"1000\" \/>\n\t<meta property=\"og:image:height\" content=\"1000\" \/>\n\t<meta property=\"og:image:type\" content=\"image\/jpeg\" \/>\n<meta name=\"twitter:card\" content=\"summary_large_image\" \/>\n<meta name=\"twitter:label1\" content=\"Gesch\u00e4tzte Lesezeit\" \/>\n\t<meta name=\"twitter:data1\" content=\"1\u00a0Minute\" \/>\n<script type=\"application\/ld+json\" class=\"yoast-schema-graph\">{\"@context\":\"https:\\\/\\\/schema.org\",\"@graph\":[{\"@type\":\"WebPage\",\"@id\":\"https:\\\/\\\/shop.bantam.ch\\\/de\\\/produkt\\\/tischgrill-attitude-2100-lx\\\/\",\"url\":\"https:\\\/\\\/shop.bantam.ch\\\/de\\\/produkt\\\/tischgrill-attitude-2100-lx\\\/\",\"name\":\"Tischgrill CAMPINGGAZ Attitude 2100 LX - Bantam Camping AG\",\"isPartOf\":{\"@id\":\"https:\\\/\\\/shop.bantam.ch\\\/de\\\/#website\"},\"primaryImageOfPage\":{\"@id\":\"https:\\\/\\\/shop.bantam.ch\\\/de\\\/produkt\\\/tischgrill-attitude-2100-lx\\\/#primaryimage\"},\"image\":{\"@id\":\"https:\\\/\\\/shop.bantam.ch\\\/de\\\/produkt\\\/tischgrill-attitude-2100-lx\\\/#primaryimage\"},\"thumbnailUrl\":\"https:\\\/\\\/shop.bantam.ch\\\/wp-content\\\/uploads\\\/2023\\\/02\\\/996058311.jpg\",\"datePublished\":\"2023-02-28T05:54:50+00:00\",\"dateModified\":\"2026-04-18T19:35:22+00:00\",\"breadcrumb\":{\"@id\":\"https:\\\/\\\/shop.bantam.ch\\\/de\\\/produkt\\\/tischgrill-attitude-2100-lx\\\/#breadcrumb\"},\"inLanguage\":\"de\",\"potentialAction\":[{\"@type\":\"ReadAction\",\"target\":[\"https:\\\/\\\/shop.bantam.ch\\\/de\\\/produkt\\\/tischgrill-attitude-2100-lx\\\/\"]}]},{\"@type\":\"ImageObject\",\"inLanguage\":\"de\",\"@id\":\"https:\\\/\\\/shop.bantam.ch\\\/de\\\/produkt\\\/tischgrill-attitude-2100-lx\\\/#primaryimage\",\"url\":\"https:\\\/\\\/shop.bantam.ch\\\/wp-content\\\/uploads\\\/2023\\\/02\\\/996058311.jpg\",\"contentUrl\":\"https:\\\/\\\/shop.bantam.ch\\\/wp-content\\\/uploads\\\/2023\\\/02\\\/996058311.jpg\",\"width\":1000,\"height\":1000},{\"@type\":\"BreadcrumbList\",\"@id\":\"https:\\\/\\\/shop.bantam.ch\\\/de\\\/produkt\\\/tischgrill-attitude-2100-lx\\\/#breadcrumb\",\"itemListElement\":[{\"@type\":\"ListItem\",\"position\":1,\"name\":\"Accueil\",\"item\":\"https:\\\/\\\/shop.bantam.ch\\\/de\\\/\"},{\"@type\":\"ListItem\",\"position\":2,\"name\":\"Shop\",\"item\":\"https:\\\/\\\/shop.bantam.ch\\\/de\\\/shop\\\/\"},{\"@type\":\"ListItem\",\"position\":3,\"name\":\"Tischgrill CAMPINGGAZ Attitude 2100 LX\"}]},{\"@type\":\"WebSite\",\"@id\":\"https:\\\/\\\/shop.bantam.ch\\\/de\\\/#website\",\"url\":\"https:\\\/\\\/shop.bantam.ch\\\/de\\\/\",\"name\":\"Bantam Camping AG\",\"description\":\"\",\"publisher\":{\"@id\":\"https:\\\/\\\/shop.bantam.ch\\\/de\\\/#organization\"},\"inLanguage\":\"de\"},{\"@type\":\"Organization\",\"@id\":\"https:\\\/\\\/shop.bantam.ch\\\/de\\\/#organization\",\"name\":\"Bantam Camping AG\",\"url\":\"https:\\\/\\\/shop.bantam.ch\\\/de\\\/\",\"logo\":{\"@type\":\"ImageObject\",\"inLanguage\":\"de\",\"@id\":\"https:\\\/\\\/shop.bantam.ch\\\/de\\\/#\\\/schema\\\/logo\\\/image\\\/\",\"url\":\"https:\\\/\\\/shop.bantam.ch\\\/wp-content\\\/uploads\\\/2022\\\/12\\\/bantam-logo.png\",\"contentUrl\":\"https:\\\/\\\/shop.bantam.ch\\\/wp-content\\\/uploads\\\/2022\\\/12\\\/bantam-logo.png\",\"width\":320,\"height\":71,\"caption\":\"Bantam Camping AG\"},\"image\":{\"@id\":\"https:\\\/\\\/shop.bantam.ch\\\/de\\\/#\\\/schema\\\/logo\\\/image\\\/\"}}]}<\/script>\n<!-- \/ Yoast SEO plugin. -->","yoast_head_json":{"title":"Tischgrill CAMPINGGAZ Attitude 2100 LX - Bantam Camping AG","robots":{"index":"index","follow":"follow","max-snippet":"max-snippet:-1","max-image-preview":"max-image-preview:large","max-video-preview":"max-video-preview:-1"},"canonical":"https:\/\/shop.bantam.ch\/de\/produkt\/tischgrill-attitude-2100-lx\/","og_locale":"de_DE","og_type":"article","og_title":"Tischgrill CAMPINGGAZ Attitude 2100 LX - Bantam Camping AG","og_description":"Der Campingaz Attitude ist ein Tischgrill, der urbanen Style mit professionellem Grille verbindet und zudem kompakte und transportable Ma\u00dfe hat. &nbsp; Gr\u00f6\u00dfe Grillfl\u00e4che: 2100 cm\u00b2 Ma\u00dfe Grillfl\u00e4che: 58 x 36 cm Brenner: Blue Flame Brenner (Aluminisierter Stahl) Anzahl Brenner: 2 gro\u00dfe Fettauffangschale Leistung: 5 kW Campingaz InstaClean System: Ja Material der Grillfl\u00e4che: Emailliertes Gusseisen Zusammensetzung [&hellip;]","og_url":"https:\/\/shop.bantam.ch\/de\/produkt\/tischgrill-attitude-2100-lx\/","og_site_name":"Bantam Camping AG","article_modified_time":"2026-04-18T19:35:22+00:00","og_image":[{"width":1000,"height":1000,"url":"https:\/\/shop.bantam.ch\/wp-content\/uploads\/2023\/02\/996058311.jpg","type":"image\/jpeg"}],"twitter_card":"summary_large_image","twitter_misc":{"Gesch\u00e4tzte Lesezeit":"1\u00a0Minute"},"schema":{"@context":"https:\/\/schema.org","@graph":[{"@type":"WebPage","@id":"https:\/\/shop.bantam.ch\/de\/produkt\/tischgrill-attitude-2100-lx\/","url":"https:\/\/shop.bantam.ch\/de\/produkt\/tischgrill-attitude-2100-lx\/","name":"Tischgrill CAMPINGGAZ Attitude 2100 LX - Bantam Camping AG","isPartOf":{"@id":"https:\/\/shop.bantam.ch\/de\/#website"},"primaryImageOfPage":{"@id":"https:\/\/shop.bantam.ch\/de\/produkt\/tischgrill-attitude-2100-lx\/#primaryimage"},"image":{"@id":"https:\/\/shop.bantam.ch\/de\/produkt\/tischgrill-attitude-2100-lx\/#primaryimage"},"thumbnailUrl":"https:\/\/shop.bantam.ch\/wp-content\/uploads\/2023\/02\/996058311.jpg","datePublished":"2023-02-28T05:54:50+00:00","dateModified":"2026-04-18T19:35:22+00:00","breadcrumb":{"@id":"https:\/\/shop.bantam.ch\/de\/produkt\/tischgrill-attitude-2100-lx\/#breadcrumb"},"inLanguage":"de","potentialAction":[{"@type":"ReadAction","target":["https:\/\/shop.bantam.ch\/de\/produkt\/tischgrill-attitude-2100-lx\/"]}]},{"@type":"ImageObject","inLanguage":"de","@id":"https:\/\/shop.bantam.ch\/de\/produkt\/tischgrill-attitude-2100-lx\/#primaryimage","url":"https:\/\/shop.bantam.ch\/wp-content\/uploads\/2023\/02\/996058311.jpg","contentUrl":"https:\/\/shop.bantam.ch\/wp-content\/uploads\/2023\/02\/996058311.jpg","width":1000,"height":1000},{"@type":"BreadcrumbList","@id":"https:\/\/shop.bantam.ch\/de\/produkt\/tischgrill-attitude-2100-lx\/#breadcrumb","itemListElement":[{"@type":"ListItem","position":1,"name":"Accueil","item":"https:\/\/shop.bantam.ch\/de\/"},{"@type":"ListItem","position":2,"name":"Shop","item":"https:\/\/shop.bantam.ch\/de\/shop\/"},{"@type":"ListItem","position":3,"name":"Tischgrill CAMPINGGAZ Attitude 2100 LX"}]},{"@type":"WebSite","@id":"https:\/\/shop.bantam.ch\/de\/#website","url":"https:\/\/shop.bantam.ch\/de\/","name":"Bantam Camping AG","description":"","publisher":{"@id":"https:\/\/shop.bantam.ch\/de\/#organization"},"inLanguage":"de"},{"@type":"Organization","@id":"https:\/\/shop.bantam.ch\/de\/#organization","name":"Bantam Camping AG","url":"https:\/\/shop.bantam.ch\/de\/","logo":{"@type":"ImageObject","inLanguage":"de","@id":"https:\/\/shop.bantam.ch\/de\/#\/schema\/logo\/image\/","url":"https:\/\/shop.bantam.ch\/wp-content\/uploads\/2022\/12\/bantam-logo.png","contentUrl":"https:\/\/shop.bantam.ch\/wp-content\/uploads\/2022\/12\/bantam-logo.png","width":320,"height":71,"caption":"Bantam Camping AG"},"image":{"@id":"https:\/\/shop.bantam.ch\/de\/#\/schema\/logo\/image\/"}}]}},"_links":{"self":[{"href":"https:\/\/shop.bantam.ch\/de\/wp-json\/wp\/v2\/product\/102410","targetHints":{"allow":["GET"]}}],"collection":[{"href":"https:\/\/shop.bantam.ch\/de\/wp-json\/wp\/v2\/product"}],"about":[{"href":"https:\/\/shop.bantam.ch\/de\/wp-json\/wp\/v2\/types\/product"}],"wp:featuredmedia":[{"embeddable":true,"href":"https:\/\/shop.bantam.ch\/de\/wp-json\/wp\/v2\/media\/102398"}],"wp:attachment":[{"href":"https:\/\/shop.bantam.ch\/de\/wp-json\/wp\/v2\/media?parent=102410"}],"wp:term":[{"taxonomy":"product_featured_cat","embeddable":true,"href":"https:\/\/shop.bantam.ch\/de\/wp-json\/wp\/v2\/product_featured_cat?post=102410"},{"taxonomy":"product_brand","embeddable":true,"href":"https:\/\/shop.bantam.ch\/de\/wp-json\/wp\/v2\/product_brand?post=102410"},{"taxonomy":"product_cat","embeddable":true,"href":"https:\/\/shop.bantam.ch\/de\/wp-json\/wp\/v2\/product_cat?post=102410"},{"taxonomy":"product_tag","embeddable":true,"href":"https:\/\/shop.bantam.ch\/de\/wp-json\/wp\/v2\/product_tag?post=102410"}],"curies":[{"name":"wp","href":"https:\/\/api.w.org\/{rel}","templated":true}]}}