{"id":102282,"date":"2023-02-28T06:52:54","date_gmt":"2023-02-28T05:52:54","guid":{"rendered":"http:\/\/shop.bantam.ch\/produit\/barista-kit-zu-nanopresso\/"},"modified":"2026-04-19T21:36:46","modified_gmt":"2026-04-19T19:36:46","slug":"barista-kit-zu-nanopresso","status":"publish","type":"product","link":"https:\/\/shop.bantam.ch\/de\/produkt\/barista-kit-zu-nanopresso\/","title":{"rendered":"Zubeh\u00f6rset Wacaco Barista Kit zu Nanopresso"},"content":{"rendered":"<p>Das Barista Kit ist ein kompletter Satz Zubeh\u00f6r, verpackt in einem kleinen Beh\u00e4lter. Es erweitert die F\u00e4higkeiten von Nanopresso, indem es Ihnen die M\u00f6glichkeit gibt, doppelten Espresso (16 Gramm gemahlener Kaffee) bis zu 120 ml zuzubereiten. Dank der Hochdruckextraktion von 18 bar nutzt Nanopresso den gr\u00f6\u00dferen Filterkorb voll aus und \u00fcbertrifft die Extraktionsqualit\u00e4t der meisten Heim-Espressomaschinen. Kaffeeliebhaber werden sich freuen, einen unglaublich reichen Espresso zu genie\u00dfen. Der doppelte Espressokorb ist eine einzigartige Funktion, die in keiner anderen tragbaren Espressomaschine zu finden ist.<\/p>\n","protected":false},"excerpt":{"rendered":"<p>Das Barista Kit ist ein kompletter Satz Zubeh\u00f6r, verpackt in einem kleinen Beh\u00e4lter. Es erweitert die F\u00e4higkeiten von Nanopresso, indem es Ihnen die M\u00f6glichkeit gibt, doppelten Espresso (16 Gramm gemahlener Kaffee) bis zu 120 ml zuzubereiten. Dank der Hochdruckextraktion von 18 bar nutzt Nanopresso den gr\u00f6\u00dferen Filterkorb voll aus und \u00fcbertrifft die Extraktionsqualit\u00e4t der meisten [&hellip;]<\/p>\n","protected":false},"featured_media":102280,"template":"","meta":{"_acf_changed":false},"product_featured_cat":[],"product_brand":[3541],"product_cat":[4298],"product_tag":[],"class_list":{"0":"post-102282","1":"product","2":"type-product","3":"status-publish","4":"has-post-thumbnail","6":"product_brand-wacaco-de","7":"product_cat-kaffeemaschinen-wasserkocher","9":"first","10":"instock","11":"taxable","12":"shipping-taxable","13":"purchasable","14":"product-type-simple"},"acf":[],"yoast_head":"<!-- This site is optimized with the Yoast SEO plugin v27.4 - https:\/\/yoast.com\/product\/yoast-seo-wordpress\/ -->\n<title>Zubeh\u00f6rset Wacaco Barista Kit zu Nanopresso - Bantam Camping AG<\/title>\n<meta name=\"robots\" content=\"index, follow, max-snippet:-1, max-image-preview:large, max-video-preview:-1\" \/>\n<link rel=\"canonical\" href=\"https:\/\/shop.bantam.ch\/de\/produkt\/barista-kit-zu-nanopresso\/\" \/>\n<meta property=\"og:locale\" content=\"de_DE\" \/>\n<meta property=\"og:type\" content=\"article\" \/>\n<meta property=\"og:title\" content=\"Zubeh\u00f6rset Wacaco Barista Kit zu Nanopresso - Bantam Camping AG\" \/>\n<meta property=\"og:description\" content=\"Das Barista Kit ist ein kompletter Satz Zubeh\u00f6r, verpackt in einem kleinen Beh\u00e4lter. Es erweitert die F\u00e4higkeiten von Nanopresso, indem es Ihnen die M\u00f6glichkeit gibt, doppelten Espresso (16 Gramm gemahlener Kaffee) bis zu 120 ml zuzubereiten. Dank der Hochdruckextraktion von 18 bar nutzt Nanopresso den gr\u00f6\u00dferen Filterkorb voll aus und \u00fcbertrifft die Extraktionsqualit\u00e4t der meisten [&hellip;]\" \/>\n<meta property=\"og:url\" content=\"https:\/\/shop.bantam.ch\/de\/produkt\/barista-kit-zu-nanopresso\/\" \/>\n<meta property=\"og:site_name\" content=\"Bantam Camping AG\" \/>\n<meta property=\"article:modified_time\" content=\"2026-04-19T19:36:46+00:00\" \/>\n<meta property=\"og:image\" content=\"https:\/\/shop.bantam.ch\/wp-content\/uploads\/2023\/02\/996049811.jpg\" \/>\n\t<meta property=\"og:image:width\" content=\"1000\" \/>\n\t<meta property=\"og:image:height\" content=\"1000\" \/>\n\t<meta property=\"og:image:type\" content=\"image\/jpeg\" \/>\n<meta name=\"twitter:card\" content=\"summary_large_image\" \/>\n<script type=\"application\/ld+json\" class=\"yoast-schema-graph\">{\"@context\":\"https:\\\/\\\/schema.org\",\"@graph\":[{\"@type\":\"WebPage\",\"@id\":\"https:\\\/\\\/shop.bantam.ch\\\/de\\\/produkt\\\/barista-kit-zu-nanopresso\\\/\",\"url\":\"https:\\\/\\\/shop.bantam.ch\\\/de\\\/produkt\\\/barista-kit-zu-nanopresso\\\/\",\"name\":\"Zubeh\u00f6rset Wacaco Barista Kit zu Nanopresso - Bantam Camping AG\",\"isPartOf\":{\"@id\":\"https:\\\/\\\/shop.bantam.ch\\\/de\\\/#website\"},\"primaryImageOfPage\":{\"@id\":\"https:\\\/\\\/shop.bantam.ch\\\/de\\\/produkt\\\/barista-kit-zu-nanopresso\\\/#primaryimage\"},\"image\":{\"@id\":\"https:\\\/\\\/shop.bantam.ch\\\/de\\\/produkt\\\/barista-kit-zu-nanopresso\\\/#primaryimage\"},\"thumbnailUrl\":\"https:\\\/\\\/shop.bantam.ch\\\/wp-content\\\/uploads\\\/2023\\\/02\\\/996049811.jpg\",\"datePublished\":\"2023-02-28T05:52:54+00:00\",\"dateModified\":\"2026-04-19T19:36:46+00:00\",\"breadcrumb\":{\"@id\":\"https:\\\/\\\/shop.bantam.ch\\\/de\\\/produkt\\\/barista-kit-zu-nanopresso\\\/#breadcrumb\"},\"inLanguage\":\"de\",\"potentialAction\":[{\"@type\":\"ReadAction\",\"target\":[\"https:\\\/\\\/shop.bantam.ch\\\/de\\\/produkt\\\/barista-kit-zu-nanopresso\\\/\"]}]},{\"@type\":\"ImageObject\",\"inLanguage\":\"de\",\"@id\":\"https:\\\/\\\/shop.bantam.ch\\\/de\\\/produkt\\\/barista-kit-zu-nanopresso\\\/#primaryimage\",\"url\":\"https:\\\/\\\/shop.bantam.ch\\\/wp-content\\\/uploads\\\/2023\\\/02\\\/996049811.jpg\",\"contentUrl\":\"https:\\\/\\\/shop.bantam.ch\\\/wp-content\\\/uploads\\\/2023\\\/02\\\/996049811.jpg\",\"width\":1000,\"height\":1000},{\"@type\":\"BreadcrumbList\",\"@id\":\"https:\\\/\\\/shop.bantam.ch\\\/de\\\/produkt\\\/barista-kit-zu-nanopresso\\\/#breadcrumb\",\"itemListElement\":[{\"@type\":\"ListItem\",\"position\":1,\"name\":\"Accueil\",\"item\":\"https:\\\/\\\/shop.bantam.ch\\\/de\\\/\"},{\"@type\":\"ListItem\",\"position\":2,\"name\":\"Shop\",\"item\":\"https:\\\/\\\/shop.bantam.ch\\\/de\\\/shop\\\/\"},{\"@type\":\"ListItem\",\"position\":3,\"name\":\"Zubeh\u00f6rset Wacaco Barista Kit zu Nanopresso\"}]},{\"@type\":\"WebSite\",\"@id\":\"https:\\\/\\\/shop.bantam.ch\\\/de\\\/#website\",\"url\":\"https:\\\/\\\/shop.bantam.ch\\\/de\\\/\",\"name\":\"Bantam Camping AG\",\"description\":\"\",\"publisher\":{\"@id\":\"https:\\\/\\\/shop.bantam.ch\\\/de\\\/#organization\"},\"inLanguage\":\"de\"},{\"@type\":\"Organization\",\"@id\":\"https:\\\/\\\/shop.bantam.ch\\\/de\\\/#organization\",\"name\":\"Bantam Camping AG\",\"url\":\"https:\\\/\\\/shop.bantam.ch\\\/de\\\/\",\"logo\":{\"@type\":\"ImageObject\",\"inLanguage\":\"de\",\"@id\":\"https:\\\/\\\/shop.bantam.ch\\\/de\\\/#\\\/schema\\\/logo\\\/image\\\/\",\"url\":\"https:\\\/\\\/shop.bantam.ch\\\/wp-content\\\/uploads\\\/2022\\\/12\\\/bantam-logo.png\",\"contentUrl\":\"https:\\\/\\\/shop.bantam.ch\\\/wp-content\\\/uploads\\\/2022\\\/12\\\/bantam-logo.png\",\"width\":320,\"height\":71,\"caption\":\"Bantam Camping AG\"},\"image\":{\"@id\":\"https:\\\/\\\/shop.bantam.ch\\\/de\\\/#\\\/schema\\\/logo\\\/image\\\/\"}}]}<\/script>\n<!-- \/ Yoast SEO plugin. -->","yoast_head_json":{"title":"Zubeh\u00f6rset Wacaco Barista Kit zu Nanopresso - Bantam Camping AG","robots":{"index":"index","follow":"follow","max-snippet":"max-snippet:-1","max-image-preview":"max-image-preview:large","max-video-preview":"max-video-preview:-1"},"canonical":"https:\/\/shop.bantam.ch\/de\/produkt\/barista-kit-zu-nanopresso\/","og_locale":"de_DE","og_type":"article","og_title":"Zubeh\u00f6rset Wacaco Barista Kit zu Nanopresso - Bantam Camping AG","og_description":"Das Barista Kit ist ein kompletter Satz Zubeh\u00f6r, verpackt in einem kleinen Beh\u00e4lter. Es erweitert die F\u00e4higkeiten von Nanopresso, indem es Ihnen die M\u00f6glichkeit gibt, doppelten Espresso (16 Gramm gemahlener Kaffee) bis zu 120 ml zuzubereiten. Dank der Hochdruckextraktion von 18 bar nutzt Nanopresso den gr\u00f6\u00dferen Filterkorb voll aus und \u00fcbertrifft die Extraktionsqualit\u00e4t der meisten [&hellip;]","og_url":"https:\/\/shop.bantam.ch\/de\/produkt\/barista-kit-zu-nanopresso\/","og_site_name":"Bantam Camping AG","article_modified_time":"2026-04-19T19:36:46+00:00","og_image":[{"width":1000,"height":1000,"url":"https:\/\/shop.bantam.ch\/wp-content\/uploads\/2023\/02\/996049811.jpg","type":"image\/jpeg"}],"twitter_card":"summary_large_image","schema":{"@context":"https:\/\/schema.org","@graph":[{"@type":"WebPage","@id":"https:\/\/shop.bantam.ch\/de\/produkt\/barista-kit-zu-nanopresso\/","url":"https:\/\/shop.bantam.ch\/de\/produkt\/barista-kit-zu-nanopresso\/","name":"Zubeh\u00f6rset Wacaco Barista Kit zu Nanopresso - Bantam Camping AG","isPartOf":{"@id":"https:\/\/shop.bantam.ch\/de\/#website"},"primaryImageOfPage":{"@id":"https:\/\/shop.bantam.ch\/de\/produkt\/barista-kit-zu-nanopresso\/#primaryimage"},"image":{"@id":"https:\/\/shop.bantam.ch\/de\/produkt\/barista-kit-zu-nanopresso\/#primaryimage"},"thumbnailUrl":"https:\/\/shop.bantam.ch\/wp-content\/uploads\/2023\/02\/996049811.jpg","datePublished":"2023-02-28T05:52:54+00:00","dateModified":"2026-04-19T19:36:46+00:00","breadcrumb":{"@id":"https:\/\/shop.bantam.ch\/de\/produkt\/barista-kit-zu-nanopresso\/#breadcrumb"},"inLanguage":"de","potentialAction":[{"@type":"ReadAction","target":["https:\/\/shop.bantam.ch\/de\/produkt\/barista-kit-zu-nanopresso\/"]}]},{"@type":"ImageObject","inLanguage":"de","@id":"https:\/\/shop.bantam.ch\/de\/produkt\/barista-kit-zu-nanopresso\/#primaryimage","url":"https:\/\/shop.bantam.ch\/wp-content\/uploads\/2023\/02\/996049811.jpg","contentUrl":"https:\/\/shop.bantam.ch\/wp-content\/uploads\/2023\/02\/996049811.jpg","width":1000,"height":1000},{"@type":"BreadcrumbList","@id":"https:\/\/shop.bantam.ch\/de\/produkt\/barista-kit-zu-nanopresso\/#breadcrumb","itemListElement":[{"@type":"ListItem","position":1,"name":"Accueil","item":"https:\/\/shop.bantam.ch\/de\/"},{"@type":"ListItem","position":2,"name":"Shop","item":"https:\/\/shop.bantam.ch\/de\/shop\/"},{"@type":"ListItem","position":3,"name":"Zubeh\u00f6rset Wacaco Barista Kit zu Nanopresso"}]},{"@type":"WebSite","@id":"https:\/\/shop.bantam.ch\/de\/#website","url":"https:\/\/shop.bantam.ch\/de\/","name":"Bantam Camping AG","description":"","publisher":{"@id":"https:\/\/shop.bantam.ch\/de\/#organization"},"inLanguage":"de"},{"@type":"Organization","@id":"https:\/\/shop.bantam.ch\/de\/#organization","name":"Bantam Camping AG","url":"https:\/\/shop.bantam.ch\/de\/","logo":{"@type":"ImageObject","inLanguage":"de","@id":"https:\/\/shop.bantam.ch\/de\/#\/schema\/logo\/image\/","url":"https:\/\/shop.bantam.ch\/wp-content\/uploads\/2022\/12\/bantam-logo.png","contentUrl":"https:\/\/shop.bantam.ch\/wp-content\/uploads\/2022\/12\/bantam-logo.png","width":320,"height":71,"caption":"Bantam Camping AG"},"image":{"@id":"https:\/\/shop.bantam.ch\/de\/#\/schema\/logo\/image\/"}}]}},"_links":{"self":[{"href":"https:\/\/shop.bantam.ch\/de\/wp-json\/wp\/v2\/product\/102282","targetHints":{"allow":["GET"]}}],"collection":[{"href":"https:\/\/shop.bantam.ch\/de\/wp-json\/wp\/v2\/product"}],"about":[{"href":"https:\/\/shop.bantam.ch\/de\/wp-json\/wp\/v2\/types\/product"}],"wp:featuredmedia":[{"embeddable":true,"href":"https:\/\/shop.bantam.ch\/de\/wp-json\/wp\/v2\/media\/102280"}],"wp:attachment":[{"href":"https:\/\/shop.bantam.ch\/de\/wp-json\/wp\/v2\/media?parent=102282"}],"wp:term":[{"taxonomy":"product_featured_cat","embeddable":true,"href":"https:\/\/shop.bantam.ch\/de\/wp-json\/wp\/v2\/product_featured_cat?post=102282"},{"taxonomy":"product_brand","embeddable":true,"href":"https:\/\/shop.bantam.ch\/de\/wp-json\/wp\/v2\/product_brand?post=102282"},{"taxonomy":"product_cat","embeddable":true,"href":"https:\/\/shop.bantam.ch\/de\/wp-json\/wp\/v2\/product_cat?post=102282"},{"taxonomy":"product_tag","embeddable":true,"href":"https:\/\/shop.bantam.ch\/de\/wp-json\/wp\/v2\/product_tag?post=102282"}],"curies":[{"name":"wp","href":"https:\/\/api.w.org\/{rel}","templated":true}]}}