{"id":102276,"date":"2023-02-28T06:52:43","date_gmt":"2023-02-28T05:52:43","guid":{"rendered":"http:\/\/shop.bantam.ch\/produit\/espressomaschine-nanopresso-tragbar-grau\/"},"modified":"2026-04-20T21:35:18","modified_gmt":"2026-04-20T19:35:18","slug":"espressomaschine-nanopresso-tragbar-grau","status":"publish","type":"product","link":"https:\/\/shop.bantam.ch\/de\/produkt\/espressomaschine-nanopresso-tragbar-grau\/","title":{"rendered":"Espressomaschine Wacaco Nanopresso tragbar Fb. grau"},"content":{"rendered":"<p>KOMPAKT &amp; FEDERLEICHT &#8211; Egal ob Sie ein paar Stunden oder ein paar Wochen unterwegs sind, Gr\u00f6\u00dfe und Gewicht sind wichtige Faktoren bei der Auswahl Ihrer Reiseausr\u00fcstung. Die Nanopresso wurde entwickelt, um die kleinste, leichteste und vielseitigste tragbare Espressomaschine zu sein.<\/p>\n","protected":false},"excerpt":{"rendered":"<p>KOMPAKT &amp; FEDERLEICHT &#8211; Egal ob Sie ein paar Stunden oder ein paar Wochen unterwegs sind, Gr\u00f6\u00dfe und Gewicht sind wichtige Faktoren bei der Auswahl Ihrer Reiseausr\u00fcstung. Die Nanopresso wurde entwickelt, um die kleinste, leichteste und vielseitigste tragbare Espressomaschine zu sein.<\/p>\n","protected":false},"featured_media":102272,"template":"","meta":{"_acf_changed":false},"product_featured_cat":[],"product_brand":[3541],"product_cat":[4298],"product_tag":[],"class_list":{"0":"post-102276","1":"product","2":"type-product","3":"status-publish","4":"has-post-thumbnail","6":"product_brand-wacaco-de","7":"product_cat-kaffeemaschinen-wasserkocher","9":"first","10":"instock","11":"taxable","12":"shipping-taxable","13":"purchasable","14":"product-type-simple"},"acf":[],"yoast_head":"<!-- This site is optimized with the Yoast SEO plugin v27.4 - https:\/\/yoast.com\/product\/yoast-seo-wordpress\/ -->\n<title>Espressomaschine Wacaco Nanopresso tragbar Fb. grau - Bantam Camping AG<\/title>\n<meta name=\"robots\" content=\"index, follow, max-snippet:-1, max-image-preview:large, max-video-preview:-1\" \/>\n<link rel=\"canonical\" href=\"https:\/\/shop.bantam.ch\/de\/produkt\/espressomaschine-nanopresso-tragbar-grau\/\" \/>\n<meta property=\"og:locale\" content=\"de_DE\" \/>\n<meta property=\"og:type\" content=\"article\" \/>\n<meta property=\"og:title\" content=\"Espressomaschine Wacaco Nanopresso tragbar Fb. grau - Bantam Camping AG\" \/>\n<meta property=\"og:description\" content=\"KOMPAKT &amp; FEDERLEICHT &#8211; Egal ob Sie ein paar Stunden oder ein paar Wochen unterwegs sind, Gr\u00f6\u00dfe und Gewicht sind wichtige Faktoren bei der Auswahl Ihrer Reiseausr\u00fcstung. Die Nanopresso wurde entwickelt, um die kleinste, leichteste und vielseitigste tragbare Espressomaschine zu sein.\" \/>\n<meta property=\"og:url\" content=\"https:\/\/shop.bantam.ch\/de\/produkt\/espressomaschine-nanopresso-tragbar-grau\/\" \/>\n<meta property=\"og:site_name\" content=\"Bantam Camping AG\" \/>\n<meta property=\"article:modified_time\" content=\"2026-04-20T19:35:18+00:00\" \/>\n<meta property=\"og:image\" content=\"https:\/\/shop.bantam.ch\/wp-content\/uploads\/2023\/02\/996049712.jpg\" \/>\n\t<meta property=\"og:image:width\" content=\"553\" \/>\n\t<meta property=\"og:image:height\" content=\"1000\" \/>\n\t<meta property=\"og:image:type\" content=\"image\/jpeg\" \/>\n<meta name=\"twitter:card\" content=\"summary_large_image\" \/>\n<script type=\"application\/ld+json\" class=\"yoast-schema-graph\">{\"@context\":\"https:\\\/\\\/schema.org\",\"@graph\":[{\"@type\":\"WebPage\",\"@id\":\"https:\\\/\\\/shop.bantam.ch\\\/de\\\/produkt\\\/espressomaschine-nanopresso-tragbar-grau\\\/\",\"url\":\"https:\\\/\\\/shop.bantam.ch\\\/de\\\/produkt\\\/espressomaschine-nanopresso-tragbar-grau\\\/\",\"name\":\"Espressomaschine Wacaco Nanopresso tragbar Fb. grau - Bantam Camping AG\",\"isPartOf\":{\"@id\":\"https:\\\/\\\/shop.bantam.ch\\\/de\\\/#website\"},\"primaryImageOfPage\":{\"@id\":\"https:\\\/\\\/shop.bantam.ch\\\/de\\\/produkt\\\/espressomaschine-nanopresso-tragbar-grau\\\/#primaryimage\"},\"image\":{\"@id\":\"https:\\\/\\\/shop.bantam.ch\\\/de\\\/produkt\\\/espressomaschine-nanopresso-tragbar-grau\\\/#primaryimage\"},\"thumbnailUrl\":\"https:\\\/\\\/shop.bantam.ch\\\/wp-content\\\/uploads\\\/2023\\\/02\\\/996049712.jpg\",\"datePublished\":\"2023-02-28T05:52:43+00:00\",\"dateModified\":\"2026-04-20T19:35:18+00:00\",\"breadcrumb\":{\"@id\":\"https:\\\/\\\/shop.bantam.ch\\\/de\\\/produkt\\\/espressomaschine-nanopresso-tragbar-grau\\\/#breadcrumb\"},\"inLanguage\":\"de\",\"potentialAction\":[{\"@type\":\"ReadAction\",\"target\":[\"https:\\\/\\\/shop.bantam.ch\\\/de\\\/produkt\\\/espressomaschine-nanopresso-tragbar-grau\\\/\"]}]},{\"@type\":\"ImageObject\",\"inLanguage\":\"de\",\"@id\":\"https:\\\/\\\/shop.bantam.ch\\\/de\\\/produkt\\\/espressomaschine-nanopresso-tragbar-grau\\\/#primaryimage\",\"url\":\"https:\\\/\\\/shop.bantam.ch\\\/wp-content\\\/uploads\\\/2023\\\/02\\\/996049712.jpg\",\"contentUrl\":\"https:\\\/\\\/shop.bantam.ch\\\/wp-content\\\/uploads\\\/2023\\\/02\\\/996049712.jpg\",\"width\":553,\"height\":1000},{\"@type\":\"BreadcrumbList\",\"@id\":\"https:\\\/\\\/shop.bantam.ch\\\/de\\\/produkt\\\/espressomaschine-nanopresso-tragbar-grau\\\/#breadcrumb\",\"itemListElement\":[{\"@type\":\"ListItem\",\"position\":1,\"name\":\"Accueil\",\"item\":\"https:\\\/\\\/shop.bantam.ch\\\/de\\\/\"},{\"@type\":\"ListItem\",\"position\":2,\"name\":\"Shop\",\"item\":\"https:\\\/\\\/shop.bantam.ch\\\/de\\\/shop\\\/\"},{\"@type\":\"ListItem\",\"position\":3,\"name\":\"Espressomaschine Wacaco Nanopresso tragbar Fb. grau\"}]},{\"@type\":\"WebSite\",\"@id\":\"https:\\\/\\\/shop.bantam.ch\\\/de\\\/#website\",\"url\":\"https:\\\/\\\/shop.bantam.ch\\\/de\\\/\",\"name\":\"Bantam Camping AG\",\"description\":\"\",\"publisher\":{\"@id\":\"https:\\\/\\\/shop.bantam.ch\\\/de\\\/#organization\"},\"inLanguage\":\"de\"},{\"@type\":\"Organization\",\"@id\":\"https:\\\/\\\/shop.bantam.ch\\\/de\\\/#organization\",\"name\":\"Bantam Camping AG\",\"url\":\"https:\\\/\\\/shop.bantam.ch\\\/de\\\/\",\"logo\":{\"@type\":\"ImageObject\",\"inLanguage\":\"de\",\"@id\":\"https:\\\/\\\/shop.bantam.ch\\\/de\\\/#\\\/schema\\\/logo\\\/image\\\/\",\"url\":\"https:\\\/\\\/shop.bantam.ch\\\/wp-content\\\/uploads\\\/2022\\\/12\\\/bantam-logo.png\",\"contentUrl\":\"https:\\\/\\\/shop.bantam.ch\\\/wp-content\\\/uploads\\\/2022\\\/12\\\/bantam-logo.png\",\"width\":320,\"height\":71,\"caption\":\"Bantam Camping AG\"},\"image\":{\"@id\":\"https:\\\/\\\/shop.bantam.ch\\\/de\\\/#\\\/schema\\\/logo\\\/image\\\/\"}}]}<\/script>\n<!-- \/ Yoast SEO plugin. -->","yoast_head_json":{"title":"Espressomaschine Wacaco Nanopresso tragbar Fb. grau - Bantam Camping AG","robots":{"index":"index","follow":"follow","max-snippet":"max-snippet:-1","max-image-preview":"max-image-preview:large","max-video-preview":"max-video-preview:-1"},"canonical":"https:\/\/shop.bantam.ch\/de\/produkt\/espressomaschine-nanopresso-tragbar-grau\/","og_locale":"de_DE","og_type":"article","og_title":"Espressomaschine Wacaco Nanopresso tragbar Fb. grau - Bantam Camping AG","og_description":"KOMPAKT &amp; FEDERLEICHT &#8211; Egal ob Sie ein paar Stunden oder ein paar Wochen unterwegs sind, Gr\u00f6\u00dfe und Gewicht sind wichtige Faktoren bei der Auswahl Ihrer Reiseausr\u00fcstung. Die Nanopresso wurde entwickelt, um die kleinste, leichteste und vielseitigste tragbare Espressomaschine zu sein.","og_url":"https:\/\/shop.bantam.ch\/de\/produkt\/espressomaschine-nanopresso-tragbar-grau\/","og_site_name":"Bantam Camping AG","article_modified_time":"2026-04-20T19:35:18+00:00","og_image":[{"width":553,"height":1000,"url":"https:\/\/shop.bantam.ch\/wp-content\/uploads\/2023\/02\/996049712.jpg","type":"image\/jpeg"}],"twitter_card":"summary_large_image","schema":{"@context":"https:\/\/schema.org","@graph":[{"@type":"WebPage","@id":"https:\/\/shop.bantam.ch\/de\/produkt\/espressomaschine-nanopresso-tragbar-grau\/","url":"https:\/\/shop.bantam.ch\/de\/produkt\/espressomaschine-nanopresso-tragbar-grau\/","name":"Espressomaschine Wacaco Nanopresso tragbar Fb. grau - Bantam Camping AG","isPartOf":{"@id":"https:\/\/shop.bantam.ch\/de\/#website"},"primaryImageOfPage":{"@id":"https:\/\/shop.bantam.ch\/de\/produkt\/espressomaschine-nanopresso-tragbar-grau\/#primaryimage"},"image":{"@id":"https:\/\/shop.bantam.ch\/de\/produkt\/espressomaschine-nanopresso-tragbar-grau\/#primaryimage"},"thumbnailUrl":"https:\/\/shop.bantam.ch\/wp-content\/uploads\/2023\/02\/996049712.jpg","datePublished":"2023-02-28T05:52:43+00:00","dateModified":"2026-04-20T19:35:18+00:00","breadcrumb":{"@id":"https:\/\/shop.bantam.ch\/de\/produkt\/espressomaschine-nanopresso-tragbar-grau\/#breadcrumb"},"inLanguage":"de","potentialAction":[{"@type":"ReadAction","target":["https:\/\/shop.bantam.ch\/de\/produkt\/espressomaschine-nanopresso-tragbar-grau\/"]}]},{"@type":"ImageObject","inLanguage":"de","@id":"https:\/\/shop.bantam.ch\/de\/produkt\/espressomaschine-nanopresso-tragbar-grau\/#primaryimage","url":"https:\/\/shop.bantam.ch\/wp-content\/uploads\/2023\/02\/996049712.jpg","contentUrl":"https:\/\/shop.bantam.ch\/wp-content\/uploads\/2023\/02\/996049712.jpg","width":553,"height":1000},{"@type":"BreadcrumbList","@id":"https:\/\/shop.bantam.ch\/de\/produkt\/espressomaschine-nanopresso-tragbar-grau\/#breadcrumb","itemListElement":[{"@type":"ListItem","position":1,"name":"Accueil","item":"https:\/\/shop.bantam.ch\/de\/"},{"@type":"ListItem","position":2,"name":"Shop","item":"https:\/\/shop.bantam.ch\/de\/shop\/"},{"@type":"ListItem","position":3,"name":"Espressomaschine Wacaco Nanopresso tragbar Fb. grau"}]},{"@type":"WebSite","@id":"https:\/\/shop.bantam.ch\/de\/#website","url":"https:\/\/shop.bantam.ch\/de\/","name":"Bantam Camping AG","description":"","publisher":{"@id":"https:\/\/shop.bantam.ch\/de\/#organization"},"inLanguage":"de"},{"@type":"Organization","@id":"https:\/\/shop.bantam.ch\/de\/#organization","name":"Bantam Camping AG","url":"https:\/\/shop.bantam.ch\/de\/","logo":{"@type":"ImageObject","inLanguage":"de","@id":"https:\/\/shop.bantam.ch\/de\/#\/schema\/logo\/image\/","url":"https:\/\/shop.bantam.ch\/wp-content\/uploads\/2022\/12\/bantam-logo.png","contentUrl":"https:\/\/shop.bantam.ch\/wp-content\/uploads\/2022\/12\/bantam-logo.png","width":320,"height":71,"caption":"Bantam Camping AG"},"image":{"@id":"https:\/\/shop.bantam.ch\/de\/#\/schema\/logo\/image\/"}}]}},"_links":{"self":[{"href":"https:\/\/shop.bantam.ch\/de\/wp-json\/wp\/v2\/product\/102276","targetHints":{"allow":["GET"]}}],"collection":[{"href":"https:\/\/shop.bantam.ch\/de\/wp-json\/wp\/v2\/product"}],"about":[{"href":"https:\/\/shop.bantam.ch\/de\/wp-json\/wp\/v2\/types\/product"}],"wp:featuredmedia":[{"embeddable":true,"href":"https:\/\/shop.bantam.ch\/de\/wp-json\/wp\/v2\/media\/102272"}],"wp:attachment":[{"href":"https:\/\/shop.bantam.ch\/de\/wp-json\/wp\/v2\/media?parent=102276"}],"wp:term":[{"taxonomy":"product_featured_cat","embeddable":true,"href":"https:\/\/shop.bantam.ch\/de\/wp-json\/wp\/v2\/product_featured_cat?post=102276"},{"taxonomy":"product_brand","embeddable":true,"href":"https:\/\/shop.bantam.ch\/de\/wp-json\/wp\/v2\/product_brand?post=102276"},{"taxonomy":"product_cat","embeddable":true,"href":"https:\/\/shop.bantam.ch\/de\/wp-json\/wp\/v2\/product_cat?post=102276"},{"taxonomy":"product_tag","embeddable":true,"href":"https:\/\/shop.bantam.ch\/de\/wp-json\/wp\/v2\/product_tag?post=102276"}],"curies":[{"name":"wp","href":"https:\/\/api.w.org\/{rel}","templated":true}]}}