{"id":102238,"date":"2023-02-28T06:52:07","date_gmt":"2023-02-28T05:52:07","guid":{"rendered":"http:\/\/shop.bantam.ch\/produit\/kocher-tupike-stove-2-flammig\/"},"modified":"2026-04-18T21:35:06","modified_gmt":"2026-04-18T19:35:06","slug":"kocher-tupike-stove-2-flammig","status":"publish","type":"product","link":"https:\/\/shop.bantam.ch\/de\/produkt\/kocher-tupike-stove-2-flammig\/","title":{"rendered":"Kocher Primus Tupike Stove 2-flammig"},"content":{"rendered":"<p>Der Tupike Stove ist der Traum aller Camping-K\u00f6che. Perfekt f\u00fcr die gro\u00dfe Gourmetk\u00fcche ist dieser Kocher leicht und kompakt genug f\u00fcr den Campingplatz und leistungsstark genug, um auch gro\u00dfe Gruppen zu verk\u00f6stigen. Zwei Brenner mit pr\u00e4ziser Einstellm\u00f6glichkeit der einzelnen Flammen &#8211; der perfekte Zweiflammkocher zur Zubereitung toller Gerichte. Der integrierte Windschutz sorgt f\u00fcr eine gleichm\u00e4\u00dfige Flamme. Das Design aus Edelstahl, Eichenholz und Aluminiumdruckguss ist puristisch, klassisch und edel. Topfhalter und Tropfschale sind aus Edelstahl gefertigt und lassen sich zum Reinigen leicht entfernen. Eine praktische Grillplatte aus Aluminiumdruckguss mit Keramik-Antihaftbeschichtung ist im Lieferumfang des Tupike Stove enthalten. Betrieb: Schraubkartusche; Gasflasche.<\/p>\n","protected":false},"excerpt":{"rendered":"<p>Der Tupike Stove ist der Traum aller Camping-K\u00f6che. Perfekt f\u00fcr die gro\u00dfe Gourmetk\u00fcche ist dieser Kocher leicht und kompakt genug f\u00fcr den Campingplatz und leistungsstark genug, um auch gro\u00dfe Gruppen zu verk\u00f6stigen. Zwei Brenner mit pr\u00e4ziser Einstellm\u00f6glichkeit der einzelnen Flammen &#8211; der perfekte Zweiflammkocher zur Zubereitung toller Gerichte. Der integrierte Windschutz sorgt f\u00fcr eine gleichm\u00e4\u00dfige [&hellip;]<\/p>\n","protected":false},"featured_media":102236,"template":"","meta":{"_acf_changed":false},"product_featured_cat":[],"product_brand":[3415],"product_cat":[4306],"product_tag":[],"class_list":{"0":"post-102238","1":"product","2":"type-product","3":"status-publish","4":"has-post-thumbnail","6":"product_brand-primus-de","7":"product_cat-kocher-kocher","9":"first","10":"instock","11":"taxable","12":"shipping-taxable","13":"purchasable","14":"product-type-simple"},"acf":[],"yoast_head":"<!-- This site is optimized with the Yoast SEO plugin v27.4 - https:\/\/yoast.com\/product\/yoast-seo-wordpress\/ -->\n<title>Kocher Primus Tupike Stove 2-flammig - Bantam Camping AG<\/title>\n<meta name=\"robots\" content=\"index, follow, max-snippet:-1, max-image-preview:large, max-video-preview:-1\" \/>\n<link rel=\"canonical\" href=\"https:\/\/shop.bantam.ch\/de\/produkt\/kocher-tupike-stove-2-flammig\/\" \/>\n<meta property=\"og:locale\" content=\"de_DE\" \/>\n<meta property=\"og:type\" content=\"article\" \/>\n<meta property=\"og:title\" content=\"Kocher Primus Tupike Stove 2-flammig - Bantam Camping AG\" \/>\n<meta property=\"og:description\" content=\"Der Tupike Stove ist der Traum aller Camping-K\u00f6che. Perfekt f\u00fcr die gro\u00dfe Gourmetk\u00fcche ist dieser Kocher leicht und kompakt genug f\u00fcr den Campingplatz und leistungsstark genug, um auch gro\u00dfe Gruppen zu verk\u00f6stigen. Zwei Brenner mit pr\u00e4ziser Einstellm\u00f6glichkeit der einzelnen Flammen &#8211; der perfekte Zweiflammkocher zur Zubereitung toller Gerichte. Der integrierte Windschutz sorgt f\u00fcr eine gleichm\u00e4\u00dfige [&hellip;]\" \/>\n<meta property=\"og:url\" content=\"https:\/\/shop.bantam.ch\/de\/produkt\/kocher-tupike-stove-2-flammig\/\" \/>\n<meta property=\"og:site_name\" content=\"Bantam Camping AG\" \/>\n<meta property=\"article:modified_time\" content=\"2026-04-18T19:35:06+00:00\" \/>\n<meta property=\"og:image\" content=\"https:\/\/shop.bantam.ch\/wp-content\/uploads\/2023\/02\/995674611.jpg\" \/>\n\t<meta property=\"og:image:width\" content=\"1000\" \/>\n\t<meta property=\"og:image:height\" content=\"850\" \/>\n\t<meta property=\"og:image:type\" content=\"image\/jpeg\" \/>\n<meta name=\"twitter:card\" content=\"summary_large_image\" \/>\n<meta name=\"twitter:label1\" content=\"Gesch\u00e4tzte Lesezeit\" \/>\n\t<meta name=\"twitter:data1\" content=\"1\u00a0Minute\" \/>\n<script type=\"application\/ld+json\" class=\"yoast-schema-graph\">{\"@context\":\"https:\\\/\\\/schema.org\",\"@graph\":[{\"@type\":\"WebPage\",\"@id\":\"https:\\\/\\\/shop.bantam.ch\\\/de\\\/produkt\\\/kocher-tupike-stove-2-flammig\\\/\",\"url\":\"https:\\\/\\\/shop.bantam.ch\\\/de\\\/produkt\\\/kocher-tupike-stove-2-flammig\\\/\",\"name\":\"Kocher Primus Tupike Stove 2-flammig - Bantam Camping AG\",\"isPartOf\":{\"@id\":\"https:\\\/\\\/shop.bantam.ch\\\/de\\\/#website\"},\"primaryImageOfPage\":{\"@id\":\"https:\\\/\\\/shop.bantam.ch\\\/de\\\/produkt\\\/kocher-tupike-stove-2-flammig\\\/#primaryimage\"},\"image\":{\"@id\":\"https:\\\/\\\/shop.bantam.ch\\\/de\\\/produkt\\\/kocher-tupike-stove-2-flammig\\\/#primaryimage\"},\"thumbnailUrl\":\"https:\\\/\\\/shop.bantam.ch\\\/wp-content\\\/uploads\\\/2023\\\/02\\\/995674611.jpg\",\"datePublished\":\"2023-02-28T05:52:07+00:00\",\"dateModified\":\"2026-04-18T19:35:06+00:00\",\"breadcrumb\":{\"@id\":\"https:\\\/\\\/shop.bantam.ch\\\/de\\\/produkt\\\/kocher-tupike-stove-2-flammig\\\/#breadcrumb\"},\"inLanguage\":\"de\",\"potentialAction\":[{\"@type\":\"ReadAction\",\"target\":[\"https:\\\/\\\/shop.bantam.ch\\\/de\\\/produkt\\\/kocher-tupike-stove-2-flammig\\\/\"]}]},{\"@type\":\"ImageObject\",\"inLanguage\":\"de\",\"@id\":\"https:\\\/\\\/shop.bantam.ch\\\/de\\\/produkt\\\/kocher-tupike-stove-2-flammig\\\/#primaryimage\",\"url\":\"https:\\\/\\\/shop.bantam.ch\\\/wp-content\\\/uploads\\\/2023\\\/02\\\/995674611.jpg\",\"contentUrl\":\"https:\\\/\\\/shop.bantam.ch\\\/wp-content\\\/uploads\\\/2023\\\/02\\\/995674611.jpg\",\"width\":1000,\"height\":850},{\"@type\":\"BreadcrumbList\",\"@id\":\"https:\\\/\\\/shop.bantam.ch\\\/de\\\/produkt\\\/kocher-tupike-stove-2-flammig\\\/#breadcrumb\",\"itemListElement\":[{\"@type\":\"ListItem\",\"position\":1,\"name\":\"Accueil\",\"item\":\"https:\\\/\\\/shop.bantam.ch\\\/de\\\/\"},{\"@type\":\"ListItem\",\"position\":2,\"name\":\"Shop\",\"item\":\"https:\\\/\\\/shop.bantam.ch\\\/de\\\/shop\\\/\"},{\"@type\":\"ListItem\",\"position\":3,\"name\":\"Kocher Primus Tupike Stove 2-flammig\"}]},{\"@type\":\"WebSite\",\"@id\":\"https:\\\/\\\/shop.bantam.ch\\\/de\\\/#website\",\"url\":\"https:\\\/\\\/shop.bantam.ch\\\/de\\\/\",\"name\":\"Bantam Camping AG\",\"description\":\"\",\"publisher\":{\"@id\":\"https:\\\/\\\/shop.bantam.ch\\\/de\\\/#organization\"},\"inLanguage\":\"de\"},{\"@type\":\"Organization\",\"@id\":\"https:\\\/\\\/shop.bantam.ch\\\/de\\\/#organization\",\"name\":\"Bantam Camping AG\",\"url\":\"https:\\\/\\\/shop.bantam.ch\\\/de\\\/\",\"logo\":{\"@type\":\"ImageObject\",\"inLanguage\":\"de\",\"@id\":\"https:\\\/\\\/shop.bantam.ch\\\/de\\\/#\\\/schema\\\/logo\\\/image\\\/\",\"url\":\"https:\\\/\\\/shop.bantam.ch\\\/wp-content\\\/uploads\\\/2022\\\/12\\\/bantam-logo.png\",\"contentUrl\":\"https:\\\/\\\/shop.bantam.ch\\\/wp-content\\\/uploads\\\/2022\\\/12\\\/bantam-logo.png\",\"width\":320,\"height\":71,\"caption\":\"Bantam Camping AG\"},\"image\":{\"@id\":\"https:\\\/\\\/shop.bantam.ch\\\/de\\\/#\\\/schema\\\/logo\\\/image\\\/\"}}]}<\/script>\n<!-- \/ Yoast SEO plugin. -->","yoast_head_json":{"title":"Kocher Primus Tupike Stove 2-flammig - Bantam Camping AG","robots":{"index":"index","follow":"follow","max-snippet":"max-snippet:-1","max-image-preview":"max-image-preview:large","max-video-preview":"max-video-preview:-1"},"canonical":"https:\/\/shop.bantam.ch\/de\/produkt\/kocher-tupike-stove-2-flammig\/","og_locale":"de_DE","og_type":"article","og_title":"Kocher Primus Tupike Stove 2-flammig - Bantam Camping AG","og_description":"Der Tupike Stove ist der Traum aller Camping-K\u00f6che. Perfekt f\u00fcr die gro\u00dfe Gourmetk\u00fcche ist dieser Kocher leicht und kompakt genug f\u00fcr den Campingplatz und leistungsstark genug, um auch gro\u00dfe Gruppen zu verk\u00f6stigen. Zwei Brenner mit pr\u00e4ziser Einstellm\u00f6glichkeit der einzelnen Flammen &#8211; der perfekte Zweiflammkocher zur Zubereitung toller Gerichte. Der integrierte Windschutz sorgt f\u00fcr eine gleichm\u00e4\u00dfige [&hellip;]","og_url":"https:\/\/shop.bantam.ch\/de\/produkt\/kocher-tupike-stove-2-flammig\/","og_site_name":"Bantam Camping AG","article_modified_time":"2026-04-18T19:35:06+00:00","og_image":[{"width":1000,"height":850,"url":"https:\/\/shop.bantam.ch\/wp-content\/uploads\/2023\/02\/995674611.jpg","type":"image\/jpeg"}],"twitter_card":"summary_large_image","twitter_misc":{"Gesch\u00e4tzte Lesezeit":"1\u00a0Minute"},"schema":{"@context":"https:\/\/schema.org","@graph":[{"@type":"WebPage","@id":"https:\/\/shop.bantam.ch\/de\/produkt\/kocher-tupike-stove-2-flammig\/","url":"https:\/\/shop.bantam.ch\/de\/produkt\/kocher-tupike-stove-2-flammig\/","name":"Kocher Primus Tupike Stove 2-flammig - Bantam Camping AG","isPartOf":{"@id":"https:\/\/shop.bantam.ch\/de\/#website"},"primaryImageOfPage":{"@id":"https:\/\/shop.bantam.ch\/de\/produkt\/kocher-tupike-stove-2-flammig\/#primaryimage"},"image":{"@id":"https:\/\/shop.bantam.ch\/de\/produkt\/kocher-tupike-stove-2-flammig\/#primaryimage"},"thumbnailUrl":"https:\/\/shop.bantam.ch\/wp-content\/uploads\/2023\/02\/995674611.jpg","datePublished":"2023-02-28T05:52:07+00:00","dateModified":"2026-04-18T19:35:06+00:00","breadcrumb":{"@id":"https:\/\/shop.bantam.ch\/de\/produkt\/kocher-tupike-stove-2-flammig\/#breadcrumb"},"inLanguage":"de","potentialAction":[{"@type":"ReadAction","target":["https:\/\/shop.bantam.ch\/de\/produkt\/kocher-tupike-stove-2-flammig\/"]}]},{"@type":"ImageObject","inLanguage":"de","@id":"https:\/\/shop.bantam.ch\/de\/produkt\/kocher-tupike-stove-2-flammig\/#primaryimage","url":"https:\/\/shop.bantam.ch\/wp-content\/uploads\/2023\/02\/995674611.jpg","contentUrl":"https:\/\/shop.bantam.ch\/wp-content\/uploads\/2023\/02\/995674611.jpg","width":1000,"height":850},{"@type":"BreadcrumbList","@id":"https:\/\/shop.bantam.ch\/de\/produkt\/kocher-tupike-stove-2-flammig\/#breadcrumb","itemListElement":[{"@type":"ListItem","position":1,"name":"Accueil","item":"https:\/\/shop.bantam.ch\/de\/"},{"@type":"ListItem","position":2,"name":"Shop","item":"https:\/\/shop.bantam.ch\/de\/shop\/"},{"@type":"ListItem","position":3,"name":"Kocher Primus Tupike Stove 2-flammig"}]},{"@type":"WebSite","@id":"https:\/\/shop.bantam.ch\/de\/#website","url":"https:\/\/shop.bantam.ch\/de\/","name":"Bantam Camping AG","description":"","publisher":{"@id":"https:\/\/shop.bantam.ch\/de\/#organization"},"inLanguage":"de"},{"@type":"Organization","@id":"https:\/\/shop.bantam.ch\/de\/#organization","name":"Bantam Camping AG","url":"https:\/\/shop.bantam.ch\/de\/","logo":{"@type":"ImageObject","inLanguage":"de","@id":"https:\/\/shop.bantam.ch\/de\/#\/schema\/logo\/image\/","url":"https:\/\/shop.bantam.ch\/wp-content\/uploads\/2022\/12\/bantam-logo.png","contentUrl":"https:\/\/shop.bantam.ch\/wp-content\/uploads\/2022\/12\/bantam-logo.png","width":320,"height":71,"caption":"Bantam Camping AG"},"image":{"@id":"https:\/\/shop.bantam.ch\/de\/#\/schema\/logo\/image\/"}}]}},"_links":{"self":[{"href":"https:\/\/shop.bantam.ch\/de\/wp-json\/wp\/v2\/product\/102238","targetHints":{"allow":["GET"]}}],"collection":[{"href":"https:\/\/shop.bantam.ch\/de\/wp-json\/wp\/v2\/product"}],"about":[{"href":"https:\/\/shop.bantam.ch\/de\/wp-json\/wp\/v2\/types\/product"}],"wp:featuredmedia":[{"embeddable":true,"href":"https:\/\/shop.bantam.ch\/de\/wp-json\/wp\/v2\/media\/102236"}],"wp:attachment":[{"href":"https:\/\/shop.bantam.ch\/de\/wp-json\/wp\/v2\/media?parent=102238"}],"wp:term":[{"taxonomy":"product_featured_cat","embeddable":true,"href":"https:\/\/shop.bantam.ch\/de\/wp-json\/wp\/v2\/product_featured_cat?post=102238"},{"taxonomy":"product_brand","embeddable":true,"href":"https:\/\/shop.bantam.ch\/de\/wp-json\/wp\/v2\/product_brand?post=102238"},{"taxonomy":"product_cat","embeddable":true,"href":"https:\/\/shop.bantam.ch\/de\/wp-json\/wp\/v2\/product_cat?post=102238"},{"taxonomy":"product_tag","embeddable":true,"href":"https:\/\/shop.bantam.ch\/de\/wp-json\/wp\/v2\/product_tag?post=102238"}],"curies":[{"name":"wp","href":"https:\/\/api.w.org\/{rel}","templated":true}]}}