{"id":102012,"date":"2023-02-28T06:48:35","date_gmt":"2023-02-28T05:48:35","guid":{"rendered":"http:\/\/shop.bantam.ch\/produit\/receiver-hd-644-t2\/"},"modified":"2026-04-19T21:36:23","modified_gmt":"2026-04-19T19:36:23","slug":"receiver-hd-644-t2","status":"publish","type":"product","link":"https:\/\/shop.bantam.ch\/de\/produkt\/receiver-hd-644-t2\/","title":{"rendered":"Receiver Megasat HD 644 T2"},"content":{"rendered":"<p>DVB-T2 erm\u00f6glicht den Empfang von mehr Programmen in besserer Qualit\u00e4t, insbesondere in hochaufl\u00f6sender HD-Qualit\u00e4t. Mit dem Megasat HD 644 T2 genie\u00dfen Sie auch ohne Satelliten-Spiegel oder einem Kabelanschluss alle frei empfangbaren Sender in bester HD Qualit\u00e4t. Der integrierte USB-Anschluss erm\u00f6glicht eine einfache Wiedergabe von Video-, Bild- und Musikdateien \u00fcber externe Speichermedien wie z.B. USB-Stick oder externe Festplatte. So k\u00f6nnen Sie bequem ihre Urlaubsbilder oder MP3-Sammlung \u00fcber den Fernseher wiedergeben. Auch zuk\u00fcnftige Firmware-Updates lassen sich \u00fcber die Schnittstelle problemlos aufspielen.<\/p>\n<p>Lieferumfang:<\/p>\n<ul>\n<li>Megasat HD 644 T2<\/li>\n<li>Fernbedienung<\/li>\n<li>Batterien<\/li>\n<li>230\/12 V Netzteil<\/li>\n<li>Bedienungsanleitung<\/li>\n<\/ul>\n","protected":false},"excerpt":{"rendered":"<p>DVB-T2 erm\u00f6glicht den Empfang von mehr Programmen in besserer Qualit\u00e4t, insbesondere in hochaufl\u00f6sender HD-Qualit\u00e4t. Mit dem Megasat HD 644 T2 genie\u00dfen Sie auch ohne Satelliten-Spiegel oder einem Kabelanschluss alle frei empfangbaren Sender in bester HD Qualit\u00e4t. Der integrierte USB-Anschluss erm\u00f6glicht eine einfache Wiedergabe von Video-, Bild- und Musikdateien \u00fcber externe Speichermedien wie z.B. USB-Stick oder [&hellip;]<\/p>\n","protected":false},"featured_media":102006,"template":"","meta":{"_acf_changed":false},"product_featured_cat":[],"product_brand":[3201],"product_cat":[4988],"product_tag":[],"class_list":{"0":"post-102012","1":"product","2":"type-product","3":"status-publish","4":"has-post-thumbnail","6":"product_brand-megasat-de","7":"product_cat-receiver","9":"first","10":"instock","11":"taxable","12":"shipping-taxable","13":"purchasable","14":"product-type-simple"},"acf":[],"yoast_head":"<!-- This site is optimized with the Yoast SEO plugin v27.4 - https:\/\/yoast.com\/product\/yoast-seo-wordpress\/ -->\n<title>Receiver Megasat HD 644 T2 - Bantam Camping AG<\/title>\n<meta name=\"robots\" content=\"index, follow, max-snippet:-1, max-image-preview:large, max-video-preview:-1\" \/>\n<link rel=\"canonical\" href=\"https:\/\/shop.bantam.ch\/de\/produkt\/receiver-hd-644-t2\/\" \/>\n<meta property=\"og:locale\" content=\"de_DE\" \/>\n<meta property=\"og:type\" content=\"article\" \/>\n<meta property=\"og:title\" content=\"Receiver Megasat HD 644 T2 - Bantam Camping AG\" \/>\n<meta property=\"og:description\" content=\"DVB-T2 erm\u00f6glicht den Empfang von mehr Programmen in besserer Qualit\u00e4t, insbesondere in hochaufl\u00f6sender HD-Qualit\u00e4t. Mit dem Megasat HD 644 T2 genie\u00dfen Sie auch ohne Satelliten-Spiegel oder einem Kabelanschluss alle frei empfangbaren Sender in bester HD Qualit\u00e4t. Der integrierte USB-Anschluss erm\u00f6glicht eine einfache Wiedergabe von Video-, Bild- und Musikdateien \u00fcber externe Speichermedien wie z.B. USB-Stick oder [&hellip;]\" \/>\n<meta property=\"og:url\" content=\"https:\/\/shop.bantam.ch\/de\/produkt\/receiver-hd-644-t2\/\" \/>\n<meta property=\"og:site_name\" content=\"Bantam Camping AG\" \/>\n<meta property=\"article:modified_time\" content=\"2026-04-19T19:36:23+00:00\" \/>\n<meta property=\"og:image\" content=\"https:\/\/shop.bantam.ch\/wp-content\/uploads\/2023\/02\/995679311.jpg\" \/>\n\t<meta property=\"og:image:width\" content=\"1000\" \/>\n\t<meta property=\"og:image:height\" content=\"295\" \/>\n\t<meta property=\"og:image:type\" content=\"image\/jpeg\" \/>\n<meta name=\"twitter:card\" content=\"summary_large_image\" \/>\n<script type=\"application\/ld+json\" class=\"yoast-schema-graph\">{\"@context\":\"https:\\\/\\\/schema.org\",\"@graph\":[{\"@type\":\"WebPage\",\"@id\":\"https:\\\/\\\/shop.bantam.ch\\\/de\\\/produkt\\\/receiver-hd-644-t2\\\/\",\"url\":\"https:\\\/\\\/shop.bantam.ch\\\/de\\\/produkt\\\/receiver-hd-644-t2\\\/\",\"name\":\"Receiver Megasat HD 644 T2 - Bantam Camping AG\",\"isPartOf\":{\"@id\":\"https:\\\/\\\/shop.bantam.ch\\\/de\\\/#website\"},\"primaryImageOfPage\":{\"@id\":\"https:\\\/\\\/shop.bantam.ch\\\/de\\\/produkt\\\/receiver-hd-644-t2\\\/#primaryimage\"},\"image\":{\"@id\":\"https:\\\/\\\/shop.bantam.ch\\\/de\\\/produkt\\\/receiver-hd-644-t2\\\/#primaryimage\"},\"thumbnailUrl\":\"https:\\\/\\\/shop.bantam.ch\\\/wp-content\\\/uploads\\\/2023\\\/02\\\/995679311.jpg\",\"datePublished\":\"2023-02-28T05:48:35+00:00\",\"dateModified\":\"2026-04-19T19:36:23+00:00\",\"breadcrumb\":{\"@id\":\"https:\\\/\\\/shop.bantam.ch\\\/de\\\/produkt\\\/receiver-hd-644-t2\\\/#breadcrumb\"},\"inLanguage\":\"de\",\"potentialAction\":[{\"@type\":\"ReadAction\",\"target\":[\"https:\\\/\\\/shop.bantam.ch\\\/de\\\/produkt\\\/receiver-hd-644-t2\\\/\"]}]},{\"@type\":\"ImageObject\",\"inLanguage\":\"de\",\"@id\":\"https:\\\/\\\/shop.bantam.ch\\\/de\\\/produkt\\\/receiver-hd-644-t2\\\/#primaryimage\",\"url\":\"https:\\\/\\\/shop.bantam.ch\\\/wp-content\\\/uploads\\\/2023\\\/02\\\/995679311.jpg\",\"contentUrl\":\"https:\\\/\\\/shop.bantam.ch\\\/wp-content\\\/uploads\\\/2023\\\/02\\\/995679311.jpg\",\"width\":1000,\"height\":295},{\"@type\":\"BreadcrumbList\",\"@id\":\"https:\\\/\\\/shop.bantam.ch\\\/de\\\/produkt\\\/receiver-hd-644-t2\\\/#breadcrumb\",\"itemListElement\":[{\"@type\":\"ListItem\",\"position\":1,\"name\":\"Accueil\",\"item\":\"https:\\\/\\\/shop.bantam.ch\\\/de\\\/\"},{\"@type\":\"ListItem\",\"position\":2,\"name\":\"Shop\",\"item\":\"https:\\\/\\\/shop.bantam.ch\\\/de\\\/shop\\\/\"},{\"@type\":\"ListItem\",\"position\":3,\"name\":\"Receiver Megasat HD 644 T2\"}]},{\"@type\":\"WebSite\",\"@id\":\"https:\\\/\\\/shop.bantam.ch\\\/de\\\/#website\",\"url\":\"https:\\\/\\\/shop.bantam.ch\\\/de\\\/\",\"name\":\"Bantam Camping AG\",\"description\":\"\",\"publisher\":{\"@id\":\"https:\\\/\\\/shop.bantam.ch\\\/de\\\/#organization\"},\"inLanguage\":\"de\"},{\"@type\":\"Organization\",\"@id\":\"https:\\\/\\\/shop.bantam.ch\\\/de\\\/#organization\",\"name\":\"Bantam Camping AG\",\"url\":\"https:\\\/\\\/shop.bantam.ch\\\/de\\\/\",\"logo\":{\"@type\":\"ImageObject\",\"inLanguage\":\"de\",\"@id\":\"https:\\\/\\\/shop.bantam.ch\\\/de\\\/#\\\/schema\\\/logo\\\/image\\\/\",\"url\":\"https:\\\/\\\/shop.bantam.ch\\\/wp-content\\\/uploads\\\/2022\\\/12\\\/bantam-logo.png\",\"contentUrl\":\"https:\\\/\\\/shop.bantam.ch\\\/wp-content\\\/uploads\\\/2022\\\/12\\\/bantam-logo.png\",\"width\":320,\"height\":71,\"caption\":\"Bantam Camping AG\"},\"image\":{\"@id\":\"https:\\\/\\\/shop.bantam.ch\\\/de\\\/#\\\/schema\\\/logo\\\/image\\\/\"}}]}<\/script>\n<!-- \/ Yoast SEO plugin. -->","yoast_head_json":{"title":"Receiver Megasat HD 644 T2 - Bantam Camping AG","robots":{"index":"index","follow":"follow","max-snippet":"max-snippet:-1","max-image-preview":"max-image-preview:large","max-video-preview":"max-video-preview:-1"},"canonical":"https:\/\/shop.bantam.ch\/de\/produkt\/receiver-hd-644-t2\/","og_locale":"de_DE","og_type":"article","og_title":"Receiver Megasat HD 644 T2 - Bantam Camping AG","og_description":"DVB-T2 erm\u00f6glicht den Empfang von mehr Programmen in besserer Qualit\u00e4t, insbesondere in hochaufl\u00f6sender HD-Qualit\u00e4t. Mit dem Megasat HD 644 T2 genie\u00dfen Sie auch ohne Satelliten-Spiegel oder einem Kabelanschluss alle frei empfangbaren Sender in bester HD Qualit\u00e4t. Der integrierte USB-Anschluss erm\u00f6glicht eine einfache Wiedergabe von Video-, Bild- und Musikdateien \u00fcber externe Speichermedien wie z.B. USB-Stick oder [&hellip;]","og_url":"https:\/\/shop.bantam.ch\/de\/produkt\/receiver-hd-644-t2\/","og_site_name":"Bantam Camping AG","article_modified_time":"2026-04-19T19:36:23+00:00","og_image":[{"width":1000,"height":295,"url":"https:\/\/shop.bantam.ch\/wp-content\/uploads\/2023\/02\/995679311.jpg","type":"image\/jpeg"}],"twitter_card":"summary_large_image","schema":{"@context":"https:\/\/schema.org","@graph":[{"@type":"WebPage","@id":"https:\/\/shop.bantam.ch\/de\/produkt\/receiver-hd-644-t2\/","url":"https:\/\/shop.bantam.ch\/de\/produkt\/receiver-hd-644-t2\/","name":"Receiver Megasat HD 644 T2 - Bantam Camping AG","isPartOf":{"@id":"https:\/\/shop.bantam.ch\/de\/#website"},"primaryImageOfPage":{"@id":"https:\/\/shop.bantam.ch\/de\/produkt\/receiver-hd-644-t2\/#primaryimage"},"image":{"@id":"https:\/\/shop.bantam.ch\/de\/produkt\/receiver-hd-644-t2\/#primaryimage"},"thumbnailUrl":"https:\/\/shop.bantam.ch\/wp-content\/uploads\/2023\/02\/995679311.jpg","datePublished":"2023-02-28T05:48:35+00:00","dateModified":"2026-04-19T19:36:23+00:00","breadcrumb":{"@id":"https:\/\/shop.bantam.ch\/de\/produkt\/receiver-hd-644-t2\/#breadcrumb"},"inLanguage":"de","potentialAction":[{"@type":"ReadAction","target":["https:\/\/shop.bantam.ch\/de\/produkt\/receiver-hd-644-t2\/"]}]},{"@type":"ImageObject","inLanguage":"de","@id":"https:\/\/shop.bantam.ch\/de\/produkt\/receiver-hd-644-t2\/#primaryimage","url":"https:\/\/shop.bantam.ch\/wp-content\/uploads\/2023\/02\/995679311.jpg","contentUrl":"https:\/\/shop.bantam.ch\/wp-content\/uploads\/2023\/02\/995679311.jpg","width":1000,"height":295},{"@type":"BreadcrumbList","@id":"https:\/\/shop.bantam.ch\/de\/produkt\/receiver-hd-644-t2\/#breadcrumb","itemListElement":[{"@type":"ListItem","position":1,"name":"Accueil","item":"https:\/\/shop.bantam.ch\/de\/"},{"@type":"ListItem","position":2,"name":"Shop","item":"https:\/\/shop.bantam.ch\/de\/shop\/"},{"@type":"ListItem","position":3,"name":"Receiver Megasat HD 644 T2"}]},{"@type":"WebSite","@id":"https:\/\/shop.bantam.ch\/de\/#website","url":"https:\/\/shop.bantam.ch\/de\/","name":"Bantam Camping AG","description":"","publisher":{"@id":"https:\/\/shop.bantam.ch\/de\/#organization"},"inLanguage":"de"},{"@type":"Organization","@id":"https:\/\/shop.bantam.ch\/de\/#organization","name":"Bantam Camping AG","url":"https:\/\/shop.bantam.ch\/de\/","logo":{"@type":"ImageObject","inLanguage":"de","@id":"https:\/\/shop.bantam.ch\/de\/#\/schema\/logo\/image\/","url":"https:\/\/shop.bantam.ch\/wp-content\/uploads\/2022\/12\/bantam-logo.png","contentUrl":"https:\/\/shop.bantam.ch\/wp-content\/uploads\/2022\/12\/bantam-logo.png","width":320,"height":71,"caption":"Bantam Camping AG"},"image":{"@id":"https:\/\/shop.bantam.ch\/de\/#\/schema\/logo\/image\/"}}]}},"_links":{"self":[{"href":"https:\/\/shop.bantam.ch\/de\/wp-json\/wp\/v2\/product\/102012","targetHints":{"allow":["GET"]}}],"collection":[{"href":"https:\/\/shop.bantam.ch\/de\/wp-json\/wp\/v2\/product"}],"about":[{"href":"https:\/\/shop.bantam.ch\/de\/wp-json\/wp\/v2\/types\/product"}],"wp:featuredmedia":[{"embeddable":true,"href":"https:\/\/shop.bantam.ch\/de\/wp-json\/wp\/v2\/media\/102006"}],"wp:attachment":[{"href":"https:\/\/shop.bantam.ch\/de\/wp-json\/wp\/v2\/media?parent=102012"}],"wp:term":[{"taxonomy":"product_featured_cat","embeddable":true,"href":"https:\/\/shop.bantam.ch\/de\/wp-json\/wp\/v2\/product_featured_cat?post=102012"},{"taxonomy":"product_brand","embeddable":true,"href":"https:\/\/shop.bantam.ch\/de\/wp-json\/wp\/v2\/product_brand?post=102012"},{"taxonomy":"product_cat","embeddable":true,"href":"https:\/\/shop.bantam.ch\/de\/wp-json\/wp\/v2\/product_cat?post=102012"},{"taxonomy":"product_tag","embeddable":true,"href":"https:\/\/shop.bantam.ch\/de\/wp-json\/wp\/v2\/product_tag?post=102012"}],"curies":[{"name":"wp","href":"https:\/\/api.w.org\/{rel}","templated":true}]}}