{"id":102000,"date":"2023-02-28T06:48:24","date_gmt":"2023-02-28T05:48:24","guid":{"rendered":"http:\/\/shop.bantam.ch\/produit\/mobil-kit-3-fuer-traveller-man-3-und-caravanman-kompakt-3\/"},"modified":"2026-05-01T21:33:32","modified_gmt":"2026-05-01T19:33:32","slug":"mobil-kit-3-fuer-traveller-man-3-und-caravanman-kompakt-3","status":"publish","type":"product","link":"https:\/\/shop.bantam.ch\/de\/produkt\/mobil-kit-3-fuer-traveller-man-3-und-caravanman-kompakt-3\/","title":{"rendered":"Mobil-Kit 3 Megasat f\u00fcr Traveller-Man 3 und Caravanman Kompakt 3"},"content":{"rendered":"<p>Das Mobil-Kit ist speziell f\u00fcr den Traveller-Man 3 und dem Caravanman Kompakt 3 geeignet. Es besteht aus vier Aluminiumf\u00fc\u00dfen und einer passenden Montageplatte. An der Unterseite der Standf\u00fc\u00dfe gew\u00e4hrleistet die Gummibeschichtung einen stabilen Halt auf allen glatten Oberfl\u00e4chen.<\/p>\n","protected":false},"excerpt":{"rendered":"<p>Das Mobil-Kit ist speziell f\u00fcr den Traveller-Man 3 und dem Caravanman Kompakt 3 geeignet. Es besteht aus vier Aluminiumf\u00fc\u00dfen und einer passenden Montageplatte. An der Unterseite der Standf\u00fc\u00dfe gew\u00e4hrleistet die Gummibeschichtung einen stabilen Halt auf allen glatten Oberfl\u00e4chen.<\/p>\n","protected":false},"featured_media":101988,"template":"","meta":{"_acf_changed":false},"product_featured_cat":[],"product_brand":[3201],"product_cat":[5016],"product_tag":[],"class_list":{"0":"post-102000","1":"product","2":"type-product","3":"status-publish","4":"has-post-thumbnail","6":"product_brand-megasat-de","7":"product_cat-weiteres-zubehoer-fuer-sat-anlagen","9":"first","10":"instock","11":"taxable","12":"shipping-taxable","13":"purchasable","14":"product-type-simple"},"acf":[],"yoast_head":"<!-- This site is optimized with the Yoast SEO plugin v27.5 - https:\/\/yoast.com\/product\/yoast-seo-wordpress\/ -->\n<title>Mobil-Kit 3 Megasat f\u00fcr Traveller-Man 3 und Caravanman Kompakt 3 - Bantam<\/title>\n<meta name=\"robots\" content=\"index, follow, max-snippet:-1, max-image-preview:large, max-video-preview:-1\" \/>\n<link rel=\"canonical\" href=\"https:\/\/shop.bantam.ch\/de\/produkt\/mobil-kit-3-fuer-traveller-man-3-und-caravanman-kompakt-3\/\" \/>\n<meta property=\"og:locale\" content=\"de_DE\" \/>\n<meta property=\"og:type\" content=\"article\" \/>\n<meta property=\"og:title\" content=\"Mobil-Kit 3 Megasat f\u00fcr Traveller-Man 3 und Caravanman Kompakt 3 - Bantam\" \/>\n<meta property=\"og:description\" content=\"Das Mobil-Kit ist speziell f\u00fcr den Traveller-Man 3 und dem Caravanman Kompakt 3 geeignet. Es besteht aus vier Aluminiumf\u00fc\u00dfen und einer passenden Montageplatte. An der Unterseite der Standf\u00fc\u00dfe gew\u00e4hrleistet die Gummibeschichtung einen stabilen Halt auf allen glatten Oberfl\u00e4chen.\" \/>\n<meta property=\"og:url\" content=\"https:\/\/shop.bantam.ch\/de\/produkt\/mobil-kit-3-fuer-traveller-man-3-und-caravanman-kompakt-3\/\" \/>\n<meta property=\"og:site_name\" content=\"Bantam\" \/>\n<meta property=\"article:modified_time\" content=\"2026-05-01T19:33:32+00:00\" \/>\n<meta property=\"og:image\" content=\"https:\/\/shop.bantam.ch\/wp-content\/uploads\/2023\/02\/995678911.jpg\" \/>\n\t<meta property=\"og:image:width\" content=\"1000\" \/>\n\t<meta property=\"og:image:height\" content=\"349\" \/>\n\t<meta property=\"og:image:type\" content=\"image\/jpeg\" \/>\n<meta name=\"twitter:card\" content=\"summary_large_image\" \/>\n<script type=\"application\/ld+json\" class=\"yoast-schema-graph\">{\"@context\":\"https:\\\/\\\/schema.org\",\"@graph\":[{\"@type\":\"WebPage\",\"@id\":\"https:\\\/\\\/shop.bantam.ch\\\/de\\\/produkt\\\/mobil-kit-3-fuer-traveller-man-3-und-caravanman-kompakt-3\\\/\",\"url\":\"https:\\\/\\\/shop.bantam.ch\\\/de\\\/produkt\\\/mobil-kit-3-fuer-traveller-man-3-und-caravanman-kompakt-3\\\/\",\"name\":\"Mobil-Kit 3 Megasat f\u00fcr Traveller-Man 3 und Caravanman Kompakt 3 - Bantam\",\"isPartOf\":{\"@id\":\"https:\\\/\\\/shop.bantam.ch\\\/de\\\/#website\"},\"primaryImageOfPage\":{\"@id\":\"https:\\\/\\\/shop.bantam.ch\\\/de\\\/produkt\\\/mobil-kit-3-fuer-traveller-man-3-und-caravanman-kompakt-3\\\/#primaryimage\"},\"image\":{\"@id\":\"https:\\\/\\\/shop.bantam.ch\\\/de\\\/produkt\\\/mobil-kit-3-fuer-traveller-man-3-und-caravanman-kompakt-3\\\/#primaryimage\"},\"thumbnailUrl\":\"https:\\\/\\\/shop.bantam.ch\\\/wp-content\\\/uploads\\\/2023\\\/02\\\/995678911.jpg\",\"datePublished\":\"2023-02-28T05:48:24+00:00\",\"dateModified\":\"2026-05-01T19:33:32+00:00\",\"breadcrumb\":{\"@id\":\"https:\\\/\\\/shop.bantam.ch\\\/de\\\/produkt\\\/mobil-kit-3-fuer-traveller-man-3-und-caravanman-kompakt-3\\\/#breadcrumb\"},\"inLanguage\":\"de\",\"potentialAction\":[{\"@type\":\"ReadAction\",\"target\":[\"https:\\\/\\\/shop.bantam.ch\\\/de\\\/produkt\\\/mobil-kit-3-fuer-traveller-man-3-und-caravanman-kompakt-3\\\/\"]}]},{\"@type\":\"ImageObject\",\"inLanguage\":\"de\",\"@id\":\"https:\\\/\\\/shop.bantam.ch\\\/de\\\/produkt\\\/mobil-kit-3-fuer-traveller-man-3-und-caravanman-kompakt-3\\\/#primaryimage\",\"url\":\"https:\\\/\\\/shop.bantam.ch\\\/wp-content\\\/uploads\\\/2023\\\/02\\\/995678911.jpg\",\"contentUrl\":\"https:\\\/\\\/shop.bantam.ch\\\/wp-content\\\/uploads\\\/2023\\\/02\\\/995678911.jpg\",\"width\":1000,\"height\":349},{\"@type\":\"BreadcrumbList\",\"@id\":\"https:\\\/\\\/shop.bantam.ch\\\/de\\\/produkt\\\/mobil-kit-3-fuer-traveller-man-3-und-caravanman-kompakt-3\\\/#breadcrumb\",\"itemListElement\":[{\"@type\":\"ListItem\",\"position\":1,\"name\":\"Accueil\",\"item\":\"https:\\\/\\\/shop.bantam.ch\\\/de\\\/\"},{\"@type\":\"ListItem\",\"position\":2,\"name\":\"Shop\",\"item\":\"https:\\\/\\\/shop.bantam.ch\\\/de\\\/shop\\\/\"},{\"@type\":\"ListItem\",\"position\":3,\"name\":\"Mobil-Kit 3 Megasat f\u00fcr Traveller-Man 3 und Caravanman Kompakt 3\"}]},{\"@type\":\"WebSite\",\"@id\":\"https:\\\/\\\/shop.bantam.ch\\\/de\\\/#website\",\"url\":\"https:\\\/\\\/shop.bantam.ch\\\/de\\\/\",\"name\":\"Bantam\",\"description\":\"\",\"publisher\":{\"@id\":\"https:\\\/\\\/shop.bantam.ch\\\/de\\\/#organization\"},\"inLanguage\":\"de\"},{\"@type\":\"Organization\",\"@id\":\"https:\\\/\\\/shop.bantam.ch\\\/de\\\/#organization\",\"name\":\"Bantam\",\"url\":\"https:\\\/\\\/shop.bantam.ch\\\/de\\\/\",\"logo\":{\"@type\":\"ImageObject\",\"inLanguage\":\"de\",\"@id\":\"https:\\\/\\\/shop.bantam.ch\\\/de\\\/#\\\/schema\\\/logo\\\/image\\\/\",\"url\":\"https:\\\/\\\/shop.bantam.ch\\\/wp-content\\\/uploads\\\/2022\\\/12\\\/bantam-logo.png\",\"contentUrl\":\"https:\\\/\\\/shop.bantam.ch\\\/wp-content\\\/uploads\\\/2022\\\/12\\\/bantam-logo.png\",\"width\":320,\"height\":71,\"caption\":\"Bantam\"},\"image\":{\"@id\":\"https:\\\/\\\/shop.bantam.ch\\\/de\\\/#\\\/schema\\\/logo\\\/image\\\/\"}}]}<\/script>\n<!-- \/ Yoast SEO plugin. -->","yoast_head_json":{"title":"Mobil-Kit 3 Megasat f\u00fcr Traveller-Man 3 und Caravanman Kompakt 3 - Bantam","robots":{"index":"index","follow":"follow","max-snippet":"max-snippet:-1","max-image-preview":"max-image-preview:large","max-video-preview":"max-video-preview:-1"},"canonical":"https:\/\/shop.bantam.ch\/de\/produkt\/mobil-kit-3-fuer-traveller-man-3-und-caravanman-kompakt-3\/","og_locale":"de_DE","og_type":"article","og_title":"Mobil-Kit 3 Megasat f\u00fcr Traveller-Man 3 und Caravanman Kompakt 3 - Bantam","og_description":"Das Mobil-Kit ist speziell f\u00fcr den Traveller-Man 3 und dem Caravanman Kompakt 3 geeignet. Es besteht aus vier Aluminiumf\u00fc\u00dfen und einer passenden Montageplatte. An der Unterseite der Standf\u00fc\u00dfe gew\u00e4hrleistet die Gummibeschichtung einen stabilen Halt auf allen glatten Oberfl\u00e4chen.","og_url":"https:\/\/shop.bantam.ch\/de\/produkt\/mobil-kit-3-fuer-traveller-man-3-und-caravanman-kompakt-3\/","og_site_name":"Bantam","article_modified_time":"2026-05-01T19:33:32+00:00","og_image":[{"width":1000,"height":349,"url":"https:\/\/shop.bantam.ch\/wp-content\/uploads\/2023\/02\/995678911.jpg","type":"image\/jpeg"}],"twitter_card":"summary_large_image","schema":{"@context":"https:\/\/schema.org","@graph":[{"@type":"WebPage","@id":"https:\/\/shop.bantam.ch\/de\/produkt\/mobil-kit-3-fuer-traveller-man-3-und-caravanman-kompakt-3\/","url":"https:\/\/shop.bantam.ch\/de\/produkt\/mobil-kit-3-fuer-traveller-man-3-und-caravanman-kompakt-3\/","name":"Mobil-Kit 3 Megasat f\u00fcr Traveller-Man 3 und Caravanman Kompakt 3 - Bantam","isPartOf":{"@id":"https:\/\/shop.bantam.ch\/de\/#website"},"primaryImageOfPage":{"@id":"https:\/\/shop.bantam.ch\/de\/produkt\/mobil-kit-3-fuer-traveller-man-3-und-caravanman-kompakt-3\/#primaryimage"},"image":{"@id":"https:\/\/shop.bantam.ch\/de\/produkt\/mobil-kit-3-fuer-traveller-man-3-und-caravanman-kompakt-3\/#primaryimage"},"thumbnailUrl":"https:\/\/shop.bantam.ch\/wp-content\/uploads\/2023\/02\/995678911.jpg","datePublished":"2023-02-28T05:48:24+00:00","dateModified":"2026-05-01T19:33:32+00:00","breadcrumb":{"@id":"https:\/\/shop.bantam.ch\/de\/produkt\/mobil-kit-3-fuer-traveller-man-3-und-caravanman-kompakt-3\/#breadcrumb"},"inLanguage":"de","potentialAction":[{"@type":"ReadAction","target":["https:\/\/shop.bantam.ch\/de\/produkt\/mobil-kit-3-fuer-traveller-man-3-und-caravanman-kompakt-3\/"]}]},{"@type":"ImageObject","inLanguage":"de","@id":"https:\/\/shop.bantam.ch\/de\/produkt\/mobil-kit-3-fuer-traveller-man-3-und-caravanman-kompakt-3\/#primaryimage","url":"https:\/\/shop.bantam.ch\/wp-content\/uploads\/2023\/02\/995678911.jpg","contentUrl":"https:\/\/shop.bantam.ch\/wp-content\/uploads\/2023\/02\/995678911.jpg","width":1000,"height":349},{"@type":"BreadcrumbList","@id":"https:\/\/shop.bantam.ch\/de\/produkt\/mobil-kit-3-fuer-traveller-man-3-und-caravanman-kompakt-3\/#breadcrumb","itemListElement":[{"@type":"ListItem","position":1,"name":"Accueil","item":"https:\/\/shop.bantam.ch\/de\/"},{"@type":"ListItem","position":2,"name":"Shop","item":"https:\/\/shop.bantam.ch\/de\/shop\/"},{"@type":"ListItem","position":3,"name":"Mobil-Kit 3 Megasat f\u00fcr Traveller-Man 3 und Caravanman Kompakt 3"}]},{"@type":"WebSite","@id":"https:\/\/shop.bantam.ch\/de\/#website","url":"https:\/\/shop.bantam.ch\/de\/","name":"Bantam","description":"","publisher":{"@id":"https:\/\/shop.bantam.ch\/de\/#organization"},"inLanguage":"de"},{"@type":"Organization","@id":"https:\/\/shop.bantam.ch\/de\/#organization","name":"Bantam","url":"https:\/\/shop.bantam.ch\/de\/","logo":{"@type":"ImageObject","inLanguage":"de","@id":"https:\/\/shop.bantam.ch\/de\/#\/schema\/logo\/image\/","url":"https:\/\/shop.bantam.ch\/wp-content\/uploads\/2022\/12\/bantam-logo.png","contentUrl":"https:\/\/shop.bantam.ch\/wp-content\/uploads\/2022\/12\/bantam-logo.png","width":320,"height":71,"caption":"Bantam"},"image":{"@id":"https:\/\/shop.bantam.ch\/de\/#\/schema\/logo\/image\/"}}]}},"_links":{"self":[{"href":"https:\/\/shop.bantam.ch\/de\/wp-json\/wp\/v2\/product\/102000","targetHints":{"allow":["GET"]}}],"collection":[{"href":"https:\/\/shop.bantam.ch\/de\/wp-json\/wp\/v2\/product"}],"about":[{"href":"https:\/\/shop.bantam.ch\/de\/wp-json\/wp\/v2\/types\/product"}],"wp:featuredmedia":[{"embeddable":true,"href":"https:\/\/shop.bantam.ch\/de\/wp-json\/wp\/v2\/media\/101988"}],"wp:attachment":[{"href":"https:\/\/shop.bantam.ch\/de\/wp-json\/wp\/v2\/media?parent=102000"}],"wp:term":[{"taxonomy":"product_featured_cat","embeddable":true,"href":"https:\/\/shop.bantam.ch\/de\/wp-json\/wp\/v2\/product_featured_cat?post=102000"},{"taxonomy":"product_brand","embeddable":true,"href":"https:\/\/shop.bantam.ch\/de\/wp-json\/wp\/v2\/product_brand?post=102000"},{"taxonomy":"product_cat","embeddable":true,"href":"https:\/\/shop.bantam.ch\/de\/wp-json\/wp\/v2\/product_cat?post=102000"},{"taxonomy":"product_tag","embeddable":true,"href":"https:\/\/shop.bantam.ch\/de\/wp-json\/wp\/v2\/product_tag?post=102000"}],"curies":[{"name":"wp","href":"https:\/\/api.w.org\/{rel}","templated":true}]}}