{"id":101810,"date":"2023-02-28T06:45:55","date_gmt":"2023-02-28T05:45:55","guid":{"rendered":"http:\/\/shop.bantam.ch\/produit\/meal-set-primus-8-tlg-rot\/"},"modified":"2026-04-18T21:34:37","modified_gmt":"2026-04-18T19:34:37","slug":"meal-set-primus-8-tlg-rot","status":"publish","type":"product","link":"https:\/\/shop.bantam.ch\/de\/produkt\/meal-set-primus-8-tlg-rot\/","title":{"rendered":"Meal Set PRIMUS 8-tlg. Farbe rot"},"content":{"rendered":"<p>Praktisches 8-teiliges Outdoor-Speise-Set mit allem, was du unterwegs brauchst.<\/p>\n<p>Lieferumfang:<\/p>\n<ul>\n<li>Zwei tiefe Teller<\/li>\n<li>Gew\u00fcrzdose mit drei F\u00e4chern<\/li>\n<li>Kleiner Beh\u00e4lter f\u00fcr z.B. Sp\u00fclmittel oder \u00d6l<\/li>\n<li>Dicht schlie\u00dfende Vorratsdose<\/li>\n<li>Trinkgef\u00e4\u00df<\/li>\n<li>Klappbarer Spork sowie kombiniertes Schneidebrett<\/li>\n<li>Durchschlag<\/li>\n<li>Reibeisen<\/li>\n<li>Messer<\/li>\n<\/ul>\n","protected":false},"excerpt":{"rendered":"<p>Praktisches 8-teiliges Outdoor-Speise-Set mit allem, was du unterwegs brauchst. Lieferumfang: Zwei tiefe Teller Gew\u00fcrzdose mit drei F\u00e4chern Kleiner Beh\u00e4lter f\u00fcr z.B. Sp\u00fclmittel oder \u00d6l Dicht schlie\u00dfende Vorratsdose Trinkgef\u00e4\u00df Klappbarer Spork sowie kombiniertes Schneidebrett Durchschlag Reibeisen Messer<\/p>\n","protected":false},"featured_media":101806,"template":"","meta":{"_acf_changed":false},"product_featured_cat":[],"product_brand":[3415],"product_cat":[4332],"product_tag":[],"class_list":{"0":"post-101810","1":"product","2":"type-product","3":"status-publish","4":"has-post-thumbnail","6":"product_brand-primus-de","7":"product_cat-vorrats-frischaltedosen","9":"first","10":"instock","11":"taxable","12":"shipping-taxable","13":"purchasable","14":"product-type-simple"},"acf":[],"yoast_head":"<!-- This site is optimized with the Yoast SEO plugin v27.4 - https:\/\/yoast.com\/product\/yoast-seo-wordpress\/ -->\n<title>Meal Set PRIMUS 8-tlg. Farbe rot - Bantam Camping AG<\/title>\n<meta name=\"robots\" content=\"index, follow, max-snippet:-1, max-image-preview:large, max-video-preview:-1\" \/>\n<link rel=\"canonical\" href=\"https:\/\/shop.bantam.ch\/de\/produkt\/meal-set-primus-8-tlg-rot\/\" \/>\n<meta property=\"og:locale\" content=\"de_DE\" \/>\n<meta property=\"og:type\" content=\"article\" \/>\n<meta property=\"og:title\" content=\"Meal Set PRIMUS 8-tlg. Farbe rot - Bantam Camping AG\" \/>\n<meta property=\"og:description\" content=\"Praktisches 8-teiliges Outdoor-Speise-Set mit allem, was du unterwegs brauchst. Lieferumfang: Zwei tiefe Teller Gew\u00fcrzdose mit drei F\u00e4chern Kleiner Beh\u00e4lter f\u00fcr z.B. Sp\u00fclmittel oder \u00d6l Dicht schlie\u00dfende Vorratsdose Trinkgef\u00e4\u00df Klappbarer Spork sowie kombiniertes Schneidebrett Durchschlag Reibeisen Messer\" \/>\n<meta property=\"og:url\" content=\"https:\/\/shop.bantam.ch\/de\/produkt\/meal-set-primus-8-tlg-rot\/\" \/>\n<meta property=\"og:site_name\" content=\"Bantam Camping AG\" \/>\n<meta property=\"article:modified_time\" content=\"2026-04-18T19:34:37+00:00\" \/>\n<meta property=\"og:image\" content=\"https:\/\/shop.bantam.ch\/wp-content\/uploads\/2023\/02\/995673311.jpg\" \/>\n\t<meta property=\"og:image:width\" content=\"1000\" \/>\n\t<meta property=\"og:image:height\" content=\"630\" \/>\n\t<meta property=\"og:image:type\" content=\"image\/jpeg\" \/>\n<meta name=\"twitter:card\" content=\"summary_large_image\" \/>\n<script type=\"application\/ld+json\" class=\"yoast-schema-graph\">{\"@context\":\"https:\\\/\\\/schema.org\",\"@graph\":[{\"@type\":\"WebPage\",\"@id\":\"https:\\\/\\\/shop.bantam.ch\\\/de\\\/produkt\\\/meal-set-primus-8-tlg-rot\\\/\",\"url\":\"https:\\\/\\\/shop.bantam.ch\\\/de\\\/produkt\\\/meal-set-primus-8-tlg-rot\\\/\",\"name\":\"Meal Set PRIMUS 8-tlg. Farbe rot - Bantam Camping AG\",\"isPartOf\":{\"@id\":\"https:\\\/\\\/shop.bantam.ch\\\/de\\\/#website\"},\"primaryImageOfPage\":{\"@id\":\"https:\\\/\\\/shop.bantam.ch\\\/de\\\/produkt\\\/meal-set-primus-8-tlg-rot\\\/#primaryimage\"},\"image\":{\"@id\":\"https:\\\/\\\/shop.bantam.ch\\\/de\\\/produkt\\\/meal-set-primus-8-tlg-rot\\\/#primaryimage\"},\"thumbnailUrl\":\"https:\\\/\\\/shop.bantam.ch\\\/wp-content\\\/uploads\\\/2023\\\/02\\\/995673311.jpg\",\"datePublished\":\"2023-02-28T05:45:55+00:00\",\"dateModified\":\"2026-04-18T19:34:37+00:00\",\"breadcrumb\":{\"@id\":\"https:\\\/\\\/shop.bantam.ch\\\/de\\\/produkt\\\/meal-set-primus-8-tlg-rot\\\/#breadcrumb\"},\"inLanguage\":\"de\",\"potentialAction\":[{\"@type\":\"ReadAction\",\"target\":[\"https:\\\/\\\/shop.bantam.ch\\\/de\\\/produkt\\\/meal-set-primus-8-tlg-rot\\\/\"]}]},{\"@type\":\"ImageObject\",\"inLanguage\":\"de\",\"@id\":\"https:\\\/\\\/shop.bantam.ch\\\/de\\\/produkt\\\/meal-set-primus-8-tlg-rot\\\/#primaryimage\",\"url\":\"https:\\\/\\\/shop.bantam.ch\\\/wp-content\\\/uploads\\\/2023\\\/02\\\/995673311.jpg\",\"contentUrl\":\"https:\\\/\\\/shop.bantam.ch\\\/wp-content\\\/uploads\\\/2023\\\/02\\\/995673311.jpg\",\"width\":1000,\"height\":630},{\"@type\":\"BreadcrumbList\",\"@id\":\"https:\\\/\\\/shop.bantam.ch\\\/de\\\/produkt\\\/meal-set-primus-8-tlg-rot\\\/#breadcrumb\",\"itemListElement\":[{\"@type\":\"ListItem\",\"position\":1,\"name\":\"Accueil\",\"item\":\"https:\\\/\\\/shop.bantam.ch\\\/de\\\/\"},{\"@type\":\"ListItem\",\"position\":2,\"name\":\"Shop\",\"item\":\"https:\\\/\\\/shop.bantam.ch\\\/de\\\/shop\\\/\"},{\"@type\":\"ListItem\",\"position\":3,\"name\":\"Meal Set PRIMUS 8-tlg. Farbe rot\"}]},{\"@type\":\"WebSite\",\"@id\":\"https:\\\/\\\/shop.bantam.ch\\\/de\\\/#website\",\"url\":\"https:\\\/\\\/shop.bantam.ch\\\/de\\\/\",\"name\":\"Bantam Camping AG\",\"description\":\"\",\"publisher\":{\"@id\":\"https:\\\/\\\/shop.bantam.ch\\\/de\\\/#organization\"},\"inLanguage\":\"de\"},{\"@type\":\"Organization\",\"@id\":\"https:\\\/\\\/shop.bantam.ch\\\/de\\\/#organization\",\"name\":\"Bantam Camping AG\",\"url\":\"https:\\\/\\\/shop.bantam.ch\\\/de\\\/\",\"logo\":{\"@type\":\"ImageObject\",\"inLanguage\":\"de\",\"@id\":\"https:\\\/\\\/shop.bantam.ch\\\/de\\\/#\\\/schema\\\/logo\\\/image\\\/\",\"url\":\"https:\\\/\\\/shop.bantam.ch\\\/wp-content\\\/uploads\\\/2022\\\/12\\\/bantam-logo.png\",\"contentUrl\":\"https:\\\/\\\/shop.bantam.ch\\\/wp-content\\\/uploads\\\/2022\\\/12\\\/bantam-logo.png\",\"width\":320,\"height\":71,\"caption\":\"Bantam Camping AG\"},\"image\":{\"@id\":\"https:\\\/\\\/shop.bantam.ch\\\/de\\\/#\\\/schema\\\/logo\\\/image\\\/\"}}]}<\/script>\n<!-- \/ Yoast SEO plugin. -->","yoast_head_json":{"title":"Meal Set PRIMUS 8-tlg. Farbe rot - Bantam Camping AG","robots":{"index":"index","follow":"follow","max-snippet":"max-snippet:-1","max-image-preview":"max-image-preview:large","max-video-preview":"max-video-preview:-1"},"canonical":"https:\/\/shop.bantam.ch\/de\/produkt\/meal-set-primus-8-tlg-rot\/","og_locale":"de_DE","og_type":"article","og_title":"Meal Set PRIMUS 8-tlg. Farbe rot - Bantam Camping AG","og_description":"Praktisches 8-teiliges Outdoor-Speise-Set mit allem, was du unterwegs brauchst. Lieferumfang: Zwei tiefe Teller Gew\u00fcrzdose mit drei F\u00e4chern Kleiner Beh\u00e4lter f\u00fcr z.B. Sp\u00fclmittel oder \u00d6l Dicht schlie\u00dfende Vorratsdose Trinkgef\u00e4\u00df Klappbarer Spork sowie kombiniertes Schneidebrett Durchschlag Reibeisen Messer","og_url":"https:\/\/shop.bantam.ch\/de\/produkt\/meal-set-primus-8-tlg-rot\/","og_site_name":"Bantam Camping AG","article_modified_time":"2026-04-18T19:34:37+00:00","og_image":[{"width":1000,"height":630,"url":"https:\/\/shop.bantam.ch\/wp-content\/uploads\/2023\/02\/995673311.jpg","type":"image\/jpeg"}],"twitter_card":"summary_large_image","schema":{"@context":"https:\/\/schema.org","@graph":[{"@type":"WebPage","@id":"https:\/\/shop.bantam.ch\/de\/produkt\/meal-set-primus-8-tlg-rot\/","url":"https:\/\/shop.bantam.ch\/de\/produkt\/meal-set-primus-8-tlg-rot\/","name":"Meal Set PRIMUS 8-tlg. Farbe rot - Bantam Camping AG","isPartOf":{"@id":"https:\/\/shop.bantam.ch\/de\/#website"},"primaryImageOfPage":{"@id":"https:\/\/shop.bantam.ch\/de\/produkt\/meal-set-primus-8-tlg-rot\/#primaryimage"},"image":{"@id":"https:\/\/shop.bantam.ch\/de\/produkt\/meal-set-primus-8-tlg-rot\/#primaryimage"},"thumbnailUrl":"https:\/\/shop.bantam.ch\/wp-content\/uploads\/2023\/02\/995673311.jpg","datePublished":"2023-02-28T05:45:55+00:00","dateModified":"2026-04-18T19:34:37+00:00","breadcrumb":{"@id":"https:\/\/shop.bantam.ch\/de\/produkt\/meal-set-primus-8-tlg-rot\/#breadcrumb"},"inLanguage":"de","potentialAction":[{"@type":"ReadAction","target":["https:\/\/shop.bantam.ch\/de\/produkt\/meal-set-primus-8-tlg-rot\/"]}]},{"@type":"ImageObject","inLanguage":"de","@id":"https:\/\/shop.bantam.ch\/de\/produkt\/meal-set-primus-8-tlg-rot\/#primaryimage","url":"https:\/\/shop.bantam.ch\/wp-content\/uploads\/2023\/02\/995673311.jpg","contentUrl":"https:\/\/shop.bantam.ch\/wp-content\/uploads\/2023\/02\/995673311.jpg","width":1000,"height":630},{"@type":"BreadcrumbList","@id":"https:\/\/shop.bantam.ch\/de\/produkt\/meal-set-primus-8-tlg-rot\/#breadcrumb","itemListElement":[{"@type":"ListItem","position":1,"name":"Accueil","item":"https:\/\/shop.bantam.ch\/de\/"},{"@type":"ListItem","position":2,"name":"Shop","item":"https:\/\/shop.bantam.ch\/de\/shop\/"},{"@type":"ListItem","position":3,"name":"Meal Set PRIMUS 8-tlg. Farbe rot"}]},{"@type":"WebSite","@id":"https:\/\/shop.bantam.ch\/de\/#website","url":"https:\/\/shop.bantam.ch\/de\/","name":"Bantam Camping AG","description":"","publisher":{"@id":"https:\/\/shop.bantam.ch\/de\/#organization"},"inLanguage":"de"},{"@type":"Organization","@id":"https:\/\/shop.bantam.ch\/de\/#organization","name":"Bantam Camping AG","url":"https:\/\/shop.bantam.ch\/de\/","logo":{"@type":"ImageObject","inLanguage":"de","@id":"https:\/\/shop.bantam.ch\/de\/#\/schema\/logo\/image\/","url":"https:\/\/shop.bantam.ch\/wp-content\/uploads\/2022\/12\/bantam-logo.png","contentUrl":"https:\/\/shop.bantam.ch\/wp-content\/uploads\/2022\/12\/bantam-logo.png","width":320,"height":71,"caption":"Bantam Camping AG"},"image":{"@id":"https:\/\/shop.bantam.ch\/de\/#\/schema\/logo\/image\/"}}]}},"_links":{"self":[{"href":"https:\/\/shop.bantam.ch\/de\/wp-json\/wp\/v2\/product\/101810","targetHints":{"allow":["GET"]}}],"collection":[{"href":"https:\/\/shop.bantam.ch\/de\/wp-json\/wp\/v2\/product"}],"about":[{"href":"https:\/\/shop.bantam.ch\/de\/wp-json\/wp\/v2\/types\/product"}],"wp:featuredmedia":[{"embeddable":true,"href":"https:\/\/shop.bantam.ch\/de\/wp-json\/wp\/v2\/media\/101806"}],"wp:attachment":[{"href":"https:\/\/shop.bantam.ch\/de\/wp-json\/wp\/v2\/media?parent=101810"}],"wp:term":[{"taxonomy":"product_featured_cat","embeddable":true,"href":"https:\/\/shop.bantam.ch\/de\/wp-json\/wp\/v2\/product_featured_cat?post=101810"},{"taxonomy":"product_brand","embeddable":true,"href":"https:\/\/shop.bantam.ch\/de\/wp-json\/wp\/v2\/product_brand?post=101810"},{"taxonomy":"product_cat","embeddable":true,"href":"https:\/\/shop.bantam.ch\/de\/wp-json\/wp\/v2\/product_cat?post=101810"},{"taxonomy":"product_tag","embeddable":true,"href":"https:\/\/shop.bantam.ch\/de\/wp-json\/wp\/v2\/product_tag?post=101810"}],"curies":[{"name":"wp","href":"https:\/\/api.w.org\/{rel}","templated":true}]}}