{"id":101640,"date":"2023-02-28T06:42:22","date_gmt":"2023-02-28T05:42:22","guid":{"rendered":"http:\/\/shop.bantam.ch\/produit\/tomatenmesser-swissclassic-rund-wellenschliff\/"},"modified":"2026-04-17T23:00:13","modified_gmt":"2026-04-17T21:00:13","slug":"tomatenmesser-swissclassic-rund-wellenschliff","status":"publish","type":"product","link":"https:\/\/shop.bantam.ch\/de\/produkt\/tomatenmesser-swissclassic-rund-wellenschliff\/","title":{"rendered":"Tomatenmesser SwissClassic, rund, Wellenschliff"},"content":{"rendered":"<p>Gem\u00fcsemesser mit extra scharfem Wellenschliff Zeigen Sie Tomate und Melone, wer hier das Sagen hat. Es gibt keine Obst- oder Gem\u00fcsesorte, die dem scharfen Wellenschliff unseres Gem\u00fcsemessers widerstehen ko\u00cc\u02c6nnte. Und mit seinem ergonomischen Griff und der idealen Gro\u00cc\u02c6\u00dfe behalten Sie auch bei allem anderen Schnittgut immer die Oberhand.<\/p>\n<ul>\n<li>Perfekt f\u00fcr Obst und Gem\u00fcse mit weicher Schale<\/li>\n<li>Tomaten- und Tafelmesser mit Wellenschliff, hergestellt in der Schweiz<\/li>\n<li>Mit extra scharfem Wellenschliff und ergonomischem Griff<\/li>\n<li>Klingenl\u00e4nge 11 cm<\/li>\n<\/ul>\n<p>Material:<\/p>\n<p>Griff: PP Polypropylen<\/p>\n<p>Klinge: rostfreier Stahl<\/p>\n","protected":false},"excerpt":{"rendered":"<p>Gem\u00fcsemesser mit extra scharfem Wellenschliff Zeigen Sie Tomate und Melone, wer hier das Sagen hat. Es gibt keine Obst- oder Gem\u00fcsesorte, die dem scharfen Wellenschliff unseres Gem\u00fcsemessers widerstehen ko\u00cc\u02c6nnte. Und mit seinem ergonomischen Griff und der idealen Gro\u00cc\u02c6\u00dfe behalten Sie auch bei allem anderen Schnittgut immer die Oberhand. Perfekt f\u00fcr Obst und Gem\u00fcse mit weicher [&hellip;]<\/p>\n","protected":false},"featured_media":101630,"template":"","meta":{"_acf_changed":false},"product_featured_cat":[],"product_brand":[3525],"product_cat":[4286],"product_tag":[],"class_list":{"0":"post-101640","1":"product","2":"type-product","3":"status-publish","4":"has-post-thumbnail","6":"product_brand-victorinox-de","7":"product_cat-kuechenhelfer","9":"first","10":"instock","11":"taxable","12":"shipping-taxable","13":"purchasable","14":"product-type-variable"},"acf":[],"yoast_head":"<!-- This site is optimized with the Yoast SEO plugin v27.4 - https:\/\/yoast.com\/product\/yoast-seo-wordpress\/ -->\n<title>Tomatenmesser SwissClassic, rund, Wellenschliff - Bantam Camping AG<\/title>\n<meta name=\"robots\" content=\"index, follow, max-snippet:-1, max-image-preview:large, max-video-preview:-1\" \/>\n<link rel=\"canonical\" href=\"https:\/\/shop.bantam.ch\/de\/produkt\/tomatenmesser-swissclassic-rund-wellenschliff\/\" \/>\n<meta property=\"og:locale\" content=\"de_DE\" \/>\n<meta property=\"og:type\" content=\"article\" \/>\n<meta property=\"og:title\" content=\"Tomatenmesser SwissClassic, rund, Wellenschliff - Bantam Camping AG\" \/>\n<meta property=\"og:description\" content=\"Gem\u00fcsemesser mit extra scharfem Wellenschliff Zeigen Sie Tomate und Melone, wer hier das Sagen hat. Es gibt keine Obst- oder Gem\u00fcsesorte, die dem scharfen Wellenschliff unseres Gem\u00fcsemessers widerstehen ko\u00cc\u02c6nnte. Und mit seinem ergonomischen Griff und der idealen Gro\u00cc\u02c6\u00dfe behalten Sie auch bei allem anderen Schnittgut immer die Oberhand. Perfekt f\u00fcr Obst und Gem\u00fcse mit weicher [&hellip;]\" \/>\n<meta property=\"og:url\" content=\"https:\/\/shop.bantam.ch\/de\/produkt\/tomatenmesser-swissclassic-rund-wellenschliff\/\" \/>\n<meta property=\"og:site_name\" content=\"Bantam Camping AG\" \/>\n<meta property=\"article:modified_time\" content=\"2026-04-17T21:00:13+00:00\" \/>\n<meta property=\"og:image\" content=\"https:\/\/shop.bantam.ch\/wp-content\/uploads\/2023\/02\/995677111.jpg\" \/>\n\t<meta property=\"og:image:width\" content=\"1000\" \/>\n\t<meta property=\"og:image:height\" content=\"1000\" \/>\n\t<meta property=\"og:image:type\" content=\"image\/jpeg\" \/>\n<meta name=\"twitter:card\" content=\"summary_large_image\" \/>\n<script type=\"application\/ld+json\" class=\"yoast-schema-graph\">{\"@context\":\"https:\\\/\\\/schema.org\",\"@graph\":[{\"@type\":\"WebPage\",\"@id\":\"https:\\\/\\\/shop.bantam.ch\\\/de\\\/produkt\\\/tomatenmesser-swissclassic-rund-wellenschliff\\\/\",\"url\":\"https:\\\/\\\/shop.bantam.ch\\\/de\\\/produkt\\\/tomatenmesser-swissclassic-rund-wellenschliff\\\/\",\"name\":\"Tomatenmesser SwissClassic, rund, Wellenschliff - Bantam Camping AG\",\"isPartOf\":{\"@id\":\"https:\\\/\\\/shop.bantam.ch\\\/de\\\/#website\"},\"primaryImageOfPage\":{\"@id\":\"https:\\\/\\\/shop.bantam.ch\\\/de\\\/produkt\\\/tomatenmesser-swissclassic-rund-wellenschliff\\\/#primaryimage\"},\"image\":{\"@id\":\"https:\\\/\\\/shop.bantam.ch\\\/de\\\/produkt\\\/tomatenmesser-swissclassic-rund-wellenschliff\\\/#primaryimage\"},\"thumbnailUrl\":\"https:\\\/\\\/shop.bantam.ch\\\/wp-content\\\/uploads\\\/2023\\\/02\\\/995677111.jpg\",\"datePublished\":\"2023-02-28T05:42:22+00:00\",\"dateModified\":\"2026-04-17T21:00:13+00:00\",\"breadcrumb\":{\"@id\":\"https:\\\/\\\/shop.bantam.ch\\\/de\\\/produkt\\\/tomatenmesser-swissclassic-rund-wellenschliff\\\/#breadcrumb\"},\"inLanguage\":\"de\",\"potentialAction\":[{\"@type\":\"ReadAction\",\"target\":[\"https:\\\/\\\/shop.bantam.ch\\\/de\\\/produkt\\\/tomatenmesser-swissclassic-rund-wellenschliff\\\/\"]}]},{\"@type\":\"ImageObject\",\"inLanguage\":\"de\",\"@id\":\"https:\\\/\\\/shop.bantam.ch\\\/de\\\/produkt\\\/tomatenmesser-swissclassic-rund-wellenschliff\\\/#primaryimage\",\"url\":\"https:\\\/\\\/shop.bantam.ch\\\/wp-content\\\/uploads\\\/2023\\\/02\\\/995677111.jpg\",\"contentUrl\":\"https:\\\/\\\/shop.bantam.ch\\\/wp-content\\\/uploads\\\/2023\\\/02\\\/995677111.jpg\",\"width\":1000,\"height\":1000},{\"@type\":\"BreadcrumbList\",\"@id\":\"https:\\\/\\\/shop.bantam.ch\\\/de\\\/produkt\\\/tomatenmesser-swissclassic-rund-wellenschliff\\\/#breadcrumb\",\"itemListElement\":[{\"@type\":\"ListItem\",\"position\":1,\"name\":\"Accueil\",\"item\":\"https:\\\/\\\/shop.bantam.ch\\\/de\\\/\"},{\"@type\":\"ListItem\",\"position\":2,\"name\":\"Shop\",\"item\":\"https:\\\/\\\/shop.bantam.ch\\\/de\\\/shop\\\/\"},{\"@type\":\"ListItem\",\"position\":3,\"name\":\"Tomatenmesser SwissClassic, rund, Wellenschliff\"}]},{\"@type\":\"WebSite\",\"@id\":\"https:\\\/\\\/shop.bantam.ch\\\/de\\\/#website\",\"url\":\"https:\\\/\\\/shop.bantam.ch\\\/de\\\/\",\"name\":\"Bantam Camping AG\",\"description\":\"\",\"publisher\":{\"@id\":\"https:\\\/\\\/shop.bantam.ch\\\/de\\\/#organization\"},\"inLanguage\":\"de\"},{\"@type\":\"Organization\",\"@id\":\"https:\\\/\\\/shop.bantam.ch\\\/de\\\/#organization\",\"name\":\"Bantam Camping AG\",\"url\":\"https:\\\/\\\/shop.bantam.ch\\\/de\\\/\",\"logo\":{\"@type\":\"ImageObject\",\"inLanguage\":\"de\",\"@id\":\"https:\\\/\\\/shop.bantam.ch\\\/de\\\/#\\\/schema\\\/logo\\\/image\\\/\",\"url\":\"https:\\\/\\\/shop.bantam.ch\\\/wp-content\\\/uploads\\\/2022\\\/12\\\/bantam-logo.png\",\"contentUrl\":\"https:\\\/\\\/shop.bantam.ch\\\/wp-content\\\/uploads\\\/2022\\\/12\\\/bantam-logo.png\",\"width\":320,\"height\":71,\"caption\":\"Bantam Camping AG\"},\"image\":{\"@id\":\"https:\\\/\\\/shop.bantam.ch\\\/de\\\/#\\\/schema\\\/logo\\\/image\\\/\"}}]}<\/script>\n<!-- \/ Yoast SEO plugin. -->","yoast_head_json":{"title":"Tomatenmesser SwissClassic, rund, Wellenschliff - Bantam Camping AG","robots":{"index":"index","follow":"follow","max-snippet":"max-snippet:-1","max-image-preview":"max-image-preview:large","max-video-preview":"max-video-preview:-1"},"canonical":"https:\/\/shop.bantam.ch\/de\/produkt\/tomatenmesser-swissclassic-rund-wellenschliff\/","og_locale":"de_DE","og_type":"article","og_title":"Tomatenmesser SwissClassic, rund, Wellenschliff - Bantam Camping AG","og_description":"Gem\u00fcsemesser mit extra scharfem Wellenschliff Zeigen Sie Tomate und Melone, wer hier das Sagen hat. Es gibt keine Obst- oder Gem\u00fcsesorte, die dem scharfen Wellenschliff unseres Gem\u00fcsemessers widerstehen ko\u00cc\u02c6nnte. Und mit seinem ergonomischen Griff und der idealen Gro\u00cc\u02c6\u00dfe behalten Sie auch bei allem anderen Schnittgut immer die Oberhand. Perfekt f\u00fcr Obst und Gem\u00fcse mit weicher [&hellip;]","og_url":"https:\/\/shop.bantam.ch\/de\/produkt\/tomatenmesser-swissclassic-rund-wellenschliff\/","og_site_name":"Bantam Camping AG","article_modified_time":"2026-04-17T21:00:13+00:00","og_image":[{"width":1000,"height":1000,"url":"https:\/\/shop.bantam.ch\/wp-content\/uploads\/2023\/02\/995677111.jpg","type":"image\/jpeg"}],"twitter_card":"summary_large_image","schema":{"@context":"https:\/\/schema.org","@graph":[{"@type":"WebPage","@id":"https:\/\/shop.bantam.ch\/de\/produkt\/tomatenmesser-swissclassic-rund-wellenschliff\/","url":"https:\/\/shop.bantam.ch\/de\/produkt\/tomatenmesser-swissclassic-rund-wellenschliff\/","name":"Tomatenmesser SwissClassic, rund, Wellenschliff - Bantam Camping AG","isPartOf":{"@id":"https:\/\/shop.bantam.ch\/de\/#website"},"primaryImageOfPage":{"@id":"https:\/\/shop.bantam.ch\/de\/produkt\/tomatenmesser-swissclassic-rund-wellenschliff\/#primaryimage"},"image":{"@id":"https:\/\/shop.bantam.ch\/de\/produkt\/tomatenmesser-swissclassic-rund-wellenschliff\/#primaryimage"},"thumbnailUrl":"https:\/\/shop.bantam.ch\/wp-content\/uploads\/2023\/02\/995677111.jpg","datePublished":"2023-02-28T05:42:22+00:00","dateModified":"2026-04-17T21:00:13+00:00","breadcrumb":{"@id":"https:\/\/shop.bantam.ch\/de\/produkt\/tomatenmesser-swissclassic-rund-wellenschliff\/#breadcrumb"},"inLanguage":"de","potentialAction":[{"@type":"ReadAction","target":["https:\/\/shop.bantam.ch\/de\/produkt\/tomatenmesser-swissclassic-rund-wellenschliff\/"]}]},{"@type":"ImageObject","inLanguage":"de","@id":"https:\/\/shop.bantam.ch\/de\/produkt\/tomatenmesser-swissclassic-rund-wellenschliff\/#primaryimage","url":"https:\/\/shop.bantam.ch\/wp-content\/uploads\/2023\/02\/995677111.jpg","contentUrl":"https:\/\/shop.bantam.ch\/wp-content\/uploads\/2023\/02\/995677111.jpg","width":1000,"height":1000},{"@type":"BreadcrumbList","@id":"https:\/\/shop.bantam.ch\/de\/produkt\/tomatenmesser-swissclassic-rund-wellenschliff\/#breadcrumb","itemListElement":[{"@type":"ListItem","position":1,"name":"Accueil","item":"https:\/\/shop.bantam.ch\/de\/"},{"@type":"ListItem","position":2,"name":"Shop","item":"https:\/\/shop.bantam.ch\/de\/shop\/"},{"@type":"ListItem","position":3,"name":"Tomatenmesser SwissClassic, rund, Wellenschliff"}]},{"@type":"WebSite","@id":"https:\/\/shop.bantam.ch\/de\/#website","url":"https:\/\/shop.bantam.ch\/de\/","name":"Bantam Camping AG","description":"","publisher":{"@id":"https:\/\/shop.bantam.ch\/de\/#organization"},"inLanguage":"de"},{"@type":"Organization","@id":"https:\/\/shop.bantam.ch\/de\/#organization","name":"Bantam Camping AG","url":"https:\/\/shop.bantam.ch\/de\/","logo":{"@type":"ImageObject","inLanguage":"de","@id":"https:\/\/shop.bantam.ch\/de\/#\/schema\/logo\/image\/","url":"https:\/\/shop.bantam.ch\/wp-content\/uploads\/2022\/12\/bantam-logo.png","contentUrl":"https:\/\/shop.bantam.ch\/wp-content\/uploads\/2022\/12\/bantam-logo.png","width":320,"height":71,"caption":"Bantam Camping AG"},"image":{"@id":"https:\/\/shop.bantam.ch\/de\/#\/schema\/logo\/image\/"}}]}},"_links":{"self":[{"href":"https:\/\/shop.bantam.ch\/de\/wp-json\/wp\/v2\/product\/101640","targetHints":{"allow":["GET"]}}],"collection":[{"href":"https:\/\/shop.bantam.ch\/de\/wp-json\/wp\/v2\/product"}],"about":[{"href":"https:\/\/shop.bantam.ch\/de\/wp-json\/wp\/v2\/types\/product"}],"wp:featuredmedia":[{"embeddable":true,"href":"https:\/\/shop.bantam.ch\/de\/wp-json\/wp\/v2\/media\/101630"}],"wp:attachment":[{"href":"https:\/\/shop.bantam.ch\/de\/wp-json\/wp\/v2\/media?parent=101640"}],"wp:term":[{"taxonomy":"product_featured_cat","embeddable":true,"href":"https:\/\/shop.bantam.ch\/de\/wp-json\/wp\/v2\/product_featured_cat?post=101640"},{"taxonomy":"product_brand","embeddable":true,"href":"https:\/\/shop.bantam.ch\/de\/wp-json\/wp\/v2\/product_brand?post=101640"},{"taxonomy":"product_cat","embeddable":true,"href":"https:\/\/shop.bantam.ch\/de\/wp-json\/wp\/v2\/product_cat?post=101640"},{"taxonomy":"product_tag","embeddable":true,"href":"https:\/\/shop.bantam.ch\/de\/wp-json\/wp\/v2\/product_tag?post=101640"}],"curies":[{"name":"wp","href":"https:\/\/api.w.org\/{rel}","templated":true}]}}