{"id":101580,"date":"2023-02-28T06:41:11","date_gmt":"2023-02-28T05:41:11","guid":{"rendered":"http:\/\/shop.bantam.ch\/produit\/geschirrsset-leaf-anthrazit\/"},"modified":"2026-04-17T21:33:33","modified_gmt":"2026-04-17T19:33:33","slug":"geschirrsset-leaf-anthrazit","status":"publish","type":"product","link":"https:\/\/shop.bantam.ch\/de\/produkt\/geschirrsset-leaf-anthrazit\/","title":{"rendered":"Geschirrset ROBENS Leaf Farbe anthrazit"},"content":{"rendered":"<p>Der Multifunktionsdeckel fungiert als Sieb und Schneidbrett. Passt dank ansprechender sechseckiger Form m\u00fchelos in einen Rucksack. L\u00f6ffel und Gabel k\u00f6nnen miteinander verbunden und in drei verschiedenen L\u00e4ngen verwendet werden. Das sechseckige Essensset (auch zwei Sets gemeinsam) k\u00f6nnen optimal platzsparend mit der Leaf Pan verstaut werden.<\/p>\n<p>Set bestehend aus:<\/p>\n<p>1 Sch\u00fcssel<\/p>\n<p>1 Deckel\/Schneidebrett<\/p>\n<p>1 L\u00f6ffel<\/p>\n<p>1 Gabel<\/p>\n<p>1 Becher<\/p>\n<p>1 Verbindungsst\u00fcck<\/p>\n<p>1 Netztasche<\/p>\n<p>1 Gummiband<\/p>\n","protected":false},"excerpt":{"rendered":"<p>Der Multifunktionsdeckel fungiert als Sieb und Schneidbrett. Passt dank ansprechender sechseckiger Form m\u00fchelos in einen Rucksack. L\u00f6ffel und Gabel k\u00f6nnen miteinander verbunden und in drei verschiedenen L\u00e4ngen verwendet werden. Das sechseckige Essensset (auch zwei Sets gemeinsam) k\u00f6nnen optimal platzsparend mit der Leaf Pan verstaut werden. Set bestehend aus: 1 Sch\u00fcssel 1 Deckel\/Schneidebrett 1 L\u00f6ffel 1 [&hellip;]<\/p>\n","protected":false},"featured_media":101566,"template":"","meta":{"_acf_changed":false},"product_featured_cat":[],"product_brand":[3311],"product_cat":[4274],"product_tag":[],"class_list":{"0":"post-101580","1":"product","2":"type-product","3":"status-publish","4":"has-post-thumbnail","6":"product_brand-robens-de","7":"product_cat-geschirrsets","9":"first","10":"instock","11":"taxable","12":"shipping-taxable","13":"purchasable","14":"product-type-simple"},"acf":[],"yoast_head":"<!-- This site is optimized with the Yoast SEO plugin v27.4 - https:\/\/yoast.com\/product\/yoast-seo-wordpress\/ -->\n<title>Geschirrset ROBENS Leaf Farbe anthrazit - Bantam Camping AG<\/title>\n<meta name=\"robots\" content=\"index, follow, max-snippet:-1, max-image-preview:large, max-video-preview:-1\" \/>\n<link rel=\"canonical\" href=\"https:\/\/shop.bantam.ch\/de\/produkt\/geschirrsset-leaf-anthrazit\/\" \/>\n<meta property=\"og:locale\" content=\"de_DE\" \/>\n<meta property=\"og:type\" content=\"article\" \/>\n<meta property=\"og:title\" content=\"Geschirrset ROBENS Leaf Farbe anthrazit - Bantam Camping AG\" \/>\n<meta property=\"og:description\" content=\"Der Multifunktionsdeckel fungiert als Sieb und Schneidbrett. Passt dank ansprechender sechseckiger Form m\u00fchelos in einen Rucksack. L\u00f6ffel und Gabel k\u00f6nnen miteinander verbunden und in drei verschiedenen L\u00e4ngen verwendet werden. Das sechseckige Essensset (auch zwei Sets gemeinsam) k\u00f6nnen optimal platzsparend mit der Leaf Pan verstaut werden. Set bestehend aus: 1 Sch\u00fcssel 1 Deckel\/Schneidebrett 1 L\u00f6ffel 1 [&hellip;]\" \/>\n<meta property=\"og:url\" content=\"https:\/\/shop.bantam.ch\/de\/produkt\/geschirrsset-leaf-anthrazit\/\" \/>\n<meta property=\"og:site_name\" content=\"Bantam Camping AG\" \/>\n<meta property=\"article:modified_time\" content=\"2026-04-17T19:33:33+00:00\" \/>\n<meta property=\"og:image\" content=\"https:\/\/shop.bantam.ch\/wp-content\/uploads\/2023\/02\/995573012.jpg\" \/>\n\t<meta property=\"og:image:width\" content=\"1000\" \/>\n\t<meta property=\"og:image:height\" content=\"563\" \/>\n\t<meta property=\"og:image:type\" content=\"image\/jpeg\" \/>\n<meta name=\"twitter:card\" content=\"summary_large_image\" \/>\n<script type=\"application\/ld+json\" class=\"yoast-schema-graph\">{\"@context\":\"https:\\\/\\\/schema.org\",\"@graph\":[{\"@type\":\"WebPage\",\"@id\":\"https:\\\/\\\/shop.bantam.ch\\\/de\\\/produkt\\\/geschirrsset-leaf-anthrazit\\\/\",\"url\":\"https:\\\/\\\/shop.bantam.ch\\\/de\\\/produkt\\\/geschirrsset-leaf-anthrazit\\\/\",\"name\":\"Geschirrset ROBENS Leaf Farbe anthrazit - Bantam Camping AG\",\"isPartOf\":{\"@id\":\"https:\\\/\\\/shop.bantam.ch\\\/de\\\/#website\"},\"primaryImageOfPage\":{\"@id\":\"https:\\\/\\\/shop.bantam.ch\\\/de\\\/produkt\\\/geschirrsset-leaf-anthrazit\\\/#primaryimage\"},\"image\":{\"@id\":\"https:\\\/\\\/shop.bantam.ch\\\/de\\\/produkt\\\/geschirrsset-leaf-anthrazit\\\/#primaryimage\"},\"thumbnailUrl\":\"https:\\\/\\\/shop.bantam.ch\\\/wp-content\\\/uploads\\\/2023\\\/02\\\/995573012.jpg\",\"datePublished\":\"2023-02-28T05:41:11+00:00\",\"dateModified\":\"2026-04-17T19:33:33+00:00\",\"breadcrumb\":{\"@id\":\"https:\\\/\\\/shop.bantam.ch\\\/de\\\/produkt\\\/geschirrsset-leaf-anthrazit\\\/#breadcrumb\"},\"inLanguage\":\"de\",\"potentialAction\":[{\"@type\":\"ReadAction\",\"target\":[\"https:\\\/\\\/shop.bantam.ch\\\/de\\\/produkt\\\/geschirrsset-leaf-anthrazit\\\/\"]}]},{\"@type\":\"ImageObject\",\"inLanguage\":\"de\",\"@id\":\"https:\\\/\\\/shop.bantam.ch\\\/de\\\/produkt\\\/geschirrsset-leaf-anthrazit\\\/#primaryimage\",\"url\":\"https:\\\/\\\/shop.bantam.ch\\\/wp-content\\\/uploads\\\/2023\\\/02\\\/995573012.jpg\",\"contentUrl\":\"https:\\\/\\\/shop.bantam.ch\\\/wp-content\\\/uploads\\\/2023\\\/02\\\/995573012.jpg\",\"width\":1000,\"height\":563},{\"@type\":\"BreadcrumbList\",\"@id\":\"https:\\\/\\\/shop.bantam.ch\\\/de\\\/produkt\\\/geschirrsset-leaf-anthrazit\\\/#breadcrumb\",\"itemListElement\":[{\"@type\":\"ListItem\",\"position\":1,\"name\":\"Accueil\",\"item\":\"https:\\\/\\\/shop.bantam.ch\\\/de\\\/\"},{\"@type\":\"ListItem\",\"position\":2,\"name\":\"Shop\",\"item\":\"https:\\\/\\\/shop.bantam.ch\\\/de\\\/shop\\\/\"},{\"@type\":\"ListItem\",\"position\":3,\"name\":\"Geschirrset ROBENS Leaf Farbe anthrazit\"}]},{\"@type\":\"WebSite\",\"@id\":\"https:\\\/\\\/shop.bantam.ch\\\/de\\\/#website\",\"url\":\"https:\\\/\\\/shop.bantam.ch\\\/de\\\/\",\"name\":\"Bantam Camping AG\",\"description\":\"\",\"publisher\":{\"@id\":\"https:\\\/\\\/shop.bantam.ch\\\/de\\\/#organization\"},\"inLanguage\":\"de\"},{\"@type\":\"Organization\",\"@id\":\"https:\\\/\\\/shop.bantam.ch\\\/de\\\/#organization\",\"name\":\"Bantam Camping AG\",\"url\":\"https:\\\/\\\/shop.bantam.ch\\\/de\\\/\",\"logo\":{\"@type\":\"ImageObject\",\"inLanguage\":\"de\",\"@id\":\"https:\\\/\\\/shop.bantam.ch\\\/de\\\/#\\\/schema\\\/logo\\\/image\\\/\",\"url\":\"https:\\\/\\\/shop.bantam.ch\\\/wp-content\\\/uploads\\\/2022\\\/12\\\/bantam-logo.png\",\"contentUrl\":\"https:\\\/\\\/shop.bantam.ch\\\/wp-content\\\/uploads\\\/2022\\\/12\\\/bantam-logo.png\",\"width\":320,\"height\":71,\"caption\":\"Bantam Camping AG\"},\"image\":{\"@id\":\"https:\\\/\\\/shop.bantam.ch\\\/de\\\/#\\\/schema\\\/logo\\\/image\\\/\"}}]}<\/script>\n<!-- \/ Yoast SEO plugin. -->","yoast_head_json":{"title":"Geschirrset ROBENS Leaf Farbe anthrazit - Bantam Camping AG","robots":{"index":"index","follow":"follow","max-snippet":"max-snippet:-1","max-image-preview":"max-image-preview:large","max-video-preview":"max-video-preview:-1"},"canonical":"https:\/\/shop.bantam.ch\/de\/produkt\/geschirrsset-leaf-anthrazit\/","og_locale":"de_DE","og_type":"article","og_title":"Geschirrset ROBENS Leaf Farbe anthrazit - Bantam Camping AG","og_description":"Der Multifunktionsdeckel fungiert als Sieb und Schneidbrett. Passt dank ansprechender sechseckiger Form m\u00fchelos in einen Rucksack. L\u00f6ffel und Gabel k\u00f6nnen miteinander verbunden und in drei verschiedenen L\u00e4ngen verwendet werden. Das sechseckige Essensset (auch zwei Sets gemeinsam) k\u00f6nnen optimal platzsparend mit der Leaf Pan verstaut werden. Set bestehend aus: 1 Sch\u00fcssel 1 Deckel\/Schneidebrett 1 L\u00f6ffel 1 [&hellip;]","og_url":"https:\/\/shop.bantam.ch\/de\/produkt\/geschirrsset-leaf-anthrazit\/","og_site_name":"Bantam Camping AG","article_modified_time":"2026-04-17T19:33:33+00:00","og_image":[{"width":1000,"height":563,"url":"https:\/\/shop.bantam.ch\/wp-content\/uploads\/2023\/02\/995573012.jpg","type":"image\/jpeg"}],"twitter_card":"summary_large_image","schema":{"@context":"https:\/\/schema.org","@graph":[{"@type":"WebPage","@id":"https:\/\/shop.bantam.ch\/de\/produkt\/geschirrsset-leaf-anthrazit\/","url":"https:\/\/shop.bantam.ch\/de\/produkt\/geschirrsset-leaf-anthrazit\/","name":"Geschirrset ROBENS Leaf Farbe anthrazit - Bantam Camping AG","isPartOf":{"@id":"https:\/\/shop.bantam.ch\/de\/#website"},"primaryImageOfPage":{"@id":"https:\/\/shop.bantam.ch\/de\/produkt\/geschirrsset-leaf-anthrazit\/#primaryimage"},"image":{"@id":"https:\/\/shop.bantam.ch\/de\/produkt\/geschirrsset-leaf-anthrazit\/#primaryimage"},"thumbnailUrl":"https:\/\/shop.bantam.ch\/wp-content\/uploads\/2023\/02\/995573012.jpg","datePublished":"2023-02-28T05:41:11+00:00","dateModified":"2026-04-17T19:33:33+00:00","breadcrumb":{"@id":"https:\/\/shop.bantam.ch\/de\/produkt\/geschirrsset-leaf-anthrazit\/#breadcrumb"},"inLanguage":"de","potentialAction":[{"@type":"ReadAction","target":["https:\/\/shop.bantam.ch\/de\/produkt\/geschirrsset-leaf-anthrazit\/"]}]},{"@type":"ImageObject","inLanguage":"de","@id":"https:\/\/shop.bantam.ch\/de\/produkt\/geschirrsset-leaf-anthrazit\/#primaryimage","url":"https:\/\/shop.bantam.ch\/wp-content\/uploads\/2023\/02\/995573012.jpg","contentUrl":"https:\/\/shop.bantam.ch\/wp-content\/uploads\/2023\/02\/995573012.jpg","width":1000,"height":563},{"@type":"BreadcrumbList","@id":"https:\/\/shop.bantam.ch\/de\/produkt\/geschirrsset-leaf-anthrazit\/#breadcrumb","itemListElement":[{"@type":"ListItem","position":1,"name":"Accueil","item":"https:\/\/shop.bantam.ch\/de\/"},{"@type":"ListItem","position":2,"name":"Shop","item":"https:\/\/shop.bantam.ch\/de\/shop\/"},{"@type":"ListItem","position":3,"name":"Geschirrset ROBENS Leaf Farbe anthrazit"}]},{"@type":"WebSite","@id":"https:\/\/shop.bantam.ch\/de\/#website","url":"https:\/\/shop.bantam.ch\/de\/","name":"Bantam Camping AG","description":"","publisher":{"@id":"https:\/\/shop.bantam.ch\/de\/#organization"},"inLanguage":"de"},{"@type":"Organization","@id":"https:\/\/shop.bantam.ch\/de\/#organization","name":"Bantam Camping AG","url":"https:\/\/shop.bantam.ch\/de\/","logo":{"@type":"ImageObject","inLanguage":"de","@id":"https:\/\/shop.bantam.ch\/de\/#\/schema\/logo\/image\/","url":"https:\/\/shop.bantam.ch\/wp-content\/uploads\/2022\/12\/bantam-logo.png","contentUrl":"https:\/\/shop.bantam.ch\/wp-content\/uploads\/2022\/12\/bantam-logo.png","width":320,"height":71,"caption":"Bantam Camping AG"},"image":{"@id":"https:\/\/shop.bantam.ch\/de\/#\/schema\/logo\/image\/"}}]}},"_links":{"self":[{"href":"https:\/\/shop.bantam.ch\/de\/wp-json\/wp\/v2\/product\/101580","targetHints":{"allow":["GET"]}}],"collection":[{"href":"https:\/\/shop.bantam.ch\/de\/wp-json\/wp\/v2\/product"}],"about":[{"href":"https:\/\/shop.bantam.ch\/de\/wp-json\/wp\/v2\/types\/product"}],"wp:featuredmedia":[{"embeddable":true,"href":"https:\/\/shop.bantam.ch\/de\/wp-json\/wp\/v2\/media\/101566"}],"wp:attachment":[{"href":"https:\/\/shop.bantam.ch\/de\/wp-json\/wp\/v2\/media?parent=101580"}],"wp:term":[{"taxonomy":"product_featured_cat","embeddable":true,"href":"https:\/\/shop.bantam.ch\/de\/wp-json\/wp\/v2\/product_featured_cat?post=101580"},{"taxonomy":"product_brand","embeddable":true,"href":"https:\/\/shop.bantam.ch\/de\/wp-json\/wp\/v2\/product_brand?post=101580"},{"taxonomy":"product_cat","embeddable":true,"href":"https:\/\/shop.bantam.ch\/de\/wp-json\/wp\/v2\/product_cat?post=101580"},{"taxonomy":"product_tag","embeddable":true,"href":"https:\/\/shop.bantam.ch\/de\/wp-json\/wp\/v2\/product_tag?post=101580"}],"curies":[{"name":"wp","href":"https:\/\/api.w.org\/{rel}","templated":true}]}}