{"id":101538,"date":"2023-02-28T06:40:28","date_gmt":"2023-02-28T05:40:28","guid":{"rendered":"http:\/\/shop.bantam.ch\/produit\/kuechenutensilien-box-margate-fb-grey-melange\/"},"modified":"2026-04-21T21:34:21","modified_gmt":"2026-04-21T19:34:21","slug":"kuechenutensilien-box-margate-fb-grey-melange","status":"publish","type":"product","link":"https:\/\/shop.bantam.ch\/de\/produkt\/kuechenutensilien-box-margate-fb-grey-melange\/","title":{"rendered":"K\u00fcchenutensilien Box Outwell Margate, Fb. Grey Melange"},"content":{"rendered":"<p>Die K\u00fcchenaufbewahrungsbox Margate l\u00e4sst sich flach zusammenfalten und ist mit vielen praktischen Taschen, einem Rei\u00dfverschlussdeckel und zwei herausnehmbaren Trennf\u00e4chern mit Klettverschluss versehen.<\/p>\n<ul>\n<li>Vier Stoffau\u00dfentaschen<\/li>\n<li>Drei Netzau\u00dfentaschen<\/li>\n<li>Gro\u00dfe Au\u00dfentasche mit Rei\u00dfverschluss<\/li>\n<li>Praktische Griffe zum einfachen Transportieren<\/li>\n<li>Leicht zu reinigendes PEVA-Futter<\/li>\n<li>15 kg Traglast<\/li>\n<\/ul>\n<p>Material:<\/p>\n<p>100 % Polyester<\/p>\n","protected":false},"excerpt":{"rendered":"<p>Die K\u00fcchenaufbewahrungsbox Margate l\u00e4sst sich flach zusammenfalten und ist mit vielen praktischen Taschen, einem Rei\u00dfverschlussdeckel und zwei herausnehmbaren Trennf\u00e4chern mit Klettverschluss versehen. Vier Stoffau\u00dfentaschen Drei Netzau\u00dfentaschen Gro\u00dfe Au\u00dfentasche mit Rei\u00dfverschluss Praktische Griffe zum einfachen Transportieren Leicht zu reinigendes PEVA-Futter 15 kg Traglast Material: 100 % Polyester<\/p>\n","protected":false},"featured_media":101524,"template":"","meta":{"_acf_changed":false},"product_featured_cat":[],"product_brand":[3297],"product_cat":[4320],"product_tag":[],"class_list":{"0":"post-101538","1":"product","2":"type-product","3":"status-publish","4":"has-post-thumbnail","6":"product_brand-outwell-de","7":"product_cat-boxen-koerbe","9":"first","10":"instock","11":"taxable","12":"shipping-taxable","13":"purchasable","14":"product-type-simple"},"acf":[],"yoast_head":"<!-- This site is optimized with the Yoast SEO plugin v27.4 - https:\/\/yoast.com\/product\/yoast-seo-wordpress\/ -->\n<title>K\u00fcchenutensilien Box Outwell Margate, Fb. Grey Melange - Bantam Camping AG<\/title>\n<meta name=\"robots\" content=\"index, follow, max-snippet:-1, max-image-preview:large, max-video-preview:-1\" \/>\n<link rel=\"canonical\" href=\"https:\/\/shop.bantam.ch\/de\/produkt\/kuechenutensilien-box-margate-fb-grey-melange\/\" \/>\n<meta property=\"og:locale\" content=\"de_DE\" \/>\n<meta property=\"og:type\" content=\"article\" \/>\n<meta property=\"og:title\" content=\"K\u00fcchenutensilien Box Outwell Margate, Fb. Grey Melange - Bantam Camping AG\" \/>\n<meta property=\"og:description\" content=\"Die K\u00fcchenaufbewahrungsbox Margate l\u00e4sst sich flach zusammenfalten und ist mit vielen praktischen Taschen, einem Rei\u00dfverschlussdeckel und zwei herausnehmbaren Trennf\u00e4chern mit Klettverschluss versehen. Vier Stoffau\u00dfentaschen Drei Netzau\u00dfentaschen Gro\u00dfe Au\u00dfentasche mit Rei\u00dfverschluss Praktische Griffe zum einfachen Transportieren Leicht zu reinigendes PEVA-Futter 15 kg Traglast Material: 100 % Polyester\" \/>\n<meta property=\"og:url\" content=\"https:\/\/shop.bantam.ch\/de\/produkt\/kuechenutensilien-box-margate-fb-grey-melange\/\" \/>\n<meta property=\"og:site_name\" content=\"Bantam Camping AG\" \/>\n<meta property=\"article:modified_time\" content=\"2026-04-21T19:34:21+00:00\" \/>\n<meta property=\"og:image\" content=\"https:\/\/shop.bantam.ch\/wp-content\/uploads\/2023\/02\/995676911.jpg\" \/>\n\t<meta property=\"og:image:width\" content=\"1000\" \/>\n\t<meta property=\"og:image:height\" content=\"678\" \/>\n\t<meta property=\"og:image:type\" content=\"image\/jpeg\" \/>\n<meta name=\"twitter:card\" content=\"summary_large_image\" \/>\n<script type=\"application\/ld+json\" class=\"yoast-schema-graph\">{\"@context\":\"https:\\\/\\\/schema.org\",\"@graph\":[{\"@type\":\"WebPage\",\"@id\":\"https:\\\/\\\/shop.bantam.ch\\\/de\\\/produkt\\\/kuechenutensilien-box-margate-fb-grey-melange\\\/\",\"url\":\"https:\\\/\\\/shop.bantam.ch\\\/de\\\/produkt\\\/kuechenutensilien-box-margate-fb-grey-melange\\\/\",\"name\":\"K\u00fcchenutensilien Box Outwell Margate, Fb. Grey Melange - Bantam Camping AG\",\"isPartOf\":{\"@id\":\"https:\\\/\\\/shop.bantam.ch\\\/de\\\/#website\"},\"primaryImageOfPage\":{\"@id\":\"https:\\\/\\\/shop.bantam.ch\\\/de\\\/produkt\\\/kuechenutensilien-box-margate-fb-grey-melange\\\/#primaryimage\"},\"image\":{\"@id\":\"https:\\\/\\\/shop.bantam.ch\\\/de\\\/produkt\\\/kuechenutensilien-box-margate-fb-grey-melange\\\/#primaryimage\"},\"thumbnailUrl\":\"https:\\\/\\\/shop.bantam.ch\\\/wp-content\\\/uploads\\\/2023\\\/02\\\/995676911.jpg\",\"datePublished\":\"2023-02-28T05:40:28+00:00\",\"dateModified\":\"2026-04-21T19:34:21+00:00\",\"breadcrumb\":{\"@id\":\"https:\\\/\\\/shop.bantam.ch\\\/de\\\/produkt\\\/kuechenutensilien-box-margate-fb-grey-melange\\\/#breadcrumb\"},\"inLanguage\":\"de\",\"potentialAction\":[{\"@type\":\"ReadAction\",\"target\":[\"https:\\\/\\\/shop.bantam.ch\\\/de\\\/produkt\\\/kuechenutensilien-box-margate-fb-grey-melange\\\/\"]}]},{\"@type\":\"ImageObject\",\"inLanguage\":\"de\",\"@id\":\"https:\\\/\\\/shop.bantam.ch\\\/de\\\/produkt\\\/kuechenutensilien-box-margate-fb-grey-melange\\\/#primaryimage\",\"url\":\"https:\\\/\\\/shop.bantam.ch\\\/wp-content\\\/uploads\\\/2023\\\/02\\\/995676911.jpg\",\"contentUrl\":\"https:\\\/\\\/shop.bantam.ch\\\/wp-content\\\/uploads\\\/2023\\\/02\\\/995676911.jpg\",\"width\":1000,\"height\":678},{\"@type\":\"BreadcrumbList\",\"@id\":\"https:\\\/\\\/shop.bantam.ch\\\/de\\\/produkt\\\/kuechenutensilien-box-margate-fb-grey-melange\\\/#breadcrumb\",\"itemListElement\":[{\"@type\":\"ListItem\",\"position\":1,\"name\":\"Accueil\",\"item\":\"https:\\\/\\\/shop.bantam.ch\\\/de\\\/\"},{\"@type\":\"ListItem\",\"position\":2,\"name\":\"Shop\",\"item\":\"https:\\\/\\\/shop.bantam.ch\\\/de\\\/shop\\\/\"},{\"@type\":\"ListItem\",\"position\":3,\"name\":\"K\u00fcchenutensilien Box Outwell Margate, Fb. Grey Melange\"}]},{\"@type\":\"WebSite\",\"@id\":\"https:\\\/\\\/shop.bantam.ch\\\/de\\\/#website\",\"url\":\"https:\\\/\\\/shop.bantam.ch\\\/de\\\/\",\"name\":\"Bantam Camping AG\",\"description\":\"\",\"publisher\":{\"@id\":\"https:\\\/\\\/shop.bantam.ch\\\/de\\\/#organization\"},\"inLanguage\":\"de\"},{\"@type\":\"Organization\",\"@id\":\"https:\\\/\\\/shop.bantam.ch\\\/de\\\/#organization\",\"name\":\"Bantam Camping AG\",\"url\":\"https:\\\/\\\/shop.bantam.ch\\\/de\\\/\",\"logo\":{\"@type\":\"ImageObject\",\"inLanguage\":\"de\",\"@id\":\"https:\\\/\\\/shop.bantam.ch\\\/de\\\/#\\\/schema\\\/logo\\\/image\\\/\",\"url\":\"https:\\\/\\\/shop.bantam.ch\\\/wp-content\\\/uploads\\\/2022\\\/12\\\/bantam-logo.png\",\"contentUrl\":\"https:\\\/\\\/shop.bantam.ch\\\/wp-content\\\/uploads\\\/2022\\\/12\\\/bantam-logo.png\",\"width\":320,\"height\":71,\"caption\":\"Bantam Camping AG\"},\"image\":{\"@id\":\"https:\\\/\\\/shop.bantam.ch\\\/de\\\/#\\\/schema\\\/logo\\\/image\\\/\"}}]}<\/script>\n<!-- \/ Yoast SEO plugin. -->","yoast_head_json":{"title":"K\u00fcchenutensilien Box Outwell Margate, Fb. Grey Melange - Bantam Camping AG","robots":{"index":"index","follow":"follow","max-snippet":"max-snippet:-1","max-image-preview":"max-image-preview:large","max-video-preview":"max-video-preview:-1"},"canonical":"https:\/\/shop.bantam.ch\/de\/produkt\/kuechenutensilien-box-margate-fb-grey-melange\/","og_locale":"de_DE","og_type":"article","og_title":"K\u00fcchenutensilien Box Outwell Margate, Fb. Grey Melange - Bantam Camping AG","og_description":"Die K\u00fcchenaufbewahrungsbox Margate l\u00e4sst sich flach zusammenfalten und ist mit vielen praktischen Taschen, einem Rei\u00dfverschlussdeckel und zwei herausnehmbaren Trennf\u00e4chern mit Klettverschluss versehen. Vier Stoffau\u00dfentaschen Drei Netzau\u00dfentaschen Gro\u00dfe Au\u00dfentasche mit Rei\u00dfverschluss Praktische Griffe zum einfachen Transportieren Leicht zu reinigendes PEVA-Futter 15 kg Traglast Material: 100 % Polyester","og_url":"https:\/\/shop.bantam.ch\/de\/produkt\/kuechenutensilien-box-margate-fb-grey-melange\/","og_site_name":"Bantam Camping AG","article_modified_time":"2026-04-21T19:34:21+00:00","og_image":[{"width":1000,"height":678,"url":"https:\/\/shop.bantam.ch\/wp-content\/uploads\/2023\/02\/995676911.jpg","type":"image\/jpeg"}],"twitter_card":"summary_large_image","schema":{"@context":"https:\/\/schema.org","@graph":[{"@type":"WebPage","@id":"https:\/\/shop.bantam.ch\/de\/produkt\/kuechenutensilien-box-margate-fb-grey-melange\/","url":"https:\/\/shop.bantam.ch\/de\/produkt\/kuechenutensilien-box-margate-fb-grey-melange\/","name":"K\u00fcchenutensilien Box Outwell Margate, Fb. Grey Melange - Bantam Camping AG","isPartOf":{"@id":"https:\/\/shop.bantam.ch\/de\/#website"},"primaryImageOfPage":{"@id":"https:\/\/shop.bantam.ch\/de\/produkt\/kuechenutensilien-box-margate-fb-grey-melange\/#primaryimage"},"image":{"@id":"https:\/\/shop.bantam.ch\/de\/produkt\/kuechenutensilien-box-margate-fb-grey-melange\/#primaryimage"},"thumbnailUrl":"https:\/\/shop.bantam.ch\/wp-content\/uploads\/2023\/02\/995676911.jpg","datePublished":"2023-02-28T05:40:28+00:00","dateModified":"2026-04-21T19:34:21+00:00","breadcrumb":{"@id":"https:\/\/shop.bantam.ch\/de\/produkt\/kuechenutensilien-box-margate-fb-grey-melange\/#breadcrumb"},"inLanguage":"de","potentialAction":[{"@type":"ReadAction","target":["https:\/\/shop.bantam.ch\/de\/produkt\/kuechenutensilien-box-margate-fb-grey-melange\/"]}]},{"@type":"ImageObject","inLanguage":"de","@id":"https:\/\/shop.bantam.ch\/de\/produkt\/kuechenutensilien-box-margate-fb-grey-melange\/#primaryimage","url":"https:\/\/shop.bantam.ch\/wp-content\/uploads\/2023\/02\/995676911.jpg","contentUrl":"https:\/\/shop.bantam.ch\/wp-content\/uploads\/2023\/02\/995676911.jpg","width":1000,"height":678},{"@type":"BreadcrumbList","@id":"https:\/\/shop.bantam.ch\/de\/produkt\/kuechenutensilien-box-margate-fb-grey-melange\/#breadcrumb","itemListElement":[{"@type":"ListItem","position":1,"name":"Accueil","item":"https:\/\/shop.bantam.ch\/de\/"},{"@type":"ListItem","position":2,"name":"Shop","item":"https:\/\/shop.bantam.ch\/de\/shop\/"},{"@type":"ListItem","position":3,"name":"K\u00fcchenutensilien Box Outwell Margate, Fb. Grey Melange"}]},{"@type":"WebSite","@id":"https:\/\/shop.bantam.ch\/de\/#website","url":"https:\/\/shop.bantam.ch\/de\/","name":"Bantam Camping AG","description":"","publisher":{"@id":"https:\/\/shop.bantam.ch\/de\/#organization"},"inLanguage":"de"},{"@type":"Organization","@id":"https:\/\/shop.bantam.ch\/de\/#organization","name":"Bantam Camping AG","url":"https:\/\/shop.bantam.ch\/de\/","logo":{"@type":"ImageObject","inLanguage":"de","@id":"https:\/\/shop.bantam.ch\/de\/#\/schema\/logo\/image\/","url":"https:\/\/shop.bantam.ch\/wp-content\/uploads\/2022\/12\/bantam-logo.png","contentUrl":"https:\/\/shop.bantam.ch\/wp-content\/uploads\/2022\/12\/bantam-logo.png","width":320,"height":71,"caption":"Bantam Camping AG"},"image":{"@id":"https:\/\/shop.bantam.ch\/de\/#\/schema\/logo\/image\/"}}]}},"_links":{"self":[{"href":"https:\/\/shop.bantam.ch\/de\/wp-json\/wp\/v2\/product\/101538","targetHints":{"allow":["GET"]}}],"collection":[{"href":"https:\/\/shop.bantam.ch\/de\/wp-json\/wp\/v2\/product"}],"about":[{"href":"https:\/\/shop.bantam.ch\/de\/wp-json\/wp\/v2\/types\/product"}],"wp:featuredmedia":[{"embeddable":true,"href":"https:\/\/shop.bantam.ch\/de\/wp-json\/wp\/v2\/media\/101524"}],"wp:attachment":[{"href":"https:\/\/shop.bantam.ch\/de\/wp-json\/wp\/v2\/media?parent=101538"}],"wp:term":[{"taxonomy":"product_featured_cat","embeddable":true,"href":"https:\/\/shop.bantam.ch\/de\/wp-json\/wp\/v2\/product_featured_cat?post=101538"},{"taxonomy":"product_brand","embeddable":true,"href":"https:\/\/shop.bantam.ch\/de\/wp-json\/wp\/v2\/product_brand?post=101538"},{"taxonomy":"product_cat","embeddable":true,"href":"https:\/\/shop.bantam.ch\/de\/wp-json\/wp\/v2\/product_cat?post=101538"},{"taxonomy":"product_tag","embeddable":true,"href":"https:\/\/shop.bantam.ch\/de\/wp-json\/wp\/v2\/product_tag?post=101538"}],"curies":[{"name":"wp","href":"https:\/\/api.w.org\/{rel}","templated":true}]}}