{"id":101420,"date":"2023-02-28T06:37:57","date_gmt":"2023-02-28T05:37:57","guid":{"rendered":"http:\/\/shop.bantam.ch\/produit\/kuehlbox-outwell-ecocool-slate-grau\/"},"modified":"2026-04-17T23:00:04","modified_gmt":"2026-04-17T21:00:04","slug":"kuehlbox-outwell-ecocool-slate-grau","status":"publish","type":"product","link":"https:\/\/shop.bantam.ch\/de\/produkt\/kuehlbox-outwell-ecocool-slate-grau\/","title":{"rendered":"K\u00fchlbox Outwell ECOcool Slate grau"},"content":{"rendered":"<p>Modernste Energiespartechnologie<\/p>\n<p>PU-Isolierung f\u00fcr optimale Leistung<\/p>\n<p>Verborgener und gesch\u00fctzter Kabeleingang<\/p>\n<p>Klappgriff<\/p>\n<p>K\u00fchl- und Warmhaltefunktion<\/p>\n<p>Geteilter Deckel (35 l)<\/p>\n<p>F\u00fcr 2-l-Flaschen geeignet<\/p>\n<p>Als Trennwand verwendbares K\u00fchlelement<\/p>\n<p>Optimale L\u00fcftungsleistung<\/p>\n<p>K\u00fchlt auf 18-25 \u00b0C unter der Au\u00dfentemperatur herunter<\/p>\n<p>Kann f\u00fcr 12V und 230V verwendet werden<\/p>\n<p>2-Volt-Kabel, 200 cm lang, und 230-Volt-Kabel, 180cm lang<\/p>\n<p>Zwei Funktionen ECOcool\/max.<\/p>\n<p>Aufbewahrungsfach besteht aus einem Material mit antimikrobieller Wirkung<\/p>\n<p>230-V-Adapter und Kabel f\u00fcr Stecker aus der EU und Gro\u00dfbritannien im Lieferumfang enthalten<\/p>\n","protected":false},"excerpt":{"rendered":"<p>Modernste Energiespartechnologie PU-Isolierung f\u00fcr optimale Leistung Verborgener und gesch\u00fctzter Kabeleingang Klappgriff K\u00fchl- und Warmhaltefunktion Geteilter Deckel (35 l) F\u00fcr 2-l-Flaschen geeignet Als Trennwand verwendbares K\u00fchlelement Optimale L\u00fcftungsleistung K\u00fchlt auf 18-25 \u00b0C unter der Au\u00dfentemperatur herunter Kann f\u00fcr 12V und 230V verwendet werden 2-Volt-Kabel, 200 cm lang, und 230-Volt-Kabel, 180cm lang Zwei Funktionen ECOcool\/max. Aufbewahrungsfach besteht [&hellip;]<\/p>\n","protected":false},"featured_media":101398,"template":"","meta":{"_acf_changed":false},"product_featured_cat":[],"product_brand":[3297],"product_cat":[4544],"product_tag":[],"class_list":{"0":"post-101420","1":"product","2":"type-product","3":"status-publish","4":"has-post-thumbnail","6":"product_brand-outwell-de","7":"product_cat-thermoelektrische-kuehlboxen","9":"first","10":"instock","11":"taxable","12":"shipping-taxable","13":"purchasable","14":"product-type-variable"},"acf":[],"yoast_head":"<!-- This site is optimized with the Yoast SEO plugin v27.4 - https:\/\/yoast.com\/product\/yoast-seo-wordpress\/ -->\n<title>K\u00fchlbox Outwell ECOcool Slate grau - Bantam Camping AG<\/title>\n<meta name=\"robots\" content=\"index, follow, max-snippet:-1, max-image-preview:large, max-video-preview:-1\" \/>\n<link rel=\"canonical\" href=\"https:\/\/shop.bantam.ch\/de\/produkt\/kuehlbox-outwell-ecocool-slate-grau\/\" \/>\n<meta property=\"og:locale\" content=\"de_DE\" \/>\n<meta property=\"og:type\" content=\"article\" \/>\n<meta property=\"og:title\" content=\"K\u00fchlbox Outwell ECOcool Slate grau - Bantam Camping AG\" \/>\n<meta property=\"og:description\" content=\"Modernste Energiespartechnologie PU-Isolierung f\u00fcr optimale Leistung Verborgener und gesch\u00fctzter Kabeleingang Klappgriff K\u00fchl- und Warmhaltefunktion Geteilter Deckel (35 l) F\u00fcr 2-l-Flaschen geeignet Als Trennwand verwendbares K\u00fchlelement Optimale L\u00fcftungsleistung K\u00fchlt auf 18-25 \u00b0C unter der Au\u00dfentemperatur herunter Kann f\u00fcr 12V und 230V verwendet werden 2-Volt-Kabel, 200 cm lang, und 230-Volt-Kabel, 180cm lang Zwei Funktionen ECOcool\/max. Aufbewahrungsfach besteht [&hellip;]\" \/>\n<meta property=\"og:url\" content=\"https:\/\/shop.bantam.ch\/de\/produkt\/kuehlbox-outwell-ecocool-slate-grau\/\" \/>\n<meta property=\"og:site_name\" content=\"Bantam Camping AG\" \/>\n<meta property=\"article:modified_time\" content=\"2026-04-17T21:00:04+00:00\" \/>\n<meta property=\"og:image\" content=\"https:\/\/shop.bantam.ch\/wp-content\/uploads\/2023\/02\/995677611.jpg\" \/>\n\t<meta property=\"og:image:width\" content=\"1000\" \/>\n\t<meta property=\"og:image:height\" content=\"563\" \/>\n\t<meta property=\"og:image:type\" content=\"image\/jpeg\" \/>\n<meta name=\"twitter:card\" content=\"summary_large_image\" \/>\n<script type=\"application\/ld+json\" class=\"yoast-schema-graph\">{\"@context\":\"https:\\\/\\\/schema.org\",\"@graph\":[{\"@type\":\"WebPage\",\"@id\":\"https:\\\/\\\/shop.bantam.ch\\\/de\\\/produkt\\\/kuehlbox-outwell-ecocool-slate-grau\\\/\",\"url\":\"https:\\\/\\\/shop.bantam.ch\\\/de\\\/produkt\\\/kuehlbox-outwell-ecocool-slate-grau\\\/\",\"name\":\"K\u00fchlbox Outwell ECOcool Slate grau - Bantam Camping AG\",\"isPartOf\":{\"@id\":\"https:\\\/\\\/shop.bantam.ch\\\/de\\\/#website\"},\"primaryImageOfPage\":{\"@id\":\"https:\\\/\\\/shop.bantam.ch\\\/de\\\/produkt\\\/kuehlbox-outwell-ecocool-slate-grau\\\/#primaryimage\"},\"image\":{\"@id\":\"https:\\\/\\\/shop.bantam.ch\\\/de\\\/produkt\\\/kuehlbox-outwell-ecocool-slate-grau\\\/#primaryimage\"},\"thumbnailUrl\":\"https:\\\/\\\/shop.bantam.ch\\\/wp-content\\\/uploads\\\/2023\\\/02\\\/995677611.jpg\",\"datePublished\":\"2023-02-28T05:37:57+00:00\",\"dateModified\":\"2026-04-17T21:00:04+00:00\",\"breadcrumb\":{\"@id\":\"https:\\\/\\\/shop.bantam.ch\\\/de\\\/produkt\\\/kuehlbox-outwell-ecocool-slate-grau\\\/#breadcrumb\"},\"inLanguage\":\"de\",\"potentialAction\":[{\"@type\":\"ReadAction\",\"target\":[\"https:\\\/\\\/shop.bantam.ch\\\/de\\\/produkt\\\/kuehlbox-outwell-ecocool-slate-grau\\\/\"]}]},{\"@type\":\"ImageObject\",\"inLanguage\":\"de\",\"@id\":\"https:\\\/\\\/shop.bantam.ch\\\/de\\\/produkt\\\/kuehlbox-outwell-ecocool-slate-grau\\\/#primaryimage\",\"url\":\"https:\\\/\\\/shop.bantam.ch\\\/wp-content\\\/uploads\\\/2023\\\/02\\\/995677611.jpg\",\"contentUrl\":\"https:\\\/\\\/shop.bantam.ch\\\/wp-content\\\/uploads\\\/2023\\\/02\\\/995677611.jpg\",\"width\":1000,\"height\":563},{\"@type\":\"BreadcrumbList\",\"@id\":\"https:\\\/\\\/shop.bantam.ch\\\/de\\\/produkt\\\/kuehlbox-outwell-ecocool-slate-grau\\\/#breadcrumb\",\"itemListElement\":[{\"@type\":\"ListItem\",\"position\":1,\"name\":\"Accueil\",\"item\":\"https:\\\/\\\/shop.bantam.ch\\\/de\\\/\"},{\"@type\":\"ListItem\",\"position\":2,\"name\":\"Shop\",\"item\":\"https:\\\/\\\/shop.bantam.ch\\\/de\\\/shop\\\/\"},{\"@type\":\"ListItem\",\"position\":3,\"name\":\"K\u00fchlbox Outwell ECOcool Slate grau\"}]},{\"@type\":\"WebSite\",\"@id\":\"https:\\\/\\\/shop.bantam.ch\\\/de\\\/#website\",\"url\":\"https:\\\/\\\/shop.bantam.ch\\\/de\\\/\",\"name\":\"Bantam Camping AG\",\"description\":\"\",\"publisher\":{\"@id\":\"https:\\\/\\\/shop.bantam.ch\\\/de\\\/#organization\"},\"inLanguage\":\"de\"},{\"@type\":\"Organization\",\"@id\":\"https:\\\/\\\/shop.bantam.ch\\\/de\\\/#organization\",\"name\":\"Bantam Camping AG\",\"url\":\"https:\\\/\\\/shop.bantam.ch\\\/de\\\/\",\"logo\":{\"@type\":\"ImageObject\",\"inLanguage\":\"de\",\"@id\":\"https:\\\/\\\/shop.bantam.ch\\\/de\\\/#\\\/schema\\\/logo\\\/image\\\/\",\"url\":\"https:\\\/\\\/shop.bantam.ch\\\/wp-content\\\/uploads\\\/2022\\\/12\\\/bantam-logo.png\",\"contentUrl\":\"https:\\\/\\\/shop.bantam.ch\\\/wp-content\\\/uploads\\\/2022\\\/12\\\/bantam-logo.png\",\"width\":320,\"height\":71,\"caption\":\"Bantam Camping AG\"},\"image\":{\"@id\":\"https:\\\/\\\/shop.bantam.ch\\\/de\\\/#\\\/schema\\\/logo\\\/image\\\/\"}}]}<\/script>\n<!-- \/ Yoast SEO plugin. -->","yoast_head_json":{"title":"K\u00fchlbox Outwell ECOcool Slate grau - Bantam Camping AG","robots":{"index":"index","follow":"follow","max-snippet":"max-snippet:-1","max-image-preview":"max-image-preview:large","max-video-preview":"max-video-preview:-1"},"canonical":"https:\/\/shop.bantam.ch\/de\/produkt\/kuehlbox-outwell-ecocool-slate-grau\/","og_locale":"de_DE","og_type":"article","og_title":"K\u00fchlbox Outwell ECOcool Slate grau - Bantam Camping AG","og_description":"Modernste Energiespartechnologie PU-Isolierung f\u00fcr optimale Leistung Verborgener und gesch\u00fctzter Kabeleingang Klappgriff K\u00fchl- und Warmhaltefunktion Geteilter Deckel (35 l) F\u00fcr 2-l-Flaschen geeignet Als Trennwand verwendbares K\u00fchlelement Optimale L\u00fcftungsleistung K\u00fchlt auf 18-25 \u00b0C unter der Au\u00dfentemperatur herunter Kann f\u00fcr 12V und 230V verwendet werden 2-Volt-Kabel, 200 cm lang, und 230-Volt-Kabel, 180cm lang Zwei Funktionen ECOcool\/max. Aufbewahrungsfach besteht [&hellip;]","og_url":"https:\/\/shop.bantam.ch\/de\/produkt\/kuehlbox-outwell-ecocool-slate-grau\/","og_site_name":"Bantam Camping AG","article_modified_time":"2026-04-17T21:00:04+00:00","og_image":[{"width":1000,"height":563,"url":"https:\/\/shop.bantam.ch\/wp-content\/uploads\/2023\/02\/995677611.jpg","type":"image\/jpeg"}],"twitter_card":"summary_large_image","schema":{"@context":"https:\/\/schema.org","@graph":[{"@type":"WebPage","@id":"https:\/\/shop.bantam.ch\/de\/produkt\/kuehlbox-outwell-ecocool-slate-grau\/","url":"https:\/\/shop.bantam.ch\/de\/produkt\/kuehlbox-outwell-ecocool-slate-grau\/","name":"K\u00fchlbox Outwell ECOcool Slate grau - Bantam Camping AG","isPartOf":{"@id":"https:\/\/shop.bantam.ch\/de\/#website"},"primaryImageOfPage":{"@id":"https:\/\/shop.bantam.ch\/de\/produkt\/kuehlbox-outwell-ecocool-slate-grau\/#primaryimage"},"image":{"@id":"https:\/\/shop.bantam.ch\/de\/produkt\/kuehlbox-outwell-ecocool-slate-grau\/#primaryimage"},"thumbnailUrl":"https:\/\/shop.bantam.ch\/wp-content\/uploads\/2023\/02\/995677611.jpg","datePublished":"2023-02-28T05:37:57+00:00","dateModified":"2026-04-17T21:00:04+00:00","breadcrumb":{"@id":"https:\/\/shop.bantam.ch\/de\/produkt\/kuehlbox-outwell-ecocool-slate-grau\/#breadcrumb"},"inLanguage":"de","potentialAction":[{"@type":"ReadAction","target":["https:\/\/shop.bantam.ch\/de\/produkt\/kuehlbox-outwell-ecocool-slate-grau\/"]}]},{"@type":"ImageObject","inLanguage":"de","@id":"https:\/\/shop.bantam.ch\/de\/produkt\/kuehlbox-outwell-ecocool-slate-grau\/#primaryimage","url":"https:\/\/shop.bantam.ch\/wp-content\/uploads\/2023\/02\/995677611.jpg","contentUrl":"https:\/\/shop.bantam.ch\/wp-content\/uploads\/2023\/02\/995677611.jpg","width":1000,"height":563},{"@type":"BreadcrumbList","@id":"https:\/\/shop.bantam.ch\/de\/produkt\/kuehlbox-outwell-ecocool-slate-grau\/#breadcrumb","itemListElement":[{"@type":"ListItem","position":1,"name":"Accueil","item":"https:\/\/shop.bantam.ch\/de\/"},{"@type":"ListItem","position":2,"name":"Shop","item":"https:\/\/shop.bantam.ch\/de\/shop\/"},{"@type":"ListItem","position":3,"name":"K\u00fchlbox Outwell ECOcool Slate grau"}]},{"@type":"WebSite","@id":"https:\/\/shop.bantam.ch\/de\/#website","url":"https:\/\/shop.bantam.ch\/de\/","name":"Bantam Camping AG","description":"","publisher":{"@id":"https:\/\/shop.bantam.ch\/de\/#organization"},"inLanguage":"de"},{"@type":"Organization","@id":"https:\/\/shop.bantam.ch\/de\/#organization","name":"Bantam Camping AG","url":"https:\/\/shop.bantam.ch\/de\/","logo":{"@type":"ImageObject","inLanguage":"de","@id":"https:\/\/shop.bantam.ch\/de\/#\/schema\/logo\/image\/","url":"https:\/\/shop.bantam.ch\/wp-content\/uploads\/2022\/12\/bantam-logo.png","contentUrl":"https:\/\/shop.bantam.ch\/wp-content\/uploads\/2022\/12\/bantam-logo.png","width":320,"height":71,"caption":"Bantam Camping AG"},"image":{"@id":"https:\/\/shop.bantam.ch\/de\/#\/schema\/logo\/image\/"}}]}},"_links":{"self":[{"href":"https:\/\/shop.bantam.ch\/de\/wp-json\/wp\/v2\/product\/101420","targetHints":{"allow":["GET"]}}],"collection":[{"href":"https:\/\/shop.bantam.ch\/de\/wp-json\/wp\/v2\/product"}],"about":[{"href":"https:\/\/shop.bantam.ch\/de\/wp-json\/wp\/v2\/types\/product"}],"wp:featuredmedia":[{"embeddable":true,"href":"https:\/\/shop.bantam.ch\/de\/wp-json\/wp\/v2\/media\/101398"}],"wp:attachment":[{"href":"https:\/\/shop.bantam.ch\/de\/wp-json\/wp\/v2\/media?parent=101420"}],"wp:term":[{"taxonomy":"product_featured_cat","embeddable":true,"href":"https:\/\/shop.bantam.ch\/de\/wp-json\/wp\/v2\/product_featured_cat?post=101420"},{"taxonomy":"product_brand","embeddable":true,"href":"https:\/\/shop.bantam.ch\/de\/wp-json\/wp\/v2\/product_brand?post=101420"},{"taxonomy":"product_cat","embeddable":true,"href":"https:\/\/shop.bantam.ch\/de\/wp-json\/wp\/v2\/product_cat?post=101420"},{"taxonomy":"product_tag","embeddable":true,"href":"https:\/\/shop.bantam.ch\/de\/wp-json\/wp\/v2\/product_tag?post=101420"}],"curies":[{"name":"wp","href":"https:\/\/api.w.org\/{rel}","templated":true}]}}