{"id":101316,"date":"2024-04-29T06:36:16","date_gmt":"2024-04-29T04:36:16","guid":{"rendered":"http:\/\/shop.bantam.ch\/produit\/salatschale-melamin-weiss-holzoptik\/"},"modified":"2026-04-17T21:33:18","modified_gmt":"2026-04-17T19:33:18","slug":"salatschale-melamin-weiss-holzoptik","status":"publish","type":"product","link":"https:\/\/shop.bantam.ch\/de\/produkt\/salatschale-melamin-weiss-holzoptik\/","title":{"rendered":"Salatschale Melamin gimex 2 l Farbe wei\u00df\/holzoptik"},"content":{"rendered":"<p>Salatschale au\u00dfen wei\u00df gl\u00e4nzend, innen Holzoptik als perfekte Erg\u00e4nzung zum Teak Geschirrset.<br \/>Becher, um Spannungsrisse zu vermeiden, langsam mit maximal 70 \u00b0C bef\u00fcllen.<\/p>\n","protected":false},"excerpt":{"rendered":"<p>Salatschale au\u00dfen wei\u00df gl\u00e4nzend, innen Holzoptik als perfekte Erg\u00e4nzung zum Teak Geschirrset.Becher, um Spannungsrisse zu vermeiden, langsam mit maximal 70 \u00b0C bef\u00fcllen.<\/p>\n","protected":false},"featured_media":101312,"template":"","meta":{"_acf_changed":false},"product_featured_cat":[5289],"product_brand":[3277],"product_cat":[4276],"product_tag":[],"class_list":{"0":"post-101316","1":"product","2":"type-product","3":"status-publish","4":"has-post-thumbnail","6":"product_featured_cat-weihnachtsgeschenkliste","7":"product_brand-gimex-de","8":"product_cat-schuesseln-schalen","10":"first","11":"instock","12":"taxable","13":"shipping-taxable","14":"purchasable","15":"product-type-simple"},"acf":[],"yoast_head":"<!-- This site is optimized with the Yoast SEO plugin v27.4 - https:\/\/yoast.com\/product\/yoast-seo-wordpress\/ -->\n<title>Salatschale Melamin gimex 2 l Farbe wei\u00df\/holzoptik - Bantam Camping AG<\/title>\n<meta name=\"robots\" content=\"index, follow, max-snippet:-1, max-image-preview:large, max-video-preview:-1\" \/>\n<link rel=\"canonical\" href=\"https:\/\/shop.bantam.ch\/de\/produkt\/salatschale-melamin-weiss-holzoptik\/\" \/>\n<meta property=\"og:locale\" content=\"de_DE\" \/>\n<meta property=\"og:type\" content=\"article\" \/>\n<meta property=\"og:title\" content=\"Salatschale Melamin gimex 2 l Farbe wei\u00df\/holzoptik - Bantam Camping AG\" \/>\n<meta property=\"og:description\" content=\"Salatschale au\u00dfen wei\u00df gl\u00e4nzend, innen Holzoptik als perfekte Erg\u00e4nzung zum Teak Geschirrset.Becher, um Spannungsrisse zu vermeiden, langsam mit maximal 70 \u00b0C bef\u00fcllen.\" \/>\n<meta property=\"og:url\" content=\"https:\/\/shop.bantam.ch\/de\/produkt\/salatschale-melamin-weiss-holzoptik\/\" \/>\n<meta property=\"og:site_name\" content=\"Bantam Camping AG\" \/>\n<meta property=\"article:modified_time\" content=\"2026-04-17T19:33:18+00:00\" \/>\n<meta property=\"og:image\" content=\"https:\/\/shop.bantam.ch\/wp-content\/uploads\/2023\/02\/994365911.jpg\" \/>\n\t<meta property=\"og:image:width\" content=\"1000\" \/>\n\t<meta property=\"og:image:height\" content=\"577\" \/>\n\t<meta property=\"og:image:type\" content=\"image\/jpeg\" \/>\n<meta name=\"twitter:card\" content=\"summary_large_image\" \/>\n<script type=\"application\/ld+json\" class=\"yoast-schema-graph\">{\"@context\":\"https:\\\/\\\/schema.org\",\"@graph\":[{\"@type\":\"WebPage\",\"@id\":\"https:\\\/\\\/shop.bantam.ch\\\/de\\\/produkt\\\/salatschale-melamin-weiss-holzoptik\\\/\",\"url\":\"https:\\\/\\\/shop.bantam.ch\\\/de\\\/produkt\\\/salatschale-melamin-weiss-holzoptik\\\/\",\"name\":\"Salatschale Melamin gimex 2 l Farbe wei\u00df\\\/holzoptik - Bantam Camping AG\",\"isPartOf\":{\"@id\":\"https:\\\/\\\/shop.bantam.ch\\\/de\\\/#website\"},\"primaryImageOfPage\":{\"@id\":\"https:\\\/\\\/shop.bantam.ch\\\/de\\\/produkt\\\/salatschale-melamin-weiss-holzoptik\\\/#primaryimage\"},\"image\":{\"@id\":\"https:\\\/\\\/shop.bantam.ch\\\/de\\\/produkt\\\/salatschale-melamin-weiss-holzoptik\\\/#primaryimage\"},\"thumbnailUrl\":\"https:\\\/\\\/shop.bantam.ch\\\/wp-content\\\/uploads\\\/2023\\\/02\\\/994365911.jpg\",\"datePublished\":\"2024-04-29T04:36:16+00:00\",\"dateModified\":\"2026-04-17T19:33:18+00:00\",\"breadcrumb\":{\"@id\":\"https:\\\/\\\/shop.bantam.ch\\\/de\\\/produkt\\\/salatschale-melamin-weiss-holzoptik\\\/#breadcrumb\"},\"inLanguage\":\"de\",\"potentialAction\":[{\"@type\":\"ReadAction\",\"target\":[\"https:\\\/\\\/shop.bantam.ch\\\/de\\\/produkt\\\/salatschale-melamin-weiss-holzoptik\\\/\"]}]},{\"@type\":\"ImageObject\",\"inLanguage\":\"de\",\"@id\":\"https:\\\/\\\/shop.bantam.ch\\\/de\\\/produkt\\\/salatschale-melamin-weiss-holzoptik\\\/#primaryimage\",\"url\":\"https:\\\/\\\/shop.bantam.ch\\\/wp-content\\\/uploads\\\/2023\\\/02\\\/994365911.jpg\",\"contentUrl\":\"https:\\\/\\\/shop.bantam.ch\\\/wp-content\\\/uploads\\\/2023\\\/02\\\/994365911.jpg\",\"width\":1000,\"height\":577},{\"@type\":\"BreadcrumbList\",\"@id\":\"https:\\\/\\\/shop.bantam.ch\\\/de\\\/produkt\\\/salatschale-melamin-weiss-holzoptik\\\/#breadcrumb\",\"itemListElement\":[{\"@type\":\"ListItem\",\"position\":1,\"name\":\"Accueil\",\"item\":\"https:\\\/\\\/shop.bantam.ch\\\/de\\\/\"},{\"@type\":\"ListItem\",\"position\":2,\"name\":\"Shop\",\"item\":\"https:\\\/\\\/shop.bantam.ch\\\/de\\\/shop\\\/\"},{\"@type\":\"ListItem\",\"position\":3,\"name\":\"Salatschale Melamin gimex 2 l Farbe wei\u00df\\\/holzoptik\"}]},{\"@type\":\"WebSite\",\"@id\":\"https:\\\/\\\/shop.bantam.ch\\\/de\\\/#website\",\"url\":\"https:\\\/\\\/shop.bantam.ch\\\/de\\\/\",\"name\":\"Bantam Camping AG\",\"description\":\"\",\"publisher\":{\"@id\":\"https:\\\/\\\/shop.bantam.ch\\\/de\\\/#organization\"},\"inLanguage\":\"de\"},{\"@type\":\"Organization\",\"@id\":\"https:\\\/\\\/shop.bantam.ch\\\/de\\\/#organization\",\"name\":\"Bantam Camping AG\",\"url\":\"https:\\\/\\\/shop.bantam.ch\\\/de\\\/\",\"logo\":{\"@type\":\"ImageObject\",\"inLanguage\":\"de\",\"@id\":\"https:\\\/\\\/shop.bantam.ch\\\/de\\\/#\\\/schema\\\/logo\\\/image\\\/\",\"url\":\"https:\\\/\\\/shop.bantam.ch\\\/wp-content\\\/uploads\\\/2022\\\/12\\\/bantam-logo.png\",\"contentUrl\":\"https:\\\/\\\/shop.bantam.ch\\\/wp-content\\\/uploads\\\/2022\\\/12\\\/bantam-logo.png\",\"width\":320,\"height\":71,\"caption\":\"Bantam Camping AG\"},\"image\":{\"@id\":\"https:\\\/\\\/shop.bantam.ch\\\/de\\\/#\\\/schema\\\/logo\\\/image\\\/\"}}]}<\/script>\n<!-- \/ Yoast SEO plugin. -->","yoast_head_json":{"title":"Salatschale Melamin gimex 2 l Farbe wei\u00df\/holzoptik - Bantam Camping AG","robots":{"index":"index","follow":"follow","max-snippet":"max-snippet:-1","max-image-preview":"max-image-preview:large","max-video-preview":"max-video-preview:-1"},"canonical":"https:\/\/shop.bantam.ch\/de\/produkt\/salatschale-melamin-weiss-holzoptik\/","og_locale":"de_DE","og_type":"article","og_title":"Salatschale Melamin gimex 2 l Farbe wei\u00df\/holzoptik - Bantam Camping AG","og_description":"Salatschale au\u00dfen wei\u00df gl\u00e4nzend, innen Holzoptik als perfekte Erg\u00e4nzung zum Teak Geschirrset.Becher, um Spannungsrisse zu vermeiden, langsam mit maximal 70 \u00b0C bef\u00fcllen.","og_url":"https:\/\/shop.bantam.ch\/de\/produkt\/salatschale-melamin-weiss-holzoptik\/","og_site_name":"Bantam Camping AG","article_modified_time":"2026-04-17T19:33:18+00:00","og_image":[{"width":1000,"height":577,"url":"https:\/\/shop.bantam.ch\/wp-content\/uploads\/2023\/02\/994365911.jpg","type":"image\/jpeg"}],"twitter_card":"summary_large_image","schema":{"@context":"https:\/\/schema.org","@graph":[{"@type":"WebPage","@id":"https:\/\/shop.bantam.ch\/de\/produkt\/salatschale-melamin-weiss-holzoptik\/","url":"https:\/\/shop.bantam.ch\/de\/produkt\/salatschale-melamin-weiss-holzoptik\/","name":"Salatschale Melamin gimex 2 l Farbe wei\u00df\/holzoptik - Bantam Camping AG","isPartOf":{"@id":"https:\/\/shop.bantam.ch\/de\/#website"},"primaryImageOfPage":{"@id":"https:\/\/shop.bantam.ch\/de\/produkt\/salatschale-melamin-weiss-holzoptik\/#primaryimage"},"image":{"@id":"https:\/\/shop.bantam.ch\/de\/produkt\/salatschale-melamin-weiss-holzoptik\/#primaryimage"},"thumbnailUrl":"https:\/\/shop.bantam.ch\/wp-content\/uploads\/2023\/02\/994365911.jpg","datePublished":"2024-04-29T04:36:16+00:00","dateModified":"2026-04-17T19:33:18+00:00","breadcrumb":{"@id":"https:\/\/shop.bantam.ch\/de\/produkt\/salatschale-melamin-weiss-holzoptik\/#breadcrumb"},"inLanguage":"de","potentialAction":[{"@type":"ReadAction","target":["https:\/\/shop.bantam.ch\/de\/produkt\/salatschale-melamin-weiss-holzoptik\/"]}]},{"@type":"ImageObject","inLanguage":"de","@id":"https:\/\/shop.bantam.ch\/de\/produkt\/salatschale-melamin-weiss-holzoptik\/#primaryimage","url":"https:\/\/shop.bantam.ch\/wp-content\/uploads\/2023\/02\/994365911.jpg","contentUrl":"https:\/\/shop.bantam.ch\/wp-content\/uploads\/2023\/02\/994365911.jpg","width":1000,"height":577},{"@type":"BreadcrumbList","@id":"https:\/\/shop.bantam.ch\/de\/produkt\/salatschale-melamin-weiss-holzoptik\/#breadcrumb","itemListElement":[{"@type":"ListItem","position":1,"name":"Accueil","item":"https:\/\/shop.bantam.ch\/de\/"},{"@type":"ListItem","position":2,"name":"Shop","item":"https:\/\/shop.bantam.ch\/de\/shop\/"},{"@type":"ListItem","position":3,"name":"Salatschale Melamin gimex 2 l Farbe wei\u00df\/holzoptik"}]},{"@type":"WebSite","@id":"https:\/\/shop.bantam.ch\/de\/#website","url":"https:\/\/shop.bantam.ch\/de\/","name":"Bantam Camping AG","description":"","publisher":{"@id":"https:\/\/shop.bantam.ch\/de\/#organization"},"inLanguage":"de"},{"@type":"Organization","@id":"https:\/\/shop.bantam.ch\/de\/#organization","name":"Bantam Camping AG","url":"https:\/\/shop.bantam.ch\/de\/","logo":{"@type":"ImageObject","inLanguage":"de","@id":"https:\/\/shop.bantam.ch\/de\/#\/schema\/logo\/image\/","url":"https:\/\/shop.bantam.ch\/wp-content\/uploads\/2022\/12\/bantam-logo.png","contentUrl":"https:\/\/shop.bantam.ch\/wp-content\/uploads\/2022\/12\/bantam-logo.png","width":320,"height":71,"caption":"Bantam Camping AG"},"image":{"@id":"https:\/\/shop.bantam.ch\/de\/#\/schema\/logo\/image\/"}}]}},"_links":{"self":[{"href":"https:\/\/shop.bantam.ch\/de\/wp-json\/wp\/v2\/product\/101316","targetHints":{"allow":["GET"]}}],"collection":[{"href":"https:\/\/shop.bantam.ch\/de\/wp-json\/wp\/v2\/product"}],"about":[{"href":"https:\/\/shop.bantam.ch\/de\/wp-json\/wp\/v2\/types\/product"}],"wp:featuredmedia":[{"embeddable":true,"href":"https:\/\/shop.bantam.ch\/de\/wp-json\/wp\/v2\/media\/101312"}],"wp:attachment":[{"href":"https:\/\/shop.bantam.ch\/de\/wp-json\/wp\/v2\/media?parent=101316"}],"wp:term":[{"taxonomy":"product_featured_cat","embeddable":true,"href":"https:\/\/shop.bantam.ch\/de\/wp-json\/wp\/v2\/product_featured_cat?post=101316"},{"taxonomy":"product_brand","embeddable":true,"href":"https:\/\/shop.bantam.ch\/de\/wp-json\/wp\/v2\/product_brand?post=101316"},{"taxonomy":"product_cat","embeddable":true,"href":"https:\/\/shop.bantam.ch\/de\/wp-json\/wp\/v2\/product_cat?post=101316"},{"taxonomy":"product_tag","embeddable":true,"href":"https:\/\/shop.bantam.ch\/de\/wp-json\/wp\/v2\/product_tag?post=101316"}],"curies":[{"name":"wp","href":"https:\/\/api.w.org\/{rel}","templated":true}]}}