{"id":101232,"date":"2023-02-28T06:34:57","date_gmt":"2023-02-28T05:34:57","guid":{"rendered":"http:\/\/shop.bantam.ch\/produit\/kuehlboxstaender-charlotte-town-mit-aufbewahrungstasche\/"},"modified":"2026-05-01T21:32:48","modified_gmt":"2026-05-01T19:32:48","slug":"kuehlboxstaender-charlotte-town-mit-aufbewahrungstasche","status":"publish","type":"product","link":"https:\/\/shop.bantam.ch\/de\/produkt\/kuehlboxstaender-charlotte-town-mit-aufbewahrungstasche\/","title":{"rendered":"K\u00fchlboxst\u00e4nder Charlotte Town mit Aufbewahrungstasche"},"content":{"rendered":"<p>Auf der praktischen, rutschfesten Auflage des Charlotte Town mit Aufbewahrungstasche lassen sich z. B. K\u00fchlboxen in bequemer Arbeitsh\u00f6he abstellen und m\u00fcssen nicht l\u00e4nger auf dem feuchten Boden stehen. Die Aufbewahrungstasche ist abnehmbar.<\/p>\n<ul>\n<li>Antirutsch-Oberfl\u00e4che am Bodenst\u00e4nder<\/li>\n<li>Ideal f\u00fcr K\u00fchlbeh\u00e4lter bzw. K\u00fchl-\/Gefriereinheiten<\/li>\n<li>Geringes Packma\u00df<\/li>\n<li>Leicht und einfach zu transportieren<\/li>\n<li>Zus\u00e4tzliche Aufbewahrungstasche<\/li>\n<\/ul>\n<p>Lieferumfang:<br \/> Inklusive Tragetasche f\u00fcr ein\u00adfache Lagerung und Transport<\/p>\n","protected":false},"excerpt":{"rendered":"<p>Auf der praktischen, rutschfesten Auflage des Charlotte Town mit Aufbewahrungstasche lassen sich z. B. K\u00fchlboxen in bequemer Arbeitsh\u00f6he abstellen und m\u00fcssen nicht l\u00e4nger auf dem feuchten Boden stehen. Die Aufbewahrungstasche ist abnehmbar. Antirutsch-Oberfl\u00e4che am Bodenst\u00e4nder Ideal f\u00fcr K\u00fchlbeh\u00e4lter bzw. K\u00fchl-\/Gefriereinheiten Geringes Packma\u00df Leicht und einfach zu transportieren Zus\u00e4tzliche Aufbewahrungstasche Lieferumfang: Inklusive Tragetasche f\u00fcr ein\u00adfache Lagerung [&hellip;]<\/p>\n","protected":false},"featured_media":101226,"template":"","meta":{"_acf_changed":false},"product_featured_cat":[],"product_brand":[3297],"product_cat":[4554],"product_tag":[],"class_list":{"0":"post-101232","1":"product","2":"type-product","3":"status-publish","4":"has-post-thumbnail","6":"product_brand-outwell-de","7":"product_cat-zubehoer-fuer-kuehlboxen","9":"first","10":"instock","11":"taxable","12":"shipping-taxable","13":"purchasable","14":"product-type-simple"},"acf":[],"yoast_head":"<!-- This site is optimized with the Yoast SEO plugin v27.5 - https:\/\/yoast.com\/product\/yoast-seo-wordpress\/ -->\n<title>K\u00fchlboxst\u00e4nder Charlotte Town mit Aufbewahrungstasche - Bantam<\/title>\n<meta name=\"robots\" content=\"index, follow, max-snippet:-1, max-image-preview:large, max-video-preview:-1\" \/>\n<link rel=\"canonical\" href=\"https:\/\/shop.bantam.ch\/de\/produkt\/kuehlboxstaender-charlotte-town-mit-aufbewahrungstasche\/\" \/>\n<meta property=\"og:locale\" content=\"de_DE\" \/>\n<meta property=\"og:type\" content=\"article\" \/>\n<meta property=\"og:title\" content=\"K\u00fchlboxst\u00e4nder Charlotte Town mit Aufbewahrungstasche - Bantam\" \/>\n<meta property=\"og:description\" content=\"Auf der praktischen, rutschfesten Auflage des Charlotte Town mit Aufbewahrungstasche lassen sich z. B. K\u00fchlboxen in bequemer Arbeitsh\u00f6he abstellen und m\u00fcssen nicht l\u00e4nger auf dem feuchten Boden stehen. Die Aufbewahrungstasche ist abnehmbar. Antirutsch-Oberfl\u00e4che am Bodenst\u00e4nder Ideal f\u00fcr K\u00fchlbeh\u00e4lter bzw. K\u00fchl-\/Gefriereinheiten Geringes Packma\u00df Leicht und einfach zu transportieren Zus\u00e4tzliche Aufbewahrungstasche Lieferumfang: Inklusive Tragetasche f\u00fcr ein\u00adfache Lagerung [&hellip;]\" \/>\n<meta property=\"og:url\" content=\"https:\/\/shop.bantam.ch\/de\/produkt\/kuehlboxstaender-charlotte-town-mit-aufbewahrungstasche\/\" \/>\n<meta property=\"og:site_name\" content=\"Bantam\" \/>\n<meta property=\"article:modified_time\" content=\"2026-05-01T19:32:48+00:00\" \/>\n<meta property=\"og:image\" content=\"https:\/\/shop.bantam.ch\/wp-content\/uploads\/2023\/02\/995678111.jpg\" \/>\n\t<meta property=\"og:image:width\" content=\"1000\" \/>\n\t<meta property=\"og:image:height\" content=\"563\" \/>\n\t<meta property=\"og:image:type\" content=\"image\/jpeg\" \/>\n<meta name=\"twitter:card\" content=\"summary_large_image\" \/>\n<script type=\"application\/ld+json\" class=\"yoast-schema-graph\">{\"@context\":\"https:\\\/\\\/schema.org\",\"@graph\":[{\"@type\":\"WebPage\",\"@id\":\"https:\\\/\\\/shop.bantam.ch\\\/de\\\/produkt\\\/kuehlboxstaender-charlotte-town-mit-aufbewahrungstasche\\\/\",\"url\":\"https:\\\/\\\/shop.bantam.ch\\\/de\\\/produkt\\\/kuehlboxstaender-charlotte-town-mit-aufbewahrungstasche\\\/\",\"name\":\"K\u00fchlboxst\u00e4nder Charlotte Town mit Aufbewahrungstasche - Bantam\",\"isPartOf\":{\"@id\":\"https:\\\/\\\/shop.bantam.ch\\\/de\\\/#website\"},\"primaryImageOfPage\":{\"@id\":\"https:\\\/\\\/shop.bantam.ch\\\/de\\\/produkt\\\/kuehlboxstaender-charlotte-town-mit-aufbewahrungstasche\\\/#primaryimage\"},\"image\":{\"@id\":\"https:\\\/\\\/shop.bantam.ch\\\/de\\\/produkt\\\/kuehlboxstaender-charlotte-town-mit-aufbewahrungstasche\\\/#primaryimage\"},\"thumbnailUrl\":\"https:\\\/\\\/shop.bantam.ch\\\/wp-content\\\/uploads\\\/2023\\\/02\\\/995678111.jpg\",\"datePublished\":\"2023-02-28T05:34:57+00:00\",\"dateModified\":\"2026-05-01T19:32:48+00:00\",\"breadcrumb\":{\"@id\":\"https:\\\/\\\/shop.bantam.ch\\\/de\\\/produkt\\\/kuehlboxstaender-charlotte-town-mit-aufbewahrungstasche\\\/#breadcrumb\"},\"inLanguage\":\"de\",\"potentialAction\":[{\"@type\":\"ReadAction\",\"target\":[\"https:\\\/\\\/shop.bantam.ch\\\/de\\\/produkt\\\/kuehlboxstaender-charlotte-town-mit-aufbewahrungstasche\\\/\"]}]},{\"@type\":\"ImageObject\",\"inLanguage\":\"de\",\"@id\":\"https:\\\/\\\/shop.bantam.ch\\\/de\\\/produkt\\\/kuehlboxstaender-charlotte-town-mit-aufbewahrungstasche\\\/#primaryimage\",\"url\":\"https:\\\/\\\/shop.bantam.ch\\\/wp-content\\\/uploads\\\/2023\\\/02\\\/995678111.jpg\",\"contentUrl\":\"https:\\\/\\\/shop.bantam.ch\\\/wp-content\\\/uploads\\\/2023\\\/02\\\/995678111.jpg\",\"width\":1000,\"height\":563},{\"@type\":\"BreadcrumbList\",\"@id\":\"https:\\\/\\\/shop.bantam.ch\\\/de\\\/produkt\\\/kuehlboxstaender-charlotte-town-mit-aufbewahrungstasche\\\/#breadcrumb\",\"itemListElement\":[{\"@type\":\"ListItem\",\"position\":1,\"name\":\"Accueil\",\"item\":\"https:\\\/\\\/shop.bantam.ch\\\/de\\\/\"},{\"@type\":\"ListItem\",\"position\":2,\"name\":\"Shop\",\"item\":\"https:\\\/\\\/shop.bantam.ch\\\/de\\\/shop\\\/\"},{\"@type\":\"ListItem\",\"position\":3,\"name\":\"K\u00fchlboxst\u00e4nder Charlotte Town mit Aufbewahrungstasche\"}]},{\"@type\":\"WebSite\",\"@id\":\"https:\\\/\\\/shop.bantam.ch\\\/de\\\/#website\",\"url\":\"https:\\\/\\\/shop.bantam.ch\\\/de\\\/\",\"name\":\"Bantam\",\"description\":\"\",\"publisher\":{\"@id\":\"https:\\\/\\\/shop.bantam.ch\\\/de\\\/#organization\"},\"inLanguage\":\"de\"},{\"@type\":\"Organization\",\"@id\":\"https:\\\/\\\/shop.bantam.ch\\\/de\\\/#organization\",\"name\":\"Bantam\",\"url\":\"https:\\\/\\\/shop.bantam.ch\\\/de\\\/\",\"logo\":{\"@type\":\"ImageObject\",\"inLanguage\":\"de\",\"@id\":\"https:\\\/\\\/shop.bantam.ch\\\/de\\\/#\\\/schema\\\/logo\\\/image\\\/\",\"url\":\"https:\\\/\\\/shop.bantam.ch\\\/wp-content\\\/uploads\\\/2022\\\/12\\\/bantam-logo.png\",\"contentUrl\":\"https:\\\/\\\/shop.bantam.ch\\\/wp-content\\\/uploads\\\/2022\\\/12\\\/bantam-logo.png\",\"width\":320,\"height\":71,\"caption\":\"Bantam\"},\"image\":{\"@id\":\"https:\\\/\\\/shop.bantam.ch\\\/de\\\/#\\\/schema\\\/logo\\\/image\\\/\"}}]}<\/script>\n<!-- \/ Yoast SEO plugin. -->","yoast_head_json":{"title":"K\u00fchlboxst\u00e4nder Charlotte Town mit Aufbewahrungstasche - Bantam","robots":{"index":"index","follow":"follow","max-snippet":"max-snippet:-1","max-image-preview":"max-image-preview:large","max-video-preview":"max-video-preview:-1"},"canonical":"https:\/\/shop.bantam.ch\/de\/produkt\/kuehlboxstaender-charlotte-town-mit-aufbewahrungstasche\/","og_locale":"de_DE","og_type":"article","og_title":"K\u00fchlboxst\u00e4nder Charlotte Town mit Aufbewahrungstasche - Bantam","og_description":"Auf der praktischen, rutschfesten Auflage des Charlotte Town mit Aufbewahrungstasche lassen sich z. B. K\u00fchlboxen in bequemer Arbeitsh\u00f6he abstellen und m\u00fcssen nicht l\u00e4nger auf dem feuchten Boden stehen. Die Aufbewahrungstasche ist abnehmbar. Antirutsch-Oberfl\u00e4che am Bodenst\u00e4nder Ideal f\u00fcr K\u00fchlbeh\u00e4lter bzw. K\u00fchl-\/Gefriereinheiten Geringes Packma\u00df Leicht und einfach zu transportieren Zus\u00e4tzliche Aufbewahrungstasche Lieferumfang: Inklusive Tragetasche f\u00fcr ein\u00adfache Lagerung [&hellip;]","og_url":"https:\/\/shop.bantam.ch\/de\/produkt\/kuehlboxstaender-charlotte-town-mit-aufbewahrungstasche\/","og_site_name":"Bantam","article_modified_time":"2026-05-01T19:32:48+00:00","og_image":[{"width":1000,"height":563,"url":"https:\/\/shop.bantam.ch\/wp-content\/uploads\/2023\/02\/995678111.jpg","type":"image\/jpeg"}],"twitter_card":"summary_large_image","schema":{"@context":"https:\/\/schema.org","@graph":[{"@type":"WebPage","@id":"https:\/\/shop.bantam.ch\/de\/produkt\/kuehlboxstaender-charlotte-town-mit-aufbewahrungstasche\/","url":"https:\/\/shop.bantam.ch\/de\/produkt\/kuehlboxstaender-charlotte-town-mit-aufbewahrungstasche\/","name":"K\u00fchlboxst\u00e4nder Charlotte Town mit Aufbewahrungstasche - Bantam","isPartOf":{"@id":"https:\/\/shop.bantam.ch\/de\/#website"},"primaryImageOfPage":{"@id":"https:\/\/shop.bantam.ch\/de\/produkt\/kuehlboxstaender-charlotte-town-mit-aufbewahrungstasche\/#primaryimage"},"image":{"@id":"https:\/\/shop.bantam.ch\/de\/produkt\/kuehlboxstaender-charlotte-town-mit-aufbewahrungstasche\/#primaryimage"},"thumbnailUrl":"https:\/\/shop.bantam.ch\/wp-content\/uploads\/2023\/02\/995678111.jpg","datePublished":"2023-02-28T05:34:57+00:00","dateModified":"2026-05-01T19:32:48+00:00","breadcrumb":{"@id":"https:\/\/shop.bantam.ch\/de\/produkt\/kuehlboxstaender-charlotte-town-mit-aufbewahrungstasche\/#breadcrumb"},"inLanguage":"de","potentialAction":[{"@type":"ReadAction","target":["https:\/\/shop.bantam.ch\/de\/produkt\/kuehlboxstaender-charlotte-town-mit-aufbewahrungstasche\/"]}]},{"@type":"ImageObject","inLanguage":"de","@id":"https:\/\/shop.bantam.ch\/de\/produkt\/kuehlboxstaender-charlotte-town-mit-aufbewahrungstasche\/#primaryimage","url":"https:\/\/shop.bantam.ch\/wp-content\/uploads\/2023\/02\/995678111.jpg","contentUrl":"https:\/\/shop.bantam.ch\/wp-content\/uploads\/2023\/02\/995678111.jpg","width":1000,"height":563},{"@type":"BreadcrumbList","@id":"https:\/\/shop.bantam.ch\/de\/produkt\/kuehlboxstaender-charlotte-town-mit-aufbewahrungstasche\/#breadcrumb","itemListElement":[{"@type":"ListItem","position":1,"name":"Accueil","item":"https:\/\/shop.bantam.ch\/de\/"},{"@type":"ListItem","position":2,"name":"Shop","item":"https:\/\/shop.bantam.ch\/de\/shop\/"},{"@type":"ListItem","position":3,"name":"K\u00fchlboxst\u00e4nder Charlotte Town mit Aufbewahrungstasche"}]},{"@type":"WebSite","@id":"https:\/\/shop.bantam.ch\/de\/#website","url":"https:\/\/shop.bantam.ch\/de\/","name":"Bantam","description":"","publisher":{"@id":"https:\/\/shop.bantam.ch\/de\/#organization"},"inLanguage":"de"},{"@type":"Organization","@id":"https:\/\/shop.bantam.ch\/de\/#organization","name":"Bantam","url":"https:\/\/shop.bantam.ch\/de\/","logo":{"@type":"ImageObject","inLanguage":"de","@id":"https:\/\/shop.bantam.ch\/de\/#\/schema\/logo\/image\/","url":"https:\/\/shop.bantam.ch\/wp-content\/uploads\/2022\/12\/bantam-logo.png","contentUrl":"https:\/\/shop.bantam.ch\/wp-content\/uploads\/2022\/12\/bantam-logo.png","width":320,"height":71,"caption":"Bantam"},"image":{"@id":"https:\/\/shop.bantam.ch\/de\/#\/schema\/logo\/image\/"}}]}},"_links":{"self":[{"href":"https:\/\/shop.bantam.ch\/de\/wp-json\/wp\/v2\/product\/101232","targetHints":{"allow":["GET"]}}],"collection":[{"href":"https:\/\/shop.bantam.ch\/de\/wp-json\/wp\/v2\/product"}],"about":[{"href":"https:\/\/shop.bantam.ch\/de\/wp-json\/wp\/v2\/types\/product"}],"wp:featuredmedia":[{"embeddable":true,"href":"https:\/\/shop.bantam.ch\/de\/wp-json\/wp\/v2\/media\/101226"}],"wp:attachment":[{"href":"https:\/\/shop.bantam.ch\/de\/wp-json\/wp\/v2\/media?parent=101232"}],"wp:term":[{"taxonomy":"product_featured_cat","embeddable":true,"href":"https:\/\/shop.bantam.ch\/de\/wp-json\/wp\/v2\/product_featured_cat?post=101232"},{"taxonomy":"product_brand","embeddable":true,"href":"https:\/\/shop.bantam.ch\/de\/wp-json\/wp\/v2\/product_brand?post=101232"},{"taxonomy":"product_cat","embeddable":true,"href":"https:\/\/shop.bantam.ch\/de\/wp-json\/wp\/v2\/product_cat?post=101232"},{"taxonomy":"product_tag","embeddable":true,"href":"https:\/\/shop.bantam.ch\/de\/wp-json\/wp\/v2\/product_tag?post=101232"}],"curies":[{"name":"wp","href":"https:\/\/api.w.org\/{rel}","templated":true}]}}