{"id":101020,"date":"2023-02-28T06:31:27","date_gmt":"2023-02-28T05:31:27","guid":{"rendered":"http:\/\/shop.bantam.ch\/produit\/obst-und-gemuesenetz-aware-3-stueck\/"},"modified":"2026-04-19T21:35:20","modified_gmt":"2026-04-19T19:35:20","slug":"obst-und-gemuesenetz-aware-3-stueck","status":"publish","type":"product","link":"https:\/\/shop.bantam.ch\/de\/produkt\/obst-und-gemuesenetz-aware-3-stueck\/","title":{"rendered":"Obst- und Gem\u00fcsenetz Baumwolle GEFU AWARE, 3 St\u00fcck"},"content":{"rendered":"<p>\u00d6kologisch und nachhaltig: so kauft man heute. Die wiederverwendbaren Baumwollnetze sind die perfekten Begleiter beim Einkauf von frischem Obst und Gem\u00fcse.<\/p>\n<ul>\n<li>Ideal geeignet f\u00fcr den Einkauf von frischen und unverpackten Lebensmitteln<\/li>\n<li>Mit Kordelzug verschlie\u00dfbar<\/li>\n<li>Inkl. Gewichtsangabe (TARA)<\/li>\n<li>Belastbar bis ca. 3 kg<\/li>\n<li>Waschmaschinengeeignet bei 30 \u00b0C<\/li>\n<\/ul>\n<p>Material:<\/p>\n<p>100 % Baumwolle<\/p>\n","protected":false},"excerpt":{"rendered":"<p>\u00d6kologisch und nachhaltig: so kauft man heute. Die wiederverwendbaren Baumwollnetze sind die perfekten Begleiter beim Einkauf von frischem Obst und Gem\u00fcse. Ideal geeignet f\u00fcr den Einkauf von frischen und unverpackten Lebensmitteln Mit Kordelzug verschlie\u00dfbar Inkl. Gewichtsangabe (TARA) Belastbar bis ca. 3 kg Waschmaschinengeeignet bei 30 \u00b0C Material: 100 % Baumwolle<\/p>\n","protected":false},"featured_media":101012,"template":"","meta":{"_acf_changed":false},"product_featured_cat":[],"product_brand":[3343],"product_cat":[4286],"product_tag":[],"class_list":{"0":"post-101020","1":"product","2":"type-product","3":"status-publish","4":"has-post-thumbnail","6":"product_brand-gefu-de","7":"product_cat-kuechenhelfer","9":"first","10":"instock","11":"taxable","12":"shipping-taxable","13":"purchasable","14":"product-type-simple"},"acf":[],"yoast_head":"<!-- This site is optimized with the Yoast SEO plugin v27.4 - https:\/\/yoast.com\/product\/yoast-seo-wordpress\/ -->\n<title>Obst- und Gem\u00fcsenetz Baumwolle GEFU AWARE, 3 St\u00fcck - Bantam Camping AG<\/title>\n<meta name=\"robots\" content=\"index, follow, max-snippet:-1, max-image-preview:large, max-video-preview:-1\" \/>\n<link rel=\"canonical\" href=\"https:\/\/shop.bantam.ch\/de\/produkt\/obst-und-gemuesenetz-aware-3-stueck\/\" \/>\n<meta property=\"og:locale\" content=\"de_DE\" \/>\n<meta property=\"og:type\" content=\"article\" \/>\n<meta property=\"og:title\" content=\"Obst- und Gem\u00fcsenetz Baumwolle GEFU AWARE, 3 St\u00fcck - Bantam Camping AG\" \/>\n<meta property=\"og:description\" content=\"\u00d6kologisch und nachhaltig: so kauft man heute. Die wiederverwendbaren Baumwollnetze sind die perfekten Begleiter beim Einkauf von frischem Obst und Gem\u00fcse. Ideal geeignet f\u00fcr den Einkauf von frischen und unverpackten Lebensmitteln Mit Kordelzug verschlie\u00dfbar Inkl. Gewichtsangabe (TARA) Belastbar bis ca. 3 kg Waschmaschinengeeignet bei 30 \u00b0C Material: 100 % Baumwolle\" \/>\n<meta property=\"og:url\" content=\"https:\/\/shop.bantam.ch\/de\/produkt\/obst-und-gemuesenetz-aware-3-stueck\/\" \/>\n<meta property=\"og:site_name\" content=\"Bantam Camping AG\" \/>\n<meta property=\"article:modified_time\" content=\"2026-04-19T19:35:20+00:00\" \/>\n<meta property=\"og:image\" content=\"https:\/\/shop.bantam.ch\/wp-content\/uploads\/2023\/02\/995674311.jpg\" \/>\n\t<meta property=\"og:image:width\" content=\"976\" \/>\n\t<meta property=\"og:image:height\" content=\"1000\" \/>\n\t<meta property=\"og:image:type\" content=\"image\/jpeg\" \/>\n<meta name=\"twitter:card\" content=\"summary_large_image\" \/>\n<script type=\"application\/ld+json\" class=\"yoast-schema-graph\">{\"@context\":\"https:\\\/\\\/schema.org\",\"@graph\":[{\"@type\":\"WebPage\",\"@id\":\"https:\\\/\\\/shop.bantam.ch\\\/de\\\/produkt\\\/obst-und-gemuesenetz-aware-3-stueck\\\/\",\"url\":\"https:\\\/\\\/shop.bantam.ch\\\/de\\\/produkt\\\/obst-und-gemuesenetz-aware-3-stueck\\\/\",\"name\":\"Obst- und Gem\u00fcsenetz Baumwolle GEFU AWARE, 3 St\u00fcck - Bantam Camping AG\",\"isPartOf\":{\"@id\":\"https:\\\/\\\/shop.bantam.ch\\\/de\\\/#website\"},\"primaryImageOfPage\":{\"@id\":\"https:\\\/\\\/shop.bantam.ch\\\/de\\\/produkt\\\/obst-und-gemuesenetz-aware-3-stueck\\\/#primaryimage\"},\"image\":{\"@id\":\"https:\\\/\\\/shop.bantam.ch\\\/de\\\/produkt\\\/obst-und-gemuesenetz-aware-3-stueck\\\/#primaryimage\"},\"thumbnailUrl\":\"https:\\\/\\\/shop.bantam.ch\\\/wp-content\\\/uploads\\\/2023\\\/02\\\/995674311.jpg\",\"datePublished\":\"2023-02-28T05:31:27+00:00\",\"dateModified\":\"2026-04-19T19:35:20+00:00\",\"breadcrumb\":{\"@id\":\"https:\\\/\\\/shop.bantam.ch\\\/de\\\/produkt\\\/obst-und-gemuesenetz-aware-3-stueck\\\/#breadcrumb\"},\"inLanguage\":\"de\",\"potentialAction\":[{\"@type\":\"ReadAction\",\"target\":[\"https:\\\/\\\/shop.bantam.ch\\\/de\\\/produkt\\\/obst-und-gemuesenetz-aware-3-stueck\\\/\"]}]},{\"@type\":\"ImageObject\",\"inLanguage\":\"de\",\"@id\":\"https:\\\/\\\/shop.bantam.ch\\\/de\\\/produkt\\\/obst-und-gemuesenetz-aware-3-stueck\\\/#primaryimage\",\"url\":\"https:\\\/\\\/shop.bantam.ch\\\/wp-content\\\/uploads\\\/2023\\\/02\\\/995674311.jpg\",\"contentUrl\":\"https:\\\/\\\/shop.bantam.ch\\\/wp-content\\\/uploads\\\/2023\\\/02\\\/995674311.jpg\",\"width\":976,\"height\":1000},{\"@type\":\"BreadcrumbList\",\"@id\":\"https:\\\/\\\/shop.bantam.ch\\\/de\\\/produkt\\\/obst-und-gemuesenetz-aware-3-stueck\\\/#breadcrumb\",\"itemListElement\":[{\"@type\":\"ListItem\",\"position\":1,\"name\":\"Accueil\",\"item\":\"https:\\\/\\\/shop.bantam.ch\\\/de\\\/\"},{\"@type\":\"ListItem\",\"position\":2,\"name\":\"Shop\",\"item\":\"https:\\\/\\\/shop.bantam.ch\\\/de\\\/shop\\\/\"},{\"@type\":\"ListItem\",\"position\":3,\"name\":\"Obst- und Gem\u00fcsenetz Baumwolle GEFU AWARE, 3 St\u00fcck\"}]},{\"@type\":\"WebSite\",\"@id\":\"https:\\\/\\\/shop.bantam.ch\\\/de\\\/#website\",\"url\":\"https:\\\/\\\/shop.bantam.ch\\\/de\\\/\",\"name\":\"Bantam Camping AG\",\"description\":\"\",\"publisher\":{\"@id\":\"https:\\\/\\\/shop.bantam.ch\\\/de\\\/#organization\"},\"inLanguage\":\"de\"},{\"@type\":\"Organization\",\"@id\":\"https:\\\/\\\/shop.bantam.ch\\\/de\\\/#organization\",\"name\":\"Bantam Camping AG\",\"url\":\"https:\\\/\\\/shop.bantam.ch\\\/de\\\/\",\"logo\":{\"@type\":\"ImageObject\",\"inLanguage\":\"de\",\"@id\":\"https:\\\/\\\/shop.bantam.ch\\\/de\\\/#\\\/schema\\\/logo\\\/image\\\/\",\"url\":\"https:\\\/\\\/shop.bantam.ch\\\/wp-content\\\/uploads\\\/2022\\\/12\\\/bantam-logo.png\",\"contentUrl\":\"https:\\\/\\\/shop.bantam.ch\\\/wp-content\\\/uploads\\\/2022\\\/12\\\/bantam-logo.png\",\"width\":320,\"height\":71,\"caption\":\"Bantam Camping AG\"},\"image\":{\"@id\":\"https:\\\/\\\/shop.bantam.ch\\\/de\\\/#\\\/schema\\\/logo\\\/image\\\/\"}}]}<\/script>\n<!-- \/ Yoast SEO plugin. -->","yoast_head_json":{"title":"Obst- und Gem\u00fcsenetz Baumwolle GEFU AWARE, 3 St\u00fcck - Bantam Camping AG","robots":{"index":"index","follow":"follow","max-snippet":"max-snippet:-1","max-image-preview":"max-image-preview:large","max-video-preview":"max-video-preview:-1"},"canonical":"https:\/\/shop.bantam.ch\/de\/produkt\/obst-und-gemuesenetz-aware-3-stueck\/","og_locale":"de_DE","og_type":"article","og_title":"Obst- und Gem\u00fcsenetz Baumwolle GEFU AWARE, 3 St\u00fcck - Bantam Camping AG","og_description":"\u00d6kologisch und nachhaltig: so kauft man heute. Die wiederverwendbaren Baumwollnetze sind die perfekten Begleiter beim Einkauf von frischem Obst und Gem\u00fcse. Ideal geeignet f\u00fcr den Einkauf von frischen und unverpackten Lebensmitteln Mit Kordelzug verschlie\u00dfbar Inkl. Gewichtsangabe (TARA) Belastbar bis ca. 3 kg Waschmaschinengeeignet bei 30 \u00b0C Material: 100 % Baumwolle","og_url":"https:\/\/shop.bantam.ch\/de\/produkt\/obst-und-gemuesenetz-aware-3-stueck\/","og_site_name":"Bantam Camping AG","article_modified_time":"2026-04-19T19:35:20+00:00","og_image":[{"width":976,"height":1000,"url":"https:\/\/shop.bantam.ch\/wp-content\/uploads\/2023\/02\/995674311.jpg","type":"image\/jpeg"}],"twitter_card":"summary_large_image","schema":{"@context":"https:\/\/schema.org","@graph":[{"@type":"WebPage","@id":"https:\/\/shop.bantam.ch\/de\/produkt\/obst-und-gemuesenetz-aware-3-stueck\/","url":"https:\/\/shop.bantam.ch\/de\/produkt\/obst-und-gemuesenetz-aware-3-stueck\/","name":"Obst- und Gem\u00fcsenetz Baumwolle GEFU AWARE, 3 St\u00fcck - Bantam Camping AG","isPartOf":{"@id":"https:\/\/shop.bantam.ch\/de\/#website"},"primaryImageOfPage":{"@id":"https:\/\/shop.bantam.ch\/de\/produkt\/obst-und-gemuesenetz-aware-3-stueck\/#primaryimage"},"image":{"@id":"https:\/\/shop.bantam.ch\/de\/produkt\/obst-und-gemuesenetz-aware-3-stueck\/#primaryimage"},"thumbnailUrl":"https:\/\/shop.bantam.ch\/wp-content\/uploads\/2023\/02\/995674311.jpg","datePublished":"2023-02-28T05:31:27+00:00","dateModified":"2026-04-19T19:35:20+00:00","breadcrumb":{"@id":"https:\/\/shop.bantam.ch\/de\/produkt\/obst-und-gemuesenetz-aware-3-stueck\/#breadcrumb"},"inLanguage":"de","potentialAction":[{"@type":"ReadAction","target":["https:\/\/shop.bantam.ch\/de\/produkt\/obst-und-gemuesenetz-aware-3-stueck\/"]}]},{"@type":"ImageObject","inLanguage":"de","@id":"https:\/\/shop.bantam.ch\/de\/produkt\/obst-und-gemuesenetz-aware-3-stueck\/#primaryimage","url":"https:\/\/shop.bantam.ch\/wp-content\/uploads\/2023\/02\/995674311.jpg","contentUrl":"https:\/\/shop.bantam.ch\/wp-content\/uploads\/2023\/02\/995674311.jpg","width":976,"height":1000},{"@type":"BreadcrumbList","@id":"https:\/\/shop.bantam.ch\/de\/produkt\/obst-und-gemuesenetz-aware-3-stueck\/#breadcrumb","itemListElement":[{"@type":"ListItem","position":1,"name":"Accueil","item":"https:\/\/shop.bantam.ch\/de\/"},{"@type":"ListItem","position":2,"name":"Shop","item":"https:\/\/shop.bantam.ch\/de\/shop\/"},{"@type":"ListItem","position":3,"name":"Obst- und Gem\u00fcsenetz Baumwolle GEFU AWARE, 3 St\u00fcck"}]},{"@type":"WebSite","@id":"https:\/\/shop.bantam.ch\/de\/#website","url":"https:\/\/shop.bantam.ch\/de\/","name":"Bantam Camping AG","description":"","publisher":{"@id":"https:\/\/shop.bantam.ch\/de\/#organization"},"inLanguage":"de"},{"@type":"Organization","@id":"https:\/\/shop.bantam.ch\/de\/#organization","name":"Bantam Camping AG","url":"https:\/\/shop.bantam.ch\/de\/","logo":{"@type":"ImageObject","inLanguage":"de","@id":"https:\/\/shop.bantam.ch\/de\/#\/schema\/logo\/image\/","url":"https:\/\/shop.bantam.ch\/wp-content\/uploads\/2022\/12\/bantam-logo.png","contentUrl":"https:\/\/shop.bantam.ch\/wp-content\/uploads\/2022\/12\/bantam-logo.png","width":320,"height":71,"caption":"Bantam Camping AG"},"image":{"@id":"https:\/\/shop.bantam.ch\/de\/#\/schema\/logo\/image\/"}}]}},"_links":{"self":[{"href":"https:\/\/shop.bantam.ch\/de\/wp-json\/wp\/v2\/product\/101020","targetHints":{"allow":["GET"]}}],"collection":[{"href":"https:\/\/shop.bantam.ch\/de\/wp-json\/wp\/v2\/product"}],"about":[{"href":"https:\/\/shop.bantam.ch\/de\/wp-json\/wp\/v2\/types\/product"}],"wp:featuredmedia":[{"embeddable":true,"href":"https:\/\/shop.bantam.ch\/de\/wp-json\/wp\/v2\/media\/101012"}],"wp:attachment":[{"href":"https:\/\/shop.bantam.ch\/de\/wp-json\/wp\/v2\/media?parent=101020"}],"wp:term":[{"taxonomy":"product_featured_cat","embeddable":true,"href":"https:\/\/shop.bantam.ch\/de\/wp-json\/wp\/v2\/product_featured_cat?post=101020"},{"taxonomy":"product_brand","embeddable":true,"href":"https:\/\/shop.bantam.ch\/de\/wp-json\/wp\/v2\/product_brand?post=101020"},{"taxonomy":"product_cat","embeddable":true,"href":"https:\/\/shop.bantam.ch\/de\/wp-json\/wp\/v2\/product_cat?post=101020"},{"taxonomy":"product_tag","embeddable":true,"href":"https:\/\/shop.bantam.ch\/de\/wp-json\/wp\/v2\/product_tag?post=101020"}],"curies":[{"name":"wp","href":"https:\/\/api.w.org\/{rel}","templated":true}]}}