{"id":100982,"date":"2023-02-28T06:30:56","date_gmt":"2023-02-28T05:30:56","guid":{"rendered":"http:\/\/shop.bantam.ch\/produit\/zuendstahl-large-schwarz\/"},"modified":"2026-04-17T21:33:03","modified_gmt":"2026-04-17T19:33:03","slug":"zuendstahl-large-schwarz","status":"publish","type":"product","link":"https:\/\/shop.bantam.ch\/de\/produkt\/zuendstahl-large-schwarz\/","title":{"rendered":"Z\u00fcndstahl Large schwarz"},"content":{"rendered":"<p>Mit dem Primus Ignition Steel kannst du bei jedem Wetter ein Feuer oder einen Kocher entz\u00fcnden. Der Z\u00fcndstahl besteht nun aus PLA, das zu 100 % aus biobasiertem Kunststoff gefertigt ist. Er ist wasserbest\u00e4ndig und funktioniert auch zuverl\u00e4ssig bei N\u00e4sse &#8211; selbst bei Regen oder Schnee. Alle Stahlteile werden durch das integrierte Etui gut gesch\u00fctzt. Mit Trageschlaufe f\u00fcr den einfachen Transport. Der erzeugte Funke erreicht eine Temperatur von 3000 \u00b0C und entz\u00fcndet sich mehrere tausend Male. Ein zuverl\u00e4ssiger Bestandteil jeder Campingausstattung. Erh\u00e4ltlich in zwei Gr\u00f6\u00dfen und vier Farben.<\/p>\n","protected":false},"excerpt":{"rendered":"<p>Mit dem Primus Ignition Steel kannst du bei jedem Wetter ein Feuer oder einen Kocher entz\u00fcnden. Der Z\u00fcndstahl besteht nun aus PLA, das zu 100 % aus biobasiertem Kunststoff gefertigt ist. Er ist wasserbest\u00e4ndig und funktioniert auch zuverl\u00e4ssig bei N\u00e4sse &#8211; selbst bei Regen oder Schnee. Alle Stahlteile werden durch das integrierte Etui gut gesch\u00fctzt. [&hellip;]<\/p>\n","protected":false},"featured_media":100978,"template":"","meta":{"_acf_changed":false},"product_featured_cat":[],"product_brand":[3415],"product_cat":[5162],"product_tag":[],"class_list":{"0":"post-100982","1":"product","2":"type-product","3":"status-publish","4":"has-post-thumbnail","6":"product_brand-primus-de","7":"product_cat-weiteres-zubehoer","9":"first","10":"instock","11":"taxable","12":"shipping-taxable","13":"purchasable","14":"product-type-simple"},"acf":[],"yoast_head":"<!-- This site is optimized with the Yoast SEO plugin v27.4 - https:\/\/yoast.com\/product\/yoast-seo-wordpress\/ -->\n<title>Z\u00fcndstahl Large schwarz - Bantam Camping AG<\/title>\n<meta name=\"robots\" content=\"index, follow, max-snippet:-1, max-image-preview:large, max-video-preview:-1\" \/>\n<link rel=\"canonical\" href=\"https:\/\/shop.bantam.ch\/de\/produkt\/zuendstahl-large-schwarz\/\" \/>\n<meta property=\"og:locale\" content=\"de_DE\" \/>\n<meta property=\"og:type\" content=\"article\" \/>\n<meta property=\"og:title\" content=\"Z\u00fcndstahl Large schwarz - Bantam Camping AG\" \/>\n<meta property=\"og:description\" content=\"Mit dem Primus Ignition Steel kannst du bei jedem Wetter ein Feuer oder einen Kocher entz\u00fcnden. Der Z\u00fcndstahl besteht nun aus PLA, das zu 100 % aus biobasiertem Kunststoff gefertigt ist. Er ist wasserbest\u00e4ndig und funktioniert auch zuverl\u00e4ssig bei N\u00e4sse &#8211; selbst bei Regen oder Schnee. Alle Stahlteile werden durch das integrierte Etui gut gesch\u00fctzt. [&hellip;]\" \/>\n<meta property=\"og:url\" content=\"https:\/\/shop.bantam.ch\/de\/produkt\/zuendstahl-large-schwarz\/\" \/>\n<meta property=\"og:site_name\" content=\"Bantam Camping AG\" \/>\n<meta property=\"article:modified_time\" content=\"2026-04-17T19:33:03+00:00\" \/>\n<meta property=\"og:image\" content=\"https:\/\/shop.bantam.ch\/wp-content\/uploads\/2023\/02\/995674711.jpg\" \/>\n\t<meta property=\"og:image:width\" content=\"1000\" \/>\n\t<meta property=\"og:image:height\" content=\"499\" \/>\n\t<meta property=\"og:image:type\" content=\"image\/jpeg\" \/>\n<meta name=\"twitter:card\" content=\"summary_large_image\" \/>\n<script type=\"application\/ld+json\" class=\"yoast-schema-graph\">{\"@context\":\"https:\\\/\\\/schema.org\",\"@graph\":[{\"@type\":\"WebPage\",\"@id\":\"https:\\\/\\\/shop.bantam.ch\\\/de\\\/produkt\\\/zuendstahl-large-schwarz\\\/\",\"url\":\"https:\\\/\\\/shop.bantam.ch\\\/de\\\/produkt\\\/zuendstahl-large-schwarz\\\/\",\"name\":\"Z\u00fcndstahl Large schwarz - Bantam Camping AG\",\"isPartOf\":{\"@id\":\"https:\\\/\\\/shop.bantam.ch\\\/de\\\/#website\"},\"primaryImageOfPage\":{\"@id\":\"https:\\\/\\\/shop.bantam.ch\\\/de\\\/produkt\\\/zuendstahl-large-schwarz\\\/#primaryimage\"},\"image\":{\"@id\":\"https:\\\/\\\/shop.bantam.ch\\\/de\\\/produkt\\\/zuendstahl-large-schwarz\\\/#primaryimage\"},\"thumbnailUrl\":\"https:\\\/\\\/shop.bantam.ch\\\/wp-content\\\/uploads\\\/2023\\\/02\\\/995674711.jpg\",\"datePublished\":\"2023-02-28T05:30:56+00:00\",\"dateModified\":\"2026-04-17T19:33:03+00:00\",\"breadcrumb\":{\"@id\":\"https:\\\/\\\/shop.bantam.ch\\\/de\\\/produkt\\\/zuendstahl-large-schwarz\\\/#breadcrumb\"},\"inLanguage\":\"de\",\"potentialAction\":[{\"@type\":\"ReadAction\",\"target\":[\"https:\\\/\\\/shop.bantam.ch\\\/de\\\/produkt\\\/zuendstahl-large-schwarz\\\/\"]}]},{\"@type\":\"ImageObject\",\"inLanguage\":\"de\",\"@id\":\"https:\\\/\\\/shop.bantam.ch\\\/de\\\/produkt\\\/zuendstahl-large-schwarz\\\/#primaryimage\",\"url\":\"https:\\\/\\\/shop.bantam.ch\\\/wp-content\\\/uploads\\\/2023\\\/02\\\/995674711.jpg\",\"contentUrl\":\"https:\\\/\\\/shop.bantam.ch\\\/wp-content\\\/uploads\\\/2023\\\/02\\\/995674711.jpg\",\"width\":1000,\"height\":499},{\"@type\":\"BreadcrumbList\",\"@id\":\"https:\\\/\\\/shop.bantam.ch\\\/de\\\/produkt\\\/zuendstahl-large-schwarz\\\/#breadcrumb\",\"itemListElement\":[{\"@type\":\"ListItem\",\"position\":1,\"name\":\"Accueil\",\"item\":\"https:\\\/\\\/shop.bantam.ch\\\/de\\\/\"},{\"@type\":\"ListItem\",\"position\":2,\"name\":\"Shop\",\"item\":\"https:\\\/\\\/shop.bantam.ch\\\/de\\\/shop\\\/\"},{\"@type\":\"ListItem\",\"position\":3,\"name\":\"Z\u00fcndstahl Large schwarz\"}]},{\"@type\":\"WebSite\",\"@id\":\"https:\\\/\\\/shop.bantam.ch\\\/de\\\/#website\",\"url\":\"https:\\\/\\\/shop.bantam.ch\\\/de\\\/\",\"name\":\"Bantam Camping AG\",\"description\":\"\",\"publisher\":{\"@id\":\"https:\\\/\\\/shop.bantam.ch\\\/de\\\/#organization\"},\"inLanguage\":\"de\"},{\"@type\":\"Organization\",\"@id\":\"https:\\\/\\\/shop.bantam.ch\\\/de\\\/#organization\",\"name\":\"Bantam Camping AG\",\"url\":\"https:\\\/\\\/shop.bantam.ch\\\/de\\\/\",\"logo\":{\"@type\":\"ImageObject\",\"inLanguage\":\"de\",\"@id\":\"https:\\\/\\\/shop.bantam.ch\\\/de\\\/#\\\/schema\\\/logo\\\/image\\\/\",\"url\":\"https:\\\/\\\/shop.bantam.ch\\\/wp-content\\\/uploads\\\/2022\\\/12\\\/bantam-logo.png\",\"contentUrl\":\"https:\\\/\\\/shop.bantam.ch\\\/wp-content\\\/uploads\\\/2022\\\/12\\\/bantam-logo.png\",\"width\":320,\"height\":71,\"caption\":\"Bantam Camping AG\"},\"image\":{\"@id\":\"https:\\\/\\\/shop.bantam.ch\\\/de\\\/#\\\/schema\\\/logo\\\/image\\\/\"}}]}<\/script>\n<!-- \/ Yoast SEO plugin. -->","yoast_head_json":{"title":"Z\u00fcndstahl Large schwarz - Bantam Camping AG","robots":{"index":"index","follow":"follow","max-snippet":"max-snippet:-1","max-image-preview":"max-image-preview:large","max-video-preview":"max-video-preview:-1"},"canonical":"https:\/\/shop.bantam.ch\/de\/produkt\/zuendstahl-large-schwarz\/","og_locale":"de_DE","og_type":"article","og_title":"Z\u00fcndstahl Large schwarz - Bantam Camping AG","og_description":"Mit dem Primus Ignition Steel kannst du bei jedem Wetter ein Feuer oder einen Kocher entz\u00fcnden. Der Z\u00fcndstahl besteht nun aus PLA, das zu 100 % aus biobasiertem Kunststoff gefertigt ist. Er ist wasserbest\u00e4ndig und funktioniert auch zuverl\u00e4ssig bei N\u00e4sse &#8211; selbst bei Regen oder Schnee. Alle Stahlteile werden durch das integrierte Etui gut gesch\u00fctzt. [&hellip;]","og_url":"https:\/\/shop.bantam.ch\/de\/produkt\/zuendstahl-large-schwarz\/","og_site_name":"Bantam Camping AG","article_modified_time":"2026-04-17T19:33:03+00:00","og_image":[{"width":1000,"height":499,"url":"https:\/\/shop.bantam.ch\/wp-content\/uploads\/2023\/02\/995674711.jpg","type":"image\/jpeg"}],"twitter_card":"summary_large_image","schema":{"@context":"https:\/\/schema.org","@graph":[{"@type":"WebPage","@id":"https:\/\/shop.bantam.ch\/de\/produkt\/zuendstahl-large-schwarz\/","url":"https:\/\/shop.bantam.ch\/de\/produkt\/zuendstahl-large-schwarz\/","name":"Z\u00fcndstahl Large schwarz - Bantam Camping AG","isPartOf":{"@id":"https:\/\/shop.bantam.ch\/de\/#website"},"primaryImageOfPage":{"@id":"https:\/\/shop.bantam.ch\/de\/produkt\/zuendstahl-large-schwarz\/#primaryimage"},"image":{"@id":"https:\/\/shop.bantam.ch\/de\/produkt\/zuendstahl-large-schwarz\/#primaryimage"},"thumbnailUrl":"https:\/\/shop.bantam.ch\/wp-content\/uploads\/2023\/02\/995674711.jpg","datePublished":"2023-02-28T05:30:56+00:00","dateModified":"2026-04-17T19:33:03+00:00","breadcrumb":{"@id":"https:\/\/shop.bantam.ch\/de\/produkt\/zuendstahl-large-schwarz\/#breadcrumb"},"inLanguage":"de","potentialAction":[{"@type":"ReadAction","target":["https:\/\/shop.bantam.ch\/de\/produkt\/zuendstahl-large-schwarz\/"]}]},{"@type":"ImageObject","inLanguage":"de","@id":"https:\/\/shop.bantam.ch\/de\/produkt\/zuendstahl-large-schwarz\/#primaryimage","url":"https:\/\/shop.bantam.ch\/wp-content\/uploads\/2023\/02\/995674711.jpg","contentUrl":"https:\/\/shop.bantam.ch\/wp-content\/uploads\/2023\/02\/995674711.jpg","width":1000,"height":499},{"@type":"BreadcrumbList","@id":"https:\/\/shop.bantam.ch\/de\/produkt\/zuendstahl-large-schwarz\/#breadcrumb","itemListElement":[{"@type":"ListItem","position":1,"name":"Accueil","item":"https:\/\/shop.bantam.ch\/de\/"},{"@type":"ListItem","position":2,"name":"Shop","item":"https:\/\/shop.bantam.ch\/de\/shop\/"},{"@type":"ListItem","position":3,"name":"Z\u00fcndstahl Large schwarz"}]},{"@type":"WebSite","@id":"https:\/\/shop.bantam.ch\/de\/#website","url":"https:\/\/shop.bantam.ch\/de\/","name":"Bantam Camping AG","description":"","publisher":{"@id":"https:\/\/shop.bantam.ch\/de\/#organization"},"inLanguage":"de"},{"@type":"Organization","@id":"https:\/\/shop.bantam.ch\/de\/#organization","name":"Bantam Camping AG","url":"https:\/\/shop.bantam.ch\/de\/","logo":{"@type":"ImageObject","inLanguage":"de","@id":"https:\/\/shop.bantam.ch\/de\/#\/schema\/logo\/image\/","url":"https:\/\/shop.bantam.ch\/wp-content\/uploads\/2022\/12\/bantam-logo.png","contentUrl":"https:\/\/shop.bantam.ch\/wp-content\/uploads\/2022\/12\/bantam-logo.png","width":320,"height":71,"caption":"Bantam Camping AG"},"image":{"@id":"https:\/\/shop.bantam.ch\/de\/#\/schema\/logo\/image\/"}}]}},"_links":{"self":[{"href":"https:\/\/shop.bantam.ch\/de\/wp-json\/wp\/v2\/product\/100982","targetHints":{"allow":["GET"]}}],"collection":[{"href":"https:\/\/shop.bantam.ch\/de\/wp-json\/wp\/v2\/product"}],"about":[{"href":"https:\/\/shop.bantam.ch\/de\/wp-json\/wp\/v2\/types\/product"}],"wp:featuredmedia":[{"embeddable":true,"href":"https:\/\/shop.bantam.ch\/de\/wp-json\/wp\/v2\/media\/100978"}],"wp:attachment":[{"href":"https:\/\/shop.bantam.ch\/de\/wp-json\/wp\/v2\/media?parent=100982"}],"wp:term":[{"taxonomy":"product_featured_cat","embeddable":true,"href":"https:\/\/shop.bantam.ch\/de\/wp-json\/wp\/v2\/product_featured_cat?post=100982"},{"taxonomy":"product_brand","embeddable":true,"href":"https:\/\/shop.bantam.ch\/de\/wp-json\/wp\/v2\/product_brand?post=100982"},{"taxonomy":"product_cat","embeddable":true,"href":"https:\/\/shop.bantam.ch\/de\/wp-json\/wp\/v2\/product_cat?post=100982"},{"taxonomy":"product_tag","embeddable":true,"href":"https:\/\/shop.bantam.ch\/de\/wp-json\/wp\/v2\/product_tag?post=100982"}],"curies":[{"name":"wp","href":"https:\/\/api.w.org\/{rel}","templated":true}]}}