{"id":100124,"date":"2023-02-28T06:18:05","date_gmt":"2023-02-28T05:18:05","guid":{"rendered":"http:\/\/shop.bantam.ch\/produit\/stretch-ausziehbarer-hitzebestaendiger-untersetzer\/"},"modified":"2026-04-22T21:33:21","modified_gmt":"2026-04-22T19:33:21","slug":"stretch-ausziehbarer-hitzebestaendiger-untersetzer","status":"publish","type":"product","link":"https:\/\/shop.bantam.ch\/de\/produkt\/stretch-ausziehbarer-hitzebestaendiger-untersetzer\/","title":{"rendered":"Stretch &#8211; Ausziehbarer hitzebest\u00e4ndiger Untersetzer Joseph Joseph Fb. schwarz"},"content":{"rendered":"<p>Die meisten Topfuntersetzer bieten gerade einmal gen\u00fcgend Platz f\u00fcr eine einzige hei\u00dfe Pfanne oder Platte, weshalb man gleich mehrere Untersetzer braucht, wenn man Speisen aus verschiedenen hei\u00dfen Beh\u00e4ltern servieren m\u00f6chte. Das einzigartige Design von Stretch l\u00f6st dieses Problem, da seine Gr\u00f6\u00dfe ganz einfach angepasst werden kann, um Platz f\u00fcr mehr als eine Pfanne oder sogar eine einzelne gro\u00dfe Auflaufform zu bieten. Nach der Verwendung kann er zum praktischen Aufbewahren wieder ordentlich zusammengefaltet werden. Gefertigt aus qualitativ hochwertigem Silikon-Nylon-Gemisch und hitzebest\u00e4ndig bis 240\u00b0C.<\/p>\n<ul>\n<li>Rahmen: Hitzebest\u00e4ndiges Nylon (kein Lebensmittelkontakt)<\/li>\n<li>Beschichtung: Silikon<\/li>\n<\/ul>\n","protected":false},"excerpt":{"rendered":"<p>Die meisten Topfuntersetzer bieten gerade einmal gen\u00fcgend Platz f\u00fcr eine einzige hei\u00dfe Pfanne oder Platte, weshalb man gleich mehrere Untersetzer braucht, wenn man Speisen aus verschiedenen hei\u00dfen Beh\u00e4ltern servieren m\u00f6chte. Das einzigartige Design von Stretch l\u00f6st dieses Problem, da seine Gr\u00f6\u00dfe ganz einfach angepasst werden kann, um Platz f\u00fcr mehr als eine Pfanne oder sogar [&hellip;]<\/p>\n","protected":false},"featured_media":100112,"template":"","meta":{"_acf_changed":false},"product_featured_cat":[],"product_brand":[3413],"product_cat":[4286],"product_tag":[],"class_list":{"0":"post-100124","1":"product","2":"type-product","3":"status-publish","4":"has-post-thumbnail","6":"product_brand-joseph-joseph-de","7":"product_cat-kuechenhelfer","9":"first","10":"instock","11":"taxable","12":"shipping-taxable","13":"purchasable","14":"product-type-simple"},"acf":[],"yoast_head":"<!-- This site is optimized with the Yoast SEO plugin v27.4 - https:\/\/yoast.com\/product\/yoast-seo-wordpress\/ -->\n<title>Stretch - Ausziehbarer hitzebest\u00e4ndiger Untersetzer Joseph Joseph Fb. schwarz - Bantam Camping AG<\/title>\n<meta name=\"robots\" content=\"index, follow, max-snippet:-1, max-image-preview:large, max-video-preview:-1\" \/>\n<link rel=\"canonical\" href=\"https:\/\/shop.bantam.ch\/de\/produkt\/stretch-ausziehbarer-hitzebestaendiger-untersetzer\/\" \/>\n<meta property=\"og:locale\" content=\"de_DE\" \/>\n<meta property=\"og:type\" content=\"article\" \/>\n<meta property=\"og:title\" content=\"Stretch - Ausziehbarer hitzebest\u00e4ndiger Untersetzer Joseph Joseph Fb. schwarz - Bantam Camping AG\" \/>\n<meta property=\"og:description\" content=\"Die meisten Topfuntersetzer bieten gerade einmal gen\u00fcgend Platz f\u00fcr eine einzige hei\u00dfe Pfanne oder Platte, weshalb man gleich mehrere Untersetzer braucht, wenn man Speisen aus verschiedenen hei\u00dfen Beh\u00e4ltern servieren m\u00f6chte. Das einzigartige Design von Stretch l\u00f6st dieses Problem, da seine Gr\u00f6\u00dfe ganz einfach angepasst werden kann, um Platz f\u00fcr mehr als eine Pfanne oder sogar [&hellip;]\" \/>\n<meta property=\"og:url\" content=\"https:\/\/shop.bantam.ch\/de\/produkt\/stretch-ausziehbarer-hitzebestaendiger-untersetzer\/\" \/>\n<meta property=\"og:site_name\" content=\"Bantam Camping AG\" \/>\n<meta property=\"article:modified_time\" content=\"2026-04-22T19:33:21+00:00\" \/>\n<meta property=\"og:image\" content=\"https:\/\/shop.bantam.ch\/wp-content\/uploads\/2023\/02\/995670711.jpg\" \/>\n\t<meta property=\"og:image:width\" content=\"1000\" \/>\n\t<meta property=\"og:image:height\" content=\"933\" \/>\n\t<meta property=\"og:image:type\" content=\"image\/jpeg\" \/>\n<meta name=\"twitter:card\" content=\"summary_large_image\" \/>\n<meta name=\"twitter:label1\" content=\"Gesch\u00e4tzte Lesezeit\" \/>\n\t<meta name=\"twitter:data1\" content=\"1\u00a0Minute\" \/>\n<script type=\"application\/ld+json\" class=\"yoast-schema-graph\">{\"@context\":\"https:\\\/\\\/schema.org\",\"@graph\":[{\"@type\":\"WebPage\",\"@id\":\"https:\\\/\\\/shop.bantam.ch\\\/de\\\/produkt\\\/stretch-ausziehbarer-hitzebestaendiger-untersetzer\\\/\",\"url\":\"https:\\\/\\\/shop.bantam.ch\\\/de\\\/produkt\\\/stretch-ausziehbarer-hitzebestaendiger-untersetzer\\\/\",\"name\":\"Stretch - Ausziehbarer hitzebest\u00e4ndiger Untersetzer Joseph Joseph Fb. schwarz - Bantam Camping AG\",\"isPartOf\":{\"@id\":\"https:\\\/\\\/shop.bantam.ch\\\/de\\\/#website\"},\"primaryImageOfPage\":{\"@id\":\"https:\\\/\\\/shop.bantam.ch\\\/de\\\/produkt\\\/stretch-ausziehbarer-hitzebestaendiger-untersetzer\\\/#primaryimage\"},\"image\":{\"@id\":\"https:\\\/\\\/shop.bantam.ch\\\/de\\\/produkt\\\/stretch-ausziehbarer-hitzebestaendiger-untersetzer\\\/#primaryimage\"},\"thumbnailUrl\":\"https:\\\/\\\/shop.bantam.ch\\\/wp-content\\\/uploads\\\/2023\\\/02\\\/995670711.jpg\",\"datePublished\":\"2023-02-28T05:18:05+00:00\",\"dateModified\":\"2026-04-22T19:33:21+00:00\",\"breadcrumb\":{\"@id\":\"https:\\\/\\\/shop.bantam.ch\\\/de\\\/produkt\\\/stretch-ausziehbarer-hitzebestaendiger-untersetzer\\\/#breadcrumb\"},\"inLanguage\":\"de\",\"potentialAction\":[{\"@type\":\"ReadAction\",\"target\":[\"https:\\\/\\\/shop.bantam.ch\\\/de\\\/produkt\\\/stretch-ausziehbarer-hitzebestaendiger-untersetzer\\\/\"]}]},{\"@type\":\"ImageObject\",\"inLanguage\":\"de\",\"@id\":\"https:\\\/\\\/shop.bantam.ch\\\/de\\\/produkt\\\/stretch-ausziehbarer-hitzebestaendiger-untersetzer\\\/#primaryimage\",\"url\":\"https:\\\/\\\/shop.bantam.ch\\\/wp-content\\\/uploads\\\/2023\\\/02\\\/995670711.jpg\",\"contentUrl\":\"https:\\\/\\\/shop.bantam.ch\\\/wp-content\\\/uploads\\\/2023\\\/02\\\/995670711.jpg\",\"width\":1000,\"height\":933},{\"@type\":\"BreadcrumbList\",\"@id\":\"https:\\\/\\\/shop.bantam.ch\\\/de\\\/produkt\\\/stretch-ausziehbarer-hitzebestaendiger-untersetzer\\\/#breadcrumb\",\"itemListElement\":[{\"@type\":\"ListItem\",\"position\":1,\"name\":\"Accueil\",\"item\":\"https:\\\/\\\/shop.bantam.ch\\\/de\\\/\"},{\"@type\":\"ListItem\",\"position\":2,\"name\":\"Shop\",\"item\":\"https:\\\/\\\/shop.bantam.ch\\\/de\\\/shop\\\/\"},{\"@type\":\"ListItem\",\"position\":3,\"name\":\"Stretch &#8211; Ausziehbarer hitzebest\u00e4ndiger Untersetzer Joseph Joseph Fb. schwarz\"}]},{\"@type\":\"WebSite\",\"@id\":\"https:\\\/\\\/shop.bantam.ch\\\/de\\\/#website\",\"url\":\"https:\\\/\\\/shop.bantam.ch\\\/de\\\/\",\"name\":\"Bantam Camping AG\",\"description\":\"\",\"publisher\":{\"@id\":\"https:\\\/\\\/shop.bantam.ch\\\/de\\\/#organization\"},\"inLanguage\":\"de\"},{\"@type\":\"Organization\",\"@id\":\"https:\\\/\\\/shop.bantam.ch\\\/de\\\/#organization\",\"name\":\"Bantam Camping AG\",\"url\":\"https:\\\/\\\/shop.bantam.ch\\\/de\\\/\",\"logo\":{\"@type\":\"ImageObject\",\"inLanguage\":\"de\",\"@id\":\"https:\\\/\\\/shop.bantam.ch\\\/de\\\/#\\\/schema\\\/logo\\\/image\\\/\",\"url\":\"https:\\\/\\\/shop.bantam.ch\\\/wp-content\\\/uploads\\\/2022\\\/12\\\/bantam-logo.png\",\"contentUrl\":\"https:\\\/\\\/shop.bantam.ch\\\/wp-content\\\/uploads\\\/2022\\\/12\\\/bantam-logo.png\",\"width\":320,\"height\":71,\"caption\":\"Bantam Camping AG\"},\"image\":{\"@id\":\"https:\\\/\\\/shop.bantam.ch\\\/de\\\/#\\\/schema\\\/logo\\\/image\\\/\"}}]}<\/script>\n<!-- \/ Yoast SEO plugin. -->","yoast_head_json":{"title":"Stretch - Ausziehbarer hitzebest\u00e4ndiger Untersetzer Joseph Joseph Fb. schwarz - Bantam Camping AG","robots":{"index":"index","follow":"follow","max-snippet":"max-snippet:-1","max-image-preview":"max-image-preview:large","max-video-preview":"max-video-preview:-1"},"canonical":"https:\/\/shop.bantam.ch\/de\/produkt\/stretch-ausziehbarer-hitzebestaendiger-untersetzer\/","og_locale":"de_DE","og_type":"article","og_title":"Stretch - Ausziehbarer hitzebest\u00e4ndiger Untersetzer Joseph Joseph Fb. schwarz - Bantam Camping AG","og_description":"Die meisten Topfuntersetzer bieten gerade einmal gen\u00fcgend Platz f\u00fcr eine einzige hei\u00dfe Pfanne oder Platte, weshalb man gleich mehrere Untersetzer braucht, wenn man Speisen aus verschiedenen hei\u00dfen Beh\u00e4ltern servieren m\u00f6chte. Das einzigartige Design von Stretch l\u00f6st dieses Problem, da seine Gr\u00f6\u00dfe ganz einfach angepasst werden kann, um Platz f\u00fcr mehr als eine Pfanne oder sogar [&hellip;]","og_url":"https:\/\/shop.bantam.ch\/de\/produkt\/stretch-ausziehbarer-hitzebestaendiger-untersetzer\/","og_site_name":"Bantam Camping AG","article_modified_time":"2026-04-22T19:33:21+00:00","og_image":[{"width":1000,"height":933,"url":"https:\/\/shop.bantam.ch\/wp-content\/uploads\/2023\/02\/995670711.jpg","type":"image\/jpeg"}],"twitter_card":"summary_large_image","twitter_misc":{"Gesch\u00e4tzte Lesezeit":"1\u00a0Minute"},"schema":{"@context":"https:\/\/schema.org","@graph":[{"@type":"WebPage","@id":"https:\/\/shop.bantam.ch\/de\/produkt\/stretch-ausziehbarer-hitzebestaendiger-untersetzer\/","url":"https:\/\/shop.bantam.ch\/de\/produkt\/stretch-ausziehbarer-hitzebestaendiger-untersetzer\/","name":"Stretch - Ausziehbarer hitzebest\u00e4ndiger Untersetzer Joseph Joseph Fb. schwarz - Bantam Camping AG","isPartOf":{"@id":"https:\/\/shop.bantam.ch\/de\/#website"},"primaryImageOfPage":{"@id":"https:\/\/shop.bantam.ch\/de\/produkt\/stretch-ausziehbarer-hitzebestaendiger-untersetzer\/#primaryimage"},"image":{"@id":"https:\/\/shop.bantam.ch\/de\/produkt\/stretch-ausziehbarer-hitzebestaendiger-untersetzer\/#primaryimage"},"thumbnailUrl":"https:\/\/shop.bantam.ch\/wp-content\/uploads\/2023\/02\/995670711.jpg","datePublished":"2023-02-28T05:18:05+00:00","dateModified":"2026-04-22T19:33:21+00:00","breadcrumb":{"@id":"https:\/\/shop.bantam.ch\/de\/produkt\/stretch-ausziehbarer-hitzebestaendiger-untersetzer\/#breadcrumb"},"inLanguage":"de","potentialAction":[{"@type":"ReadAction","target":["https:\/\/shop.bantam.ch\/de\/produkt\/stretch-ausziehbarer-hitzebestaendiger-untersetzer\/"]}]},{"@type":"ImageObject","inLanguage":"de","@id":"https:\/\/shop.bantam.ch\/de\/produkt\/stretch-ausziehbarer-hitzebestaendiger-untersetzer\/#primaryimage","url":"https:\/\/shop.bantam.ch\/wp-content\/uploads\/2023\/02\/995670711.jpg","contentUrl":"https:\/\/shop.bantam.ch\/wp-content\/uploads\/2023\/02\/995670711.jpg","width":1000,"height":933},{"@type":"BreadcrumbList","@id":"https:\/\/shop.bantam.ch\/de\/produkt\/stretch-ausziehbarer-hitzebestaendiger-untersetzer\/#breadcrumb","itemListElement":[{"@type":"ListItem","position":1,"name":"Accueil","item":"https:\/\/shop.bantam.ch\/de\/"},{"@type":"ListItem","position":2,"name":"Shop","item":"https:\/\/shop.bantam.ch\/de\/shop\/"},{"@type":"ListItem","position":3,"name":"Stretch &#8211; Ausziehbarer hitzebest\u00e4ndiger Untersetzer Joseph Joseph Fb. schwarz"}]},{"@type":"WebSite","@id":"https:\/\/shop.bantam.ch\/de\/#website","url":"https:\/\/shop.bantam.ch\/de\/","name":"Bantam Camping AG","description":"","publisher":{"@id":"https:\/\/shop.bantam.ch\/de\/#organization"},"inLanguage":"de"},{"@type":"Organization","@id":"https:\/\/shop.bantam.ch\/de\/#organization","name":"Bantam Camping AG","url":"https:\/\/shop.bantam.ch\/de\/","logo":{"@type":"ImageObject","inLanguage":"de","@id":"https:\/\/shop.bantam.ch\/de\/#\/schema\/logo\/image\/","url":"https:\/\/shop.bantam.ch\/wp-content\/uploads\/2022\/12\/bantam-logo.png","contentUrl":"https:\/\/shop.bantam.ch\/wp-content\/uploads\/2022\/12\/bantam-logo.png","width":320,"height":71,"caption":"Bantam Camping AG"},"image":{"@id":"https:\/\/shop.bantam.ch\/de\/#\/schema\/logo\/image\/"}}]}},"_links":{"self":[{"href":"https:\/\/shop.bantam.ch\/de\/wp-json\/wp\/v2\/product\/100124","targetHints":{"allow":["GET"]}}],"collection":[{"href":"https:\/\/shop.bantam.ch\/de\/wp-json\/wp\/v2\/product"}],"about":[{"href":"https:\/\/shop.bantam.ch\/de\/wp-json\/wp\/v2\/types\/product"}],"wp:featuredmedia":[{"embeddable":true,"href":"https:\/\/shop.bantam.ch\/de\/wp-json\/wp\/v2\/media\/100112"}],"wp:attachment":[{"href":"https:\/\/shop.bantam.ch\/de\/wp-json\/wp\/v2\/media?parent=100124"}],"wp:term":[{"taxonomy":"product_featured_cat","embeddable":true,"href":"https:\/\/shop.bantam.ch\/de\/wp-json\/wp\/v2\/product_featured_cat?post=100124"},{"taxonomy":"product_brand","embeddable":true,"href":"https:\/\/shop.bantam.ch\/de\/wp-json\/wp\/v2\/product_brand?post=100124"},{"taxonomy":"product_cat","embeddable":true,"href":"https:\/\/shop.bantam.ch\/de\/wp-json\/wp\/v2\/product_cat?post=100124"},{"taxonomy":"product_tag","embeddable":true,"href":"https:\/\/shop.bantam.ch\/de\/wp-json\/wp\/v2\/product_tag?post=100124"}],"curies":[{"name":"wp","href":"https:\/\/api.w.org\/{rel}","templated":true}]}}