{"id":100026,"date":"2023-02-28T06:16:58","date_gmt":"2023-02-28T05:16:58","guid":{"rendered":"http:\/\/shop.bantam.ch\/produit\/ausziehbare-abtropfmatte\/"},"modified":"2026-04-17T21:32:35","modified_gmt":"2026-04-17T19:32:35","slug":"ausziehbare-abtropfmatte","status":"publish","type":"product","link":"https:\/\/shop.bantam.ch\/de\/produkt\/ausziehbare-abtropfmatte\/","title":{"rendered":"Ausziehbare Abtropfmatte Joseph Joseph"},"content":{"rendered":"<p>3-teiliges ausziehbares Ablagendesign mit gro\u00dfz\u00fcgigem Platzangebot<\/p>\n<ul>\n<li>Wasser wird gesammelt und kann sp\u00e4ter abgegossen werden<\/li>\n<li>Integrierte Ablauft\u00fclle<\/li>\n<li>Gerippte Oberfl\u00e4che l\u00e4sst Wasser aus dem Sp\u00fclgut ablaufen<\/li>\n<li>L\u00e4sst sich platzsparend zusammenschieben<\/li>\n<li>Von Hand waschen und trocknen<\/li>\n<li>Achtung: Vor dem Ausziehen immer auf eine ebene Fl\u00e4che legen<\/li>\n<\/ul>\n","protected":false},"excerpt":{"rendered":"<p>3-teiliges ausziehbares Ablagendesign mit gro\u00dfz\u00fcgigem Platzangebot Wasser wird gesammelt und kann sp\u00e4ter abgegossen werden Integrierte Ablauft\u00fclle Gerippte Oberfl\u00e4che l\u00e4sst Wasser aus dem Sp\u00fclgut ablaufen L\u00e4sst sich platzsparend zusammenschieben Von Hand waschen und trocknen Achtung: Vor dem Ausziehen immer auf eine ebene Fl\u00e4che legen<\/p>\n","protected":false},"featured_media":100014,"template":"","meta":{"_acf_changed":false},"product_featured_cat":[],"product_brand":[3413],"product_cat":[4290],"product_tag":[],"class_list":{"0":"post-100026","1":"product","2":"type-product","3":"status-publish","4":"has-post-thumbnail","6":"product_brand-joseph-joseph-de","7":"product_cat-spuelen-putzen","9":"first","10":"instock","11":"taxable","12":"shipping-taxable","13":"purchasable","14":"product-type-simple"},"acf":[],"yoast_head":"<!-- This site is optimized with the Yoast SEO plugin v27.4 - https:\/\/yoast.com\/product\/yoast-seo-wordpress\/ -->\n<title>Ausziehbare Abtropfmatte Joseph Joseph - Bantam Camping AG<\/title>\n<meta name=\"robots\" content=\"index, follow, max-snippet:-1, max-image-preview:large, max-video-preview:-1\" \/>\n<link rel=\"canonical\" href=\"https:\/\/shop.bantam.ch\/de\/produkt\/ausziehbare-abtropfmatte\/\" \/>\n<meta property=\"og:locale\" content=\"de_DE\" \/>\n<meta property=\"og:type\" content=\"article\" \/>\n<meta property=\"og:title\" content=\"Ausziehbare Abtropfmatte Joseph Joseph - Bantam Camping AG\" \/>\n<meta property=\"og:description\" content=\"3-teiliges ausziehbares Ablagendesign mit gro\u00dfz\u00fcgigem Platzangebot Wasser wird gesammelt und kann sp\u00e4ter abgegossen werden Integrierte Ablauft\u00fclle Gerippte Oberfl\u00e4che l\u00e4sst Wasser aus dem Sp\u00fclgut ablaufen L\u00e4sst sich platzsparend zusammenschieben Von Hand waschen und trocknen Achtung: Vor dem Ausziehen immer auf eine ebene Fl\u00e4che legen\" \/>\n<meta property=\"og:url\" content=\"https:\/\/shop.bantam.ch\/de\/produkt\/ausziehbare-abtropfmatte\/\" \/>\n<meta property=\"og:site_name\" content=\"Bantam Camping AG\" \/>\n<meta property=\"article:modified_time\" content=\"2026-04-17T19:32:35+00:00\" \/>\n<meta property=\"og:image\" content=\"https:\/\/shop.bantam.ch\/wp-content\/uploads\/2023\/02\/995670011.jpg\" \/>\n\t<meta property=\"og:image:width\" content=\"1000\" \/>\n\t<meta property=\"og:image:height\" content=\"714\" \/>\n\t<meta property=\"og:image:type\" content=\"image\/jpeg\" \/>\n<meta name=\"twitter:card\" content=\"summary_large_image\" \/>\n<script type=\"application\/ld+json\" class=\"yoast-schema-graph\">{\"@context\":\"https:\\\/\\\/schema.org\",\"@graph\":[{\"@type\":\"WebPage\",\"@id\":\"https:\\\/\\\/shop.bantam.ch\\\/de\\\/produkt\\\/ausziehbare-abtropfmatte\\\/\",\"url\":\"https:\\\/\\\/shop.bantam.ch\\\/de\\\/produkt\\\/ausziehbare-abtropfmatte\\\/\",\"name\":\"Ausziehbare Abtropfmatte Joseph Joseph - Bantam Camping AG\",\"isPartOf\":{\"@id\":\"https:\\\/\\\/shop.bantam.ch\\\/de\\\/#website\"},\"primaryImageOfPage\":{\"@id\":\"https:\\\/\\\/shop.bantam.ch\\\/de\\\/produkt\\\/ausziehbare-abtropfmatte\\\/#primaryimage\"},\"image\":{\"@id\":\"https:\\\/\\\/shop.bantam.ch\\\/de\\\/produkt\\\/ausziehbare-abtropfmatte\\\/#primaryimage\"},\"thumbnailUrl\":\"https:\\\/\\\/shop.bantam.ch\\\/wp-content\\\/uploads\\\/2023\\\/02\\\/995670011.jpg\",\"datePublished\":\"2023-02-28T05:16:58+00:00\",\"dateModified\":\"2026-04-17T19:32:35+00:00\",\"breadcrumb\":{\"@id\":\"https:\\\/\\\/shop.bantam.ch\\\/de\\\/produkt\\\/ausziehbare-abtropfmatte\\\/#breadcrumb\"},\"inLanguage\":\"de\",\"potentialAction\":[{\"@type\":\"ReadAction\",\"target\":[\"https:\\\/\\\/shop.bantam.ch\\\/de\\\/produkt\\\/ausziehbare-abtropfmatte\\\/\"]}]},{\"@type\":\"ImageObject\",\"inLanguage\":\"de\",\"@id\":\"https:\\\/\\\/shop.bantam.ch\\\/de\\\/produkt\\\/ausziehbare-abtropfmatte\\\/#primaryimage\",\"url\":\"https:\\\/\\\/shop.bantam.ch\\\/wp-content\\\/uploads\\\/2023\\\/02\\\/995670011.jpg\",\"contentUrl\":\"https:\\\/\\\/shop.bantam.ch\\\/wp-content\\\/uploads\\\/2023\\\/02\\\/995670011.jpg\",\"width\":1000,\"height\":714},{\"@type\":\"BreadcrumbList\",\"@id\":\"https:\\\/\\\/shop.bantam.ch\\\/de\\\/produkt\\\/ausziehbare-abtropfmatte\\\/#breadcrumb\",\"itemListElement\":[{\"@type\":\"ListItem\",\"position\":1,\"name\":\"Accueil\",\"item\":\"https:\\\/\\\/shop.bantam.ch\\\/de\\\/\"},{\"@type\":\"ListItem\",\"position\":2,\"name\":\"Shop\",\"item\":\"https:\\\/\\\/shop.bantam.ch\\\/de\\\/shop\\\/\"},{\"@type\":\"ListItem\",\"position\":3,\"name\":\"Ausziehbare Abtropfmatte Joseph Joseph\"}]},{\"@type\":\"WebSite\",\"@id\":\"https:\\\/\\\/shop.bantam.ch\\\/de\\\/#website\",\"url\":\"https:\\\/\\\/shop.bantam.ch\\\/de\\\/\",\"name\":\"Bantam Camping AG\",\"description\":\"\",\"publisher\":{\"@id\":\"https:\\\/\\\/shop.bantam.ch\\\/de\\\/#organization\"},\"inLanguage\":\"de\"},{\"@type\":\"Organization\",\"@id\":\"https:\\\/\\\/shop.bantam.ch\\\/de\\\/#organization\",\"name\":\"Bantam Camping AG\",\"url\":\"https:\\\/\\\/shop.bantam.ch\\\/de\\\/\",\"logo\":{\"@type\":\"ImageObject\",\"inLanguage\":\"de\",\"@id\":\"https:\\\/\\\/shop.bantam.ch\\\/de\\\/#\\\/schema\\\/logo\\\/image\\\/\",\"url\":\"https:\\\/\\\/shop.bantam.ch\\\/wp-content\\\/uploads\\\/2022\\\/12\\\/bantam-logo.png\",\"contentUrl\":\"https:\\\/\\\/shop.bantam.ch\\\/wp-content\\\/uploads\\\/2022\\\/12\\\/bantam-logo.png\",\"width\":320,\"height\":71,\"caption\":\"Bantam Camping AG\"},\"image\":{\"@id\":\"https:\\\/\\\/shop.bantam.ch\\\/de\\\/#\\\/schema\\\/logo\\\/image\\\/\"}}]}<\/script>\n<!-- \/ Yoast SEO plugin. -->","yoast_head_json":{"title":"Ausziehbare Abtropfmatte Joseph Joseph - Bantam Camping AG","robots":{"index":"index","follow":"follow","max-snippet":"max-snippet:-1","max-image-preview":"max-image-preview:large","max-video-preview":"max-video-preview:-1"},"canonical":"https:\/\/shop.bantam.ch\/de\/produkt\/ausziehbare-abtropfmatte\/","og_locale":"de_DE","og_type":"article","og_title":"Ausziehbare Abtropfmatte Joseph Joseph - Bantam Camping AG","og_description":"3-teiliges ausziehbares Ablagendesign mit gro\u00dfz\u00fcgigem Platzangebot Wasser wird gesammelt und kann sp\u00e4ter abgegossen werden Integrierte Ablauft\u00fclle Gerippte Oberfl\u00e4che l\u00e4sst Wasser aus dem Sp\u00fclgut ablaufen L\u00e4sst sich platzsparend zusammenschieben Von Hand waschen und trocknen Achtung: Vor dem Ausziehen immer auf eine ebene Fl\u00e4che legen","og_url":"https:\/\/shop.bantam.ch\/de\/produkt\/ausziehbare-abtropfmatte\/","og_site_name":"Bantam Camping AG","article_modified_time":"2026-04-17T19:32:35+00:00","og_image":[{"width":1000,"height":714,"url":"https:\/\/shop.bantam.ch\/wp-content\/uploads\/2023\/02\/995670011.jpg","type":"image\/jpeg"}],"twitter_card":"summary_large_image","schema":{"@context":"https:\/\/schema.org","@graph":[{"@type":"WebPage","@id":"https:\/\/shop.bantam.ch\/de\/produkt\/ausziehbare-abtropfmatte\/","url":"https:\/\/shop.bantam.ch\/de\/produkt\/ausziehbare-abtropfmatte\/","name":"Ausziehbare Abtropfmatte Joseph Joseph - Bantam Camping AG","isPartOf":{"@id":"https:\/\/shop.bantam.ch\/de\/#website"},"primaryImageOfPage":{"@id":"https:\/\/shop.bantam.ch\/de\/produkt\/ausziehbare-abtropfmatte\/#primaryimage"},"image":{"@id":"https:\/\/shop.bantam.ch\/de\/produkt\/ausziehbare-abtropfmatte\/#primaryimage"},"thumbnailUrl":"https:\/\/shop.bantam.ch\/wp-content\/uploads\/2023\/02\/995670011.jpg","datePublished":"2023-02-28T05:16:58+00:00","dateModified":"2026-04-17T19:32:35+00:00","breadcrumb":{"@id":"https:\/\/shop.bantam.ch\/de\/produkt\/ausziehbare-abtropfmatte\/#breadcrumb"},"inLanguage":"de","potentialAction":[{"@type":"ReadAction","target":["https:\/\/shop.bantam.ch\/de\/produkt\/ausziehbare-abtropfmatte\/"]}]},{"@type":"ImageObject","inLanguage":"de","@id":"https:\/\/shop.bantam.ch\/de\/produkt\/ausziehbare-abtropfmatte\/#primaryimage","url":"https:\/\/shop.bantam.ch\/wp-content\/uploads\/2023\/02\/995670011.jpg","contentUrl":"https:\/\/shop.bantam.ch\/wp-content\/uploads\/2023\/02\/995670011.jpg","width":1000,"height":714},{"@type":"BreadcrumbList","@id":"https:\/\/shop.bantam.ch\/de\/produkt\/ausziehbare-abtropfmatte\/#breadcrumb","itemListElement":[{"@type":"ListItem","position":1,"name":"Accueil","item":"https:\/\/shop.bantam.ch\/de\/"},{"@type":"ListItem","position":2,"name":"Shop","item":"https:\/\/shop.bantam.ch\/de\/shop\/"},{"@type":"ListItem","position":3,"name":"Ausziehbare Abtropfmatte Joseph Joseph"}]},{"@type":"WebSite","@id":"https:\/\/shop.bantam.ch\/de\/#website","url":"https:\/\/shop.bantam.ch\/de\/","name":"Bantam Camping AG","description":"","publisher":{"@id":"https:\/\/shop.bantam.ch\/de\/#organization"},"inLanguage":"de"},{"@type":"Organization","@id":"https:\/\/shop.bantam.ch\/de\/#organization","name":"Bantam Camping AG","url":"https:\/\/shop.bantam.ch\/de\/","logo":{"@type":"ImageObject","inLanguage":"de","@id":"https:\/\/shop.bantam.ch\/de\/#\/schema\/logo\/image\/","url":"https:\/\/shop.bantam.ch\/wp-content\/uploads\/2022\/12\/bantam-logo.png","contentUrl":"https:\/\/shop.bantam.ch\/wp-content\/uploads\/2022\/12\/bantam-logo.png","width":320,"height":71,"caption":"Bantam Camping AG"},"image":{"@id":"https:\/\/shop.bantam.ch\/de\/#\/schema\/logo\/image\/"}}]}},"_links":{"self":[{"href":"https:\/\/shop.bantam.ch\/de\/wp-json\/wp\/v2\/product\/100026","targetHints":{"allow":["GET"]}}],"collection":[{"href":"https:\/\/shop.bantam.ch\/de\/wp-json\/wp\/v2\/product"}],"about":[{"href":"https:\/\/shop.bantam.ch\/de\/wp-json\/wp\/v2\/types\/product"}],"wp:featuredmedia":[{"embeddable":true,"href":"https:\/\/shop.bantam.ch\/de\/wp-json\/wp\/v2\/media\/100014"}],"wp:attachment":[{"href":"https:\/\/shop.bantam.ch\/de\/wp-json\/wp\/v2\/media?parent=100026"}],"wp:term":[{"taxonomy":"product_featured_cat","embeddable":true,"href":"https:\/\/shop.bantam.ch\/de\/wp-json\/wp\/v2\/product_featured_cat?post=100026"},{"taxonomy":"product_brand","embeddable":true,"href":"https:\/\/shop.bantam.ch\/de\/wp-json\/wp\/v2\/product_brand?post=100026"},{"taxonomy":"product_cat","embeddable":true,"href":"https:\/\/shop.bantam.ch\/de\/wp-json\/wp\/v2\/product_cat?post=100026"},{"taxonomy":"product_tag","embeddable":true,"href":"https:\/\/shop.bantam.ch\/de\/wp-json\/wp\/v2\/product_tag?post=100026"}],"curies":[{"name":"wp","href":"https:\/\/api.w.org\/{rel}","templated":true}]}}